{"id":1080134,"date":"2023-10-25T10:40:22","date_gmt":"2023-10-25T09:40:22","guid":{"rendered":"https:\/\/positiveprints.com\/product\/el-dia-que-te-convertiste-en-mi-papa-con-foto\/"},"modified":"2026-04-03T03:02:33","modified_gmt":"2026-04-03T02:02:33","slug":"el-dia-en-que-te-hiciste-mi-papa-con-foto","status":"publish","type":"product","link":"https:\/\/positiveprints.com\/es\/producto\/el-dia-en-que-te-hiciste-mi-papa-con-foto\/","title":{"rendered":"El d\u00eda que te convertiste en mi pap\u00e1 con foto"},"content":{"rendered":"<p>Celebra el amor de tu padre y el d\u00eda en que se convirti\u00f3 en padre con &#8220;El d\u00eda que te convertiste en mi pap\u00e1 con foto&#8221;. Esta sentida obra de arte captura el cielo estrellado de ese d\u00eda tan significativo. Ya sea su cumplea\u00f1os, el <a href=\"https:\/\/positiveprints.com\/fathers-day-gifts\/\">D\u00eda del Padre<\/a> o Navidad, es la forma perfecta de mostrar tu aprecio. Incluye una foto tuya y de tu padre junto al <a href=\"https:\/\/positiveprints.com\/product\/star-map\/\">mapa estelar<\/a>, creando un regalo \u00fanico y personal.<\/p>\r\n\r\n<h2>Crear amor y recuerdos El d\u00eda que te convertiste en mi pap\u00e1 con foto<\/h2>\r\n\r\n<p>Nuestro creador online simplifica el proceso de convertir momentos entra\u00f1ables en una obra de arte. Elige el estilo que prefieras, incluye elementos celestes como constelaciones y la V\u00eda L\u00e1ctea, y personal\u00edzalo con un t\u00edtulo especial. Introduce la fecha y el lugar del d\u00eda en que tu padre fue padre, y observa c\u00f3mo cobra vida el mapa estelar en la vista previa online. A\u00f1adir tu foto y la suya completa esta conmovedora obra maestra.<\/p>\r\n\r\n<p>&#8220;El d\u00eda que te convertiste en mi padre con foto&#8221; es una conmovedora representaci\u00f3n del cielo nocturno el d\u00eda en que tu padre abraz\u00f3 la paternidad. Es una representaci\u00f3n detallada de las estrellas que adornaron los cielos durante este momento tan significativo.<\/p>\r\n\r\n<h2>Celebrando el amor de pap\u00e1<\/h2>\r\n\r\n<p>Este regalo va m\u00e1s all\u00e1 de ser un obsequio. Es una celebraci\u00f3n del amor de tu padre y del d\u00eda en que se convirti\u00f3 en tu pap\u00e1. Es ideal para su cumplea\u00f1os, el D\u00eda del Padre o Navidad. El t\u00edtulo, &#8220;El d\u00eda que te convertiste en mi pap\u00e1&#8221;, encierra la calidez y la emoci\u00f3n de vuestro v\u00ednculo especial.<\/p>\r\n\r\n<p>&#8220;El d\u00eda que te convertiste en mi pap\u00e1 con foto&#8221; es un tesoro de tu amor y de los recuerdos que has compartido con tu padre. Cada mirada a esta combinaci\u00f3n de mapa estelar y foto te transporta a ese d\u00eda tan querido, evocando un sentimiento de amor, aprecio y gratitud. Haz que tu <a href=\"https:\/\/positiveprints.com\/gifts-for-dad\/\">regalo para pap\u00e1<\/a> sea inolvidable con esta obra maestra personalizada, \u00fanica y personal.<\/p>","protected":false},"excerpt":{"rendered":"<ul class=\"check-list\">\n<li>A\u00f1ade constelaciones a tu mapa estelar y elige una foto<\/li>\n<li>Usa nuestro editor para personalizar tu dise\u00f1o en apenas tres pasos<\/li>\n<li>A\u00f1ade un mensaje personalizado para que\u00a0tu dise\u00f1o sea \u00fanico y especial<\/li>\n<li>Visualiza tu dise\u00f1o de forma r\u00e1pida usando la vista previa interactiva<\/li>\n<\/ul>\n","protected":false},"featured_media":1254786,"template":"","meta":[],"product_brand":[],"product_cat":[9280,7334,9106,5270,7981,11451,106],"product_tag":[10965,15573,9294,8559,13687,11764],"class_list":{"0":"post-1080134","1":"product","2":"type-product","3":"status-publish","4":"has-post-thumbnail","6":"product_cat-bestsellers-label-es","7":"product_cat-regalos-del-dia-del-padre","8":"product_cat-duo-stars-es","9":"product_cat-regalos-de-navidad","10":"product_cat-regalos-para-papa","11":"product_cat-regalos-de-navidad-para-papa","12":"product_cat-todos-los-productos","13":"product_tag-dia-del-padre","14":"product_tag-el-dia-que-te-convertiste-en-papa","15":"product_tag-el-mejor-papa-del-mundo","16":"product_tag-father-es","17":"product_tag-regalo-para-el-dia-del-padre","18":"product_tag-regalos-de-navidad-para-papa","20":"first","21":"instock","22":"sale","23":"taxable","24":"shipping-taxable","25":"purchasable","26":"product-type-variable"},"yoast_head":"<!-- This site is optimized with the Yoast SEO Premium plugin v27.2 (Yoast SEO v27.2) - https:\/\/yoast.com\/product\/yoast-seo-premium-wordpress\/ -->\n<title>El d\u00eda que te convertiste en mi pap\u00e1 con foto - Positive Prints<\/title>\n<meta name=\"description\" content=\"El d\u00eda que te convertiste en mi pap\u00e1 con foto es una de las formas m\u00e1s bonitas de demostrar a tu pap\u00e1 cu\u00e1nto le quieres con una foto juntos.\" \/>\n<meta name=\"robots\" content=\"index, follow, max-snippet:-1, max-image-preview:large, max-video-preview:-1\" \/>\n<link rel=\"canonical\" href=\"https:\/\/positiveprints.com\/es\/producto\/el-dia-en-que-te-hiciste-mi-papa-con-foto\/\" \/>\n<meta property=\"og:locale\" content=\"es_ES\" \/>\n<meta property=\"og:type\" content=\"article\" \/>\n<meta property=\"og:title\" content=\"El d\u00eda que te convertiste en mi pap\u00e1 con foto\" \/>\n<meta property=\"og:description\" content=\"A\u00f1ade constelaciones a tu mapa estelar y elige una foto Usa nuestro editor para personalizar tu dise\u00f1o en apenas tres pasos A\u00f1ade un mensaje personalizado para que\u00a0tu dise\u00f1o sea \u00fanico y especial Visualiza tu dise\u00f1o de forma r\u00e1pida usando la vista previa interactiva\" \/>\n<meta property=\"og:url\" content=\"https:\/\/positiveprints.com\/es\/producto\/el-dia-en-que-te-hiciste-mi-papa-con-foto\/\" \/>\n<meta property=\"og:site_name\" content=\"Positive Prints\" \/>\n<meta property=\"article:publisher\" content=\"https:\/\/www.facebook.com\/positiveprintscom\" \/>\n<meta property=\"article:modified_time\" content=\"2026-04-03T02:02:33+00:00\" \/>\n<meta property=\"og:image\" content=\"https:\/\/positiveprints.com\/wp-content\/uploads\/2024\/11\/ES_PACKSHOT_The-Day-You-Became-My-Daddy-with-Photo-product-image-.webp\" \/>\n\t<meta property=\"og:image:width\" content=\"1450\" \/>\n\t<meta property=\"og:image:height\" content=\"1450\" \/>\n\t<meta property=\"og:image:type\" content=\"image\/webp\" \/>\n<meta name=\"twitter:card\" content=\"summary_large_image\" \/>\n<meta name=\"twitter:label1\" content=\"Tiempo de lectura\" \/>\n\t<meta name=\"twitter:data1\" content=\"2 minutos\" \/>\n<!-- \/ Yoast SEO Premium plugin. -->","yoast_head_json":{"title":"El d\u00eda que te convertiste en mi pap\u00e1 con foto - Positive Prints","description":"El d\u00eda que te convertiste en mi pap\u00e1 con foto es una de las formas m\u00e1s bonitas de demostrar a tu pap\u00e1 cu\u00e1nto le quieres con una foto juntos.","robots":{"index":"index","follow":"follow","max-snippet":"max-snippet:-1","max-image-preview":"max-image-preview:large","max-video-preview":"max-video-preview:-1"},"canonical":"https:\/\/positiveprints.com\/es\/producto\/el-dia-en-que-te-hiciste-mi-papa-con-foto\/","og_locale":"es_ES","og_type":"article","og_title":"El d\u00eda que te convertiste en mi pap\u00e1 con foto","og_description":"A\u00f1ade constelaciones a tu mapa estelar y elige una foto Usa nuestro editor para personalizar tu dise\u00f1o en apenas tres pasos A\u00f1ade un mensaje personalizado para que\u00a0tu dise\u00f1o sea \u00fanico y especial Visualiza tu dise\u00f1o de forma r\u00e1pida usando la vista previa interactiva","og_url":"https:\/\/positiveprints.com\/es\/producto\/el-dia-en-que-te-hiciste-mi-papa-con-foto\/","og_site_name":"Positive Prints","article_publisher":"https:\/\/www.facebook.com\/positiveprintscom","article_modified_time":"2026-04-03T02:02:33+00:00","og_image":[{"width":1450,"height":1450,"url":"https:\/\/positiveprints.com\/wp-content\/uploads\/2024\/11\/ES_PACKSHOT_The-Day-You-Became-My-Daddy-with-Photo-product-image-.webp","type":"image\/webp"}],"twitter_card":"summary_large_image","twitter_misc":{"Tiempo de lectura":"2 minutos"},"schema":{"@context":"https:\/\/schema.org","@graph":[{"@type":["WebPage","ItemPage"],"@id":"https:\/\/positiveprints.com\/es\/producto\/el-dia-en-que-te-hiciste-mi-papa-con-foto\/","url":"https:\/\/positiveprints.com\/es\/producto\/el-dia-en-que-te-hiciste-mi-papa-con-foto\/","name":"El d\u00eda que te convertiste en mi pap\u00e1 con foto - Positive Prints","isPartOf":{"@id":"https:\/\/positiveprints.com\/es\/#website"},"primaryImageOfPage":{"@id":"https:\/\/positiveprints.com\/es\/producto\/el-dia-en-que-te-hiciste-mi-papa-con-foto\/#primaryimage"},"image":{"@id":"https:\/\/positiveprints.com\/es\/producto\/el-dia-en-que-te-hiciste-mi-papa-con-foto\/#primaryimage"},"thumbnailUrl":"https:\/\/positiveprints.com\/wp-content\/uploads\/2024\/11\/ES_PACKSHOT_The-Day-You-Became-My-Daddy-with-Photo-product-image-.webp","datePublished":"2023-10-25T09:40:22+00:00","dateModified":"2026-04-03T02:02:33+00:00","description":"El d\u00eda que te convertiste en mi pap\u00e1 con foto es una de las formas m\u00e1s bonitas de demostrar a tu pap\u00e1 cu\u00e1nto le quieres con una foto juntos.","breadcrumb":{"@id":"https:\/\/positiveprints.com\/es\/producto\/el-dia-en-que-te-hiciste-mi-papa-con-foto\/#breadcrumb"},"inLanguage":"es","potentialAction":[{"@type":"ReadAction","target":["https:\/\/positiveprints.com\/es\/producto\/el-dia-en-que-te-hiciste-mi-papa-con-foto\/"]}]},{"@type":"ImageObject","inLanguage":"es","@id":"https:\/\/positiveprints.com\/es\/producto\/el-dia-en-que-te-hiciste-mi-papa-con-foto\/#primaryimage","url":"https:\/\/positiveprints.com\/wp-content\/uploads\/2024\/11\/ES_PACKSHOT_The-Day-You-Became-My-Daddy-with-Photo-product-image-.webp","contentUrl":"https:\/\/positiveprints.com\/wp-content\/uploads\/2024\/11\/ES_PACKSHOT_The-Day-You-Became-My-Daddy-with-Photo-product-image-.webp","width":1450,"height":1450},{"@type":"BreadcrumbList","@id":"https:\/\/positiveprints.com\/es\/producto\/el-dia-en-que-te-hiciste-mi-papa-con-foto\/#breadcrumb","itemListElement":[{"@type":"ListItem","position":1,"name":"CASA","item":"https:\/\/positiveprints.com\/es\/"},{"@type":"ListItem","position":2,"name":"Productos","item":"https:\/\/positiveprints.com\/es\/shop\/"},{"@type":"ListItem","position":3,"name":"El d\u00eda que te convertiste en mi pap\u00e1 con foto"}]},{"@type":"WebSite","@id":"https:\/\/positiveprints.com\/es\/#website","url":"https:\/\/positiveprints.com\/es\/","name":"Positive Prints","description":"Custom Gifts for Special Occasions","publisher":{"@id":"https:\/\/positiveprints.com\/es\/#organization"},"potentialAction":[{"@type":"SearchAction","target":{"@type":"EntryPoint","urlTemplate":"https:\/\/positiveprints.com\/es\/?s={search_term_string}"},"query-input":{"@type":"PropertyValueSpecification","valueRequired":true,"valueName":"search_term_string"}}],"inLanguage":"es"},{"@type":"Organization","@id":"https:\/\/positiveprints.com\/es\/#organization","name":"Positive Prints","alternateName":"Positive Prints","url":"https:\/\/positiveprints.com\/es\/","logo":{"@type":"ImageObject","inLanguage":"es","@id":"https:\/\/positiveprints.com\/es\/#\/schema\/logo\/image\/","url":"https:\/\/positiveprints.com\/wp-content\/uploads\/2026\/03\/245815646_1337939713319158_5671353136411139666_n.png","contentUrl":"https:\/\/positiveprints.com\/wp-content\/uploads\/2026\/03\/245815646_1337939713319158_5671353136411139666_n.png","width":800,"height":800,"caption":"Positive Prints"},"image":{"@id":"https:\/\/positiveprints.com\/es\/#\/schema\/logo\/image\/"},"sameAs":["https:\/\/www.facebook.com\/positiveprintscom","https:\/\/www.instagram.com\/positiveprintscom\/","https:\/\/www.tiktok.com\/@positiveprintscom","https:\/\/www.pinterest.com\/positiveprintscom\/"]}]}},"jetpack_sharing_enabled":true,"_links":{"self":[{"href":"https:\/\/positiveprints.com\/es\/wp-json\/wp\/v2\/product\/1080134","targetHints":{"allow":["GET"]}}],"collection":[{"href":"https:\/\/positiveprints.com\/es\/wp-json\/wp\/v2\/product"}],"about":[{"href":"https:\/\/positiveprints.com\/es\/wp-json\/wp\/v2\/types\/product"}],"wp:featuredmedia":[{"embeddable":true,"href":"https:\/\/positiveprints.com\/es\/wp-json\/wp\/v2\/media\/1254786"}],"wp:attachment":[{"href":"https:\/\/positiveprints.com\/es\/wp-json\/wp\/v2\/media?parent=1080134"}],"wp:term":[{"taxonomy":"product_brand","embeddable":true,"href":"https:\/\/positiveprints.com\/es\/wp-json\/wp\/v2\/product_brand?post=1080134"},{"taxonomy":"product_cat","embeddable":true,"href":"https:\/\/positiveprints.com\/es\/wp-json\/wp\/v2\/product_cat?post=1080134"},{"taxonomy":"product_tag","embeddable":true,"href":"https:\/\/positiveprints.com\/es\/wp-json\/wp\/v2\/product_tag?post=1080134"}],"curies":[{"name":"wp","href":"https:\/\/api.w.org\/{rel}","templated":true}]}}