{"id":1080127,"date":"2023-10-25T10:15:15","date_gmt":"2023-10-25T09:15:15","guid":{"rendered":"https:\/\/positiveprints.com\/product\/el-dia-que-te-convertiste-en-mi-mama-con-foto\/"},"modified":"2026-04-18T04:52:50","modified_gmt":"2026-04-18T03:52:50","slug":"el-dia-en-que-te-conviertes-en-mi-mama-con-fotos","status":"publish","type":"product","link":"https:\/\/positiveprints.com\/es\/producto\/el-dia-en-que-te-conviertes-en-mi-mama-con-fotos\/","title":{"rendered":"El d\u00eda que te convertiste en mi mam\u00e1 con foto"},"content":{"rendered":"<p>Regala amor y recuerdos con &#8220;El d\u00eda que te convertiste en mi mam\u00e1 con foto&#8221;. Esta sentida obra de arte captura el cielo estrellado del d\u00eda en que tu madre se convirti\u00f3 en madre. Ya sea su cumplea\u00f1os, el <a href=\"https:\/\/positiveprints.com\/mothers-day-gifts\/\">D\u00eda de la Madre<\/a> o Navidad, es la forma perfecta de demostrarle tu amor. Incluye una foto tuya y de tu madre junto al mapa estelar, y observa c\u00f3mo brotan l\u00e1grimas de alegr\u00eda.<\/p>\r\n\r\n<h2>Crear El d\u00eda que te convertiste en mi mam\u00e1 con Foto<\/h2>\r\n\r\n<p>Nuestro creador online hace que convertir los momentos m\u00e1s queridos en arte sea pan comido. Elige el estilo que prefieras, incorpora elementos celestes como constelaciones y la V\u00eda L\u00e1ctea, y personal\u00edzalo con un t\u00edtulo especial. Introduce la fecha y el lugar del d\u00eda en que tu madre fue madre, y presencia la magia del mapa estelar en la vista previa en l\u00ednea. A\u00f1adir tu foto y la suya completa esta sentida obra maestra.<\/p>\r\n\r\n<p>&#8220;El d\u00eda que te convertiste en mi mam\u00e1 con foto&#8221; es una conmovedora representaci\u00f3n del cielo nocturno el d\u00eda en que tu madre abraz\u00f3 la maternidad. Es una representaci\u00f3n detallada de las estrellas que adornaron los cielos durante este momento tan significativo.<\/p>\r\n\r\n<h2>Celebrando el amor de mam\u00e1<\/h2>\r\n\r\n<p>Este regalo es m\u00e1s que un simple obsequio. Es una celebraci\u00f3n del amor de tu madre y del momento en que se convirti\u00f3 en tu mam\u00e1. Es ideal para su cumplea\u00f1os, el D\u00eda de la Madre o Navidad. El t\u00edtulo, &#8220;El d\u00eda que te convertiste en mi mam\u00e1&#8221;, encierra la calidez y la emoci\u00f3n de este v\u00ednculo tan especial.<\/p>\r\n\r\n<p>&#8220;El d\u00eda que te convertiste en mi mam\u00e1 con foto&#8221; es un tesoro de vuestro amor y de los recuerdos que hab\u00e9is creado juntos. Cada mirada a esta combinaci\u00f3n de mapa estelar y foto te transporta a ese d\u00eda tan querido, provoc\u00e1ndote l\u00e1grimas de alegr\u00eda, amor y agradecimiento. Haz que tu <a href=\"https:\/\/positiveprints.com\/gifts-for-mom\/\">regalo para mam\u00e1<\/a> sea inolvidable con esta conmovedora obra maestra personalizada.<\/p>","protected":false},"excerpt":{"rendered":"<ul class=\"check-list\">\n<li>A\u00f1ade constelaciones a tu mapa estelar y elige una foto<\/li>\n<li>Usa nuestro editor para personalizar tu dise\u00f1o en apenas tres pasos<\/li>\n<li>A\u00f1ade un mensaje personalizado para que\u00a0tu dise\u00f1o sea \u00fanico y especial<\/li>\n<li>Visualiza tu dise\u00f1o de forma r\u00e1pida usando la vista previa interactiva<\/li>\n<\/ul>\n","protected":false},"featured_media":1255322,"template":"","meta":[],"product_brand":[],"product_cat":[9106,106,7279,5270,11459,7709],"product_tag":[11035,11036,10959,11034,11037,11038,8408,11822],"class_list":{"0":"post-1080127","1":"product","2":"type-product","3":"status-publish","4":"has-post-thumbnail","6":"product_cat-duo-stars-es","7":"product_cat-todos-los-productos","8":"product_cat-regalos-del-dia-de-las-madres","9":"product_cat-regalos-de-navidad","10":"product_cat-regalos-de-navidad-para-mama","11":"product_cat-regalos-para-mama","12":"product_tag-mam-es","13":"product_tag-mama-es-3","14":"product_tag-mama-es","15":"product_tag-mama-es-2","16":"product_tag-mami","17":"product_tag-momia","18":"product_tag-mother-es","19":"product_tag-regalos-de-navidad-para-mama","21":"first","22":"instock","23":"sale","24":"taxable","25":"shipping-taxable","26":"purchasable","27":"product-type-variable"},"yoast_head":"<!-- This site is optimized with the Yoast SEO Premium plugin v27.2 (Yoast SEO v27.2) - https:\/\/yoast.com\/product\/yoast-seo-premium-wordpress\/ -->\n<title>El d\u00eda que te convertiste en mi mam\u00e1 con foto - Positive Prints<\/title>\n<meta name=\"description\" content=\"Regala amor con El d\u00eda que te convertiste en mi mam\u00e1 con foto. Esta sentida obra de arte captura el cielo estrellado del d\u00eda en que se convirti\u00f3 en tu mam\u00e1.\" \/>\n<meta name=\"robots\" content=\"index, follow, max-snippet:-1, max-image-preview:large, max-video-preview:-1\" \/>\n<link rel=\"canonical\" href=\"https:\/\/positiveprints.com\/es\/producto\/el-dia-en-que-te-conviertes-en-mi-mama-con-fotos\/\" \/>\n<meta property=\"og:locale\" content=\"es_ES\" \/>\n<meta property=\"og:type\" content=\"article\" \/>\n<meta property=\"og:title\" content=\"El d\u00eda que te convertiste en mi mam\u00e1 con foto\" \/>\n<meta property=\"og:description\" content=\"A\u00f1ade constelaciones a tu mapa estelar y elige una foto Usa nuestro editor para personalizar tu dise\u00f1o en apenas tres pasos A\u00f1ade un mensaje personalizado para que\u00a0tu dise\u00f1o sea \u00fanico y especial Visualiza tu dise\u00f1o de forma r\u00e1pida usando la vista previa interactiva\" \/>\n<meta property=\"og:url\" content=\"https:\/\/positiveprints.com\/es\/producto\/el-dia-en-que-te-conviertes-en-mi-mama-con-fotos\/\" \/>\n<meta property=\"og:site_name\" content=\"Positive Prints\" \/>\n<meta property=\"article:publisher\" content=\"https:\/\/www.facebook.com\/positiveprintscom\" \/>\n<meta property=\"article:modified_time\" content=\"2026-04-18T03:52:50+00:00\" \/>\n<meta property=\"og:image\" content=\"https:\/\/positiveprints.com\/wp-content\/uploads\/2024\/11\/ES_PACKSHOT_The-Day-You-Became-My-Mommy-with-Photo-product-image-.webp\" \/>\n\t<meta property=\"og:image:width\" content=\"1450\" \/>\n\t<meta property=\"og:image:height\" content=\"1450\" \/>\n\t<meta property=\"og:image:type\" content=\"image\/webp\" \/>\n<meta name=\"twitter:card\" content=\"summary_large_image\" \/>\n<meta name=\"twitter:label1\" content=\"Tiempo de lectura\" \/>\n\t<meta name=\"twitter:data1\" content=\"2 minutos\" \/>\n<!-- \/ Yoast SEO Premium plugin. -->","yoast_head_json":{"title":"El d\u00eda que te convertiste en mi mam\u00e1 con foto - Positive Prints","description":"Regala amor con El d\u00eda que te convertiste en mi mam\u00e1 con foto. Esta sentida obra de arte captura el cielo estrellado del d\u00eda en que se convirti\u00f3 en tu mam\u00e1.","robots":{"index":"index","follow":"follow","max-snippet":"max-snippet:-1","max-image-preview":"max-image-preview:large","max-video-preview":"max-video-preview:-1"},"canonical":"https:\/\/positiveprints.com\/es\/producto\/el-dia-en-que-te-conviertes-en-mi-mama-con-fotos\/","og_locale":"es_ES","og_type":"article","og_title":"El d\u00eda que te convertiste en mi mam\u00e1 con foto","og_description":"A\u00f1ade constelaciones a tu mapa estelar y elige una foto Usa nuestro editor para personalizar tu dise\u00f1o en apenas tres pasos A\u00f1ade un mensaje personalizado para que\u00a0tu dise\u00f1o sea \u00fanico y especial Visualiza tu dise\u00f1o de forma r\u00e1pida usando la vista previa interactiva","og_url":"https:\/\/positiveprints.com\/es\/producto\/el-dia-en-que-te-conviertes-en-mi-mama-con-fotos\/","og_site_name":"Positive Prints","article_publisher":"https:\/\/www.facebook.com\/positiveprintscom","article_modified_time":"2026-04-18T03:52:50+00:00","og_image":[{"width":1450,"height":1450,"url":"https:\/\/positiveprints.com\/wp-content\/uploads\/2024\/11\/ES_PACKSHOT_The-Day-You-Became-My-Mommy-with-Photo-product-image-.webp","type":"image\/webp"}],"twitter_card":"summary_large_image","twitter_misc":{"Tiempo de lectura":"2 minutos"},"schema":{"@context":"https:\/\/schema.org","@graph":[{"@type":["WebPage","ItemPage"],"@id":"https:\/\/positiveprints.com\/es\/producto\/el-dia-en-que-te-conviertes-en-mi-mama-con-fotos\/","url":"https:\/\/positiveprints.com\/es\/producto\/el-dia-en-que-te-conviertes-en-mi-mama-con-fotos\/","name":"El d\u00eda que te convertiste en mi mam\u00e1 con foto - Positive Prints","isPartOf":{"@id":"https:\/\/positiveprints.com\/es\/#website"},"primaryImageOfPage":{"@id":"https:\/\/positiveprints.com\/es\/producto\/el-dia-en-que-te-conviertes-en-mi-mama-con-fotos\/#primaryimage"},"image":{"@id":"https:\/\/positiveprints.com\/es\/producto\/el-dia-en-que-te-conviertes-en-mi-mama-con-fotos\/#primaryimage"},"thumbnailUrl":"https:\/\/positiveprints.com\/wp-content\/uploads\/2024\/11\/ES_PACKSHOT_The-Day-You-Became-My-Mommy-with-Photo-product-image-.webp","datePublished":"2023-10-25T09:15:15+00:00","dateModified":"2026-04-18T03:52:50+00:00","description":"Regala amor con El d\u00eda que te convertiste en mi mam\u00e1 con foto. Esta sentida obra de arte captura el cielo estrellado del d\u00eda en que se convirti\u00f3 en tu mam\u00e1.","breadcrumb":{"@id":"https:\/\/positiveprints.com\/es\/producto\/el-dia-en-que-te-conviertes-en-mi-mama-con-fotos\/#breadcrumb"},"inLanguage":"es","potentialAction":[{"@type":"ReadAction","target":["https:\/\/positiveprints.com\/es\/producto\/el-dia-en-que-te-conviertes-en-mi-mama-con-fotos\/"]}]},{"@type":"ImageObject","inLanguage":"es","@id":"https:\/\/positiveprints.com\/es\/producto\/el-dia-en-que-te-conviertes-en-mi-mama-con-fotos\/#primaryimage","url":"https:\/\/positiveprints.com\/wp-content\/uploads\/2024\/11\/ES_PACKSHOT_The-Day-You-Became-My-Mommy-with-Photo-product-image-.webp","contentUrl":"https:\/\/positiveprints.com\/wp-content\/uploads\/2024\/11\/ES_PACKSHOT_The-Day-You-Became-My-Mommy-with-Photo-product-image-.webp","width":1450,"height":1450},{"@type":"BreadcrumbList","@id":"https:\/\/positiveprints.com\/es\/producto\/el-dia-en-que-te-conviertes-en-mi-mama-con-fotos\/#breadcrumb","itemListElement":[{"@type":"ListItem","position":1,"name":"CASA","item":"https:\/\/positiveprints.com\/es\/"},{"@type":"ListItem","position":2,"name":"Productos","item":"https:\/\/positiveprints.com\/es\/shop\/"},{"@type":"ListItem","position":3,"name":"El d\u00eda que te convertiste en mi mam\u00e1 con foto"}]},{"@type":"WebSite","@id":"https:\/\/positiveprints.com\/es\/#website","url":"https:\/\/positiveprints.com\/es\/","name":"Positive Prints","description":"Custom Gifts for Special Occasions","publisher":{"@id":"https:\/\/positiveprints.com\/es\/#organization"},"potentialAction":[{"@type":"SearchAction","target":{"@type":"EntryPoint","urlTemplate":"https:\/\/positiveprints.com\/es\/?s={search_term_string}"},"query-input":{"@type":"PropertyValueSpecification","valueRequired":true,"valueName":"search_term_string"}}],"inLanguage":"es"},{"@type":"Organization","@id":"https:\/\/positiveprints.com\/es\/#organization","name":"Positive Prints","alternateName":"Positive Prints","url":"https:\/\/positiveprints.com\/es\/","logo":{"@type":"ImageObject","inLanguage":"es","@id":"https:\/\/positiveprints.com\/es\/#\/schema\/logo\/image\/","url":"https:\/\/positiveprints.com\/wp-content\/uploads\/2026\/03\/245815646_1337939713319158_5671353136411139666_n.png","contentUrl":"https:\/\/positiveprints.com\/wp-content\/uploads\/2026\/03\/245815646_1337939713319158_5671353136411139666_n.png","width":800,"height":800,"caption":"Positive Prints"},"image":{"@id":"https:\/\/positiveprints.com\/es\/#\/schema\/logo\/image\/"},"sameAs":["https:\/\/www.facebook.com\/positiveprintscom","https:\/\/www.instagram.com\/positiveprintscom\/","https:\/\/www.tiktok.com\/@positiveprintscom","https:\/\/www.pinterest.com\/positiveprintscom\/"]}]}},"jetpack_sharing_enabled":true,"_links":{"self":[{"href":"https:\/\/positiveprints.com\/es\/wp-json\/wp\/v2\/product\/1080127","targetHints":{"allow":["GET"]}}],"collection":[{"href":"https:\/\/positiveprints.com\/es\/wp-json\/wp\/v2\/product"}],"about":[{"href":"https:\/\/positiveprints.com\/es\/wp-json\/wp\/v2\/types\/product"}],"wp:featuredmedia":[{"embeddable":true,"href":"https:\/\/positiveprints.com\/es\/wp-json\/wp\/v2\/media\/1255322"}],"wp:attachment":[{"href":"https:\/\/positiveprints.com\/es\/wp-json\/wp\/v2\/media?parent=1080127"}],"wp:term":[{"taxonomy":"product_brand","embeddable":true,"href":"https:\/\/positiveprints.com\/es\/wp-json\/wp\/v2\/product_brand?post=1080127"},{"taxonomy":"product_cat","embeddable":true,"href":"https:\/\/positiveprints.com\/es\/wp-json\/wp\/v2\/product_cat?post=1080127"},{"taxonomy":"product_tag","embeddable":true,"href":"https:\/\/positiveprints.com\/es\/wp-json\/wp\/v2\/product_tag?post=1080127"}],"curies":[{"name":"wp","href":"https:\/\/api.w.org\/{rel}","templated":true}]}}