{"id":1080113,"date":"2023-11-23T08:49:28","date_gmt":"2023-11-23T07:49:28","guid":{"rendered":"https:\/\/positiveprints.com\/product\/arte-lineal-familiar\/"},"modified":"2026-04-12T21:25:49","modified_gmt":"2026-04-12T20:25:49","slug":"familia-linea-arte","status":"publish","type":"product","link":"https:\/\/positiveprints.com\/es\/producto\/familia-linea-arte\/","title":{"rendered":"Arte lineal familiar"},"content":{"rendered":"<p>Celebra el calor y la unidad de tu familia con nuestro conmovedor Arte en L\u00ednea Familiar. Convierte una preciada foto familiar en una obra de arte personalizada atemporal que capte la esencia de la uni\u00f3n. Nuestros h\u00e1biles artistas dibujar\u00e1n delicadamente a mano cada detalle, creando una representaci\u00f3n \u00fanica que refleje el amor y la conexi\u00f3n de tu familia. Elige el estilo y los colores que prefieras, sube tu foto familiar especial y a\u00f1ade un toque personal con un mensaje sincero. Crea un recuerdo significativo que simbolice el v\u00ednculo y los momentos compartidos que hacen \u00fanica a tu familia.<\/p>\r\n\r\n<h2>Un sencillo proceso de tres pasos:<\/h2>\r\n\r\n<ol>\r\n<li><strong>Elige tu estilo y colores:<\/strong>\r\n<p>Selecciona el estilo y los colores que encapsulen la calidez y la unidad de tu familia.<\/p><\/li>\r\n\r\n<li><strong>Sube tu foto familiar especial:<\/strong>\r\n<p>Comparte una foto que encierre la magia de vuestro v\u00ednculo familiar. Nuestros artistas dibujar\u00e1n meticulosamente a mano la obra de arte, asegur\u00e1ndose de que refleje el amor y la conexi\u00f3n de tu familia.<\/p><\/li>\r\n\r\n<li><strong>A\u00f1ade un mensaje personalizado y finaliza:<\/strong>\r\n<p>Mejora tu L\u00ednea de Arte Familiar con un mensaje sincero. Tras el pago, nuestro equipo de asistencia de Positive Prints se pondr\u00e1 en contacto contigo para confirmar tu pedido. Una vez que el material gr\u00e1fico est\u00e9 listo, recibir\u00e1s un correo electr\u00f3nico para revisar y aceptar el dise\u00f1o final. Tu satisfacci\u00f3n importa, as\u00ed que no dudes en solicitar cambios hasta dos veces. Tras tu aprobaci\u00f3n final, la obra de arte se enviar\u00e1 para su impresi\u00f3n y entrega, creando un tributo duradero a vuestro v\u00ednculo familiar \u00fanico.<\/p><\/li>\r\n\r\n<\/ol>\r\n\r\n<h2>Arte en L\u00ednea Familiar: La Celebraci\u00f3n del Amor y la Unidad<\/h2>\r\n\r\n<p>El Arte Lineal Familiar no es s\u00f3lo un <a href=\"https:\/\/positiveprints.com\/gifts-for-family\/\">regalo familiar<\/a>; es una celebraci\u00f3n del amor, la unidad y los momentos compartidos. Es una forma \u00fanica de expresar tu v\u00ednculo familiar y crear un recuerdo duradero. Encarga ahora tu L\u00ednea de Arte Familiar y conmemora la conexi\u00f3n especial que compart\u00eds con una obra maestra personalizada que capte la esencia de tu familia.<\/p>","protected":false},"excerpt":{"rendered":"<ul class=\"check-list\">\n<li>Sube tus fotos favoritas y personaliza cada letra<\/li>\n<li>Dibujado y enviado para tu aprobaci\u00f3n en 2-3 d\u00edas laborables<\/li>\n<li>Usa nuestro editor para personalizar tu dise\u00f1o en apenas tres pasos<\/li>\n<li>Elija una plantilla o deja volar tu imaginaci\u00f3n<\/li>\n<li> Puedes solicitar hasta 2 revisiones de la obra de arte lineal creada por nuestros artistas<\/li>\n<\/ul>\n","protected":false},"featured_media":1358846,"template":"","meta":[],"product_brand":[],"product_cat":[9280,9183,106,5254,3128,11219,11220,5270,15060,11461,11449,11460,11458,8012,7629,7661,7693,7773,7742,7853,7821],"product_tag":[8541,13429,13459,13469,15267],"class_list":{"0":"post-1080113","1":"product","2":"type-product","3":"status-publish","4":"has-post-thumbnail","6":"product_cat-bestsellers-label-es","7":"product_cat-line-art-es","8":"product_cat-todos-los-productos","9":"product_cat-regalos-de-nacimiento-de-bebe","10":"product_cat-regalos-de-cumpleanos","11":"product_cat-regalos-de-cumpleanos-para-mujeres","12":"product_cat-regalos-de-cumpleanos-para-hombres","13":"product_cat-regalos-de-navidad","14":"product_cat-regalos-de-navidad-para-la-familia","15":"product_cat-regalos-de-navidad-para-la-hermana","16":"product_cat-regalos-de-navidad-para-el-hermano","17":"product_cat-regalos-de-navidad-para-los-padres","18":"product_cat-regalos-de-navidad-para-los-ninos","19":"product_cat-regalos-para-hombres","20":"product_cat-regalos-para-mi-hermano","21":"product_cat-regalos-para-mi-hijo","22":"product_cat-regalos-para-mujeres","23":"product_cat-regalos-para-mi-hija","24":"product_cat-regalos-para-mi-hermana","25":"product_cat-regalos-para-la-familia","26":"product_cat-regalos-para-padres-primerizos","27":"product_tag-family-es","28":"product_tag-regalo-de-navidad-para-hermana","29":"product_tag-regalos-de-navidad-para-hermano","30":"product_tag-regalos-de-navidad-para-la-familia","31":"product_tag-weihnachtsgeschenke-fuer-den-bruder","33":"first","34":"instock","35":"sale","36":"taxable","37":"shipping-taxable","38":"purchasable","39":"product-type-variable"},"yoast_head":"<!-- This site is optimized with the Yoast SEO Premium plugin v27.2 (Yoast SEO v27.2) - https:\/\/yoast.com\/product\/yoast-seo-premium-wordpress\/ -->\n<title>L\u00ednea de Arte Familiar - Impresiones Positivas<\/title>\n<meta name=\"description\" content=\"Encarga tu obra de arte L\u00edneal que capte la esencia de tu familia y conmemora esa conexi\u00f3n tan especial que ten\u00e9is con una obra maestra personalizada.\" \/>\n<meta name=\"robots\" content=\"index, follow, max-snippet:-1, max-image-preview:large, max-video-preview:-1\" \/>\n<link rel=\"canonical\" href=\"https:\/\/positiveprints.com\/es\/producto\/familia-linea-arte\/\" \/>\n<meta property=\"og:locale\" content=\"es_ES\" \/>\n<meta property=\"og:type\" content=\"article\" \/>\n<meta property=\"og:title\" content=\"Arte lineal familiar\" \/>\n<meta property=\"og:description\" content=\"Sube tus fotos favoritas y personaliza cada letra      Dibujado y enviado para tu aprobaci\u00f3n en 2-3 d\u00edas laborables      Usa nuestro editor para personalizar tu dise\u00f1o en apenas tres pasos      Elija una plantilla o deja volar tu imaginaci\u00f3n      Puedes solicitar hasta 2 revisiones de la obra de arte lineal creada por nuestros artistas\" \/>\n<meta property=\"og:url\" content=\"https:\/\/positiveprints.com\/es\/producto\/familia-linea-arte\/\" \/>\n<meta property=\"og:site_name\" content=\"Positive Prints\" \/>\n<meta property=\"article:publisher\" content=\"https:\/\/www.facebook.com\/positiveprintscom\" \/>\n<meta property=\"article:modified_time\" content=\"2026-04-12T20:25:49+00:00\" \/>\n<meta property=\"og:image\" content=\"https:\/\/positiveprints.com\/wp-content\/uploads\/2025\/02\/Arte-lineal-familiar-1.webp\" \/>\n\t<meta property=\"og:image:width\" content=\"1450\" \/>\n\t<meta property=\"og:image:height\" content=\"1450\" \/>\n\t<meta property=\"og:image:type\" content=\"image\/webp\" \/>\n<meta name=\"twitter:card\" content=\"summary_large_image\" \/>\n<meta name=\"twitter:label1\" content=\"Tiempo de lectura\" \/>\n\t<meta name=\"twitter:data1\" content=\"2 minutos\" \/>\n<!-- \/ Yoast SEO Premium plugin. -->","yoast_head_json":{"title":"L\u00ednea de Arte Familiar - Impresiones Positivas","description":"Encarga tu obra de arte L\u00edneal que capte la esencia de tu familia y conmemora esa conexi\u00f3n tan especial que ten\u00e9is con una obra maestra personalizada.","robots":{"index":"index","follow":"follow","max-snippet":"max-snippet:-1","max-image-preview":"max-image-preview:large","max-video-preview":"max-video-preview:-1"},"canonical":"https:\/\/positiveprints.com\/es\/producto\/familia-linea-arte\/","og_locale":"es_ES","og_type":"article","og_title":"Arte lineal familiar","og_description":"Sube tus fotos favoritas y personaliza cada letra      Dibujado y enviado para tu aprobaci\u00f3n en 2-3 d\u00edas laborables      Usa nuestro editor para personalizar tu dise\u00f1o en apenas tres pasos      Elija una plantilla o deja volar tu imaginaci\u00f3n      Puedes solicitar hasta 2 revisiones de la obra de arte lineal creada por nuestros artistas","og_url":"https:\/\/positiveprints.com\/es\/producto\/familia-linea-arte\/","og_site_name":"Positive Prints","article_publisher":"https:\/\/www.facebook.com\/positiveprintscom","article_modified_time":"2026-04-12T20:25:49+00:00","og_image":[{"width":1450,"height":1450,"url":"https:\/\/positiveprints.com\/wp-content\/uploads\/2025\/02\/Arte-lineal-familiar-1.webp","type":"image\/webp"}],"twitter_card":"summary_large_image","twitter_misc":{"Tiempo de lectura":"2 minutos"},"schema":{"@context":"https:\/\/schema.org","@graph":[{"@type":["WebPage","ItemPage"],"@id":"https:\/\/positiveprints.com\/es\/producto\/familia-linea-arte\/","url":"https:\/\/positiveprints.com\/es\/producto\/familia-linea-arte\/","name":"L\u00ednea de Arte Familiar - Impresiones Positivas","isPartOf":{"@id":"https:\/\/positiveprints.com\/es\/#website"},"primaryImageOfPage":{"@id":"https:\/\/positiveprints.com\/es\/producto\/familia-linea-arte\/#primaryimage"},"image":{"@id":"https:\/\/positiveprints.com\/es\/producto\/familia-linea-arte\/#primaryimage"},"thumbnailUrl":"https:\/\/positiveprints.com\/wp-content\/uploads\/2025\/02\/Arte-lineal-familiar-1.webp","datePublished":"2023-11-23T07:49:28+00:00","dateModified":"2026-04-12T20:25:49+00:00","description":"Encarga tu obra de arte L\u00edneal que capte la esencia de tu familia y conmemora esa conexi\u00f3n tan especial que ten\u00e9is con una obra maestra personalizada.","breadcrumb":{"@id":"https:\/\/positiveprints.com\/es\/producto\/familia-linea-arte\/#breadcrumb"},"inLanguage":"es","potentialAction":[{"@type":"ReadAction","target":["https:\/\/positiveprints.com\/es\/producto\/familia-linea-arte\/"]}]},{"@type":"ImageObject","inLanguage":"es","@id":"https:\/\/positiveprints.com\/es\/producto\/familia-linea-arte\/#primaryimage","url":"https:\/\/positiveprints.com\/wp-content\/uploads\/2025\/02\/Arte-lineal-familiar-1.webp","contentUrl":"https:\/\/positiveprints.com\/wp-content\/uploads\/2025\/02\/Arte-lineal-familiar-1.webp","width":1450,"height":1450},{"@type":"BreadcrumbList","@id":"https:\/\/positiveprints.com\/es\/producto\/familia-linea-arte\/#breadcrumb","itemListElement":[{"@type":"ListItem","position":1,"name":"CASA","item":"https:\/\/positiveprints.com\/es\/"},{"@type":"ListItem","position":2,"name":"Productos","item":"https:\/\/positiveprints.com\/es\/shop\/"},{"@type":"ListItem","position":3,"name":"Arte lineal familiar"}]},{"@type":"WebSite","@id":"https:\/\/positiveprints.com\/es\/#website","url":"https:\/\/positiveprints.com\/es\/","name":"Positive Prints","description":"Custom Gifts for Special Occasions","publisher":{"@id":"https:\/\/positiveprints.com\/es\/#organization"},"potentialAction":[{"@type":"SearchAction","target":{"@type":"EntryPoint","urlTemplate":"https:\/\/positiveprints.com\/es\/?s={search_term_string}"},"query-input":{"@type":"PropertyValueSpecification","valueRequired":true,"valueName":"search_term_string"}}],"inLanguage":"es"},{"@type":"Organization","@id":"https:\/\/positiveprints.com\/es\/#organization","name":"Positive Prints","alternateName":"Positive Prints","url":"https:\/\/positiveprints.com\/es\/","logo":{"@type":"ImageObject","inLanguage":"es","@id":"https:\/\/positiveprints.com\/es\/#\/schema\/logo\/image\/","url":"https:\/\/positiveprints.com\/wp-content\/uploads\/2026\/03\/245815646_1337939713319158_5671353136411139666_n.png","contentUrl":"https:\/\/positiveprints.com\/wp-content\/uploads\/2026\/03\/245815646_1337939713319158_5671353136411139666_n.png","width":800,"height":800,"caption":"Positive Prints"},"image":{"@id":"https:\/\/positiveprints.com\/es\/#\/schema\/logo\/image\/"},"sameAs":["https:\/\/www.facebook.com\/positiveprintscom","https:\/\/www.instagram.com\/positiveprintscom\/","https:\/\/www.tiktok.com\/@positiveprintscom","https:\/\/www.pinterest.com\/positiveprintscom\/"]}]}},"jetpack_sharing_enabled":true,"_links":{"self":[{"href":"https:\/\/positiveprints.com\/es\/wp-json\/wp\/v2\/product\/1080113","targetHints":{"allow":["GET"]}}],"collection":[{"href":"https:\/\/positiveprints.com\/es\/wp-json\/wp\/v2\/product"}],"about":[{"href":"https:\/\/positiveprints.com\/es\/wp-json\/wp\/v2\/types\/product"}],"wp:featuredmedia":[{"embeddable":true,"href":"https:\/\/positiveprints.com\/es\/wp-json\/wp\/v2\/media\/1358846"}],"wp:attachment":[{"href":"https:\/\/positiveprints.com\/es\/wp-json\/wp\/v2\/media?parent=1080113"}],"wp:term":[{"taxonomy":"product_brand","embeddable":true,"href":"https:\/\/positiveprints.com\/es\/wp-json\/wp\/v2\/product_brand?post=1080113"},{"taxonomy":"product_cat","embeddable":true,"href":"https:\/\/positiveprints.com\/es\/wp-json\/wp\/v2\/product_cat?post=1080113"},{"taxonomy":"product_tag","embeddable":true,"href":"https:\/\/positiveprints.com\/es\/wp-json\/wp\/v2\/product_tag?post=1080113"}],"curies":[{"name":"wp","href":"https:\/\/api.w.org\/{rel}","templated":true}]}}