{"id":1080107,"date":"2023-11-22T11:51:21","date_gmt":"2023-11-22T10:51:21","guid":{"rendered":"https:\/\/positiveprints.com\/product\/arte-lineal-de-pareja\/"},"modified":"2026-04-07T14:05:17","modified_gmt":"2026-04-07T13:05:17","slug":"pareja-arte-lineal","status":"publish","type":"product","link":"https:\/\/positiveprints.com\/es\/producto\/pareja-arte-lineal\/","title":{"rendered":"T\u00fa y Yo &#8211; Arte lineal de pareja"},"content":{"rendered":"<p>Celebra el v\u00ednculo \u00fanico entre tu pareja y t\u00fa con nuestro encantador Arte en L\u00ednea para Parejas. Convierte una foto preciada en una obra de arte personalizada e intemporal que capte la esencia de vuestra historia de amor. Nuestros h\u00e1biles artistas dibujar\u00e1n delicadamente a mano cada detalle, creando una representaci\u00f3n \u00fanica que refleje el romance y la conexi\u00f3n entre vosotros dos. Elige el estilo y los colores que prefieras, sube la foto especial de tu pareja y a\u00f1ade un toque personal con un mensaje sincero. Crea un recuerdo significativo que simbolice el amor y la compa\u00f1\u00eda que compart\u00eds.<\/p>\r\n\r\n<h2>Un sencillo proceso de tres pasos:<\/h2>\r\n\r\n<ol>\r\n<li><strong>Elige tu estilo y colores:<\/strong>\r\n<p>Selecciona el estilo y los colores que encapsulen la esencia de vuestra historia de amor \u00fanica.<\/p><\/li>\r\n\r\n<li><strong>Sube tu foto de pareja especial:<\/strong>\r\n<p>Comparte una foto que encierre la magia de vuestra relaci\u00f3n. Nuestros artistas dibujar\u00e1n meticulosamente a mano la obra de arte, asegur\u00e1ndose de que refleje el romanticismo y la conexi\u00f3n entre tu pareja y t\u00fa.<\/p><\/li>\r\n\r\n<li><strong>A\u00f1ade un mensaje personalizado y finaliza:<\/strong>\r\n<p>Mejora tu Arte en L\u00ednea para Parejas con un mensaje sincero. Tras el pago, nuestro equipo de asistencia de Positive Prints se pondr\u00e1 en contacto contigo para confirmar tu pedido. Una vez que el material gr\u00e1fico est\u00e9 listo, recibir\u00e1s un correo electr\u00f3nico para revisar y aceptar el dise\u00f1o final. Tu satisfacci\u00f3n importa, as\u00ed que no dudes en solicitar cambios hasta dos veces. Tras vuestra aprobaci\u00f3n final, se enviar\u00e1 la obra de arte para su impresi\u00f3n y entrega, creando un tributo duradero a vuestra historia de amor \u00fanica.<\/p><\/li>\r\n\r\n<\/ol>\r\n\r\n<h2>Arte en L\u00ednea para Parejas: El regalo perfecto que evoca emociones<\/h2>\r\n\r\n<p>El Arte Lineal para Parejas no es s\u00f3lo un regalo; es una celebraci\u00f3n del amor y la compa\u00f1\u00eda. Es una forma \u00fanica de expresar vuestro v\u00ednculo y crear un recuerdo duradero. Encarga ahora tu <a href=\"https:\/\/positiveprints.com\/product\/custom-line-art\/\">Arte Lineal Personalizado<\/a> y conmemora la conexi\u00f3n especial que compart\u00eds con una obra maestra personalizada que capte la esencia de vuestra relaci\u00f3n.<\/p>","protected":false},"excerpt":{"rendered":"<ul class=\"check-list\">\n<li>Deja que nuestros artistas dibujen un arte lineal \u00fanico a partir de tu foto para que puedas compartirlo con tu persona favorita del mundo<\/li>\n<li>Dibujado y enviado para tu aprobaci\u00f3n en 2-3 d\u00edas laborables<\/li>\n<li>Personalizar en 3 sencillos pasos<\/li>\n<li>Elija una plantilla o sea creativo<\/li>\n<li>2 revisiones disponibles a petici\u00f3n tuya<\/li>\n<\/ul>\n","protected":false},"featured_media":1325935,"template":"","meta":[],"product_brand":[],"product_cat":[15850,9280,8189,8215,9183,9766,106,5270,11455,11456,11452,11448,11462,11457,8012,7678,7646,7693,7789,7757,7805,3119,11249,11250],"product_tag":[14933,14945,14931,14937,14183,14939,14922,14929,9187,14940,14187,11826,11821,11757,11825,11820,17158,14947,14943,14925,14927,15511,14944,14946,14948,14942,14924],"class_list":{"0":"post-1080107","1":"product","2":"type-product","3":"status-publish","4":"has-post-thumbnail","6":"product_cat-shop-bestsellers-es","7":"product_cat-bestsellers-label-es","8":"product_cat-para-ella","9":"product_cat-para-el","10":"product_cat-line-art-es","11":"product_cat-trending-label-es","12":"product_cat-todos-los-productos","13":"product_cat-regalos-de-navidad","14":"product_cat-regalos-de-navidad-para-mujer","15":"product_cat-regalos-de-navidad-para-hombre","16":"product_cat-regalos-de-navidad-para-la-novia","17":"product_cat-regalos-de-navidad-para-el-novio","18":"product_cat-regalos-de-navidad-para-la-esposa","19":"product_cat-regalos-de-navidad-para-el-marido","20":"product_cat-regalos-para-hombres","21":"product_cat-regalos-para-mi-novio","22":"product_cat-regalos-para-mi-esposo","23":"product_cat-regalos-para-mujeres","24":"product_cat-regalos-para-mi-novia","25":"product_cat-regalos-para-mi-esposa","26":"product_cat-regalos-para-parejas","27":"product_cat-regalos-de-san-valentin","28":"product_cat-regalos-de-san-valentin-mujeres","29":"product_cat-regalos-de-san-valentin-hombres","30":"product_tag-anniversary-gift-es","31":"product_tag-anniversary-gifts-es","32":"product_tag-anniversary-present-es","33":"product_tag-couple-gift-es-2","34":"product_tag-couple-gift-anniversary-es","35":"product_tag-gift-for-couple-es","36":"product_tag-love-es","37":"product_tag-love-gift-es","38":"product_tag-pareja","39":"product_tag-personalized-gift-es","40":"product_tag-regalo-romantico-es","41":"product_tag-regalos-de-navidad-para-el","42":"product_tag-regalos-de-navidad-para-el-marido","43":"product_tag-regalos-de-navidad-para-el-novio","44":"product_tag-regalos-de-navidad-para-ella","45":"product_tag-regalos-de-navidad-para-la-esposa","46":"product_tag-regalos-para-novia","47":"product_tag-romantic-gifts-es","48":"product_tag-sentimental-gift-es","49":"product_tag-special-occasion-es-2","50":"product_tag-thoughtful-gift-es","51":"product_tag-una-linea-es","52":"product_tag-unique-gift-es","53":"product_tag-valentines-day-gifts-es","54":"product_tag-valentines-day-es","55":"product_tag-valentines-day-gift-es","56":"product_tag-wedding-anniversary-es","58":"first","59":"instock","60":"sale","61":"taxable","62":"shipping-taxable","63":"purchasable","64":"product-type-variable"},"yoast_head":"<!-- This site is optimized with the Yoast SEO Premium plugin v27.2 (Yoast SEO v27.2) - https:\/\/yoast.com\/product\/yoast-seo-premium-wordpress\/ -->\n<title>T\u00fa y Yo - Arte lineal de pareja - Positive Prints<\/title>\n<meta name=\"description\" content=\"Encarga ahora Arte en L\u00ednea para Parejas y conmemora la conexi\u00f3n especial que compart\u00eds con una obra maestra personalizada que capte la esencia de vuestra relaci\u00f3n\" \/>\n<meta name=\"robots\" content=\"index, follow, max-snippet:-1, max-image-preview:large, max-video-preview:-1\" \/>\n<link rel=\"canonical\" href=\"https:\/\/positiveprints.com\/es\/producto\/pareja-arte-lineal\/\" \/>\n<meta property=\"og:locale\" content=\"es_ES\" \/>\n<meta property=\"og:type\" content=\"article\" \/>\n<meta property=\"og:title\" content=\"T\u00fa y Yo - Arte lineal de pareja\" \/>\n<meta property=\"og:description\" content=\"Deja que nuestros artistas dibujen un arte lineal \u00fanico a partir de tu foto para que puedas compartirlo con tu persona favorita del mundo  Dibujado y enviado para tu aprobaci\u00f3n en 2-3 d\u00edas laborables  Personalizar en 3 sencillos pasos  Elija una plantilla o sea creativo  2 revisiones disponibles a petici\u00f3n tuya\" \/>\n<meta property=\"og:url\" content=\"https:\/\/positiveprints.com\/es\/producto\/pareja-arte-lineal\/\" \/>\n<meta property=\"og:site_name\" content=\"Positive Prints\" \/>\n<meta property=\"article:publisher\" content=\"https:\/\/www.facebook.com\/positiveprintscom\" \/>\n<meta property=\"article:modified_time\" content=\"2026-04-07T13:05:17+00:00\" \/>\n<meta property=\"og:image\" content=\"https:\/\/positiveprints.com\/wp-content\/uploads\/2025\/01\/Tu\u0301-y-Yo-Arte-lineal-de-pareja-1.webp\" \/>\n\t<meta property=\"og:image:width\" content=\"1450\" \/>\n\t<meta property=\"og:image:height\" content=\"1450\" \/>\n\t<meta property=\"og:image:type\" content=\"image\/webp\" \/>\n<meta name=\"twitter:card\" content=\"summary_large_image\" \/>\n<meta name=\"twitter:label1\" content=\"Tiempo de lectura\" \/>\n\t<meta name=\"twitter:data1\" content=\"2 minutos\" \/>\n<!-- \/ Yoast SEO Premium plugin. -->","yoast_head_json":{"title":"T\u00fa y Yo - Arte lineal de pareja - Positive Prints","description":"Encarga ahora Arte en L\u00ednea para Parejas y conmemora la conexi\u00f3n especial que compart\u00eds con una obra maestra personalizada que capte la esencia de vuestra relaci\u00f3n","robots":{"index":"index","follow":"follow","max-snippet":"max-snippet:-1","max-image-preview":"max-image-preview:large","max-video-preview":"max-video-preview:-1"},"canonical":"https:\/\/positiveprints.com\/es\/producto\/pareja-arte-lineal\/","og_locale":"es_ES","og_type":"article","og_title":"T\u00fa y Yo - Arte lineal de pareja","og_description":"Deja que nuestros artistas dibujen un arte lineal \u00fanico a partir de tu foto para que puedas compartirlo con tu persona favorita del mundo  Dibujado y enviado para tu aprobaci\u00f3n en 2-3 d\u00edas laborables  Personalizar en 3 sencillos pasos  Elija una plantilla o sea creativo  2 revisiones disponibles a petici\u00f3n tuya","og_url":"https:\/\/positiveprints.com\/es\/producto\/pareja-arte-lineal\/","og_site_name":"Positive Prints","article_publisher":"https:\/\/www.facebook.com\/positiveprintscom","article_modified_time":"2026-04-07T13:05:17+00:00","og_image":[{"width":1450,"height":1450,"url":"https:\/\/positiveprints.com\/wp-content\/uploads\/2025\/01\/Tu\u0301-y-Yo-Arte-lineal-de-pareja-1.webp","type":"image\/webp"}],"twitter_card":"summary_large_image","twitter_misc":{"Tiempo de lectura":"2 minutos"},"schema":{"@context":"https:\/\/schema.org","@graph":[{"@type":["WebPage","ItemPage"],"@id":"https:\/\/positiveprints.com\/es\/producto\/pareja-arte-lineal\/","url":"https:\/\/positiveprints.com\/es\/producto\/pareja-arte-lineal\/","name":"T\u00fa y Yo - Arte lineal de pareja - Positive Prints","isPartOf":{"@id":"https:\/\/positiveprints.com\/es\/#website"},"primaryImageOfPage":{"@id":"https:\/\/positiveprints.com\/es\/producto\/pareja-arte-lineal\/#primaryimage"},"image":{"@id":"https:\/\/positiveprints.com\/es\/producto\/pareja-arte-lineal\/#primaryimage"},"thumbnailUrl":"https:\/\/positiveprints.com\/wp-content\/uploads\/2025\/01\/Tu\u0301-y-Yo-Arte-lineal-de-pareja-1.webp","datePublished":"2023-11-22T10:51:21+00:00","dateModified":"2026-04-07T13:05:17+00:00","description":"Encarga ahora Arte en L\u00ednea para Parejas y conmemora la conexi\u00f3n especial que compart\u00eds con una obra maestra personalizada que capte la esencia de vuestra relaci\u00f3n","breadcrumb":{"@id":"https:\/\/positiveprints.com\/es\/producto\/pareja-arte-lineal\/#breadcrumb"},"inLanguage":"es","potentialAction":[{"@type":"ReadAction","target":["https:\/\/positiveprints.com\/es\/producto\/pareja-arte-lineal\/"]}]},{"@type":"ImageObject","inLanguage":"es","@id":"https:\/\/positiveprints.com\/es\/producto\/pareja-arte-lineal\/#primaryimage","url":"https:\/\/positiveprints.com\/wp-content\/uploads\/2025\/01\/Tu\u0301-y-Yo-Arte-lineal-de-pareja-1.webp","contentUrl":"https:\/\/positiveprints.com\/wp-content\/uploads\/2025\/01\/Tu\u0301-y-Yo-Arte-lineal-de-pareja-1.webp","width":1450,"height":1450,"caption":"Tu\u0301 y Yo - Arte lineal de pareja 1"},{"@type":"BreadcrumbList","@id":"https:\/\/positiveprints.com\/es\/producto\/pareja-arte-lineal\/#breadcrumb","itemListElement":[{"@type":"ListItem","position":1,"name":"CASA","item":"https:\/\/positiveprints.com\/es\/"},{"@type":"ListItem","position":2,"name":"Productos","item":"https:\/\/positiveprints.com\/es\/shop\/"},{"@type":"ListItem","position":3,"name":"T\u00fa y Yo &#8211; Arte lineal de pareja"}]},{"@type":"WebSite","@id":"https:\/\/positiveprints.com\/es\/#website","url":"https:\/\/positiveprints.com\/es\/","name":"Positive Prints","description":"Custom Gifts for Special Occasions","publisher":{"@id":"https:\/\/positiveprints.com\/es\/#organization"},"potentialAction":[{"@type":"SearchAction","target":{"@type":"EntryPoint","urlTemplate":"https:\/\/positiveprints.com\/es\/?s={search_term_string}"},"query-input":{"@type":"PropertyValueSpecification","valueRequired":true,"valueName":"search_term_string"}}],"inLanguage":"es"},{"@type":"Organization","@id":"https:\/\/positiveprints.com\/es\/#organization","name":"Positive Prints","alternateName":"Positive Prints","url":"https:\/\/positiveprints.com\/es\/","logo":{"@type":"ImageObject","inLanguage":"es","@id":"https:\/\/positiveprints.com\/es\/#\/schema\/logo\/image\/","url":"https:\/\/positiveprints.com\/wp-content\/uploads\/2026\/03\/245815646_1337939713319158_5671353136411139666_n.png","contentUrl":"https:\/\/positiveprints.com\/wp-content\/uploads\/2026\/03\/245815646_1337939713319158_5671353136411139666_n.png","width":800,"height":800,"caption":"Positive Prints"},"image":{"@id":"https:\/\/positiveprints.com\/es\/#\/schema\/logo\/image\/"},"sameAs":["https:\/\/www.facebook.com\/positiveprintscom","https:\/\/www.instagram.com\/positiveprintscom\/","https:\/\/www.tiktok.com\/@positiveprintscom","https:\/\/www.pinterest.com\/positiveprintscom\/"]}]}},"jetpack_sharing_enabled":true,"_links":{"self":[{"href":"https:\/\/positiveprints.com\/es\/wp-json\/wp\/v2\/product\/1080107","targetHints":{"allow":["GET"]}}],"collection":[{"href":"https:\/\/positiveprints.com\/es\/wp-json\/wp\/v2\/product"}],"about":[{"href":"https:\/\/positiveprints.com\/es\/wp-json\/wp\/v2\/types\/product"}],"wp:featuredmedia":[{"embeddable":true,"href":"https:\/\/positiveprints.com\/es\/wp-json\/wp\/v2\/media\/1325935"}],"wp:attachment":[{"href":"https:\/\/positiveprints.com\/es\/wp-json\/wp\/v2\/media?parent=1080107"}],"wp:term":[{"taxonomy":"product_brand","embeddable":true,"href":"https:\/\/positiveprints.com\/es\/wp-json\/wp\/v2\/product_brand?post=1080107"},{"taxonomy":"product_cat","embeddable":true,"href":"https:\/\/positiveprints.com\/es\/wp-json\/wp\/v2\/product_cat?post=1080107"},{"taxonomy":"product_tag","embeddable":true,"href":"https:\/\/positiveprints.com\/es\/wp-json\/wp\/v2\/product_tag?post=1080107"}],"curies":[{"name":"wp","href":"https:\/\/api.w.org\/{rel}","templated":true}]}}