{"id":1080105,"date":"2023-11-22T10:17:44","date_gmt":"2024-03-14T10:00:00","guid":{"rendered":"https:\/\/positiveprints.com\/product\/arte-lineal-de-aniversario\/"},"modified":"2026-04-03T03:01:42","modified_gmt":"2026-04-03T02:01:42","slug":"aniversario-line-art","status":"publish","type":"product","link":"https:\/\/positiveprints.com\/es\/producto\/aniversario-line-art\/","title":{"rendered":"Arte lineal de aniversario"},"content":{"rendered":"<p>Celebra el amor y los momentos importantes con nuestro exquisito Arte en L\u00ednea para Aniversario. Transforma una foto preciada en una obra de arte personalizada e intemporal que capte la esencia de vuestro viaje juntos. Tanto si se trata de un primer aniversario como de unas bodas de oro, nuestros h\u00e1biles artistas elaborar\u00e1n una representaci\u00f3n \u00fanica que cuente vuestra historia de amor en cada l\u00ednea. Elige el estilo y los colores que prefieras, sube tu foto especial y a\u00f1ade un mensaje personal para crear un <a href=\"https:\/\/positiveprints.com\/anniversary-gifts\/\">regalo de aniversario<\/a> significativo y duradero.<\/p>\r\n\r\n    <h2>Un sencillo proceso de tres pasos:<\/h2>\r\n<ol>\r\n    <li><strong>Elige tu estilo y colores:<\/strong> <\/li>\r\n<p>Selecciona el estilo y los colores que encapsulen la esencia de vuestra historia de amor.<\/p>\r\n\r\n    <li>\r\n        <strong>Sube tu foto especial de aniversario:<\/strong><\/li>\r\n <p>Comparte una foto que encierre la magia de vuestra uni\u00f3n. Nuestra\r\n  Los artistas dibujar\u00e1n meticulosamente a mano la obra de arte, asegur\u00e1ndose de que refleje el romanticismo de tu d\u00eda especial.\r\n    <\/p>\r\n\r\n    <li>\r\n        <strong>A\u00f1ade un mensaje personalizado y finaliza:<\/strong><\/li>\r\n <p>Realza tu Arte Lineal de Aniversario con una sentida\r\n  mensaje. Tras el pago, nuestro equipo de asistencia de Positive Prints se pondr\u00e1 en contacto contigo para confirmar tu pedido. Una vez que la obra\r\n  est\u00e9 listo, recibir\u00e1s un correo electr\u00f3nico para revisar y aceptar el dise\u00f1o final. Tu satisfacci\u00f3n importa, as\u00ed que no dudes en\r\n  para solicitar cambios hasta dos veces. Tras tu aprobaci\u00f3n final, el material gr\u00e1fico se enviar\u00e1 para su impresi\u00f3n y\r\n  entrega, creando un tributo duradero a vuestro hermoso viaje juntos.\r\n    <\/p>\r\n<\/ol>\r\n\r\n    <h2>Expresa tu amor con el Arte Lineal de Aniversario<\/h2>\r\n\r\n    <p>\r\n  El Arte Lineal de Aniversario es un s\u00edmbolo de amor duradero. Tanto si se trata de un primer a\u00f1o como de un\r\n  en conjunto, esta obra maestra personalizada lo dice todo. Es una forma \u00fanica de expresar tu amor y\r\n  crear un recuerdo duradero. Encarga ahora tu Arte en L\u00ednea de Aniversario y celebra los hitos que hacen que tu\r\n  viaje extraordinario.\r\n    <\/p>","protected":false},"excerpt":{"rendered":"<ul class=\"check-list\">\n<li>Deja que nuestros artistas dibujen un arte lineal \u00fanico a partir de tu foto como homenaje eterno a vuestro amor<\/li>\n<li>Dibujado y enviado para tu aprobaci\u00f3n en 2-3 d\u00edas laborables<\/li>\n<li>Personalizar en 3 sencillos pasos<\/li>\n<li>Elija una plantilla o sea creativo<\/li>\n<li>2 revisiones disponibles a petici\u00f3n tuya<\/li>\n<\/ul>\n","protected":false},"featured_media":1318048,"template":"","meta":[],"product_brand":[],"product_cat":[5334,9183,11189,11188,11187,106,9766],"product_tag":[9092,14923],"class_list":{"0":"post-1080105","1":"product","2":"type-product","3":"status-publish","4":"has-post-thumbnail","6":"product_cat-regalos-de-aniversario","7":"product_cat-line-art-es","8":"product_cat-regalos-de-aniversario-para-el","9":"product_cat-regalos-de-aniversario-para-ella","10":"product_cat-regalos-de-aniversario-para-pareja","11":"product_cat-todos-los-productos","12":"product_cat-trending-label-es","13":"product_tag-aniversario","14":"product_tag-anniversary-es","16":"first","17":"instock","18":"sale","19":"taxable","20":"shipping-taxable","21":"purchasable","22":"product-type-variable"},"yoast_head":"<!-- This site is optimized with the Yoast SEO Premium plugin v27.2 (Yoast SEO v27.2) - https:\/\/yoast.com\/product\/yoast-seo-premium-wordpress\/ -->\n<title>Arte Lineal Aniversario - Impresiones Positivas<\/title>\n<meta name=\"description\" content=\"Transforma una foto preciada en una pieza atemporal de Arte Lineal de Aniversario personalizado que capte la esencia de vuestro viaje juntos.\" \/>\n<meta name=\"robots\" content=\"index, follow, max-snippet:-1, max-image-preview:large, max-video-preview:-1\" \/>\n<link rel=\"canonical\" href=\"https:\/\/positiveprints.com\/es\/producto\/aniversario-line-art\/\" \/>\n<meta property=\"og:locale\" content=\"es_ES\" \/>\n<meta property=\"og:type\" content=\"article\" \/>\n<meta property=\"og:title\" content=\"Arte lineal de aniversario\" \/>\n<meta property=\"og:description\" content=\"Deja que nuestros artistas dibujen un arte lineal \u00fanico a partir de tu foto como homenaje eterno a vuestro amor  Dibujado y enviado para tu aprobaci\u00f3n en 2-3 d\u00edas laborables  Personalizar en 3 sencillos pasos  Elija una plantilla o sea creativo  2 revisiones disponibles a petici\u00f3n tuya\" \/>\n<meta property=\"og:url\" content=\"https:\/\/positiveprints.com\/es\/producto\/aniversario-line-art\/\" \/>\n<meta property=\"og:site_name\" content=\"Positive Prints\" \/>\n<meta property=\"article:publisher\" content=\"https:\/\/www.facebook.com\/positiveprintscom\" \/>\n<meta property=\"article:modified_time\" content=\"2026-04-03T02:01:42+00:00\" \/>\n<meta property=\"og:image\" content=\"https:\/\/positiveprints.com\/wp-content\/uploads\/2025\/01\/Arte-lineal-de-aniversario-1.webp\" \/>\n\t<meta property=\"og:image:width\" content=\"1450\" \/>\n\t<meta property=\"og:image:height\" content=\"1450\" \/>\n\t<meta property=\"og:image:type\" content=\"image\/webp\" \/>\n<meta name=\"twitter:card\" content=\"summary_large_image\" \/>\n<meta name=\"twitter:label1\" content=\"Tiempo de lectura\" \/>\n\t<meta name=\"twitter:data1\" content=\"2 minutos\" \/>\n<!-- \/ Yoast SEO Premium plugin. -->","yoast_head_json":{"title":"Arte Lineal Aniversario - Impresiones Positivas","description":"Transforma una foto preciada en una pieza atemporal de Arte Lineal de Aniversario personalizado que capte la esencia de vuestro viaje juntos.","robots":{"index":"index","follow":"follow","max-snippet":"max-snippet:-1","max-image-preview":"max-image-preview:large","max-video-preview":"max-video-preview:-1"},"canonical":"https:\/\/positiveprints.com\/es\/producto\/aniversario-line-art\/","og_locale":"es_ES","og_type":"article","og_title":"Arte lineal de aniversario","og_description":"Deja que nuestros artistas dibujen un arte lineal \u00fanico a partir de tu foto como homenaje eterno a vuestro amor  Dibujado y enviado para tu aprobaci\u00f3n en 2-3 d\u00edas laborables  Personalizar en 3 sencillos pasos  Elija una plantilla o sea creativo  2 revisiones disponibles a petici\u00f3n tuya","og_url":"https:\/\/positiveprints.com\/es\/producto\/aniversario-line-art\/","og_site_name":"Positive Prints","article_publisher":"https:\/\/www.facebook.com\/positiveprintscom","article_modified_time":"2026-04-03T02:01:42+00:00","og_image":[{"width":1450,"height":1450,"url":"https:\/\/positiveprints.com\/wp-content\/uploads\/2025\/01\/Arte-lineal-de-aniversario-1.webp","type":"image\/webp"}],"twitter_card":"summary_large_image","twitter_misc":{"Tiempo de lectura":"2 minutos"},"schema":{"@context":"https:\/\/schema.org","@graph":[{"@type":["WebPage","ItemPage"],"@id":"https:\/\/positiveprints.com\/es\/producto\/aniversario-line-art\/","url":"https:\/\/positiveprints.com\/es\/producto\/aniversario-line-art\/","name":"Arte Lineal Aniversario - Impresiones Positivas","isPartOf":{"@id":"https:\/\/positiveprints.com\/es\/#website"},"primaryImageOfPage":{"@id":"https:\/\/positiveprints.com\/es\/producto\/aniversario-line-art\/#primaryimage"},"image":{"@id":"https:\/\/positiveprints.com\/es\/producto\/aniversario-line-art\/#primaryimage"},"thumbnailUrl":"https:\/\/positiveprints.com\/wp-content\/uploads\/2025\/01\/Arte-lineal-de-aniversario-1.webp","datePublished":"2024-03-14T10:00:00+00:00","dateModified":"2026-04-03T02:01:42+00:00","description":"Transforma una foto preciada en una pieza atemporal de Arte Lineal de Aniversario personalizado que capte la esencia de vuestro viaje juntos.","breadcrumb":{"@id":"https:\/\/positiveprints.com\/es\/producto\/aniversario-line-art\/#breadcrumb"},"inLanguage":"es","potentialAction":[{"@type":"ReadAction","target":["https:\/\/positiveprints.com\/es\/producto\/aniversario-line-art\/"]}]},{"@type":"ImageObject","inLanguage":"es","@id":"https:\/\/positiveprints.com\/es\/producto\/aniversario-line-art\/#primaryimage","url":"https:\/\/positiveprints.com\/wp-content\/uploads\/2025\/01\/Arte-lineal-de-aniversario-1.webp","contentUrl":"https:\/\/positiveprints.com\/wp-content\/uploads\/2025\/01\/Arte-lineal-de-aniversario-1.webp","width":1450,"height":1450},{"@type":"BreadcrumbList","@id":"https:\/\/positiveprints.com\/es\/producto\/aniversario-line-art\/#breadcrumb","itemListElement":[{"@type":"ListItem","position":1,"name":"CASA","item":"https:\/\/positiveprints.com\/es\/"},{"@type":"ListItem","position":2,"name":"Productos","item":"https:\/\/positiveprints.com\/es\/shop\/"},{"@type":"ListItem","position":3,"name":"Arte lineal de aniversario"}]},{"@type":"WebSite","@id":"https:\/\/positiveprints.com\/es\/#website","url":"https:\/\/positiveprints.com\/es\/","name":"Positive Prints","description":"Custom Gifts for Special Occasions","publisher":{"@id":"https:\/\/positiveprints.com\/es\/#organization"},"potentialAction":[{"@type":"SearchAction","target":{"@type":"EntryPoint","urlTemplate":"https:\/\/positiveprints.com\/es\/?s={search_term_string}"},"query-input":{"@type":"PropertyValueSpecification","valueRequired":true,"valueName":"search_term_string"}}],"inLanguage":"es"},{"@type":"Organization","@id":"https:\/\/positiveprints.com\/es\/#organization","name":"Positive Prints","alternateName":"Positive Prints","url":"https:\/\/positiveprints.com\/es\/","logo":{"@type":"ImageObject","inLanguage":"es","@id":"https:\/\/positiveprints.com\/es\/#\/schema\/logo\/image\/","url":"https:\/\/positiveprints.com\/wp-content\/uploads\/2026\/03\/245815646_1337939713319158_5671353136411139666_n.png","contentUrl":"https:\/\/positiveprints.com\/wp-content\/uploads\/2026\/03\/245815646_1337939713319158_5671353136411139666_n.png","width":800,"height":800,"caption":"Positive Prints"},"image":{"@id":"https:\/\/positiveprints.com\/es\/#\/schema\/logo\/image\/"},"sameAs":["https:\/\/www.facebook.com\/positiveprintscom","https:\/\/www.instagram.com\/positiveprintscom\/","https:\/\/www.tiktok.com\/@positiveprintscom","https:\/\/www.pinterest.com\/positiveprintscom\/"]}]}},"jetpack_sharing_enabled":true,"_links":{"self":[{"href":"https:\/\/positiveprints.com\/es\/wp-json\/wp\/v2\/product\/1080105","targetHints":{"allow":["GET"]}}],"collection":[{"href":"https:\/\/positiveprints.com\/es\/wp-json\/wp\/v2\/product"}],"about":[{"href":"https:\/\/positiveprints.com\/es\/wp-json\/wp\/v2\/types\/product"}],"wp:featuredmedia":[{"embeddable":true,"href":"https:\/\/positiveprints.com\/es\/wp-json\/wp\/v2\/media\/1318048"}],"wp:attachment":[{"href":"https:\/\/positiveprints.com\/es\/wp-json\/wp\/v2\/media?parent=1080105"}],"wp:term":[{"taxonomy":"product_brand","embeddable":true,"href":"https:\/\/positiveprints.com\/es\/wp-json\/wp\/v2\/product_brand?post=1080105"},{"taxonomy":"product_cat","embeddable":true,"href":"https:\/\/positiveprints.com\/es\/wp-json\/wp\/v2\/product_cat?post=1080105"},{"taxonomy":"product_tag","embeddable":true,"href":"https:\/\/positiveprints.com\/es\/wp-json\/wp\/v2\/product_tag?post=1080105"}],"curies":[{"name":"wp","href":"https:\/\/api.w.org\/{rel}","templated":true}]}}