{"id":1080081,"date":"2023-11-23T11:39:04","date_gmt":"2023-11-23T10:39:04","guid":{"rendered":"https:\/\/positiveprints.com\/product\/arte-de-la-linea-paterna\/"},"modified":"2026-04-18T04:46:17","modified_gmt":"2026-04-18T03:46:17","slug":"padre-linea-arte","status":"publish","type":"product","link":"https:\/\/positiveprints.com\/es\/producto\/padre-linea-arte\/","title":{"rendered":"Arte de la l\u00ednea paterna"},"content":{"rendered":"<p>Celebra la fuerza y la gu\u00eda de tu padre con nuestro sincero Arte en L\u00ednea Padre. Convierte una preciada foto en una obra de arte personalizada atemporal que rinda homenaje a la sabidur\u00eda y el apoyo que te proporciona tu padre. Nuestros h\u00e1biles artistas dibujar\u00e1n a mano con delicadeza cada detalle, creando una representaci\u00f3n \u00fanica que refleje el amor y la orientaci\u00f3n que ofrece tu padre. Elige el estilo y los colores que prefieras, sube una foto especial de tu padre y a\u00f1ade un toque personal con un mensaje sincero. Crea un recuerdo significativo que simbolice el v\u00ednculo duradero entre un padre y su hijo.<\/p>\r\n\r\n<h2>Un sencillo proceso de tres pasos:<\/h2>\r\n<ol>\r\n<li><strong>Elige tu estilo y colores:<\/strong>\r\n<p>Selecciona el estilo y los colores que capten la fuerza y la sabidur\u00eda de tu querido padre.<\/p><\/li>\r\n\r\n<li><strong>Sube una foto especial de tu padre:<\/strong>\r\n<p>Comparte una foto que muestre el amor y la gu\u00eda que encarna tu padre. Nuestros artistas dibujar\u00e1n meticulosamente a mano la obra de arte, asegur\u00e1ndose de que refleje la esencia \u00fanica de tu padre.<\/p><\/li>\r\n\r\n<li><strong>A\u00f1ade un mensaje personalizado y finaliza:<\/strong>\r\n<p>Mejora tu Arte en L\u00ednea Padre con un mensaje sincero. Tras el pago, nuestro equipo de asistencia de Positive Prints se pondr\u00e1 en contacto contigo para confirmar tu pedido. Una vez que el material gr\u00e1fico est\u00e9 listo, recibir\u00e1s un correo electr\u00f3nico para revisar y aceptar el dise\u00f1o final. Tu satisfacci\u00f3n importa, as\u00ed que no dudes en solicitar cambios hasta dos veces. Tras tu aprobaci\u00f3n final, la obra de arte se enviar\u00e1 para su impresi\u00f3n y entrega, creando un tributo duradero a tu querido padre.<\/p><\/li>\r\n<\/ol>\r\n<h2>Arte en L\u00ednea Padre: El regalo perfecto para pap\u00e1<\/h2>\r\n\r\n<p>El Arte de la L\u00ednea Padre no es s\u00f3lo un <a href=\"https:\/\/positiveprints.com\/gifts-for-dad\/\">regalo para pap\u00e1<\/a>. Es una celebraci\u00f3n de la fuerza y la gu\u00eda de los padres. Es una forma \u00fanica de expresar tu gratitud y crear un recuerdo duradero. Encarga ahora tu L\u00ednea Arte Padre y honra el v\u00ednculo especial entre tu padre y t\u00fa con una obra maestra personalizada que capte la esencia de su amor perdurable.<\/p>","protected":false},"excerpt":{"rendered":"<ul class=\"check-list\">\n<li>Deja que nuestros artistas dibujen un arte lineal \u00fanico a partir de una preciada foto tuya y de tu padre<\/li>\n<li>Dibujado y enviado para tu aprobaci\u00f3n en 2-3 d\u00edas laborables<\/li>\n<li>Personalizar en 3 sencillos pasos<\/li>\n<li>Elija una plantilla o sea creativo<\/li>\n<li>2 revisiones disponibles a petici\u00f3n tuya<\/li>\n<\/ul>\n","protected":false},"featured_media":1358774,"template":"","meta":[],"product_brand":[],"product_cat":[9183,9766,106,7334,5270,11451,7981],"product_tag":[8559,11764],"class_list":{"0":"post-1080081","1":"product","2":"type-product","3":"status-publish","4":"has-post-thumbnail","6":"product_cat-line-art-es","7":"product_cat-trending-label-es","8":"product_cat-todos-los-productos","9":"product_cat-regalos-del-dia-del-padre","10":"product_cat-regalos-de-navidad","11":"product_cat-regalos-de-navidad-para-papa","12":"product_cat-regalos-para-papa","13":"product_tag-father-es","14":"product_tag-regalos-de-navidad-para-papa","16":"first","17":"instock","18":"sale","19":"taxable","20":"shipping-taxable","21":"purchasable","22":"product-type-variable"},"yoast_head":"<!-- This site is optimized with the Yoast SEO Premium plugin v27.2 (Yoast SEO v27.2) - https:\/\/yoast.com\/product\/yoast-seo-premium-wordpress\/ -->\n<title>Arte de la l\u00ednea paterna - Impresiones positivas<\/title>\n<meta name=\"description\" content=\"Encarga Arte en L\u00ednea Padre y honra el v\u00ednculo especial entre tu padre y t\u00fa con una obra maestra personalizada que capte la esencia de su amor perdurable.\" \/>\n<meta name=\"robots\" content=\"index, follow, max-snippet:-1, max-image-preview:large, max-video-preview:-1\" \/>\n<link rel=\"canonical\" href=\"https:\/\/positiveprints.com\/es\/producto\/padre-linea-arte\/\" \/>\n<meta property=\"og:locale\" content=\"es_ES\" \/>\n<meta property=\"og:type\" content=\"article\" \/>\n<meta property=\"og:title\" content=\"Arte de la l\u00ednea paterna\" \/>\n<meta property=\"og:description\" content=\"Deja que nuestros artistas dibujen un arte lineal \u00fanico a partir de una preciada foto tuya y de tu padre  Dibujado y enviado para tu aprobaci\u00f3n en 2-3 d\u00edas laborables  Personalizar en 3 sencillos pasos  Elija una plantilla o sea creativo  2 revisiones disponibles a petici\u00f3n tuya\" \/>\n<meta property=\"og:url\" content=\"https:\/\/positiveprints.com\/es\/producto\/padre-linea-arte\/\" \/>\n<meta property=\"og:site_name\" content=\"Positive Prints\" \/>\n<meta property=\"article:publisher\" content=\"https:\/\/www.facebook.com\/positiveprintscom\" \/>\n<meta property=\"article:modified_time\" content=\"2026-04-18T03:46:17+00:00\" \/>\n<meta property=\"og:image\" content=\"https:\/\/positiveprints.com\/wp-content\/uploads\/2024\/03\/Arte-de-la-linea-paterna.jpg\" \/>\n\t<meta property=\"og:image:width\" content=\"1080\" \/>\n\t<meta property=\"og:image:height\" content=\"1080\" \/>\n\t<meta property=\"og:image:type\" content=\"image\/jpeg\" \/>\n<meta name=\"twitter:card\" content=\"summary_large_image\" \/>\n<meta name=\"twitter:label1\" content=\"Tiempo de lectura\" \/>\n\t<meta name=\"twitter:data1\" content=\"2 minutos\" \/>\n<!-- \/ Yoast SEO Premium plugin. -->","yoast_head_json":{"title":"Arte de la l\u00ednea paterna - Impresiones positivas","description":"Encarga Arte en L\u00ednea Padre y honra el v\u00ednculo especial entre tu padre y t\u00fa con una obra maestra personalizada que capte la esencia de su amor perdurable.","robots":{"index":"index","follow":"follow","max-snippet":"max-snippet:-1","max-image-preview":"max-image-preview:large","max-video-preview":"max-video-preview:-1"},"canonical":"https:\/\/positiveprints.com\/es\/producto\/padre-linea-arte\/","og_locale":"es_ES","og_type":"article","og_title":"Arte de la l\u00ednea paterna","og_description":"Deja que nuestros artistas dibujen un arte lineal \u00fanico a partir de una preciada foto tuya y de tu padre  Dibujado y enviado para tu aprobaci\u00f3n en 2-3 d\u00edas laborables  Personalizar en 3 sencillos pasos  Elija una plantilla o sea creativo  2 revisiones disponibles a petici\u00f3n tuya","og_url":"https:\/\/positiveprints.com\/es\/producto\/padre-linea-arte\/","og_site_name":"Positive Prints","article_publisher":"https:\/\/www.facebook.com\/positiveprintscom","article_modified_time":"2026-04-18T03:46:17+00:00","og_image":[{"width":1080,"height":1080,"url":"https:\/\/positiveprints.com\/wp-content\/uploads\/2024\/03\/Arte-de-la-linea-paterna.jpg","type":"image\/jpeg"}],"twitter_card":"summary_large_image","twitter_misc":{"Tiempo de lectura":"2 minutos"},"schema":{"@context":"https:\/\/schema.org","@graph":[{"@type":["WebPage","ItemPage"],"@id":"https:\/\/positiveprints.com\/es\/producto\/padre-linea-arte\/","url":"https:\/\/positiveprints.com\/es\/producto\/padre-linea-arte\/","name":"Arte de la l\u00ednea paterna - Impresiones positivas","isPartOf":{"@id":"https:\/\/positiveprints.com\/es\/#website"},"primaryImageOfPage":{"@id":"https:\/\/positiveprints.com\/es\/producto\/padre-linea-arte\/#primaryimage"},"image":{"@id":"https:\/\/positiveprints.com\/es\/producto\/padre-linea-arte\/#primaryimage"},"thumbnailUrl":"https:\/\/positiveprints.com\/wp-content\/uploads\/2025\/02\/Arte-de-la-li\u0301nea-paterna-1.webp","datePublished":"2023-11-23T10:39:04+00:00","dateModified":"2026-04-18T03:46:17+00:00","description":"Encarga Arte en L\u00ednea Padre y honra el v\u00ednculo especial entre tu padre y t\u00fa con una obra maestra personalizada que capte la esencia de su amor perdurable.","breadcrumb":{"@id":"https:\/\/positiveprints.com\/es\/producto\/padre-linea-arte\/#breadcrumb"},"inLanguage":"es","potentialAction":[{"@type":"ReadAction","target":["https:\/\/positiveprints.com\/es\/producto\/padre-linea-arte\/"]}]},{"@type":"ImageObject","inLanguage":"es","@id":"https:\/\/positiveprints.com\/es\/producto\/padre-linea-arte\/#primaryimage","url":"https:\/\/positiveprints.com\/wp-content\/uploads\/2025\/02\/Arte-de-la-li\u0301nea-paterna-1.webp","contentUrl":"https:\/\/positiveprints.com\/wp-content\/uploads\/2025\/02\/Arte-de-la-li\u0301nea-paterna-1.webp","width":1450,"height":1450},{"@type":"BreadcrumbList","@id":"https:\/\/positiveprints.com\/es\/producto\/padre-linea-arte\/#breadcrumb","itemListElement":[{"@type":"ListItem","position":1,"name":"CASA","item":"https:\/\/positiveprints.com\/es\/"},{"@type":"ListItem","position":2,"name":"Productos","item":"https:\/\/positiveprints.com\/es\/shop\/"},{"@type":"ListItem","position":3,"name":"Arte de la l\u00ednea paterna"}]},{"@type":"WebSite","@id":"https:\/\/positiveprints.com\/es\/#website","url":"https:\/\/positiveprints.com\/es\/","name":"Positive Prints","description":"Custom Gifts for Special Occasions","publisher":{"@id":"https:\/\/positiveprints.com\/es\/#organization"},"potentialAction":[{"@type":"SearchAction","target":{"@type":"EntryPoint","urlTemplate":"https:\/\/positiveprints.com\/es\/?s={search_term_string}"},"query-input":{"@type":"PropertyValueSpecification","valueRequired":true,"valueName":"search_term_string"}}],"inLanguage":"es"},{"@type":"Organization","@id":"https:\/\/positiveprints.com\/es\/#organization","name":"Positive Prints","alternateName":"Positive Prints","url":"https:\/\/positiveprints.com\/es\/","logo":{"@type":"ImageObject","inLanguage":"es","@id":"https:\/\/positiveprints.com\/es\/#\/schema\/logo\/image\/","url":"https:\/\/positiveprints.com\/wp-content\/uploads\/2026\/03\/245815646_1337939713319158_5671353136411139666_n.png","contentUrl":"https:\/\/positiveprints.com\/wp-content\/uploads\/2026\/03\/245815646_1337939713319158_5671353136411139666_n.png","width":800,"height":800,"caption":"Positive Prints"},"image":{"@id":"https:\/\/positiveprints.com\/es\/#\/schema\/logo\/image\/"},"sameAs":["https:\/\/www.facebook.com\/positiveprintscom","https:\/\/www.instagram.com\/positiveprintscom\/","https:\/\/www.tiktok.com\/@positiveprintscom","https:\/\/www.pinterest.com\/positiveprintscom\/"]}]}},"jetpack_sharing_enabled":true,"_links":{"self":[{"href":"https:\/\/positiveprints.com\/es\/wp-json\/wp\/v2\/product\/1080081","targetHints":{"allow":["GET"]}}],"collection":[{"href":"https:\/\/positiveprints.com\/es\/wp-json\/wp\/v2\/product"}],"about":[{"href":"https:\/\/positiveprints.com\/es\/wp-json\/wp\/v2\/types\/product"}],"wp:featuredmedia":[{"embeddable":true,"href":"https:\/\/positiveprints.com\/es\/wp-json\/wp\/v2\/media\/1358774"}],"wp:attachment":[{"href":"https:\/\/positiveprints.com\/es\/wp-json\/wp\/v2\/media?parent=1080081"}],"wp:term":[{"taxonomy":"product_brand","embeddable":true,"href":"https:\/\/positiveprints.com\/es\/wp-json\/wp\/v2\/product_brand?post=1080081"},{"taxonomy":"product_cat","embeddable":true,"href":"https:\/\/positiveprints.com\/es\/wp-json\/wp\/v2\/product_cat?post=1080081"},{"taxonomy":"product_tag","embeddable":true,"href":"https:\/\/positiveprints.com\/es\/wp-json\/wp\/v2\/product_tag?post=1080081"}],"curies":[{"name":"wp","href":"https:\/\/api.w.org\/{rel}","templated":true}]}}