{"id":1047197,"date":"2024-01-22T12:53:02","date_gmt":"2024-01-22T11:53:02","guid":{"rendered":"https:\/\/positiveprints.com\/?post_type=product&#038;p=1047197"},"modified":"2026-04-03T02:58:18","modified_gmt":"2026-04-03T01:58:18","slug":"mapa-compromiso-joyas","status":"publish","type":"product","link":"https:\/\/positiveprints.com\/es\/producto\/mapa-compromiso-joyas\/","title":{"rendered":"Mapa de compromiso &#8211; joyas personalizadas"},"content":{"rendered":"<p>\u00bfHas so\u00f1ado alguna vez con inmortalizar la magia de tu compromiso de una forma realmente \u00fanica? No busques m\u00e1s: nuestra joya personalizada Mapa de compromiso es una pieza especial dise\u00f1ada para conmemorar el comienzo de vuestro viaje eterno. Es algo m\u00e1s que joyas. Es un recuerdo significativo perfecto para revivir tu compromiso o regalar en ocasiones especiales.<\/p>\n\n\n\n<h2>Crea tu mapa de compromiso personalizado<\/h2>\n\n\n\n<p>Crea tu propio recuerdo eligiendo el lugar y las palabras que tengan valor sentimental. A\u00f1ade un toque de magia incluyendo un elemento simb\u00f3lico que marque el lugar donde dijisteis &#8220;s\u00ed&#8221;. El proceso de personalizaci\u00f3n es sencillo, y te permite previsualizar tu dise\u00f1o en cada paso para asegurarte de que capta perfectamente la esencia de tu compromiso.<\/p>\n\n\n\n<h2>Elegancia en plata <\/h2>\n\n\n\n<p>Cada pieza, ya sea un c\u00edrculo cl\u00e1sico o un colgante con cadena de 45 cm, se somete a un preciso grabado con l\u00e1ser. Esto transforma tus preciados recuerdos de compromiso en una obra de arte ponible.<\/p>\n\n\n\n<h2>Empaquetado con amor &#8211; Una caja llena de recuerdos<\/h2>\n\n\n\n<p>Tu joya personalizada del mapa de compromiso encuentra su lugar en un joyero de exquisito dise\u00f1o. \u00c1brelo para descubrir una gu\u00eda de cuidados y un pa\u00f1o especial, para que tus joyas se mantengan tan radiantes como tu amor. Nos dedicamos a proporcionar una experiencia tan especial como vuestra historia de compromiso. Celebra el comienzo del para siempre con nuestras joyas personalizadas Mapa de compromiso: \u00a1una forma atemporal de llevar contigo la esencia de tu compromiso!  <\/p>","protected":false},"excerpt":{"rendered":"<ul class=\"check-list\">\n<li>Conmemora el hito con una joya Mapa de compromiso, un s\u00edmbolo duradero de amor que adornar\u00e1 para siempre vuestro viaje.<\/li>\n<li>Colgante de 20 mm fabricado en plata de ley de primera calidad, grabado con l\u00e1ser y acabado a mano<\/li>\n<li>Elige un texto sincero seg\u00fan la ocasi\u00f3n<\/li>\n<li>Personalizar en s\u00f3lo 2 minutos<\/li>\n<li>Ve el resultado de inmediato: la vista previa interactiva te permite perfeccionar cada detalle<\/li>\n<\/ul>\n","protected":false},"featured_media":1541444,"template":"","meta":[],"product_brand":[],"product_cat":[5277,9229,9264,106],"product_tag":[8440,15096,15097,15098,15099],"class_list":{"0":"post-1047197","1":"product","2":"type-product","3":"status-publish","4":"has-post-thumbnail","6":"product_cat-regalos-de-compromiso","7":"product_cat-esquema-mapa-joyeria","8":"product_cat-jewelry-es","9":"product_cat-todos-los-productos","10":"product_tag-compromiso","11":"product_tag-lancuszek-es","12":"product_tag-medalion-es","13":"product_tag-naszyjnik-es","14":"product_tag-wisiorek-es","16":"first","17":"instock","18":"sale","19":"taxable","20":"shipping-taxable","21":"purchasable","22":"product-type-variable"},"yoast_head":"<!-- This site is optimized with the Yoast SEO Premium plugin v27.2 (Yoast SEO v27.2) - https:\/\/yoast.com\/product\/yoast-seo-premium-wordpress\/ -->\n<title>Mapa de compromiso - Joyas personalizadas - Positive Prints<\/title>\n<meta name=\"description\" content=\"Joyas de mapa de compromiso personalizadas: una pieza especial dise\u00f1ada para conmemorar el inicio de vuestro viaje eterno.\" \/>\n<meta name=\"robots\" content=\"index, follow, max-snippet:-1, max-image-preview:large, max-video-preview:-1\" \/>\n<link rel=\"canonical\" href=\"https:\/\/positiveprints.com\/es\/producto\/mapa-compromiso-joyas\/\" \/>\n<meta property=\"og:locale\" content=\"es_ES\" \/>\n<meta property=\"og:type\" content=\"article\" \/>\n<meta property=\"og:title\" content=\"Mapa de compromiso - joyas personalizadas\" \/>\n<meta property=\"og:description\" content=\"Conmemora el hito con una joya Mapa de compromiso, un s\u00edmbolo duradero de amor que adornar\u00e1 para siempre vuestro viaje.  Colgante de 20 mm fabricado en plata de ley de primera calidad, grabado con l\u00e1ser y acabado a mano  Elige un texto sincero seg\u00fan la ocasi\u00f3n  Personalizar en s\u00f3lo 2 minutos   Ve el resultado de inmediato: la vista previa interactiva te permite perfeccionar cada detalle\" \/>\n<meta property=\"og:url\" content=\"https:\/\/positiveprints.com\/es\/producto\/mapa-compromiso-joyas\/\" \/>\n<meta property=\"og:site_name\" content=\"Positive Prints\" \/>\n<meta property=\"article:publisher\" content=\"https:\/\/www.facebook.com\/positiveprintscom\" \/>\n<meta property=\"article:modified_time\" content=\"2026-04-03T01:58:18+00:00\" \/>\n<meta property=\"og:image\" content=\"https:\/\/positiveprints.com\/wp-content\/uploads\/2025\/10\/MAIN_ES_Mapa-de-compromiso-joyas-personalizadas.webp\" \/>\n\t<meta property=\"og:image:width\" content=\"2500\" \/>\n\t<meta property=\"og:image:height\" content=\"2500\" \/>\n\t<meta property=\"og:image:type\" content=\"image\/webp\" \/>\n<meta name=\"twitter:card\" content=\"summary_large_image\" \/>\n<meta name=\"twitter:label1\" content=\"Tiempo de lectura\" \/>\n\t<meta name=\"twitter:data1\" content=\"2 minutos\" \/>\n<!-- \/ Yoast SEO Premium plugin. -->","yoast_head_json":{"title":"Mapa de compromiso - Joyas personalizadas - Positive Prints","description":"Joyas de mapa de compromiso personalizadas: una pieza especial dise\u00f1ada para conmemorar el inicio de vuestro viaje eterno.","robots":{"index":"index","follow":"follow","max-snippet":"max-snippet:-1","max-image-preview":"max-image-preview:large","max-video-preview":"max-video-preview:-1"},"canonical":"https:\/\/positiveprints.com\/es\/producto\/mapa-compromiso-joyas\/","og_locale":"es_ES","og_type":"article","og_title":"Mapa de compromiso - joyas personalizadas","og_description":"Conmemora el hito con una joya Mapa de compromiso, un s\u00edmbolo duradero de amor que adornar\u00e1 para siempre vuestro viaje.  Colgante de 20 mm fabricado en plata de ley de primera calidad, grabado con l\u00e1ser y acabado a mano  Elige un texto sincero seg\u00fan la ocasi\u00f3n  Personalizar en s\u00f3lo 2 minutos   Ve el resultado de inmediato: la vista previa interactiva te permite perfeccionar cada detalle","og_url":"https:\/\/positiveprints.com\/es\/producto\/mapa-compromiso-joyas\/","og_site_name":"Positive Prints","article_publisher":"https:\/\/www.facebook.com\/positiveprintscom","article_modified_time":"2026-04-03T01:58:18+00:00","og_image":[{"width":2500,"height":2500,"url":"https:\/\/positiveprints.com\/wp-content\/uploads\/2025\/10\/MAIN_ES_Mapa-de-compromiso-joyas-personalizadas.webp","type":"image\/webp"}],"twitter_card":"summary_large_image","twitter_misc":{"Tiempo de lectura":"2 minutos"},"schema":{"@context":"https:\/\/schema.org","@graph":[{"@type":["WebPage","ItemPage"],"@id":"https:\/\/positiveprints.com\/es\/producto\/mapa-compromiso-joyas\/","url":"https:\/\/positiveprints.com\/es\/producto\/mapa-compromiso-joyas\/","name":"Mapa de compromiso - Joyas personalizadas - Positive Prints","isPartOf":{"@id":"https:\/\/positiveprints.com\/es\/#website"},"primaryImageOfPage":{"@id":"https:\/\/positiveprints.com\/es\/producto\/mapa-compromiso-joyas\/#primaryimage"},"image":{"@id":"https:\/\/positiveprints.com\/es\/producto\/mapa-compromiso-joyas\/#primaryimage"},"thumbnailUrl":"https:\/\/positiveprints.com\/wp-content\/uploads\/2025\/10\/MAIN_ES_Mapa-de-compromiso-joyas-personalizadas.webp","datePublished":"2024-01-22T11:53:02+00:00","dateModified":"2026-04-03T01:58:18+00:00","description":"Joyas de mapa de compromiso personalizadas: una pieza especial dise\u00f1ada para conmemorar el inicio de vuestro viaje eterno.","breadcrumb":{"@id":"https:\/\/positiveprints.com\/es\/producto\/mapa-compromiso-joyas\/#breadcrumb"},"inLanguage":"es","potentialAction":[{"@type":"ReadAction","target":["https:\/\/positiveprints.com\/es\/producto\/mapa-compromiso-joyas\/"]}]},{"@type":"ImageObject","inLanguage":"es","@id":"https:\/\/positiveprints.com\/es\/producto\/mapa-compromiso-joyas\/#primaryimage","url":"https:\/\/positiveprints.com\/wp-content\/uploads\/2025\/10\/MAIN_ES_Mapa-de-compromiso-joyas-personalizadas.webp","contentUrl":"https:\/\/positiveprints.com\/wp-content\/uploads\/2025\/10\/MAIN_ES_Mapa-de-compromiso-joyas-personalizadas.webp","width":2500,"height":2500},{"@type":"BreadcrumbList","@id":"https:\/\/positiveprints.com\/es\/producto\/mapa-compromiso-joyas\/#breadcrumb","itemListElement":[{"@type":"ListItem","position":1,"name":"CASA","item":"https:\/\/positiveprints.com\/es\/"},{"@type":"ListItem","position":2,"name":"Productos","item":"https:\/\/positiveprints.com\/es\/shop\/"},{"@type":"ListItem","position":3,"name":"Mapa de compromiso &#8211; joyas personalizadas"}]},{"@type":"WebSite","@id":"https:\/\/positiveprints.com\/es\/#website","url":"https:\/\/positiveprints.com\/es\/","name":"Positive Prints","description":"Custom Gifts for Special Occasions","publisher":{"@id":"https:\/\/positiveprints.com\/es\/#organization"},"potentialAction":[{"@type":"SearchAction","target":{"@type":"EntryPoint","urlTemplate":"https:\/\/positiveprints.com\/es\/?s={search_term_string}"},"query-input":{"@type":"PropertyValueSpecification","valueRequired":true,"valueName":"search_term_string"}}],"inLanguage":"es"},{"@type":"Organization","@id":"https:\/\/positiveprints.com\/es\/#organization","name":"Positive Prints","alternateName":"Positive Prints","url":"https:\/\/positiveprints.com\/es\/","logo":{"@type":"ImageObject","inLanguage":"es","@id":"https:\/\/positiveprints.com\/es\/#\/schema\/logo\/image\/","url":"https:\/\/positiveprints.com\/wp-content\/uploads\/2026\/03\/245815646_1337939713319158_5671353136411139666_n.png","contentUrl":"https:\/\/positiveprints.com\/wp-content\/uploads\/2026\/03\/245815646_1337939713319158_5671353136411139666_n.png","width":800,"height":800,"caption":"Positive Prints"},"image":{"@id":"https:\/\/positiveprints.com\/es\/#\/schema\/logo\/image\/"},"sameAs":["https:\/\/www.facebook.com\/positiveprintscom","https:\/\/www.instagram.com\/positiveprintscom\/","https:\/\/www.tiktok.com\/@positiveprintscom","https:\/\/www.pinterest.com\/positiveprintscom\/"]}]}},"jetpack_sharing_enabled":true,"_links":{"self":[{"href":"https:\/\/positiveprints.com\/es\/wp-json\/wp\/v2\/product\/1047197","targetHints":{"allow":["GET"]}}],"collection":[{"href":"https:\/\/positiveprints.com\/es\/wp-json\/wp\/v2\/product"}],"about":[{"href":"https:\/\/positiveprints.com\/es\/wp-json\/wp\/v2\/types\/product"}],"wp:featuredmedia":[{"embeddable":true,"href":"https:\/\/positiveprints.com\/es\/wp-json\/wp\/v2\/media\/1541444"}],"wp:attachment":[{"href":"https:\/\/positiveprints.com\/es\/wp-json\/wp\/v2\/media?parent=1047197"}],"wp:term":[{"taxonomy":"product_brand","embeddable":true,"href":"https:\/\/positiveprints.com\/es\/wp-json\/wp\/v2\/product_brand?post=1047197"},{"taxonomy":"product_cat","embeddable":true,"href":"https:\/\/positiveprints.com\/es\/wp-json\/wp\/v2\/product_cat?post=1047197"},{"taxonomy":"product_tag","embeddable":true,"href":"https:\/\/positiveprints.com\/es\/wp-json\/wp\/v2\/product_tag?post=1047197"}],"curies":[{"name":"wp","href":"https:\/\/api.w.org\/{rel}","templated":true}]}}