{"id":1047146,"date":"2024-01-22T12:47:05","date_gmt":"2024-01-22T11:47:05","guid":{"rendered":"https:\/\/positiveprints.com\/?post_type=product&#038;p=1047146"},"modified":"2026-04-28T14:00:33","modified_gmt":"2026-04-28T13:00:33","slug":"donde-todo-comenzo-joyas","status":"publish","type":"product","link":"https:\/\/positiveprints.com\/es\/producto\/donde-todo-comenzo-joyas\/","title":{"rendered":"Donde todo comenz\u00f3 &#8211; joyas personalizadas"},"content":{"rendered":"<p>\u00bfAlguna vez has deseado captar la esencia del lugar Donde Todo Comenz\u00f3 de una forma especial y \u00fanica? Tu deseo se cumple con nuestra joya personalizada Donde empez\u00f3 todo, una pieza sentida que te permite llevar la magia de tu historia de origen dondequiera que vayas. No es s\u00f3lo una joya. Es un regalo significativo para revivir los comienzos o celebrar hitos importantes.<\/p>\n\n\n\n<h2>Crea una joya personalizada Donde Todo Comenz\u00f3<\/h2>\n\n\n\n<p>Crea un recuerdo personalizado eligiendo el lugar y las palabras que ocupan un lugar especial en tu coraz\u00f3n. \u00bfQuieres a\u00f1adir un toque simb\u00f3lico para marcar ese lugar tan significativo? Puedes hacerlo sin esfuerzo en tres sencillos pasos. Previsualiza tu dise\u00f1o en cada paso para asegurarte de que capta la esencia de donde empez\u00f3 todo.<\/p>\n\n\n\n<h2>Plata Elegance<\/h2>\n\n\n\n<p>Tanto si prefieres un colgante circular cl\u00e1sico como uno con cadena de 45 cm, cada pieza se somete a un meticuloso grabado l\u00e1ser, que transforma tus recuerdos m\u00e1s preciados en una obra maestra que puedes llevar puesta.<\/p>\n\n\n\n<h2>Empaquetado con amor &#8211; Una caja llena de recuerdos<\/h2>\n\n\n\n<p>Tu colgante personalizado encuentra su lugar en un joyero cuidadosamente dise\u00f1ado. Al abrirlo, descubrir\u00e1s una gu\u00eda de cuidados y un pa\u00f1o especial para mantener tus joyas relucientes. Nuestro compromiso es proporcionar una experiencia tan especial como vuestra historia de amor. Prep\u00e1rate para revivir la magia de donde todo empez\u00f3 con nuestras joyas personalizadas Donde Todo Comenz\u00f3: \u00a1una forma atemporal de llevar contigo la esencia de tu viaje!  <\/p>","protected":false},"excerpt":{"rendered":"<ul class=\"check-list\">\n<li>Personaliza tu collar Donde todo comenzo: lleva la historia, celebra el comienzo y cons\u00e9rvalo para siempre.<\/li>\n<li>Personaliza tu colgante con un grabado de ubicaci\u00f3n en un lado y texto personalizado en el otro<\/li>\n<li>Colgante de 20 mm fabricado en plata de ley de primera calidad, grabado con l\u00e1ser y acabado a mano<\/li>\n<li>Personalizar en s\u00f3lo 2 minutos<\/li>\n<li>Ve el resultado de inmediato: la vista previa interactiva te permite perfeccionar cada detalle<\/li>\n<\/ul>\n","protected":false},"featured_media":1544391,"template":"","meta":[],"product_brand":[],"product_cat":[9229,9264,7693,106],"product_tag":[9093,15096,15097,15098,15099],"class_list":{"0":"post-1047146","1":"product","2":"type-product","3":"status-publish","4":"has-post-thumbnail","6":"product_cat-esquema-mapa-joyeria","7":"product_cat-jewelry-es","8":"product_cat-regalos-para-mujeres","9":"product_cat-todos-los-productos","10":"product_tag-couples-es-2","11":"product_tag-lancuszek-es","12":"product_tag-medalion-es","13":"product_tag-naszyjnik-es","14":"product_tag-wisiorek-es","16":"first","17":"instock","18":"sale","19":"taxable","20":"shipping-taxable","21":"purchasable","22":"product-type-variable"},"yoast_head":"<!-- This site is optimized with the Yoast SEO Premium plugin v27.2 (Yoast SEO v27.2) - https:\/\/yoast.com\/product\/yoast-seo-premium-wordpress\/ -->\n<title>Donde todo comenz\u00f3 - joyas personalizadas - Positive Prints<\/title>\n<meta name=\"description\" content=\"Joyas personalizadas Donde Todo Comenz\u00f3: una pieza sentida que te permite llevar la magia de tu historia de origen dondequiera que vayas.\" \/>\n<meta name=\"robots\" content=\"index, follow, max-snippet:-1, max-image-preview:large, max-video-preview:-1\" \/>\n<link rel=\"canonical\" href=\"https:\/\/positiveprints.com\/es\/producto\/donde-todo-comenzo-joyas\/\" \/>\n<meta property=\"og:locale\" content=\"es_ES\" \/>\n<meta property=\"og:type\" content=\"article\" \/>\n<meta property=\"og:title\" content=\"Donde todo comenz\u00f3 - joyas personalizadas\" \/>\n<meta property=\"og:description\" content=\"Personaliza tu collar Donde todo comenzo: lleva la historia, celebra el comienzo y cons\u00e9rvalo para siempre.  Personaliza tu colgante con un grabado de ubicaci\u00f3n en un lado y texto personalizado en el otro   Colgante de 20 mm fabricado en plata de ley de primera calidad, grabado con l\u00e1ser y acabado a mano   Personalizar en s\u00f3lo 2 minutos   Ve el resultado de inmediato: la vista previa interactiva te permite perfeccionar cada detalle\" \/>\n<meta property=\"og:url\" content=\"https:\/\/positiveprints.com\/es\/producto\/donde-todo-comenzo-joyas\/\" \/>\n<meta property=\"og:site_name\" content=\"Positive Prints\" \/>\n<meta property=\"article:publisher\" content=\"https:\/\/www.facebook.com\/positiveprintscom\" \/>\n<meta property=\"article:modified_time\" content=\"2026-04-28T13:00:33+00:00\" \/>\n<meta property=\"og:image\" content=\"https:\/\/positiveprints.com\/wp-content\/uploads\/2025\/10\/Donde-todo-comenzo-joyas-personalizadas-1.webp\" \/>\n\t<meta property=\"og:image:width\" content=\"2280\" \/>\n\t<meta property=\"og:image:height\" content=\"2280\" \/>\n\t<meta property=\"og:image:type\" content=\"image\/webp\" \/>\n<meta name=\"twitter:card\" content=\"summary_large_image\" \/>\n<!-- \/ Yoast SEO Premium plugin. -->","yoast_head_json":{"title":"Donde todo comenz\u00f3 - joyas personalizadas - Positive Prints","description":"Joyas personalizadas Donde Todo Comenz\u00f3: una pieza sentida que te permite llevar la magia de tu historia de origen dondequiera que vayas.","robots":{"index":"index","follow":"follow","max-snippet":"max-snippet:-1","max-image-preview":"max-image-preview:large","max-video-preview":"max-video-preview:-1"},"canonical":"https:\/\/positiveprints.com\/es\/producto\/donde-todo-comenzo-joyas\/","og_locale":"es_ES","og_type":"article","og_title":"Donde todo comenz\u00f3 - joyas personalizadas","og_description":"Personaliza tu collar Donde todo comenzo: lleva la historia, celebra el comienzo y cons\u00e9rvalo para siempre.  Personaliza tu colgante con un grabado de ubicaci\u00f3n en un lado y texto personalizado en el otro   Colgante de 20 mm fabricado en plata de ley de primera calidad, grabado con l\u00e1ser y acabado a mano   Personalizar en s\u00f3lo 2 minutos   Ve el resultado de inmediato: la vista previa interactiva te permite perfeccionar cada detalle","og_url":"https:\/\/positiveprints.com\/es\/producto\/donde-todo-comenzo-joyas\/","og_site_name":"Positive Prints","article_publisher":"https:\/\/www.facebook.com\/positiveprintscom","article_modified_time":"2026-04-28T13:00:33+00:00","og_image":[{"width":2280,"height":2280,"url":"https:\/\/positiveprints.com\/wp-content\/uploads\/2025\/10\/Donde-todo-comenzo-joyas-personalizadas-1.webp","type":"image\/webp"}],"twitter_card":"summary_large_image","schema":{"@context":"https:\/\/schema.org","@graph":[{"@type":["WebPage","ItemPage"],"@id":"https:\/\/positiveprints.com\/es\/producto\/donde-todo-comenzo-joyas\/","url":"https:\/\/positiveprints.com\/es\/producto\/donde-todo-comenzo-joyas\/","name":"Donde todo comenz\u00f3 - joyas personalizadas - Positive Prints","isPartOf":{"@id":"https:\/\/positiveprints.com\/es\/#website"},"primaryImageOfPage":{"@id":"https:\/\/positiveprints.com\/es\/producto\/donde-todo-comenzo-joyas\/#primaryimage"},"image":{"@id":"https:\/\/positiveprints.com\/es\/producto\/donde-todo-comenzo-joyas\/#primaryimage"},"thumbnailUrl":"https:\/\/positiveprints.com\/wp-content\/uploads\/2025\/10\/Donde-todo-comenzo-joyas-personalizadas-1.webp","datePublished":"2024-01-22T11:47:05+00:00","dateModified":"2026-04-28T13:00:33+00:00","description":"Joyas personalizadas Donde Todo Comenz\u00f3: una pieza sentida que te permite llevar la magia de tu historia de origen dondequiera que vayas.","breadcrumb":{"@id":"https:\/\/positiveprints.com\/es\/producto\/donde-todo-comenzo-joyas\/#breadcrumb"},"inLanguage":"es","potentialAction":[{"@type":"ReadAction","target":["https:\/\/positiveprints.com\/es\/producto\/donde-todo-comenzo-joyas\/"]}]},{"@type":"ImageObject","inLanguage":"es","@id":"https:\/\/positiveprints.com\/es\/producto\/donde-todo-comenzo-joyas\/#primaryimage","url":"https:\/\/positiveprints.com\/wp-content\/uploads\/2025\/10\/Donde-todo-comenzo-joyas-personalizadas-1.webp","contentUrl":"https:\/\/positiveprints.com\/wp-content\/uploads\/2025\/10\/Donde-todo-comenzo-joyas-personalizadas-1.webp","width":2280,"height":2280},{"@type":"BreadcrumbList","@id":"https:\/\/positiveprints.com\/es\/producto\/donde-todo-comenzo-joyas\/#breadcrumb","itemListElement":[{"@type":"ListItem","position":1,"name":"CASA","item":"https:\/\/positiveprints.com\/es\/"},{"@type":"ListItem","position":2,"name":"Productos","item":"https:\/\/positiveprints.com\/es\/shop\/"},{"@type":"ListItem","position":3,"name":"Donde todo comenz\u00f3 &#8211; joyas personalizadas"}]},{"@type":"WebSite","@id":"https:\/\/positiveprints.com\/es\/#website","url":"https:\/\/positiveprints.com\/es\/","name":"Positive Prints","description":"Custom Gifts for Special Occasions","publisher":{"@id":"https:\/\/positiveprints.com\/es\/#organization"},"potentialAction":[{"@type":"SearchAction","target":{"@type":"EntryPoint","urlTemplate":"https:\/\/positiveprints.com\/es\/?s={search_term_string}"},"query-input":{"@type":"PropertyValueSpecification","valueRequired":true,"valueName":"search_term_string"}}],"inLanguage":"es"},{"@type":"Organization","@id":"https:\/\/positiveprints.com\/es\/#organization","name":"Positive Prints","alternateName":"Positive Prints ","url":"https:\/\/positiveprints.com\/es\/","logo":{"@type":"ImageObject","inLanguage":"es","@id":"https:\/\/positiveprints.com\/es\/#\/schema\/logo\/image\/","url":"https:\/\/positiveprints.com\/wp-content\/uploads\/2026\/03\/245815646_1337939713319158_5671353136411139666_n.png","contentUrl":"https:\/\/positiveprints.com\/wp-content\/uploads\/2026\/03\/245815646_1337939713319158_5671353136411139666_n.png","width":800,"height":800,"caption":"Positive Prints"},"image":{"@id":"https:\/\/positiveprints.com\/es\/#\/schema\/logo\/image\/"},"sameAs":["https:\/\/www.facebook.com\/positiveprintscom","https:\/\/www.instagram.com\/positiveprintscom\/","https:\/\/www.tiktok.com\/@positiveprintscom","https:\/\/www.pinterest.com\/positiveprintscom\/"]}]}},"jetpack_sharing_enabled":true,"_links":{"self":[{"href":"https:\/\/positiveprints.com\/es\/wp-json\/wp\/v2\/product\/1047146","targetHints":{"allow":["GET"]}}],"collection":[{"href":"https:\/\/positiveprints.com\/es\/wp-json\/wp\/v2\/product"}],"about":[{"href":"https:\/\/positiveprints.com\/es\/wp-json\/wp\/v2\/types\/product"}],"wp:featuredmedia":[{"embeddable":true,"href":"https:\/\/positiveprints.com\/es\/wp-json\/wp\/v2\/media\/1544391"}],"wp:attachment":[{"href":"https:\/\/positiveprints.com\/es\/wp-json\/wp\/v2\/media?parent=1047146"}],"wp:term":[{"taxonomy":"product_brand","embeddable":true,"href":"https:\/\/positiveprints.com\/es\/wp-json\/wp\/v2\/product_brand?post=1047146"},{"taxonomy":"product_cat","embeddable":true,"href":"https:\/\/positiveprints.com\/es\/wp-json\/wp\/v2\/product_cat?post=1047146"},{"taxonomy":"product_tag","embeddable":true,"href":"https:\/\/positiveprints.com\/es\/wp-json\/wp\/v2\/product_tag?post=1047146"}],"curies":[{"name":"wp","href":"https:\/\/api.w.org\/{rel}","templated":true}]}}