{"id":1047108,"date":"2024-01-22T12:27:05","date_gmt":"2024-01-22T11:27:05","guid":{"rendered":"https:\/\/positiveprints.com\/?post_type=product&#038;p=1047108"},"modified":"2026-04-23T11:10:28","modified_gmt":"2026-04-23T10:10:28","slug":"donde-nos-encontramos-joyas","status":"publish","type":"product","link":"https:\/\/positiveprints.com\/es\/producto\/donde-nos-encontramos-joyas\/","title":{"rendered":"D\u00f3nde nos encontramos &#8211; joyas personalizadas"},"content":{"rendered":"<p>\u00bfTe has preguntado alguna vez c\u00f3mo podr\u00edas convertir el lugar donde os conocisteis en un regalo especial y \u00fanico? Pues bien, \u00a1nuestras joyas personalizadas D\u00f3nde nos conocimos son la respuesta! Es como magia que puedes llevar puesta: un collar chulo que siempre te recuerda vuestra conexi\u00f3n especial. Perfecto para regalar en el lugar donde nos conocimos o para celebrar aniversarios.<\/p>\n\n\n\n<h2>Crea un regalo personalizado de joyer\u00eda D\u00f3nde nos conocimos<\/h2>\n\n\n\n<p>Esta es la parte divertida: puedes elegir el lugar y las palabras que quieres en tu collar. \u00bfQuieres a\u00f1adir un peque\u00f1o s\u00edmbolo para marcar ese lugar especial? \u00a1T\u00fa tambi\u00e9n puedes hacerlo! Es superf\u00e1cil, y puedes ver c\u00f3mo quedar\u00e1 en cada paso.<\/p>\n\n\n\n<h2>Un regalo en plata<\/h2>\n\n\n\n<p>Cada colgante, ya sea circular o con una cadena de 45 cm, recibe un tratamiento especial con grabado l\u00e1ser. \u00a1Esto convierte el cielo nocturno en algo que puedes llevar puesto! \u00bfY adivina qu\u00e9? La peque\u00f1a marca en el colgante y la cadena significa que es aut\u00e9ntico y est\u00e1 hecho con gran calidad.<\/p>\n\n\n\n<h2>Empaquetado con cuidado &#8211; Una caja de regalo llena de amor<\/h2>\n\n\n\n<p>Pero eso no es todo. Empaquetamos tu colgante especial en un bonito joyero. \u00c1brelo y encontrar\u00e1s una gu\u00eda de cuidados y un pa\u00f1o especial para mantenerlo limpio. Queremos que vuestra experiencia sea tan incre\u00edble como vuestra historia de amor. As\u00ed que prep\u00e1rate para hacer que tu viaje sea a\u00fan m\u00e1s especial con nuestras joyas personalizadas Donde nos encontramos: \u00a1una forma m\u00e1gica de llevar tus recuerdos contigo! <\/p>","protected":false},"excerpt":{"rendered":"<ul class=\"check-list\">\n<li>Abraza la magia de vuestro viaje con un collar personalizado Donde nos encontramos: ll\u00e9valo cerca, un recordatorio constante de la conexi\u00f3n \u00fanica que compart\u00eds<\/li>\n<li>Personaliza tu colgante con un grabado de ubicaci\u00f3n en un lado y texto personalizado en el otro<\/li>\n<li>Colgante de 20 mm fabricado en plata de ley de primera calidad, grabado con l\u00e1ser y acabado a mano<\/li>\n<li>Personalizar en s\u00f3lo 2 minutos<\/li>\n<li>Ve el resultado de inmediato: la vista previa interactiva te permite perfeccionar cada detalle<\/li>\n<\/ul>\n","protected":false},"featured_media":1539138,"template":"","meta":[],"product_brand":[],"product_cat":[8189,9264,12257,9229,106,5334,11188,7693,7789,7757,3119,11249],"product_tag":[14923,15096,15097,15098,15099],"class_list":{"0":"post-1047108","1":"product","2":"type-product","3":"status-publish","4":"has-post-thumbnail","6":"product_cat-para-ella","7":"product_cat-jewelry-es","8":"product_cat-jewelry-basic-es","9":"product_cat-esquema-mapa-joyeria","10":"product_cat-todos-los-productos","11":"product_cat-regalos-de-aniversario","12":"product_cat-regalos-de-aniversario-para-ella","13":"product_cat-regalos-para-mujeres","14":"product_cat-regalos-para-mi-novia","15":"product_cat-regalos-para-mi-esposa","16":"product_cat-regalos-de-san-valentin","17":"product_cat-regalos-de-san-valentin-mujeres","18":"product_tag-anniversary-es","19":"product_tag-lancuszek-es","20":"product_tag-medalion-es","21":"product_tag-naszyjnik-es","22":"product_tag-wisiorek-es","24":"first","25":"instock","26":"sale","27":"taxable","28":"shipping-taxable","29":"purchasable","30":"product-type-variable"},"yoast_head":"<!-- This site is optimized with the Yoast SEO Premium plugin v27.2 (Yoast SEO v27.2) - https:\/\/yoast.com\/product\/yoast-seo-premium-wordpress\/ -->\n<title>D\u00f3nde nos encontramos - joyas personalizadas - Positive Prints<\/title>\n<meta name=\"description\" content=\"\u00bfTe has preguntado alguna vez c\u00f3mo podr\u00edas convertir el lugar donde os conocisteis en un regalo especial y \u00fanico? \u00a1Pues nuestra joya personalizada D\u00f3nde nos encontramos es la respuesta!\" \/>\n<meta name=\"robots\" content=\"index, follow, max-snippet:-1, max-image-preview:large, max-video-preview:-1\" \/>\n<link rel=\"canonical\" href=\"https:\/\/positiveprints.com\/es\/producto\/donde-nos-encontramos-joyas\/\" \/>\n<meta property=\"og:locale\" content=\"es_ES\" \/>\n<meta property=\"og:type\" content=\"article\" \/>\n<meta property=\"og:title\" content=\"D\u00f3nde nos encontramos - joyas personalizadas\" \/>\n<meta property=\"og:description\" content=\"Abraza la magia de vuestro viaje con un collar personalizado Donde nos encontramos: ll\u00e9valo cerca, un recordatorio constante de la conexi\u00f3n \u00fanica que compart\u00eds  Personaliza tu colgante con un grabado de ubicaci\u00f3n en un lado y texto personalizado en el otro   Colgante de 20 mm fabricado en plata de ley de primera calidad, grabado con l\u00e1ser y acabado a mano   Personalizar en s\u00f3lo 2 minutos   Ve el resultado de inmediato: la vista previa interactiva te permite perfeccionar cada detalle\" \/>\n<meta property=\"og:url\" content=\"https:\/\/positiveprints.com\/es\/producto\/donde-nos-encontramos-joyas\/\" \/>\n<meta property=\"og:site_name\" content=\"Positive Prints\" \/>\n<meta property=\"article:publisher\" content=\"https:\/\/www.facebook.com\/positiveprintscom\" \/>\n<meta property=\"article:modified_time\" content=\"2026-04-23T10:10:28+00:00\" \/>\n<meta property=\"og:image\" content=\"https:\/\/positiveprints.com\/wp-content\/uploads\/2025\/10\/PACKSHOT-Do\u0301nde-nos-encontramos-joyas-personalizadas.webp\" \/>\n\t<meta property=\"og:image:width\" content=\"1450\" \/>\n\t<meta property=\"og:image:height\" content=\"1450\" \/>\n\t<meta property=\"og:image:type\" content=\"image\/webp\" \/>\n<meta name=\"twitter:card\" content=\"summary_large_image\" \/>\n<meta name=\"twitter:label1\" content=\"Tiempo de lectura\" \/>\n\t<meta name=\"twitter:data1\" content=\"2 minutos\" \/>\n<!-- \/ Yoast SEO Premium plugin. -->","yoast_head_json":{"title":"D\u00f3nde nos encontramos - joyas personalizadas - Positive Prints","description":"\u00bfTe has preguntado alguna vez c\u00f3mo podr\u00edas convertir el lugar donde os conocisteis en un regalo especial y \u00fanico? \u00a1Pues nuestra joya personalizada D\u00f3nde nos encontramos es la respuesta!","robots":{"index":"index","follow":"follow","max-snippet":"max-snippet:-1","max-image-preview":"max-image-preview:large","max-video-preview":"max-video-preview:-1"},"canonical":"https:\/\/positiveprints.com\/es\/producto\/donde-nos-encontramos-joyas\/","og_locale":"es_ES","og_type":"article","og_title":"D\u00f3nde nos encontramos - joyas personalizadas","og_description":"Abraza la magia de vuestro viaje con un collar personalizado Donde nos encontramos: ll\u00e9valo cerca, un recordatorio constante de la conexi\u00f3n \u00fanica que compart\u00eds  Personaliza tu colgante con un grabado de ubicaci\u00f3n en un lado y texto personalizado en el otro   Colgante de 20 mm fabricado en plata de ley de primera calidad, grabado con l\u00e1ser y acabado a mano   Personalizar en s\u00f3lo 2 minutos   Ve el resultado de inmediato: la vista previa interactiva te permite perfeccionar cada detalle","og_url":"https:\/\/positiveprints.com\/es\/producto\/donde-nos-encontramos-joyas\/","og_site_name":"Positive Prints","article_publisher":"https:\/\/www.facebook.com\/positiveprintscom","article_modified_time":"2026-04-23T10:10:28+00:00","og_image":[{"width":1450,"height":1450,"url":"https:\/\/positiveprints.com\/wp-content\/uploads\/2025\/10\/PACKSHOT-Do\u0301nde-nos-encontramos-joyas-personalizadas.webp","type":"image\/webp"}],"twitter_card":"summary_large_image","twitter_misc":{"Tiempo de lectura":"2 minutos"},"schema":{"@context":"https:\/\/schema.org","@graph":[{"@type":["WebPage","ItemPage"],"@id":"https:\/\/positiveprints.com\/es\/producto\/donde-nos-encontramos-joyas\/","url":"https:\/\/positiveprints.com\/es\/producto\/donde-nos-encontramos-joyas\/","name":"D\u00f3nde nos encontramos - joyas personalizadas - Positive Prints","isPartOf":{"@id":"https:\/\/positiveprints.com\/es\/#website"},"primaryImageOfPage":{"@id":"https:\/\/positiveprints.com\/es\/producto\/donde-nos-encontramos-joyas\/#primaryimage"},"image":{"@id":"https:\/\/positiveprints.com\/es\/producto\/donde-nos-encontramos-joyas\/#primaryimage"},"thumbnailUrl":"https:\/\/positiveprints.com\/wp-content\/uploads\/2025\/10\/PACKSHOT-Do\u0301nde-nos-encontramos-joyas-personalizadas.webp","datePublished":"2024-01-22T11:27:05+00:00","dateModified":"2026-04-23T10:10:28+00:00","description":"\u00bfTe has preguntado alguna vez c\u00f3mo podr\u00edas convertir el lugar donde os conocisteis en un regalo especial y \u00fanico? \u00a1Pues nuestra joya personalizada D\u00f3nde nos encontramos es la respuesta!","breadcrumb":{"@id":"https:\/\/positiveprints.com\/es\/producto\/donde-nos-encontramos-joyas\/#breadcrumb"},"inLanguage":"es","potentialAction":[{"@type":"ReadAction","target":["https:\/\/positiveprints.com\/es\/producto\/donde-nos-encontramos-joyas\/"]}]},{"@type":"ImageObject","inLanguage":"es","@id":"https:\/\/positiveprints.com\/es\/producto\/donde-nos-encontramos-joyas\/#primaryimage","url":"https:\/\/positiveprints.com\/wp-content\/uploads\/2025\/10\/PACKSHOT-Do\u0301nde-nos-encontramos-joyas-personalizadas.webp","contentUrl":"https:\/\/positiveprints.com\/wp-content\/uploads\/2025\/10\/PACKSHOT-Do\u0301nde-nos-encontramos-joyas-personalizadas.webp","width":1450,"height":1450},{"@type":"BreadcrumbList","@id":"https:\/\/positiveprints.com\/es\/producto\/donde-nos-encontramos-joyas\/#breadcrumb","itemListElement":[{"@type":"ListItem","position":1,"name":"CASA","item":"https:\/\/positiveprints.com\/es\/"},{"@type":"ListItem","position":2,"name":"Productos","item":"https:\/\/positiveprints.com\/es\/shop\/"},{"@type":"ListItem","position":3,"name":"D\u00f3nde nos encontramos &#8211; joyas personalizadas"}]},{"@type":"WebSite","@id":"https:\/\/positiveprints.com\/es\/#website","url":"https:\/\/positiveprints.com\/es\/","name":"Positive Prints","description":"Custom Gifts for Special Occasions","publisher":{"@id":"https:\/\/positiveprints.com\/es\/#organization"},"potentialAction":[{"@type":"SearchAction","target":{"@type":"EntryPoint","urlTemplate":"https:\/\/positiveprints.com\/es\/?s={search_term_string}"},"query-input":{"@type":"PropertyValueSpecification","valueRequired":true,"valueName":"search_term_string"}}],"inLanguage":"es"},{"@type":"Organization","@id":"https:\/\/positiveprints.com\/es\/#organization","name":"Positive Prints","alternateName":"Positive Prints ","url":"https:\/\/positiveprints.com\/es\/","logo":{"@type":"ImageObject","inLanguage":"es","@id":"https:\/\/positiveprints.com\/es\/#\/schema\/logo\/image\/","url":"https:\/\/positiveprints.com\/wp-content\/uploads\/2026\/03\/245815646_1337939713319158_5671353136411139666_n.png","contentUrl":"https:\/\/positiveprints.com\/wp-content\/uploads\/2026\/03\/245815646_1337939713319158_5671353136411139666_n.png","width":800,"height":800,"caption":"Positive Prints"},"image":{"@id":"https:\/\/positiveprints.com\/es\/#\/schema\/logo\/image\/"},"sameAs":["https:\/\/www.facebook.com\/positiveprintscom","https:\/\/www.instagram.com\/positiveprintscom\/","https:\/\/www.tiktok.com\/@positiveprintscom","https:\/\/www.pinterest.com\/positiveprintscom\/"]}]}},"jetpack_sharing_enabled":true,"_links":{"self":[{"href":"https:\/\/positiveprints.com\/es\/wp-json\/wp\/v2\/product\/1047108","targetHints":{"allow":["GET"]}}],"collection":[{"href":"https:\/\/positiveprints.com\/es\/wp-json\/wp\/v2\/product"}],"about":[{"href":"https:\/\/positiveprints.com\/es\/wp-json\/wp\/v2\/types\/product"}],"wp:featuredmedia":[{"embeddable":true,"href":"https:\/\/positiveprints.com\/es\/wp-json\/wp\/v2\/media\/1539138"}],"wp:attachment":[{"href":"https:\/\/positiveprints.com\/es\/wp-json\/wp\/v2\/media?parent=1047108"}],"wp:term":[{"taxonomy":"product_brand","embeddable":true,"href":"https:\/\/positiveprints.com\/es\/wp-json\/wp\/v2\/product_brand?post=1047108"},{"taxonomy":"product_cat","embeddable":true,"href":"https:\/\/positiveprints.com\/es\/wp-json\/wp\/v2\/product_cat?post=1047108"},{"taxonomy":"product_tag","embeddable":true,"href":"https:\/\/positiveprints.com\/es\/wp-json\/wp\/v2\/product_tag?post=1047108"}],"curies":[{"name":"wp","href":"https:\/\/api.w.org\/{rel}","templated":true}]}}