{"id":1047090,"date":"2024-01-22T12:02:46","date_gmt":"2024-01-22T11:02:46","guid":{"rendered":"https:\/\/positiveprints.com\/?post_type=product&#038;p=1047090"},"modified":"2026-04-03T02:58:57","modified_gmt":"2026-04-03T01:58:57","slug":"el-dia-que-te-convertiste-en-mi-madre-joyas","status":"publish","type":"product","link":"https:\/\/positiveprints.com\/es\/producto\/el-dia-que-te-convertiste-en-mi-madre-joyas\/","title":{"rendered":"El d\u00eda que te convertiste en mi madre &#8211; joyas personalizadas"},"content":{"rendered":"<p>Celebra el extraordinario v\u00ednculo entre tu madre y t\u00fa con nuestra joya personalizada &#8220;El d\u00eda en el que te convertiste en mi madre&#8221;, un <a href=\"https:\/\/positiveprints.com\/es\/regalos-para-mama\/\">regalo<\/a> sincero <a href=\"https:\/\/positiveprints.com\/es\/regalos-para-mama\/\">para mam\u00e1<\/a> que captura el momento en que vuestras vidas se entrelazaron para siempre.<\/p>\n\n\n\n<h2>Un preciado regalo para tu madre<\/h2>\n\n\n\n<p>Expresa tu profundo amor y gratitud a la mujer que significa el mundo para ti con esta joya significativa y personalizada. Nuestra joya personalizada &#8220;El d\u00eda en el que te convertiste en mi madre&#8221; es un bonito recuerdo del d\u00eda en que fuiste bendecida con la madre m\u00e1s especial.<\/p>\n\n\n\n<p>Haz que este regalo del D\u00eda de la Madre sea realmente \u00fanico seleccionando la fecha significativa en la que te convertiste oficialmente en su hijo. Nuestra tecnolog\u00eda de vanguardia crear\u00e1 una representaci\u00f3n visual del cielo nocturno de ese d\u00eda inolvidable, creando una pieza \u00fanica y sentimental que ella apreciar\u00e1 para siempre.<\/p>\n\n\n\n<h2>Por delante y por detr\u00e1s, la historia de amor de una madre<\/h2>\n\n\n\n<p>En la parte frontal del colgante, marav\u00edllate con el despliegue celestial del d\u00eda en que te convertiste en su hijo. La parte posterior est\u00e1 reservada para un toque personal: a\u00f1ade la fecha y un mensaje sincero como &#8220;El d\u00eda en el que te convertiste en mi madre&#8221; o &#8220;Agradecida para siempre&#8221;.<\/p>\n\n\n\n<p>Cada colgante, disponible en un dise\u00f1o circular o con una cadena de 45 cm, se somete a un meticuloso grabado con l\u00e1ser, convirtiendo el cielo nocturno en una obra de arte ponible. Un discreto sello tanto en el colgante como en la cadena indica nuestro compromiso con la calidad.<\/p>\n\n\n\n<h2>Un s\u00edmbolo intemporal del amor maternal<\/h2>\n\n\n\n<p>Presenta tus joyas personalizadas en una elegante caja, con una gu\u00eda de cuidados y un pa\u00f1o especial para limpiarlas. Esta cuidada presentaci\u00f3n refleja nuestro compromiso de proporcionar una experiencia memorable tan radiante como el amor de tu madre.<\/p>\n\n\n\n<p>Esta joya personalizada es un s\u00edmbolo intemporal del v\u00ednculo \u00fanico que compartes con tu madre. No pierdas la oportunidad de crear un <a href=\"https:\/\/positiveprints.com\/es\/dia-de-las-madres\/\">regalo para el D\u00eda de la Madre<\/a> que ser\u00e1 atesorado toda la vida: encarga ahora tu &#8220;El d\u00eda en el que te convertiste en mi madre &#8211; joyas personalizadas&#8221; y regala un trozo de las estrellas a la extraordinaria mujer que dio forma a tu mundo.<\/p>","protected":false},"excerpt":{"rendered":"<ul class=\"check-list\">\n<li>Rinde homenaje al v\u00ednculo entre tu madre y t\u00fa con el collar \u201cEl d\u00eda en el que te convertiste en mi madre\u201d<\/li>\n<li>Colgante de 20 mm fabricado en plata de ley de primera calidad, grabado con l\u00e1ser y acabado a mano<\/li>\n<li>Elige el texto que quieras seg\u00fan la ocasi\u00f3n<\/li>\n<li>Personal\u00edzalo en tan solo 2 minutos<\/li>\n<li>Previsualiza el resultado en segundos: la vista previa interactiva te permite ajustar cada detalle<\/li>\n<\/ul>\n","protected":false},"featured_media":1542942,"template":"","meta":[],"product_brand":[],"product_cat":[7279,9264,9220,5270,11459,7709,3117,106,9766],"product_tag":[15096,11035,11036,10959,11034,11037,15097,11038,8408,15098,11822,15099],"class_list":{"0":"post-1047090","1":"product","2":"type-product","3":"status-publish","4":"has-post-thumbnail","6":"product_cat-regalos-del-dia-de-las-madres","7":"product_cat-jewelry-es","8":"product_cat-joyas-mapa-estelar","9":"product_cat-regalos-de-navidad","10":"product_cat-regalos-de-navidad-para-mama","11":"product_cat-regalos-para-mama","12":"product_cat-star-es-2","13":"product_cat-todos-los-productos","14":"product_cat-trending-label-es","15":"product_tag-lancuszek-es","16":"product_tag-mam-es","17":"product_tag-mama-es-3","18":"product_tag-mama-es","19":"product_tag-mama-es-2","20":"product_tag-mami","21":"product_tag-medalion-es","22":"product_tag-momia","23":"product_tag-mother-es","24":"product_tag-naszyjnik-es","25":"product_tag-regalos-de-navidad-para-mama","26":"product_tag-wisiorek-es","28":"first","29":"instock","30":"sale","31":"taxable","32":"shipping-taxable","33":"purchasable","34":"product-type-variable"},"yoast_head":"<!-- This site is optimized with the Yoast SEO Premium plugin v27.2 (Yoast SEO v27.2) - https:\/\/yoast.com\/product\/yoast-seo-premium-wordpress\/ -->\n<title>El d\u00eda que te convertiste en mi madre - joyas - Positive Prints<\/title>\n<meta name=\"description\" content=\"Celebra el especial y bonito v\u00ednculo que existe entre tu madre y t\u00fa con nuestra joya personalizada \u201cEl d\u00eda en el que te convertiste en mi madre\u201d, un regalo desde todo tu coraz\u00f3n para mam\u00e1.\" \/>\n<meta name=\"robots\" content=\"index, follow, max-snippet:-1, max-image-preview:large, max-video-preview:-1\" \/>\n<link rel=\"canonical\" href=\"https:\/\/positiveprints.com\/es\/producto\/el-dia-que-te-convertiste-en-mi-madre-joyas\/\" \/>\n<meta property=\"og:locale\" content=\"es_ES\" \/>\n<meta property=\"og:type\" content=\"article\" \/>\n<meta property=\"og:title\" content=\"El d\u00eda que te convertiste en mi madre - joyas personalizadas\" \/>\n<meta property=\"og:description\" content=\"Rinde homenaje al v\u00ednculo entre tu madre y t\u00fa con el collar \u201cEl d\u00eda en el que te convertiste en mi madre\u201d Colgante de 20 mm fabricado en plata de ley de primera calidad, grabado con l\u00e1ser y acabado a mano Elige el texto que quieras seg\u00fan la ocasi\u00f3n Personal\u00edzalo en tan solo 2 minutos Previsualiza el resultado en segundos: la vista previa interactiva te permite ajustar cada detalle\" \/>\n<meta property=\"og:url\" content=\"https:\/\/positiveprints.com\/es\/producto\/el-dia-que-te-convertiste-en-mi-madre-joyas\/\" \/>\n<meta property=\"og:site_name\" content=\"Positive Prints\" \/>\n<meta property=\"article:publisher\" content=\"https:\/\/www.facebook.com\/positiveprintscom\" \/>\n<meta property=\"article:modified_time\" content=\"2026-04-03T01:58:57+00:00\" \/>\n<meta property=\"og:image\" content=\"https:\/\/positiveprints.com\/wp-content\/uploads\/2025\/10\/PACKSHOT_ES_El-di\u0301a-que-te-convertiste-en-mi-madre-joyas-personalizadas.webp\" \/>\n\t<meta property=\"og:image:width\" content=\"2280\" \/>\n\t<meta property=\"og:image:height\" content=\"2280\" \/>\n\t<meta property=\"og:image:type\" content=\"image\/webp\" \/>\n<meta name=\"twitter:card\" content=\"summary_large_image\" \/>\n<meta name=\"twitter:label1\" content=\"Tiempo de lectura\" \/>\n\t<meta name=\"twitter:data1\" content=\"2 minutos\" \/>\n<!-- \/ Yoast SEO Premium plugin. -->","yoast_head_json":{"title":"El d\u00eda que te convertiste en mi madre - joyas - Positive Prints","description":"Celebra el especial y bonito v\u00ednculo que existe entre tu madre y t\u00fa con nuestra joya personalizada \u201cEl d\u00eda en el que te convertiste en mi madre\u201d, un regalo desde todo tu coraz\u00f3n para mam\u00e1.","robots":{"index":"index","follow":"follow","max-snippet":"max-snippet:-1","max-image-preview":"max-image-preview:large","max-video-preview":"max-video-preview:-1"},"canonical":"https:\/\/positiveprints.com\/es\/producto\/el-dia-que-te-convertiste-en-mi-madre-joyas\/","og_locale":"es_ES","og_type":"article","og_title":"El d\u00eda que te convertiste en mi madre - joyas personalizadas","og_description":"Rinde homenaje al v\u00ednculo entre tu madre y t\u00fa con el collar \u201cEl d\u00eda en el que te convertiste en mi madre\u201d Colgante de 20 mm fabricado en plata de ley de primera calidad, grabado con l\u00e1ser y acabado a mano Elige el texto que quieras seg\u00fan la ocasi\u00f3n Personal\u00edzalo en tan solo 2 minutos Previsualiza el resultado en segundos: la vista previa interactiva te permite ajustar cada detalle","og_url":"https:\/\/positiveprints.com\/es\/producto\/el-dia-que-te-convertiste-en-mi-madre-joyas\/","og_site_name":"Positive Prints","article_publisher":"https:\/\/www.facebook.com\/positiveprintscom","article_modified_time":"2026-04-03T01:58:57+00:00","og_image":[{"width":2280,"height":2280,"url":"https:\/\/positiveprints.com\/wp-content\/uploads\/2025\/10\/PACKSHOT_ES_El-di\u0301a-que-te-convertiste-en-mi-madre-joyas-personalizadas.webp","type":"image\/webp"}],"twitter_card":"summary_large_image","twitter_misc":{"Tiempo de lectura":"2 minutos"},"schema":{"@context":"https:\/\/schema.org","@graph":[{"@type":["WebPage","ItemPage"],"@id":"https:\/\/positiveprints.com\/es\/producto\/el-dia-que-te-convertiste-en-mi-madre-joyas\/","url":"https:\/\/positiveprints.com\/es\/producto\/el-dia-que-te-convertiste-en-mi-madre-joyas\/","name":"El d\u00eda que te convertiste en mi madre - joyas - Positive Prints","isPartOf":{"@id":"https:\/\/positiveprints.com\/es\/#website"},"primaryImageOfPage":{"@id":"https:\/\/positiveprints.com\/es\/producto\/el-dia-que-te-convertiste-en-mi-madre-joyas\/#primaryimage"},"image":{"@id":"https:\/\/positiveprints.com\/es\/producto\/el-dia-que-te-convertiste-en-mi-madre-joyas\/#primaryimage"},"thumbnailUrl":"https:\/\/positiveprints.com\/wp-content\/uploads\/2025\/10\/PACKSHOT_ES_El-di\u0301a-que-te-convertiste-en-mi-madre-joyas-personalizadas.webp","datePublished":"2024-01-22T11:02:46+00:00","dateModified":"2026-04-03T01:58:57+00:00","description":"Celebra el especial y bonito v\u00ednculo que existe entre tu madre y t\u00fa con nuestra joya personalizada \u201cEl d\u00eda en el que te convertiste en mi madre\u201d, un regalo desde todo tu coraz\u00f3n para mam\u00e1.","breadcrumb":{"@id":"https:\/\/positiveprints.com\/es\/producto\/el-dia-que-te-convertiste-en-mi-madre-joyas\/#breadcrumb"},"inLanguage":"es","potentialAction":[{"@type":"ReadAction","target":["https:\/\/positiveprints.com\/es\/producto\/el-dia-que-te-convertiste-en-mi-madre-joyas\/"]}]},{"@type":"ImageObject","inLanguage":"es","@id":"https:\/\/positiveprints.com\/es\/producto\/el-dia-que-te-convertiste-en-mi-madre-joyas\/#primaryimage","url":"https:\/\/positiveprints.com\/wp-content\/uploads\/2025\/10\/PACKSHOT_ES_El-di\u0301a-que-te-convertiste-en-mi-madre-joyas-personalizadas.webp","contentUrl":"https:\/\/positiveprints.com\/wp-content\/uploads\/2025\/10\/PACKSHOT_ES_El-di\u0301a-que-te-convertiste-en-mi-madre-joyas-personalizadas.webp","width":2280,"height":2280,"caption":"PACKSHOT_ES_El di\u0301a que te convertiste en mi madre - joyas personalizadas"},{"@type":"BreadcrumbList","@id":"https:\/\/positiveprints.com\/es\/producto\/el-dia-que-te-convertiste-en-mi-madre-joyas\/#breadcrumb","itemListElement":[{"@type":"ListItem","position":1,"name":"CASA","item":"https:\/\/positiveprints.com\/es\/"},{"@type":"ListItem","position":2,"name":"Productos","item":"https:\/\/positiveprints.com\/es\/shop\/"},{"@type":"ListItem","position":3,"name":"El d\u00eda que te convertiste en mi madre &#8211; joyas personalizadas"}]},{"@type":"WebSite","@id":"https:\/\/positiveprints.com\/es\/#website","url":"https:\/\/positiveprints.com\/es\/","name":"Positive Prints","description":"Custom Gifts for Special Occasions","publisher":{"@id":"https:\/\/positiveprints.com\/es\/#organization"},"potentialAction":[{"@type":"SearchAction","target":{"@type":"EntryPoint","urlTemplate":"https:\/\/positiveprints.com\/es\/?s={search_term_string}"},"query-input":{"@type":"PropertyValueSpecification","valueRequired":true,"valueName":"search_term_string"}}],"inLanguage":"es"},{"@type":"Organization","@id":"https:\/\/positiveprints.com\/es\/#organization","name":"Positive Prints","alternateName":"Positive Prints","url":"https:\/\/positiveprints.com\/es\/","logo":{"@type":"ImageObject","inLanguage":"es","@id":"https:\/\/positiveprints.com\/es\/#\/schema\/logo\/image\/","url":"https:\/\/positiveprints.com\/wp-content\/uploads\/2026\/03\/245815646_1337939713319158_5671353136411139666_n.png","contentUrl":"https:\/\/positiveprints.com\/wp-content\/uploads\/2026\/03\/245815646_1337939713319158_5671353136411139666_n.png","width":800,"height":800,"caption":"Positive Prints"},"image":{"@id":"https:\/\/positiveprints.com\/es\/#\/schema\/logo\/image\/"},"sameAs":["https:\/\/www.facebook.com\/positiveprintscom","https:\/\/www.instagram.com\/positiveprintscom\/","https:\/\/www.tiktok.com\/@positiveprintscom","https:\/\/www.pinterest.com\/positiveprintscom\/"]}]}},"jetpack_sharing_enabled":true,"_links":{"self":[{"href":"https:\/\/positiveprints.com\/es\/wp-json\/wp\/v2\/product\/1047090","targetHints":{"allow":["GET"]}}],"collection":[{"href":"https:\/\/positiveprints.com\/es\/wp-json\/wp\/v2\/product"}],"about":[{"href":"https:\/\/positiveprints.com\/es\/wp-json\/wp\/v2\/types\/product"}],"wp:featuredmedia":[{"embeddable":true,"href":"https:\/\/positiveprints.com\/es\/wp-json\/wp\/v2\/media\/1542942"}],"wp:attachment":[{"href":"https:\/\/positiveprints.com\/es\/wp-json\/wp\/v2\/media?parent=1047090"}],"wp:term":[{"taxonomy":"product_brand","embeddable":true,"href":"https:\/\/positiveprints.com\/es\/wp-json\/wp\/v2\/product_brand?post=1047090"},{"taxonomy":"product_cat","embeddable":true,"href":"https:\/\/positiveprints.com\/es\/wp-json\/wp\/v2\/product_cat?post=1047090"},{"taxonomy":"product_tag","embeddable":true,"href":"https:\/\/positiveprints.com\/es\/wp-json\/wp\/v2\/product_tag?post=1047090"}],"curies":[{"name":"wp","href":"https:\/\/api.w.org\/{rel}","templated":true}]}}