{"id":1047061,"date":"2024-01-22T11:36:21","date_gmt":"2024-01-22T10:36:21","guid":{"rendered":"https:\/\/positiveprints.com\/?post_type=product&#038;p=1047061"},"modified":"2026-04-03T02:59:03","modified_gmt":"2026-04-03T01:59:03","slug":"la-noche-que-nos-comprometimos-joyas","status":"publish","type":"product","link":"https:\/\/positiveprints.com\/es\/producto\/la-noche-que-nos-comprometimos-joyas\/","title":{"rendered":"La noche en la que nos comprometimos &#8211; joyas personalizadas"},"content":{"rendered":"<p>Captura la esencia de tu compromiso de forma tangible y hermosa con nuestra joya &#8220;La noche en la que nos comprometimos&#8221;. Este colgante \u00fanico sirve como recordatorio llevable del encantador momento en que ambos disteis un paso hacia el para siempre.<\/p>\n\n\n\n<h2>Personaliza tu cuento de compromiso estrellado<\/h2>\n\n\n\n<p>Personaliza tu collar seleccionando la hora y el lugar precisos de tu compromiso. Nuestra avanzada tecnolog\u00eda recrear\u00e1 art\u00edsticamente el panorama celeste de aquella noche inolvidable, inmortalizando las estrellas que adornaban el cielo cuando dijisteis &#8220;s\u00ed&#8221;.<\/p>\n\n\n\n<p>En el anverso, contempla las constelaciones de tu noche de compromiso, mientras que en el reverso espera un sincero grabado. A\u00f1ade la fecha y el lugar de vuestro compromiso, y hazlo verdaderamente tuyo con un dulce mensaje como &#8220;La noche en la que nos comprometimos&#8221; o &#8220;Por siempre tuyo&#8221;.<\/p>\n\n\n\n<h2>Materiales exquisitos para una elegancia duradera<\/h2>\n\n\n\n<p>Cada colgante, ya sea de dise\u00f1o circular o acompa\u00f1ado de una cadena de 45 cm, se somete a un preciso grabado por l\u00e1ser, transformando el cielo nocturno en una obra maestra ponible. Nuestro compromiso con la calidad est\u00e1 marcado por un sello peque\u00f1o pero distintivo tanto en el colgante como en la cadena.<\/p>\n\n\n\n<p>Tu joya &#8220;La noche en la que nos comprometimos&#8221; llega en un elegante joyero, acompa\u00f1ada de una gu\u00eda de cuidados y un pa\u00f1o especial para limpiarla. Esta atenci\u00f3n al detalle refleja nuestra dedicaci\u00f3n a proporcionarte una experiencia tan extraordinaria como tu compromiso.<\/p>\n\n\n\n<h2>La noche en la que nos comprometimos \u2013 joyas personalizadas: un s\u00edmbolo duradero de tu amor de compromiso<\/h2>\n\n\n\n<p>Eleva tu <a href=\"https:\/\/positiveprints.com\/es\/regalo-para-parejas-comprometidas\/\">regalo de compromiso<\/a> con la encantadora joya &#8220;La noche en la que nos comprometimos&#8221;. Selecciona el material que prefieras, infunde tu toque personal en el cielo nocturno y s\u00e9 testigo de la intrincada artesan\u00eda que convierte los recuerdos m\u00e1s preciados en un impresionante collar.<\/p>\n\n\n\n<p>Nuestras joyas personalizadas son un emblema intemporal de vuestra historia de amor, desde la noche en la que os prometisteis. Aprovecha la oportunidad de crear un recuerdo que perdurar\u00e1 para siempre: encarga ahora tu joya &#8220;La noche en la que nos comprometimos&#8221; y comparte un trozo de las estrellas con alguien a quien aprecias.<\/p>","protected":false},"excerpt":{"rendered":"<ul class=\"check-list\">\n<li>Revive el momento especial de tu compromiso con el collar \u201cLa noche en la que nos comprometimos\u201d<\/li>\n<li>Colgante de 20 mm fabricado en plata de ley de primera calidad, grabado con l\u00e1ser y acabado a mano<\/li>\n<li>Elige el texto que quieras seg\u00fan la ocasi\u00f3n<\/li>\n<li>Personal\u00edzalo en tan solo 2 minutos<\/li>\n<li>Previsualiza el resultado en segundos: la vista previa interactiva te permite ajustar cada detalle<\/li>\n<\/ul>\n","protected":false},"featured_media":1542628,"template":"","meta":[],"product_brand":[],"product_cat":[5277,9264,9220,3117,106],"product_tag":[8440,15096,15097,15098,15099],"class_list":{"0":"post-1047061","1":"product","2":"type-product","3":"status-publish","4":"has-post-thumbnail","6":"product_cat-regalos-de-compromiso","7":"product_cat-jewelry-es","8":"product_cat-joyas-mapa-estelar","9":"product_cat-star-es-2","10":"product_cat-todos-los-productos","11":"product_tag-compromiso","12":"product_tag-lancuszek-es","13":"product_tag-medalion-es","14":"product_tag-naszyjnik-es","15":"product_tag-wisiorek-es","17":"first","18":"instock","19":"sale","20":"taxable","21":"shipping-taxable","22":"purchasable","23":"product-type-variable"},"yoast_head":"<!-- This site is optimized with the Yoast SEO Premium plugin v27.2 (Yoast SEO v27.2) - https:\/\/yoast.com\/product\/yoast-seo-premium-wordpress\/ -->\n<title>La noche en la que nos comprometimos - joyas personalizadas - Positive Prints<\/title>\n<meta name=\"description\" content=\"Captura la esencia especial de tu compromiso de una forma tangible y preciosa con nuestra joya \u201cLa noche en la que nos comprometimos\u201d.\" \/>\n<meta name=\"robots\" content=\"index, follow, max-snippet:-1, max-image-preview:large, max-video-preview:-1\" \/>\n<link rel=\"canonical\" href=\"https:\/\/positiveprints.com\/es\/producto\/la-noche-que-nos-comprometimos-joyas\/\" \/>\n<meta property=\"og:locale\" content=\"es_ES\" \/>\n<meta property=\"og:type\" content=\"article\" \/>\n<meta property=\"og:title\" content=\"La noche en la que nos comprometimos - joyas personalizadas\" \/>\n<meta property=\"og:description\" content=\"Revive el momento especial de tu compromiso con el collar \u201cLa noche en la que nos comprometimos\u201d Colgante de 20 mm fabricado en plata de ley de primera calidad, grabado con l\u00e1ser y acabado a mano Elige el texto que quieras seg\u00fan la ocasi\u00f3n Personal\u00edzalo en tan solo 2 minutos Previsualiza el resultado en segundos: la vista previa interactiva te permite ajustar cada detalle\" \/>\n<meta property=\"og:url\" content=\"https:\/\/positiveprints.com\/es\/producto\/la-noche-que-nos-comprometimos-joyas\/\" \/>\n<meta property=\"og:site_name\" content=\"Positive Prints\" \/>\n<meta property=\"article:publisher\" content=\"https:\/\/www.facebook.com\/positiveprintscom\" \/>\n<meta property=\"article:modified_time\" content=\"2026-04-03T01:59:03+00:00\" \/>\n<meta property=\"og:image\" content=\"https:\/\/positiveprints.com\/wp-content\/uploads\/2025\/10\/PACKSHOT_ES_La-noche-en-la-que-nos-comprometimos-joyas-personalizadas.webp\" \/>\n\t<meta property=\"og:image:width\" content=\"2280\" \/>\n\t<meta property=\"og:image:height\" content=\"2280\" \/>\n\t<meta property=\"og:image:type\" content=\"image\/webp\" \/>\n<meta name=\"twitter:card\" content=\"summary_large_image\" \/>\n<meta name=\"twitter:label1\" content=\"Tiempo de lectura\" \/>\n\t<meta name=\"twitter:data1\" content=\"2 minutos\" \/>\n<!-- \/ Yoast SEO Premium plugin. -->","yoast_head_json":{"title":"La noche en la que nos comprometimos - joyas personalizadas - Positive Prints","description":"Captura la esencia especial de tu compromiso de una forma tangible y preciosa con nuestra joya \u201cLa noche en la que nos comprometimos\u201d.","robots":{"index":"index","follow":"follow","max-snippet":"max-snippet:-1","max-image-preview":"max-image-preview:large","max-video-preview":"max-video-preview:-1"},"canonical":"https:\/\/positiveprints.com\/es\/producto\/la-noche-que-nos-comprometimos-joyas\/","og_locale":"es_ES","og_type":"article","og_title":"La noche en la que nos comprometimos - joyas personalizadas","og_description":"Revive el momento especial de tu compromiso con el collar \u201cLa noche en la que nos comprometimos\u201d Colgante de 20 mm fabricado en plata de ley de primera calidad, grabado con l\u00e1ser y acabado a mano Elige el texto que quieras seg\u00fan la ocasi\u00f3n Personal\u00edzalo en tan solo 2 minutos Previsualiza el resultado en segundos: la vista previa interactiva te permite ajustar cada detalle","og_url":"https:\/\/positiveprints.com\/es\/producto\/la-noche-que-nos-comprometimos-joyas\/","og_site_name":"Positive Prints","article_publisher":"https:\/\/www.facebook.com\/positiveprintscom","article_modified_time":"2026-04-03T01:59:03+00:00","og_image":[{"width":2280,"height":2280,"url":"https:\/\/positiveprints.com\/wp-content\/uploads\/2025\/10\/PACKSHOT_ES_La-noche-en-la-que-nos-comprometimos-joyas-personalizadas.webp","type":"image\/webp"}],"twitter_card":"summary_large_image","twitter_misc":{"Tiempo de lectura":"2 minutos"},"schema":{"@context":"https:\/\/schema.org","@graph":[{"@type":["WebPage","ItemPage"],"@id":"https:\/\/positiveprints.com\/es\/producto\/la-noche-que-nos-comprometimos-joyas\/","url":"https:\/\/positiveprints.com\/es\/producto\/la-noche-que-nos-comprometimos-joyas\/","name":"La noche en la que nos comprometimos - joyas personalizadas - Positive Prints","isPartOf":{"@id":"https:\/\/positiveprints.com\/es\/#website"},"primaryImageOfPage":{"@id":"https:\/\/positiveprints.com\/es\/producto\/la-noche-que-nos-comprometimos-joyas\/#primaryimage"},"image":{"@id":"https:\/\/positiveprints.com\/es\/producto\/la-noche-que-nos-comprometimos-joyas\/#primaryimage"},"thumbnailUrl":"https:\/\/positiveprints.com\/wp-content\/uploads\/2025\/10\/PACKSHOT_ES_La-noche-en-la-que-nos-comprometimos-joyas-personalizadas.webp","datePublished":"2024-01-22T10:36:21+00:00","dateModified":"2026-04-03T01:59:03+00:00","description":"Captura la esencia especial de tu compromiso de una forma tangible y preciosa con nuestra joya \u201cLa noche en la que nos comprometimos\u201d.","breadcrumb":{"@id":"https:\/\/positiveprints.com\/es\/producto\/la-noche-que-nos-comprometimos-joyas\/#breadcrumb"},"inLanguage":"es","potentialAction":[{"@type":"ReadAction","target":["https:\/\/positiveprints.com\/es\/producto\/la-noche-que-nos-comprometimos-joyas\/"]}]},{"@type":"ImageObject","inLanguage":"es","@id":"https:\/\/positiveprints.com\/es\/producto\/la-noche-que-nos-comprometimos-joyas\/#primaryimage","url":"https:\/\/positiveprints.com\/wp-content\/uploads\/2025\/10\/PACKSHOT_ES_La-noche-en-la-que-nos-comprometimos-joyas-personalizadas.webp","contentUrl":"https:\/\/positiveprints.com\/wp-content\/uploads\/2025\/10\/PACKSHOT_ES_La-noche-en-la-que-nos-comprometimos-joyas-personalizadas.webp","width":2280,"height":2280},{"@type":"BreadcrumbList","@id":"https:\/\/positiveprints.com\/es\/producto\/la-noche-que-nos-comprometimos-joyas\/#breadcrumb","itemListElement":[{"@type":"ListItem","position":1,"name":"CASA","item":"https:\/\/positiveprints.com\/es\/"},{"@type":"ListItem","position":2,"name":"Productos","item":"https:\/\/positiveprints.com\/es\/shop\/"},{"@type":"ListItem","position":3,"name":"La noche en la que nos comprometimos &#8211; joyas personalizadas"}]},{"@type":"WebSite","@id":"https:\/\/positiveprints.com\/es\/#website","url":"https:\/\/positiveprints.com\/es\/","name":"Positive Prints","description":"Custom Gifts for Special Occasions","publisher":{"@id":"https:\/\/positiveprints.com\/es\/#organization"},"potentialAction":[{"@type":"SearchAction","target":{"@type":"EntryPoint","urlTemplate":"https:\/\/positiveprints.com\/es\/?s={search_term_string}"},"query-input":{"@type":"PropertyValueSpecification","valueRequired":true,"valueName":"search_term_string"}}],"inLanguage":"es"},{"@type":"Organization","@id":"https:\/\/positiveprints.com\/es\/#organization","name":"Positive Prints","alternateName":"Positive Prints","url":"https:\/\/positiveprints.com\/es\/","logo":{"@type":"ImageObject","inLanguage":"es","@id":"https:\/\/positiveprints.com\/es\/#\/schema\/logo\/image\/","url":"https:\/\/positiveprints.com\/wp-content\/uploads\/2026\/03\/245815646_1337939713319158_5671353136411139666_n.png","contentUrl":"https:\/\/positiveprints.com\/wp-content\/uploads\/2026\/03\/245815646_1337939713319158_5671353136411139666_n.png","width":800,"height":800,"caption":"Positive Prints"},"image":{"@id":"https:\/\/positiveprints.com\/es\/#\/schema\/logo\/image\/"},"sameAs":["https:\/\/www.facebook.com\/positiveprintscom","https:\/\/www.instagram.com\/positiveprintscom\/","https:\/\/www.tiktok.com\/@positiveprintscom","https:\/\/www.pinterest.com\/positiveprintscom\/"]}]}},"jetpack_sharing_enabled":true,"_links":{"self":[{"href":"https:\/\/positiveprints.com\/es\/wp-json\/wp\/v2\/product\/1047061","targetHints":{"allow":["GET"]}}],"collection":[{"href":"https:\/\/positiveprints.com\/es\/wp-json\/wp\/v2\/product"}],"about":[{"href":"https:\/\/positiveprints.com\/es\/wp-json\/wp\/v2\/types\/product"}],"wp:featuredmedia":[{"embeddable":true,"href":"https:\/\/positiveprints.com\/es\/wp-json\/wp\/v2\/media\/1542628"}],"wp:attachment":[{"href":"https:\/\/positiveprints.com\/es\/wp-json\/wp\/v2\/media?parent=1047061"}],"wp:term":[{"taxonomy":"product_brand","embeddable":true,"href":"https:\/\/positiveprints.com\/es\/wp-json\/wp\/v2\/product_brand?post=1047061"},{"taxonomy":"product_cat","embeddable":true,"href":"https:\/\/positiveprints.com\/es\/wp-json\/wp\/v2\/product_cat?post=1047061"},{"taxonomy":"product_tag","embeddable":true,"href":"https:\/\/positiveprints.com\/es\/wp-json\/wp\/v2\/product_tag?post=1047061"}],"curies":[{"name":"wp","href":"https:\/\/api.w.org\/{rel}","templated":true}]}}