{"id":1046950,"date":"2024-01-22T11:13:42","date_gmt":"2024-01-22T10:13:42","guid":{"rendered":"https:\/\/positiveprints.com\/?post_type=product&#038;p=1046950"},"modified":"2026-04-03T02:59:08","modified_gmt":"2026-04-03T01:59:08","slug":"la-noche-que-nos-conocimos-joyas","status":"publish","type":"product","link":"https:\/\/positiveprints.com\/es\/producto\/la-noche-que-nos-conocimos-joyas\/","title":{"rendered":"La noche que nos conocimos &#8211; joyas personalizadas"},"content":{"rendered":"<p>\u00bfBuscas un regalo especial? Explora nuestras joyas La noche que nos conocimos, una celebraci\u00f3n ponible de tu historia de amor \u00fanica.<\/p>\n\n\n\n<h2>Crea tu propia joya La noche que nos conocimos<\/h2>\n\n\n\n<p>Descubre joyas que capturan momentos especiales, simbolizan el amor eterno y aportan alegr\u00eda. Este colgante es la elecci\u00f3n perfecta para a\u00f1adir un toque personal a tus recuerdos.<\/p>\n\n\n\n<p>Haz tu propio collar especial con nuestras joyas Estrellas la noche que nos conocimos. Elige la hora y el lugar en que os conocisteis, y nuestra tecnolog\u00eda crear\u00e1 una imagen del cielo nocturno de ese momento.<\/p>\n\n\n\n<p>La parte delantera del colgante muestra las estrellas de tu noche especial, mientras que en la parte trasera, a\u00f1ade la fecha y el lugar. Hazlo a\u00fan m\u00e1s especial con un mensaje dulce como &#8220;La noche que nos conocimos&#8221; o &#8220;Para siempre tuya&#8221;.<\/p>\n\n\n\n<h2>Artesan\u00eda de calidad para una belleza duradera<\/h2>\n\n\n\n<p>Nuestro colgante est\u00e1 cuidadosamente elaborado para que luzca bonito durante mucho tiempo. <\/p>\n\n\n\n<p>Cada colgante, ya sea circular o con una cadena de 45 cm, se somete a un grabado l\u00e1ser para convertir el cielo nocturno en arte ponible. Una peque\u00f1a marca en el colgante y la cadena garantiza que son reales y de buena calidad.<\/p>\n\n\n\n<p>Ponemos tu colgante en un bonito joyero con una gu\u00eda de cuidados y un pa\u00f1o especial para limpiarlo. Esto demuestra lo mucho que nos importa ofreceros una experiencia especial que brille tanto como vuestra historia de amor.<\/p>\n\n\n\n<h2>Haz que cada momento brille<\/h2>\n\n\n\n<p>Haz que tu regalo sea muy especial con la joya Estrellas la noche que nos conocimos. Elige el material que m\u00e1s te guste, a\u00f1ade tu propio toque al cielo nocturno y observa el detallado trabajo que convierte los recuerdos en un hermoso collar.<\/p>\n\n\n\n\n\n<p>Nuestras joyas personalizadas son un s\u00edmbolo duradero de vuestro amor. No pierdas la oportunidad de crear un momento que se recordar\u00e1 para siempre: consigue ahora tu joya Estrellas la noche que nos conocimos y regala un trozo de las estrellas a alguien que te importa.<\/p>","protected":false},"excerpt":{"rendered":"<ul class=\"check-list\">\n<li>Eterniza la magia de tu noche especial para celebrar tu conexi\u00f3n c\u00f3smica<\/li>\n<li>Colgante de 20 mm fabricado en plata de ley de primera calidad, grabado con l\u00e1ser y acabado a mano<\/li>\n<li>Elige un texto sincero seg\u00fan la ocasi\u00f3n<\/li>\n<li>Personalizar en s\u00f3lo 2 minutos<\/li>\n<li>Ve el resultado de inmediato: la vista previa interactiva te permite perfeccionar cada detalle<\/li>\n<\/ul>\n","protected":false},"featured_media":1542227,"template":"","meta":[],"product_brand":[],"product_cat":[5334,3119,9264,12257,9220,5270,8189,11462,11452,7757,7789,11455,7693,11188,11249,3117,106,9766],"product_tag":[14923,15455,15096,15097,15098,11820,11771,15099],"class_list":{"0":"post-1046950","1":"product","2":"type-product","3":"status-publish","4":"has-post-thumbnail","6":"product_cat-regalos-de-aniversario","7":"product_cat-regalos-de-san-valentin","8":"product_cat-jewelry-es","9":"product_cat-jewelry-basic-es","10":"product_cat-joyas-mapa-estelar","11":"product_cat-regalos-de-navidad","12":"product_cat-para-ella","13":"product_cat-regalos-de-navidad-para-la-esposa","14":"product_cat-regalos-de-navidad-para-la-novia","15":"product_cat-regalos-para-mi-esposa","16":"product_cat-regalos-para-mi-novia","17":"product_cat-regalos-de-navidad-para-mujer","18":"product_cat-regalos-para-mujeres","19":"product_cat-regalos-de-aniversario-para-ella","20":"product_cat-regalos-de-san-valentin-mujeres","21":"product_cat-star-es-2","22":"product_cat-todos-los-productos","23":"product_cat-trending-label-es","24":"product_tag-anniversary-es","25":"product_tag-el-cielo-bajo-el-que-nos-conocimos","26":"product_tag-lancuszek-es","27":"product_tag-medalion-es","28":"product_tag-naszyjnik-es","29":"product_tag-regalos-de-navidad-para-la-esposa","30":"product_tag-regalos-de-navidad-para-la-novia","31":"product_tag-wisiorek-es","33":"first","34":"instock","35":"sale","36":"taxable","37":"shipping-taxable","38":"purchasable","39":"product-type-variable"},"yoast_head":"<!-- This site is optimized with the Yoast SEO Premium plugin v27.2 (Yoast SEO v27.2) - https:\/\/yoast.com\/product\/yoast-seo-premium-wordpress\/ -->\n<title>La noche que nos conocimos - Joyas - Positive Prints<\/title>\n<meta name=\"description\" content=\"\u00bfBuscas un regalo especial? Explora nuestras joyas La noche que nos conocimos, una celebraci\u00f3n ponible de vuestra historia de amor \u00fanica.\" \/>\n<meta name=\"robots\" content=\"index, follow, max-snippet:-1, max-image-preview:large, max-video-preview:-1\" \/>\n<link rel=\"canonical\" href=\"https:\/\/positiveprints.com\/es\/producto\/la-noche-que-nos-conocimos-joyas\/\" \/>\n<meta property=\"og:locale\" content=\"es_ES\" \/>\n<meta property=\"og:type\" content=\"article\" \/>\n<meta property=\"og:title\" content=\"La noche que nos conocimos - joyas personalizadas\" \/>\n<meta property=\"og:description\" content=\"Eterniza la magia de tu noche especial para celebrar tu conexi\u00f3n c\u00f3smica  Colgante de 20 mm fabricado en plata de ley de primera calidad, grabado con l\u00e1ser y acabado a mano  Elige un texto sincero seg\u00fan la ocasi\u00f3n  Personalizar en s\u00f3lo 2 minutos   Ve el resultado de inmediato: la vista previa interactiva te permite perfeccionar cada detalle\" \/>\n<meta property=\"og:url\" content=\"https:\/\/positiveprints.com\/es\/producto\/la-noche-que-nos-conocimos-joyas\/\" \/>\n<meta property=\"og:site_name\" content=\"Positive Prints\" \/>\n<meta property=\"article:publisher\" content=\"https:\/\/www.facebook.com\/positiveprintscom\" \/>\n<meta property=\"article:modified_time\" content=\"2026-04-03T01:59:08+00:00\" \/>\n<meta property=\"og:image\" content=\"https:\/\/positiveprints.com\/wp-content\/uploads\/2025\/10\/PACKSHOT_ES_La-noche-que-nos-conocimos-joyas-personalizadas.webp\" \/>\n\t<meta property=\"og:image:width\" content=\"2280\" \/>\n\t<meta property=\"og:image:height\" content=\"2280\" \/>\n\t<meta property=\"og:image:type\" content=\"image\/webp\" \/>\n<meta name=\"twitter:card\" content=\"summary_large_image\" \/>\n<meta name=\"twitter:label1\" content=\"Tiempo de lectura\" \/>\n\t<meta name=\"twitter:data1\" content=\"2 minutos\" \/>\n<!-- \/ Yoast SEO Premium plugin. -->","yoast_head_json":{"title":"La noche que nos conocimos - Joyas - Positive Prints","description":"\u00bfBuscas un regalo especial? Explora nuestras joyas La noche que nos conocimos, una celebraci\u00f3n ponible de vuestra historia de amor \u00fanica.","robots":{"index":"index","follow":"follow","max-snippet":"max-snippet:-1","max-image-preview":"max-image-preview:large","max-video-preview":"max-video-preview:-1"},"canonical":"https:\/\/positiveprints.com\/es\/producto\/la-noche-que-nos-conocimos-joyas\/","og_locale":"es_ES","og_type":"article","og_title":"La noche que nos conocimos - joyas personalizadas","og_description":"Eterniza la magia de tu noche especial para celebrar tu conexi\u00f3n c\u00f3smica  Colgante de 20 mm fabricado en plata de ley de primera calidad, grabado con l\u00e1ser y acabado a mano  Elige un texto sincero seg\u00fan la ocasi\u00f3n  Personalizar en s\u00f3lo 2 minutos   Ve el resultado de inmediato: la vista previa interactiva te permite perfeccionar cada detalle","og_url":"https:\/\/positiveprints.com\/es\/producto\/la-noche-que-nos-conocimos-joyas\/","og_site_name":"Positive Prints","article_publisher":"https:\/\/www.facebook.com\/positiveprintscom","article_modified_time":"2026-04-03T01:59:08+00:00","og_image":[{"width":2280,"height":2280,"url":"https:\/\/positiveprints.com\/wp-content\/uploads\/2025\/10\/PACKSHOT_ES_La-noche-que-nos-conocimos-joyas-personalizadas.webp","type":"image\/webp"}],"twitter_card":"summary_large_image","twitter_misc":{"Tiempo de lectura":"2 minutos"},"schema":{"@context":"https:\/\/schema.org","@graph":[{"@type":["WebPage","ItemPage"],"@id":"https:\/\/positiveprints.com\/es\/producto\/la-noche-que-nos-conocimos-joyas\/","url":"https:\/\/positiveprints.com\/es\/producto\/la-noche-que-nos-conocimos-joyas\/","name":"La noche que nos conocimos - Joyas - Positive Prints","isPartOf":{"@id":"https:\/\/positiveprints.com\/es\/#website"},"primaryImageOfPage":{"@id":"https:\/\/positiveprints.com\/es\/producto\/la-noche-que-nos-conocimos-joyas\/#primaryimage"},"image":{"@id":"https:\/\/positiveprints.com\/es\/producto\/la-noche-que-nos-conocimos-joyas\/#primaryimage"},"thumbnailUrl":"https:\/\/positiveprints.com\/wp-content\/uploads\/2025\/10\/PACKSHOT_ES_La-noche-que-nos-conocimos-joyas-personalizadas.webp","datePublished":"2024-01-22T10:13:42+00:00","dateModified":"2026-04-03T01:59:08+00:00","description":"\u00bfBuscas un regalo especial? Explora nuestras joyas La noche que nos conocimos, una celebraci\u00f3n ponible de vuestra historia de amor \u00fanica.","breadcrumb":{"@id":"https:\/\/positiveprints.com\/es\/producto\/la-noche-que-nos-conocimos-joyas\/#breadcrumb"},"inLanguage":"es","potentialAction":[{"@type":"ReadAction","target":["https:\/\/positiveprints.com\/es\/producto\/la-noche-que-nos-conocimos-joyas\/"]}]},{"@type":"ImageObject","inLanguage":"es","@id":"https:\/\/positiveprints.com\/es\/producto\/la-noche-que-nos-conocimos-joyas\/#primaryimage","url":"https:\/\/positiveprints.com\/wp-content\/uploads\/2025\/10\/PACKSHOT_ES_La-noche-que-nos-conocimos-joyas-personalizadas.webp","contentUrl":"https:\/\/positiveprints.com\/wp-content\/uploads\/2025\/10\/PACKSHOT_ES_La-noche-que-nos-conocimos-joyas-personalizadas.webp","width":2280,"height":2280},{"@type":"BreadcrumbList","@id":"https:\/\/positiveprints.com\/es\/producto\/la-noche-que-nos-conocimos-joyas\/#breadcrumb","itemListElement":[{"@type":"ListItem","position":1,"name":"CASA","item":"https:\/\/positiveprints.com\/es\/"},{"@type":"ListItem","position":2,"name":"Productos","item":"https:\/\/positiveprints.com\/es\/shop\/"},{"@type":"ListItem","position":3,"name":"La noche que nos conocimos &#8211; joyas personalizadas"}]},{"@type":"WebSite","@id":"https:\/\/positiveprints.com\/es\/#website","url":"https:\/\/positiveprints.com\/es\/","name":"Positive Prints","description":"Custom Gifts for Special Occasions","publisher":{"@id":"https:\/\/positiveprints.com\/es\/#organization"},"potentialAction":[{"@type":"SearchAction","target":{"@type":"EntryPoint","urlTemplate":"https:\/\/positiveprints.com\/es\/?s={search_term_string}"},"query-input":{"@type":"PropertyValueSpecification","valueRequired":true,"valueName":"search_term_string"}}],"inLanguage":"es"},{"@type":"Organization","@id":"https:\/\/positiveprints.com\/es\/#organization","name":"Positive Prints","alternateName":"Positive Prints","url":"https:\/\/positiveprints.com\/es\/","logo":{"@type":"ImageObject","inLanguage":"es","@id":"https:\/\/positiveprints.com\/es\/#\/schema\/logo\/image\/","url":"https:\/\/positiveprints.com\/wp-content\/uploads\/2026\/03\/245815646_1337939713319158_5671353136411139666_n.png","contentUrl":"https:\/\/positiveprints.com\/wp-content\/uploads\/2026\/03\/245815646_1337939713319158_5671353136411139666_n.png","width":800,"height":800,"caption":"Positive Prints"},"image":{"@id":"https:\/\/positiveprints.com\/es\/#\/schema\/logo\/image\/"},"sameAs":["https:\/\/www.facebook.com\/positiveprintscom","https:\/\/www.instagram.com\/positiveprintscom\/","https:\/\/www.tiktok.com\/@positiveprintscom","https:\/\/www.pinterest.com\/positiveprintscom\/"]}]}},"jetpack_sharing_enabled":true,"_links":{"self":[{"href":"https:\/\/positiveprints.com\/es\/wp-json\/wp\/v2\/product\/1046950","targetHints":{"allow":["GET"]}}],"collection":[{"href":"https:\/\/positiveprints.com\/es\/wp-json\/wp\/v2\/product"}],"about":[{"href":"https:\/\/positiveprints.com\/es\/wp-json\/wp\/v2\/types\/product"}],"wp:featuredmedia":[{"embeddable":true,"href":"https:\/\/positiveprints.com\/es\/wp-json\/wp\/v2\/media\/1542227"}],"wp:attachment":[{"href":"https:\/\/positiveprints.com\/es\/wp-json\/wp\/v2\/media?parent=1046950"}],"wp:term":[{"taxonomy":"product_brand","embeddable":true,"href":"https:\/\/positiveprints.com\/es\/wp-json\/wp\/v2\/product_brand?post=1046950"},{"taxonomy":"product_cat","embeddable":true,"href":"https:\/\/positiveprints.com\/es\/wp-json\/wp\/v2\/product_cat?post=1046950"},{"taxonomy":"product_tag","embeddable":true,"href":"https:\/\/positiveprints.com\/es\/wp-json\/wp\/v2\/product_tag?post=1046950"}],"curies":[{"name":"wp","href":"https:\/\/api.w.org\/{rel}","templated":true}]}}