{"id":1039771,"date":"2024-01-12T13:40:22","date_gmt":"2024-01-12T12:40:22","guid":{"rendered":"https:\/\/positiveprints.com\/product\/mapa-estelar-digital-con-foto\/"},"modified":"2026-04-23T11:11:15","modified_gmt":"2026-04-23T10:11:15","slug":"mapa-estrella-digital-con-foto","status":"publish","type":"product","link":"https:\/\/positiveprints.com\/es\/producto\/mapa-estrella-digital-con-foto\/","title":{"rendered":"Mapa Estelar Digital con Foto"},"content":{"rendered":"<p>\u00bfBuscas un regalo distintivo y sincero que encierre momentos especiales en el tiempo? Nuestro Mapa Estelar Digital con Foto es la elecci\u00f3n ideal. Crea recuerdos perdurables para cumplea\u00f1os, aniversarios, compromisos o cualquier acontecimiento digno de menci\u00f3n. Este producto digital personalizado iluminar\u00e1 su mundo con estrellas y emociones.<\/p>\r\n\r\n<h2>\u00bfQu\u00e9 es el Mapa Estelar Digital con Foto?<\/h2>\r\n<p>Crear tu obra maestra celestial es muy f\u00e1cil con nuestro creador en l\u00ednea. S\u00f3lo tienes que elegir el estilo que prefieras, seleccionar los elementos celestes, como constelaciones o la V\u00eda L\u00e1ctea, e incluir un t\u00edtulo significativo. Introduce la fecha y el lugar concretos, y observa c\u00f3mo cobra vida el mapa estelar en la vista previa en l\u00ednea. Mejora su toque personal subiendo una foto.<\/p>\r\n\r\n<p>Un Mapa Estelar Digital con Foto es una instant\u00e1nea virtual del cielo nocturno en una fecha y lugar que tienen un valor sentimental para ti. Es una cautivadora representaci\u00f3n de las estrellas y constelaciones que adornaban los cielos durante el momento que elegiste.<\/p>\r\n\r\n<h2>Perfecto para regalos de \u00faltima hora<\/h2>\r\n<p>Este exquisito mapa estelar digital no es s\u00f3lo un regalo; es una experiencia emocional. Ideal para celebrar el amor, los recuerdos m\u00e1s preciados y los nuevos comienzos, es perfecto para aniversarios, el d\u00eda en que os conocisteis, un cumplea\u00f1os o cualquier ocasi\u00f3n especial. Imagina la alegr\u00eda y el asombro cuando exploren las estrellas que adornaron el cielo durante su memorable noche.<\/p>\r\n\r\n<p>Como producto digital, el Mapa Estelar Digital con Foto ofrece accesibilidad instant\u00e1nea y es un fant\u00e1stico regalo de \u00faltima hora. Puede descargarse inmediatamente, autoimprimirse o imprimirse c\u00f3modamente en una imprenta local. Se convierte en un preciado recuerdo, un tema de conversaci\u00f3n que despierta nostalgia y felicidad. Cada vez que lo vean, se transportar\u00e1n a ese momento tan significativo, reviviendo las emociones una y otra vez. Haz que tu regalo sea inolvidable con este mapa estelar digital \u00fanico.<\/p>","protected":false},"excerpt":{"rendered":"<ul class=\"check-list\">\n<li>Conmemora tu momento especial con una vista de las estrellas y una foto memorable<\/li>\n<li>Disponible inmediatamente despu\u00e9s de la compra<\/li>\n<li>Se puede imprimir en el formato que elijas<\/li>\n<li>Archivos JPEG de alta calidad de 300 ppp<\/li>\n<li>Ve el resultado de inmediato: la vista previa interactiva te permite perfeccionar cada detalle<\/li>\n<\/ul>\n","protected":false},"featured_media":1254224,"template":"","meta":[],"product_brand":[],"product_cat":[8250,9106,106,7581],"product_tag":[8727],"class_list":{"0":"post-1039771","1":"product","2":"type-product","3":"status-publish","4":"has-post-thumbnail","6":"product_cat-digital-products-es","7":"product_cat-duo-stars-es","8":"product_cat-todos-los-productos","9":"product_cat-regalos-de-ultima-hora","10":"product_tag-last-minute-es","12":"first","13":"instock","14":"sale","15":"taxable","16":"shipping-taxable","17":"purchasable","18":"product-type-variable"},"yoast_head":"<!-- This site is optimized with the Yoast SEO Premium plugin v27.2 (Yoast SEO v27.2) - https:\/\/yoast.com\/product\/yoast-seo-premium-wordpress\/ -->\n<title>Mapa Estelar Digital con Foto - Positive Prints<\/title>\n<meta name=\"description\" content=\"\u00bfBuscas un regalo \u00fanico y sincero que capture momentos especiales en el tiempo? Nuestro Mapa Estelar Digital con Foto es la elecci\u00f3n perfecta.\" \/>\n<meta name=\"robots\" content=\"index, follow, max-snippet:-1, max-image-preview:large, max-video-preview:-1\" \/>\n<link rel=\"canonical\" href=\"https:\/\/positiveprints.com\/es\/producto\/mapa-estrella-digital-con-foto\/\" \/>\n<meta property=\"og:locale\" content=\"es_ES\" \/>\n<meta property=\"og:type\" content=\"article\" \/>\n<meta property=\"og:title\" content=\"Mapa Estelar Digital con Foto\" \/>\n<meta property=\"og:description\" content=\"Conmemora tu momento especial con una vista de las estrellas y una foto memorable  Disponible inmediatamente despu\u00e9s de la compra  Se puede imprimir en el formato que elijas  Archivos JPEG de alta calidad de 300 ppp Ve el resultado de inmediato: la vista previa interactiva te permite perfeccionar cada detalle\" \/>\n<meta property=\"og:url\" content=\"https:\/\/positiveprints.com\/es\/producto\/mapa-estrella-digital-con-foto\/\" \/>\n<meta property=\"og:site_name\" content=\"Positive Prints\" \/>\n<meta property=\"article:publisher\" content=\"https:\/\/www.facebook.com\/positiveprintscom\" \/>\n<meta property=\"article:modified_time\" content=\"2026-04-23T10:11:15+00:00\" \/>\n<meta property=\"og:image\" content=\"https:\/\/positiveprints.com\/wp-content\/uploads\/2024\/11\/ES_PACKSHOT_Digital-Star-Map-with-Photo-product-image-.webp\" \/>\n\t<meta property=\"og:image:width\" content=\"1450\" \/>\n\t<meta property=\"og:image:height\" content=\"1450\" \/>\n\t<meta property=\"og:image:type\" content=\"image\/webp\" \/>\n<meta name=\"twitter:card\" content=\"summary_large_image\" \/>\n<meta name=\"twitter:label1\" content=\"Tiempo de lectura\" \/>\n\t<meta name=\"twitter:data1\" content=\"2 minutos\" \/>\n<!-- \/ Yoast SEO Premium plugin. -->","yoast_head_json":{"title":"Mapa Estelar Digital con Foto - Positive Prints","description":"\u00bfBuscas un regalo \u00fanico y sincero que capture momentos especiales en el tiempo? Nuestro Mapa Estelar Digital con Foto es la elecci\u00f3n perfecta.","robots":{"index":"index","follow":"follow","max-snippet":"max-snippet:-1","max-image-preview":"max-image-preview:large","max-video-preview":"max-video-preview:-1"},"canonical":"https:\/\/positiveprints.com\/es\/producto\/mapa-estrella-digital-con-foto\/","og_locale":"es_ES","og_type":"article","og_title":"Mapa Estelar Digital con Foto","og_description":"Conmemora tu momento especial con una vista de las estrellas y una foto memorable  Disponible inmediatamente despu\u00e9s de la compra  Se puede imprimir en el formato que elijas  Archivos JPEG de alta calidad de 300 ppp Ve el resultado de inmediato: la vista previa interactiva te permite perfeccionar cada detalle","og_url":"https:\/\/positiveprints.com\/es\/producto\/mapa-estrella-digital-con-foto\/","og_site_name":"Positive Prints","article_publisher":"https:\/\/www.facebook.com\/positiveprintscom","article_modified_time":"2026-04-23T10:11:15+00:00","og_image":[{"width":1450,"height":1450,"url":"https:\/\/positiveprints.com\/wp-content\/uploads\/2024\/11\/ES_PACKSHOT_Digital-Star-Map-with-Photo-product-image-.webp","type":"image\/webp"}],"twitter_card":"summary_large_image","twitter_misc":{"Tiempo de lectura":"2 minutos"},"schema":{"@context":"https:\/\/schema.org","@graph":[{"@type":["WebPage","ItemPage"],"@id":"https:\/\/positiveprints.com\/es\/producto\/mapa-estrella-digital-con-foto\/","url":"https:\/\/positiveprints.com\/es\/producto\/mapa-estrella-digital-con-foto\/","name":"Mapa Estelar Digital con Foto - Positive Prints","isPartOf":{"@id":"https:\/\/positiveprints.com\/es\/#website"},"primaryImageOfPage":{"@id":"https:\/\/positiveprints.com\/es\/producto\/mapa-estrella-digital-con-foto\/#primaryimage"},"image":{"@id":"https:\/\/positiveprints.com\/es\/producto\/mapa-estrella-digital-con-foto\/#primaryimage"},"thumbnailUrl":"https:\/\/positiveprints.com\/wp-content\/uploads\/2024\/11\/ES_PACKSHOT_Digital-Star-Map-with-Photo-product-image-.webp","datePublished":"2024-01-12T12:40:22+00:00","dateModified":"2026-04-23T10:11:15+00:00","description":"\u00bfBuscas un regalo \u00fanico y sincero que capture momentos especiales en el tiempo? Nuestro Mapa Estelar Digital con Foto es la elecci\u00f3n perfecta.","breadcrumb":{"@id":"https:\/\/positiveprints.com\/es\/producto\/mapa-estrella-digital-con-foto\/#breadcrumb"},"inLanguage":"es","potentialAction":[{"@type":"ReadAction","target":["https:\/\/positiveprints.com\/es\/producto\/mapa-estrella-digital-con-foto\/"]}]},{"@type":"ImageObject","inLanguage":"es","@id":"https:\/\/positiveprints.com\/es\/producto\/mapa-estrella-digital-con-foto\/#primaryimage","url":"https:\/\/positiveprints.com\/wp-content\/uploads\/2024\/11\/ES_PACKSHOT_Digital-Star-Map-with-Photo-product-image-.webp","contentUrl":"https:\/\/positiveprints.com\/wp-content\/uploads\/2024\/11\/ES_PACKSHOT_Digital-Star-Map-with-Photo-product-image-.webp","width":1450,"height":1450},{"@type":"BreadcrumbList","@id":"https:\/\/positiveprints.com\/es\/producto\/mapa-estrella-digital-con-foto\/#breadcrumb","itemListElement":[{"@type":"ListItem","position":1,"name":"CASA","item":"https:\/\/positiveprints.com\/es\/"},{"@type":"ListItem","position":2,"name":"Productos","item":"https:\/\/positiveprints.com\/es\/shop\/"},{"@type":"ListItem","position":3,"name":"Mapa Estelar Digital con Foto"}]},{"@type":"WebSite","@id":"https:\/\/positiveprints.com\/es\/#website","url":"https:\/\/positiveprints.com\/es\/","name":"Positive Prints","description":"Custom Gifts for Special Occasions","publisher":{"@id":"https:\/\/positiveprints.com\/es\/#organization"},"potentialAction":[{"@type":"SearchAction","target":{"@type":"EntryPoint","urlTemplate":"https:\/\/positiveprints.com\/es\/?s={search_term_string}"},"query-input":{"@type":"PropertyValueSpecification","valueRequired":true,"valueName":"search_term_string"}}],"inLanguage":"es"},{"@type":"Organization","@id":"https:\/\/positiveprints.com\/es\/#organization","name":"Positive Prints","alternateName":"Positive Prints ","url":"https:\/\/positiveprints.com\/es\/","logo":{"@type":"ImageObject","inLanguage":"es","@id":"https:\/\/positiveprints.com\/es\/#\/schema\/logo\/image\/","url":"https:\/\/positiveprints.com\/wp-content\/uploads\/2026\/03\/245815646_1337939713319158_5671353136411139666_n.png","contentUrl":"https:\/\/positiveprints.com\/wp-content\/uploads\/2026\/03\/245815646_1337939713319158_5671353136411139666_n.png","width":800,"height":800,"caption":"Positive Prints"},"image":{"@id":"https:\/\/positiveprints.com\/es\/#\/schema\/logo\/image\/"},"sameAs":["https:\/\/www.facebook.com\/positiveprintscom","https:\/\/www.instagram.com\/positiveprintscom\/","https:\/\/www.tiktok.com\/@positiveprintscom","https:\/\/www.pinterest.com\/positiveprintscom\/"]}]}},"jetpack_sharing_enabled":true,"_links":{"self":[{"href":"https:\/\/positiveprints.com\/es\/wp-json\/wp\/v2\/product\/1039771","targetHints":{"allow":["GET"]}}],"collection":[{"href":"https:\/\/positiveprints.com\/es\/wp-json\/wp\/v2\/product"}],"about":[{"href":"https:\/\/positiveprints.com\/es\/wp-json\/wp\/v2\/types\/product"}],"wp:featuredmedia":[{"embeddable":true,"href":"https:\/\/positiveprints.com\/es\/wp-json\/wp\/v2\/media\/1254224"}],"wp:attachment":[{"href":"https:\/\/positiveprints.com\/es\/wp-json\/wp\/v2\/media?parent=1039771"}],"wp:term":[{"taxonomy":"product_brand","embeddable":true,"href":"https:\/\/positiveprints.com\/es\/wp-json\/wp\/v2\/product_brand?post=1039771"},{"taxonomy":"product_cat","embeddable":true,"href":"https:\/\/positiveprints.com\/es\/wp-json\/wp\/v2\/product_cat?post=1039771"},{"taxonomy":"product_tag","embeddable":true,"href":"https:\/\/positiveprints.com\/es\/wp-json\/wp\/v2\/product_tag?post=1039771"}],"curies":[{"name":"wp","href":"https:\/\/api.w.org\/{rel}","templated":true}]}}