{"id":1037813,"date":"2024-01-09T12:34:02","date_gmt":"2024-01-09T11:34:02","guid":{"rendered":"https:\/\/positiveprints.com\/product\/signo-del-zodiaco-digital\/"},"modified":"2026-04-23T11:11:45","modified_gmt":"2026-04-23T10:11:45","slug":"signo-zodiacal-digital","status":"publish","type":"product","link":"https:\/\/positiveprints.com\/es\/producto\/signo-zodiacal-digital\/","title":{"rendered":"Signo del Zodiaco Digital"},"content":{"rendered":"","protected":false},"excerpt":{"rendered":"<ul class=\"check-list\">\n<li>Muestra la personalidad y los rasgos astrol\u00f3gicos de tu ser querido con un p\u00f3ster de Signo del Zodiaco<\/li>\n<li>Disponible inmediatamente despu\u00e9s de la compra<\/li>\n<li>Se puede imprimir en el formato que elijas<\/li>\n<li>Archivos JPEG de alta calidad de 300 ppp<\/li>\n<li>Ve el resultado de inmediato: la vista previa interactiva te permite perfeccionar cada detalle<\/li>\n<\/ul>\n","protected":false},"featured_media":651179,"template":"","meta":[],"product_brand":[],"product_cat":[8250,9015,106,7581],"product_tag":[8727],"class_list":{"0":"post-1037813","1":"product","2":"type-product","3":"status-publish","4":"has-post-thumbnail","6":"product_cat-digital-products-es","7":"product_cat-zodiac-es","8":"product_cat-todos-los-productos","9":"product_cat-regalos-de-ultima-hora","10":"product_tag-last-minute-es","12":"first","13":"instock","14":"sale","15":"taxable","16":"shipping-taxable","17":"purchasable","18":"product-type-variable"},"yoast_head":"<!-- This site is optimized with the Yoast SEO Premium plugin v27.2 (Yoast SEO v27.2) - https:\/\/yoast.com\/product\/yoast-seo-premium-wordpress\/ -->\n<title>Signo del Zodiaco Digital - Positive Prints<\/title>\n<meta name=\"description\" content=\"Desata la magia del Arte Digital de los Signos del Zodiaco: un regalo perfecto para los entusiastas de la astrolog\u00eda. Celebra su personalidad \u00fanica con esta obra de arte especial.\" \/>\n<meta name=\"robots\" content=\"index, follow, max-snippet:-1, max-image-preview:large, max-video-preview:-1\" \/>\n<link rel=\"canonical\" href=\"https:\/\/positiveprints.com\/es\/producto\/signo-zodiacal-digital\/\" \/>\n<meta property=\"og:locale\" content=\"es_ES\" \/>\n<meta property=\"og:type\" content=\"article\" \/>\n<meta property=\"og:title\" content=\"Signo del Zodiaco Digital\" \/>\n<meta property=\"og:description\" content=\"Muestra la personalidad y los rasgos astrol\u00f3gicos de tu ser querido con un p\u00f3ster de Signo del Zodiaco Disponible inmediatamente despu\u00e9s de la compra  Se puede imprimir en el formato que elijas  Archivos JPEG de alta calidad de 300 ppp  Ve el resultado de inmediato: la vista previa interactiva te permite perfeccionar cada detalle\" \/>\n<meta property=\"og:url\" content=\"https:\/\/positiveprints.com\/es\/producto\/signo-zodiacal-digital\/\" \/>\n<meta property=\"og:site_name\" content=\"Positive Prints\" \/>\n<meta property=\"article:publisher\" content=\"https:\/\/www.facebook.com\/positiveprintscom\" \/>\n<meta property=\"article:modified_time\" content=\"2026-04-23T10:11:45+00:00\" \/>\n<meta property=\"og:image\" content=\"https:\/\/positiveprints.com\/wp-content\/uploads\/2023\/08\/Arte-de-signos-zodiacales.jpg\" \/>\n\t<meta property=\"og:image:width\" content=\"1080\" \/>\n\t<meta property=\"og:image:height\" content=\"1080\" \/>\n\t<meta property=\"og:image:type\" content=\"image\/jpeg\" \/>\n<meta name=\"twitter:card\" content=\"summary_large_image\" \/>\n<!-- \/ Yoast SEO Premium plugin. -->","yoast_head_json":{"title":"Signo del Zodiaco Digital - Positive Prints","description":"Desata la magia del Arte Digital de los Signos del Zodiaco: un regalo perfecto para los entusiastas de la astrolog\u00eda. Celebra su personalidad \u00fanica con esta obra de arte especial.","robots":{"index":"index","follow":"follow","max-snippet":"max-snippet:-1","max-image-preview":"max-image-preview:large","max-video-preview":"max-video-preview:-1"},"canonical":"https:\/\/positiveprints.com\/es\/producto\/signo-zodiacal-digital\/","og_locale":"es_ES","og_type":"article","og_title":"Signo del Zodiaco Digital","og_description":"Muestra la personalidad y los rasgos astrol\u00f3gicos de tu ser querido con un p\u00f3ster de Signo del Zodiaco Disponible inmediatamente despu\u00e9s de la compra  Se puede imprimir en el formato que elijas  Archivos JPEG de alta calidad de 300 ppp  Ve el resultado de inmediato: la vista previa interactiva te permite perfeccionar cada detalle","og_url":"https:\/\/positiveprints.com\/es\/producto\/signo-zodiacal-digital\/","og_site_name":"Positive Prints","article_publisher":"https:\/\/www.facebook.com\/positiveprintscom","article_modified_time":"2026-04-23T10:11:45+00:00","og_image":[{"width":1080,"height":1080,"url":"https:\/\/positiveprints.com\/wp-content\/uploads\/2023\/08\/Arte-de-signos-zodiacales.jpg","type":"image\/jpeg"}],"twitter_card":"summary_large_image","schema":{"@context":"https:\/\/schema.org","@graph":[{"@type":["WebPage","ItemPage"],"@id":"https:\/\/positiveprints.com\/es\/producto\/signo-zodiacal-digital\/","url":"https:\/\/positiveprints.com\/es\/producto\/signo-zodiacal-digital\/","name":"Signo del Zodiaco Digital - Positive Prints","isPartOf":{"@id":"https:\/\/positiveprints.com\/es\/#website"},"primaryImageOfPage":{"@id":"https:\/\/positiveprints.com\/es\/producto\/signo-zodiacal-digital\/#primaryimage"},"image":{"@id":"https:\/\/positiveprints.com\/es\/producto\/signo-zodiacal-digital\/#primaryimage"},"thumbnailUrl":"https:\/\/positiveprints.com\/wp-content\/uploads\/2023\/08\/Arte-de-signos-zodiacales.jpg","datePublished":"2024-01-09T11:34:02+00:00","dateModified":"2026-04-23T10:11:45+00:00","description":"Desata la magia del Arte Digital de los Signos del Zodiaco: un regalo perfecto para los entusiastas de la astrolog\u00eda. Celebra su personalidad \u00fanica con esta obra de arte especial.","breadcrumb":{"@id":"https:\/\/positiveprints.com\/es\/producto\/signo-zodiacal-digital\/#breadcrumb"},"inLanguage":"es","potentialAction":[{"@type":"ReadAction","target":["https:\/\/positiveprints.com\/es\/producto\/signo-zodiacal-digital\/"]}]},{"@type":"ImageObject","inLanguage":"es","@id":"https:\/\/positiveprints.com\/es\/producto\/signo-zodiacal-digital\/#primaryimage","url":"https:\/\/positiveprints.com\/wp-content\/uploads\/2023\/08\/Arte-de-signos-zodiacales.jpg","contentUrl":"https:\/\/positiveprints.com\/wp-content\/uploads\/2023\/08\/Arte-de-signos-zodiacales.jpg","width":1080,"height":1080,"caption":"Arte de signos zodiacales"},{"@type":"BreadcrumbList","@id":"https:\/\/positiveprints.com\/es\/producto\/signo-zodiacal-digital\/#breadcrumb","itemListElement":[{"@type":"ListItem","position":1,"name":"CASA","item":"https:\/\/positiveprints.com\/es\/"},{"@type":"ListItem","position":2,"name":"Productos","item":"https:\/\/positiveprints.com\/es\/shop\/"},{"@type":"ListItem","position":3,"name":"Signo del Zodiaco Digital"}]},{"@type":"WebSite","@id":"https:\/\/positiveprints.com\/es\/#website","url":"https:\/\/positiveprints.com\/es\/","name":"Positive Prints","description":"Custom Gifts for Special Occasions","publisher":{"@id":"https:\/\/positiveprints.com\/es\/#organization"},"potentialAction":[{"@type":"SearchAction","target":{"@type":"EntryPoint","urlTemplate":"https:\/\/positiveprints.com\/es\/?s={search_term_string}"},"query-input":{"@type":"PropertyValueSpecification","valueRequired":true,"valueName":"search_term_string"}}],"inLanguage":"es"},{"@type":"Organization","@id":"https:\/\/positiveprints.com\/es\/#organization","name":"Positive Prints","alternateName":"Positive Prints ","url":"https:\/\/positiveprints.com\/es\/","logo":{"@type":"ImageObject","inLanguage":"es","@id":"https:\/\/positiveprints.com\/es\/#\/schema\/logo\/image\/","url":"https:\/\/positiveprints.com\/wp-content\/uploads\/2026\/03\/245815646_1337939713319158_5671353136411139666_n.png","contentUrl":"https:\/\/positiveprints.com\/wp-content\/uploads\/2026\/03\/245815646_1337939713319158_5671353136411139666_n.png","width":800,"height":800,"caption":"Positive Prints"},"image":{"@id":"https:\/\/positiveprints.com\/es\/#\/schema\/logo\/image\/"},"sameAs":["https:\/\/www.facebook.com\/positiveprintscom","https:\/\/www.instagram.com\/positiveprintscom\/","https:\/\/www.tiktok.com\/@positiveprintscom","https:\/\/www.pinterest.com\/positiveprintscom\/"]}]}},"jetpack_sharing_enabled":true,"_links":{"self":[{"href":"https:\/\/positiveprints.com\/es\/wp-json\/wp\/v2\/product\/1037813","targetHints":{"allow":["GET"]}}],"collection":[{"href":"https:\/\/positiveprints.com\/es\/wp-json\/wp\/v2\/product"}],"about":[{"href":"https:\/\/positiveprints.com\/es\/wp-json\/wp\/v2\/types\/product"}],"wp:featuredmedia":[{"embeddable":true,"href":"https:\/\/positiveprints.com\/es\/wp-json\/wp\/v2\/media\/651179"}],"wp:attachment":[{"href":"https:\/\/positiveprints.com\/es\/wp-json\/wp\/v2\/media?parent=1037813"}],"wp:term":[{"taxonomy":"product_brand","embeddable":true,"href":"https:\/\/positiveprints.com\/es\/wp-json\/wp\/v2\/product_brand?post=1037813"},{"taxonomy":"product_cat","embeddable":true,"href":"https:\/\/positiveprints.com\/es\/wp-json\/wp\/v2\/product_cat?post=1037813"},{"taxonomy":"product_tag","embeddable":true,"href":"https:\/\/positiveprints.com\/es\/wp-json\/wp\/v2\/product_tag?post=1037813"}],"curies":[{"name":"wp","href":"https:\/\/api.w.org\/{rel}","templated":true}]}}