{"id":1037792,"date":"2024-01-09T11:52:30","date_gmt":"2024-01-09T10:52:30","guid":{"rendered":"https:\/\/positiveprints.com\/product\/collage-digital-de-fotos-de-cartas\/"},"modified":"2026-04-23T11:11:49","modified_gmt":"2026-04-23T10:11:49","slug":"carta-foto-collage-digital","status":"publish","type":"product","link":"https:\/\/positiveprints.com\/es\/producto\/carta-foto-collage-digital\/","title":{"rendered":"Collage Digital de Fotos de Cartas"},"content":{"rendered":"","protected":false},"excerpt":{"rendered":"<ul class=\"check-list\">\n<li>Convierte tu foto en una obra de arte y mant\u00e9n tus recuerdos vivos para siempre<\/li>\n<li>Disponible inmediatamente despu\u00e9s de la compra<\/li>\n<li>Se puede imprimir en el formato que elijas<\/li>\n<li>Archivos JPEG de alta calidad de 300 ppp<\/li>\n<li>Ve el resultado de inmediato: la vista previa interactiva te permite perfeccionar cada detalle<\/li>\n<\/ul>\n","protected":false},"featured_media":461875,"template":"","meta":[],"product_brand":[],"product_cat":[8250,9124,7581,106],"product_tag":[8727],"class_list":{"0":"post-1037792","1":"product","2":"type-product","3":"status-publish","4":"has-post-thumbnail","6":"product_cat-digital-products-es","7":"product_cat-photo-letter-es","8":"product_cat-regalos-de-ultima-hora","9":"product_cat-todos-los-productos","10":"product_tag-last-minute-es","12":"first","13":"instock","14":"sale","15":"taxable","16":"shipping-taxable","17":"purchasable","18":"product-type-variable"},"yoast_head":"<!-- This site is optimized with the Yoast SEO Premium plugin v27.2 (Yoast SEO v27.2) - https:\/\/yoast.com\/product\/yoast-seo-premium-wordpress\/ -->\n<title>Collage Digital de Fotos de Cartas - Positive Prints<\/title>\n<meta name=\"description\" content=\"Transforma tus fotos, palabras y recuerdos en un collage fotogr\u00e1fico de cartas digitales. \u00a1Crea una obra de arte \u00fanica y significativa que durar\u00e1 a\u00f1os!\" \/>\n<meta name=\"robots\" content=\"index, follow, max-snippet:-1, max-image-preview:large, max-video-preview:-1\" \/>\n<link rel=\"canonical\" href=\"https:\/\/positiveprints.com\/es\/producto\/carta-foto-collage-digital\/\" \/>\n<meta property=\"og:locale\" content=\"es_ES\" \/>\n<meta property=\"og:type\" content=\"article\" \/>\n<meta property=\"og:title\" content=\"Collage Digital de Fotos de Cartas\" \/>\n<meta property=\"og:description\" content=\"Convierte tu foto en una obra de arte y mant\u00e9n tus recuerdos vivos para siempre Disponible inmediatamente despu\u00e9s de la compra  Se puede imprimir en el formato que elijas  Archivos JPEG de alta calidad de 300 ppp  Ve el resultado de inmediato: la vista previa interactiva te permite perfeccionar cada detalle\" \/>\n<meta property=\"og:url\" content=\"https:\/\/positiveprints.com\/es\/producto\/carta-foto-collage-digital\/\" \/>\n<meta property=\"og:site_name\" content=\"Positive Prints\" \/>\n<meta property=\"article:publisher\" content=\"https:\/\/www.facebook.com\/positiveprintscom\" \/>\n<meta property=\"article:modified_time\" content=\"2026-04-23T10:11:49+00:00\" \/>\n<meta property=\"og:image\" content=\"https:\/\/positiveprints.com\/wp-content\/uploads\/2023\/04\/Collage-fotografico-de-letras.jpg\" \/>\n\t<meta property=\"og:image:width\" content=\"1080\" \/>\n\t<meta property=\"og:image:height\" content=\"1080\" \/>\n\t<meta property=\"og:image:type\" content=\"image\/jpeg\" \/>\n<meta name=\"twitter:card\" content=\"summary_large_image\" \/>\n<!-- \/ Yoast SEO Premium plugin. -->","yoast_head_json":{"title":"Collage Digital de Fotos de Cartas - Positive Prints","description":"Transforma tus fotos, palabras y recuerdos en un collage fotogr\u00e1fico de cartas digitales. \u00a1Crea una obra de arte \u00fanica y significativa que durar\u00e1 a\u00f1os!","robots":{"index":"index","follow":"follow","max-snippet":"max-snippet:-1","max-image-preview":"max-image-preview:large","max-video-preview":"max-video-preview:-1"},"canonical":"https:\/\/positiveprints.com\/es\/producto\/carta-foto-collage-digital\/","og_locale":"es_ES","og_type":"article","og_title":"Collage Digital de Fotos de Cartas","og_description":"Convierte tu foto en una obra de arte y mant\u00e9n tus recuerdos vivos para siempre Disponible inmediatamente despu\u00e9s de la compra  Se puede imprimir en el formato que elijas  Archivos JPEG de alta calidad de 300 ppp  Ve el resultado de inmediato: la vista previa interactiva te permite perfeccionar cada detalle","og_url":"https:\/\/positiveprints.com\/es\/producto\/carta-foto-collage-digital\/","og_site_name":"Positive Prints","article_publisher":"https:\/\/www.facebook.com\/positiveprintscom","article_modified_time":"2026-04-23T10:11:49+00:00","og_image":[{"width":1080,"height":1080,"url":"https:\/\/positiveprints.com\/wp-content\/uploads\/2023\/04\/Collage-fotografico-de-letras.jpg","type":"image\/jpeg"}],"twitter_card":"summary_large_image","schema":{"@context":"https:\/\/schema.org","@graph":[{"@type":["WebPage","ItemPage"],"@id":"https:\/\/positiveprints.com\/es\/producto\/carta-foto-collage-digital\/","url":"https:\/\/positiveprints.com\/es\/producto\/carta-foto-collage-digital\/","name":"Collage Digital de Fotos de Cartas - Positive Prints","isPartOf":{"@id":"https:\/\/positiveprints.com\/es\/#website"},"primaryImageOfPage":{"@id":"https:\/\/positiveprints.com\/es\/producto\/carta-foto-collage-digital\/#primaryimage"},"image":{"@id":"https:\/\/positiveprints.com\/es\/producto\/carta-foto-collage-digital\/#primaryimage"},"thumbnailUrl":"https:\/\/positiveprints.com\/wp-content\/uploads\/2023\/04\/Collage-fotografico-de-letras.jpg","datePublished":"2024-01-09T10:52:30+00:00","dateModified":"2026-04-23T10:11:49+00:00","description":"Transforma tus fotos, palabras y recuerdos en un collage fotogr\u00e1fico de cartas digitales. \u00a1Crea una obra de arte \u00fanica y significativa que durar\u00e1 a\u00f1os!","breadcrumb":{"@id":"https:\/\/positiveprints.com\/es\/producto\/carta-foto-collage-digital\/#breadcrumb"},"inLanguage":"es","potentialAction":[{"@type":"ReadAction","target":["https:\/\/positiveprints.com\/es\/producto\/carta-foto-collage-digital\/"]}]},{"@type":"ImageObject","inLanguage":"es","@id":"https:\/\/positiveprints.com\/es\/producto\/carta-foto-collage-digital\/#primaryimage","url":"https:\/\/positiveprints.com\/wp-content\/uploads\/2023\/04\/Collage-fotografico-de-letras.jpg","contentUrl":"https:\/\/positiveprints.com\/wp-content\/uploads\/2023\/04\/Collage-fotografico-de-letras.jpg","width":1080,"height":1080,"caption":"Collage fotogr\u00e1fico de letras"},{"@type":"BreadcrumbList","@id":"https:\/\/positiveprints.com\/es\/producto\/carta-foto-collage-digital\/#breadcrumb","itemListElement":[{"@type":"ListItem","position":1,"name":"CASA","item":"https:\/\/positiveprints.com\/es\/"},{"@type":"ListItem","position":2,"name":"Productos","item":"https:\/\/positiveprints.com\/es\/shop\/"},{"@type":"ListItem","position":3,"name":"Collage Digital de Fotos de Cartas"}]},{"@type":"WebSite","@id":"https:\/\/positiveprints.com\/es\/#website","url":"https:\/\/positiveprints.com\/es\/","name":"Positive Prints","description":"Custom Gifts for Special Occasions","publisher":{"@id":"https:\/\/positiveprints.com\/es\/#organization"},"potentialAction":[{"@type":"SearchAction","target":{"@type":"EntryPoint","urlTemplate":"https:\/\/positiveprints.com\/es\/?s={search_term_string}"},"query-input":{"@type":"PropertyValueSpecification","valueRequired":true,"valueName":"search_term_string"}}],"inLanguage":"es"},{"@type":"Organization","@id":"https:\/\/positiveprints.com\/es\/#organization","name":"Positive Prints","alternateName":"Positive Prints ","url":"https:\/\/positiveprints.com\/es\/","logo":{"@type":"ImageObject","inLanguage":"es","@id":"https:\/\/positiveprints.com\/es\/#\/schema\/logo\/image\/","url":"https:\/\/positiveprints.com\/wp-content\/uploads\/2026\/03\/245815646_1337939713319158_5671353136411139666_n.png","contentUrl":"https:\/\/positiveprints.com\/wp-content\/uploads\/2026\/03\/245815646_1337939713319158_5671353136411139666_n.png","width":800,"height":800,"caption":"Positive Prints"},"image":{"@id":"https:\/\/positiveprints.com\/es\/#\/schema\/logo\/image\/"},"sameAs":["https:\/\/www.facebook.com\/positiveprintscom","https:\/\/www.instagram.com\/positiveprintscom\/","https:\/\/www.tiktok.com\/@positiveprintscom","https:\/\/www.pinterest.com\/positiveprintscom\/"]}]}},"jetpack_sharing_enabled":true,"_links":{"self":[{"href":"https:\/\/positiveprints.com\/es\/wp-json\/wp\/v2\/product\/1037792","targetHints":{"allow":["GET"]}}],"collection":[{"href":"https:\/\/positiveprints.com\/es\/wp-json\/wp\/v2\/product"}],"about":[{"href":"https:\/\/positiveprints.com\/es\/wp-json\/wp\/v2\/types\/product"}],"wp:featuredmedia":[{"embeddable":true,"href":"https:\/\/positiveprints.com\/es\/wp-json\/wp\/v2\/media\/461875"}],"wp:attachment":[{"href":"https:\/\/positiveprints.com\/es\/wp-json\/wp\/v2\/media?parent=1037792"}],"wp:term":[{"taxonomy":"product_brand","embeddable":true,"href":"https:\/\/positiveprints.com\/es\/wp-json\/wp\/v2\/product_brand?post=1037792"},{"taxonomy":"product_cat","embeddable":true,"href":"https:\/\/positiveprints.com\/es\/wp-json\/wp\/v2\/product_cat?post=1037792"},{"taxonomy":"product_tag","embeddable":true,"href":"https:\/\/positiveprints.com\/es\/wp-json\/wp\/v2\/product_tag?post=1037792"}],"curies":[{"name":"wp","href":"https:\/\/api.w.org\/{rel}","templated":true}]}}