{"id":1037502,"date":"2024-01-11T11:24:43","date_gmt":"2024-01-11T10:24:43","guid":{"rendered":"https:\/\/positiveprints.com\/product\/mapa-esquematico-digital\/"},"modified":"2026-04-28T14:01:47","modified_gmt":"2026-04-28T13:01:47","slug":"mapa-del-contorno-digital","status":"publish","type":"product","link":"https:\/\/positiveprints.com\/es\/producto\/mapa-del-contorno-digital\/","title":{"rendered":"Mapa Esquem\u00e1tico Digital"},"content":{"rendered":"","protected":false},"excerpt":{"rendered":"<ul class=\"check-list\">\n<li>Adorna tu casa con un bonito mapa en acuarela de tu pa\u00eds, isla o masa de agua favorita<\/li>\n<li>Disponible inmediatamente despu\u00e9s de la compra<\/li>\n<li>Se puede imprimir en el formato que elijas<\/li>\n<li>Archivos JPEG de alta calidad de 300 ppp<\/li>\n<li>Ve el resultado de inmediato: la vista previa interactiva te permite perfeccionar cada detalle<\/li>\n<\/ul>\n","protected":false},"featured_media":984434,"template":"","meta":[],"product_brand":[],"product_cat":[9167,8250,7581,106],"product_tag":[8727],"class_list":{"0":"post-1037502","1":"product","2":"type-product","3":"status-publish","4":"has-post-thumbnail","6":"product_cat-contorno","7":"product_cat-digital-products-es","8":"product_cat-regalos-de-ultima-hora","9":"product_cat-todos-los-productos","10":"product_tag-last-minute-es","12":"first","13":"instock","14":"sale","15":"taxable","16":"shipping-taxable","17":"purchasable","18":"product-type-variable"},"yoast_head":"<!-- This site is optimized with the Yoast SEO Premium plugin v27.2 (Yoast SEO v27.2) - https:\/\/yoast.com\/product\/yoast-seo-premium-wordpress\/ -->\n<title>Mapa de Contorno Digital - Positive Prints<\/title>\n<meta name=\"description\" content=\"Nuestro Mapa de Contorno Digital te permite dise\u00f1ar una obra de arte \u00fanica que capte la esencia de un lugar y un momento especiales.\" \/>\n<meta name=\"robots\" content=\"index, follow, max-snippet:-1, max-image-preview:large, max-video-preview:-1\" \/>\n<link rel=\"canonical\" href=\"https:\/\/positiveprints.com\/es\/producto\/mapa-del-contorno-digital\/\" \/>\n<meta property=\"og:locale\" content=\"es_ES\" \/>\n<meta property=\"og:type\" content=\"article\" \/>\n<meta property=\"og:title\" content=\"Mapa Esquem\u00e1tico Digital\" \/>\n<meta property=\"og:description\" content=\"Adorna tu casa con un bonito mapa en acuarela de tu pa\u00eds, isla o masa de agua favorita  Disponible inmediatamente despu\u00e9s de la compra  Se puede imprimir en el formato que elijas  Archivos JPEG de alta calidad de 300 ppp  Ve el resultado de inmediato: la vista previa interactiva te permite perfeccionar cada detalle\" \/>\n<meta property=\"og:url\" content=\"https:\/\/positiveprints.com\/es\/producto\/mapa-del-contorno-digital\/\" \/>\n<meta property=\"og:site_name\" content=\"Positive Prints\" \/>\n<meta property=\"article:publisher\" content=\"https:\/\/www.facebook.com\/positiveprintscom\" \/>\n<meta property=\"article:modified_time\" content=\"2026-04-28T13:01:47+00:00\" \/>\n<meta property=\"og:image\" content=\"https:\/\/positiveprints.com\/wp-content\/uploads\/2023\/10\/Mapa-personalizado-en-acuarela.jpg\" \/>\n\t<meta property=\"og:image:width\" content=\"1080\" \/>\n\t<meta property=\"og:image:height\" content=\"1080\" \/>\n\t<meta property=\"og:image:type\" content=\"image\/jpeg\" \/>\n<meta name=\"twitter:card\" content=\"summary_large_image\" \/>\n<!-- \/ Yoast SEO Premium plugin. -->","yoast_head_json":{"title":"Mapa de Contorno Digital - Positive Prints","description":"Nuestro Mapa de Contorno Digital te permite dise\u00f1ar una obra de arte \u00fanica que capte la esencia de un lugar y un momento especiales.","robots":{"index":"index","follow":"follow","max-snippet":"max-snippet:-1","max-image-preview":"max-image-preview:large","max-video-preview":"max-video-preview:-1"},"canonical":"https:\/\/positiveprints.com\/es\/producto\/mapa-del-contorno-digital\/","og_locale":"es_ES","og_type":"article","og_title":"Mapa Esquem\u00e1tico Digital","og_description":"Adorna tu casa con un bonito mapa en acuarela de tu pa\u00eds, isla o masa de agua favorita  Disponible inmediatamente despu\u00e9s de la compra  Se puede imprimir en el formato que elijas  Archivos JPEG de alta calidad de 300 ppp  Ve el resultado de inmediato: la vista previa interactiva te permite perfeccionar cada detalle","og_url":"https:\/\/positiveprints.com\/es\/producto\/mapa-del-contorno-digital\/","og_site_name":"Positive Prints","article_publisher":"https:\/\/www.facebook.com\/positiveprintscom","article_modified_time":"2026-04-28T13:01:47+00:00","og_image":[{"width":1080,"height":1080,"url":"https:\/\/positiveprints.com\/wp-content\/uploads\/2023\/10\/Mapa-personalizado-en-acuarela.jpg","type":"image\/jpeg"}],"twitter_card":"summary_large_image","schema":{"@context":"https:\/\/schema.org","@graph":[{"@type":["WebPage","ItemPage"],"@id":"https:\/\/positiveprints.com\/es\/producto\/mapa-del-contorno-digital\/","url":"https:\/\/positiveprints.com\/es\/producto\/mapa-del-contorno-digital\/","name":"Mapa de Contorno Digital - Positive Prints","isPartOf":{"@id":"https:\/\/positiveprints.com\/es\/#website"},"primaryImageOfPage":{"@id":"https:\/\/positiveprints.com\/es\/producto\/mapa-del-contorno-digital\/#primaryimage"},"image":{"@id":"https:\/\/positiveprints.com\/es\/producto\/mapa-del-contorno-digital\/#primaryimage"},"thumbnailUrl":"https:\/\/positiveprints.com\/wp-content\/uploads\/2023\/10\/Mapa-personalizado-en-acuarela.jpg","datePublished":"2024-01-11T10:24:43+00:00","dateModified":"2026-04-28T13:01:47+00:00","description":"Nuestro Mapa de Contorno Digital te permite dise\u00f1ar una obra de arte \u00fanica que capte la esencia de un lugar y un momento especiales.","breadcrumb":{"@id":"https:\/\/positiveprints.com\/es\/producto\/mapa-del-contorno-digital\/#breadcrumb"},"inLanguage":"es","potentialAction":[{"@type":"ReadAction","target":["https:\/\/positiveprints.com\/es\/producto\/mapa-del-contorno-digital\/"]}]},{"@type":"ImageObject","inLanguage":"es","@id":"https:\/\/positiveprints.com\/es\/producto\/mapa-del-contorno-digital\/#primaryimage","url":"https:\/\/positiveprints.com\/wp-content\/uploads\/2023\/10\/Mapa-personalizado-en-acuarela.jpg","contentUrl":"https:\/\/positiveprints.com\/wp-content\/uploads\/2023\/10\/Mapa-personalizado-en-acuarela.jpg","width":1080,"height":1080,"caption":"Mapa personalizado en acuarela"},{"@type":"BreadcrumbList","@id":"https:\/\/positiveprints.com\/es\/producto\/mapa-del-contorno-digital\/#breadcrumb","itemListElement":[{"@type":"ListItem","position":1,"name":"CASA","item":"https:\/\/positiveprints.com\/es\/"},{"@type":"ListItem","position":2,"name":"Productos","item":"https:\/\/positiveprints.com\/es\/shop\/"},{"@type":"ListItem","position":3,"name":"Mapa Esquem\u00e1tico Digital"}]},{"@type":"WebSite","@id":"https:\/\/positiveprints.com\/es\/#website","url":"https:\/\/positiveprints.com\/es\/","name":"Positive Prints","description":"Custom Gifts for Special Occasions","publisher":{"@id":"https:\/\/positiveprints.com\/es\/#organization"},"potentialAction":[{"@type":"SearchAction","target":{"@type":"EntryPoint","urlTemplate":"https:\/\/positiveprints.com\/es\/?s={search_term_string}"},"query-input":{"@type":"PropertyValueSpecification","valueRequired":true,"valueName":"search_term_string"}}],"inLanguage":"es"},{"@type":"Organization","@id":"https:\/\/positiveprints.com\/es\/#organization","name":"Positive Prints","alternateName":"Positive Prints ","url":"https:\/\/positiveprints.com\/es\/","logo":{"@type":"ImageObject","inLanguage":"es","@id":"https:\/\/positiveprints.com\/es\/#\/schema\/logo\/image\/","url":"https:\/\/positiveprints.com\/wp-content\/uploads\/2026\/03\/245815646_1337939713319158_5671353136411139666_n.png","contentUrl":"https:\/\/positiveprints.com\/wp-content\/uploads\/2026\/03\/245815646_1337939713319158_5671353136411139666_n.png","width":800,"height":800,"caption":"Positive Prints"},"image":{"@id":"https:\/\/positiveprints.com\/es\/#\/schema\/logo\/image\/"},"sameAs":["https:\/\/www.facebook.com\/positiveprintscom","https:\/\/www.instagram.com\/positiveprintscom\/","https:\/\/www.tiktok.com\/@positiveprintscom","https:\/\/www.pinterest.com\/positiveprintscom\/"]}]}},"jetpack_sharing_enabled":true,"_links":{"self":[{"href":"https:\/\/positiveprints.com\/es\/wp-json\/wp\/v2\/product\/1037502","targetHints":{"allow":["GET"]}}],"collection":[{"href":"https:\/\/positiveprints.com\/es\/wp-json\/wp\/v2\/product"}],"about":[{"href":"https:\/\/positiveprints.com\/es\/wp-json\/wp\/v2\/types\/product"}],"wp:featuredmedia":[{"embeddable":true,"href":"https:\/\/positiveprints.com\/es\/wp-json\/wp\/v2\/media\/984434"}],"wp:attachment":[{"href":"https:\/\/positiveprints.com\/es\/wp-json\/wp\/v2\/media?parent=1037502"}],"wp:term":[{"taxonomy":"product_brand","embeddable":true,"href":"https:\/\/positiveprints.com\/es\/wp-json\/wp\/v2\/product_brand?post=1037502"},{"taxonomy":"product_cat","embeddable":true,"href":"https:\/\/positiveprints.com\/es\/wp-json\/wp\/v2\/product_cat?post=1037502"},{"taxonomy":"product_tag","embeddable":true,"href":"https:\/\/positiveprints.com\/es\/wp-json\/wp\/v2\/product_tag?post=1037502"}],"curies":[{"name":"wp","href":"https:\/\/api.w.org\/{rel}","templated":true}]}}