{"id":1037475,"date":"2024-01-11T11:04:49","date_gmt":"2024-01-11T10:04:49","guid":{"rendered":"https:\/\/positiveprints.com\/product\/arte-lineal-digital\/"},"modified":"2026-04-07T13:57:48","modified_gmt":"2026-04-07T12:57:48","slug":"arte-lineal-digital","status":"publish","type":"product","link":"https:\/\/positiveprints.com\/es\/producto\/arte-lineal-digital\/","title":{"rendered":"Arte lineal digital"},"content":{"rendered":"","protected":false},"excerpt":{"rendered":"<ul class=\"check-list\">\n<li>Deja que nuestros artistas dibujen un arte lineal \u00fanico a partir de tu foto para que puedas compartirlo con tus personas favoritas del mundo<\/li>\n<li>Dibujado y entregado en tu buz\u00f3n de correo electr\u00f3nico en 2-3 d\u00edas laborables<\/li>\n<li>Se puede imprimir en el formato que elijas<\/li>\n<li>Archivos JPEG de alta calidad de 300 ppp<\/li>\n<li>2 revisiones disponibles a petici\u00f3n tuya<\/li>\n<\/ul>\n","protected":false},"featured_media":1357589,"template":"","meta":[],"product_brand":[],"product_cat":[8250,9183,106,7581],"product_tag":[8727],"class_list":{"0":"post-1037475","1":"product","2":"type-product","3":"status-publish","4":"has-post-thumbnail","6":"product_cat-digital-products-es","7":"product_cat-line-art-es","8":"product_cat-todos-los-productos","9":"product_cat-regalos-de-ultima-hora","10":"product_tag-last-minute-es","12":"first","13":"instock","14":"sale","15":"taxable","16":"shipping-taxable","17":"purchasable","18":"product-type-variable"},"yoast_head":"<!-- This site is optimized with the Yoast SEO Premium plugin v27.2 (Yoast SEO v27.2) - https:\/\/yoast.com\/product\/yoast-seo-premium-wordpress\/ -->\n<title>Arte Lineal Digital - Positive Prints<\/title>\n<meta name=\"description\" content=\"Crea Arte Lineal Digital Personalizado \u00fanico con tu foto. Dibujado a mano por artistas expertos, a\u00f1ade un mensaje personal. Perfecto para cualquier ocasi\u00f3n. Haz tu pedido\" \/>\n<meta name=\"robots\" content=\"index, follow, max-snippet:-1, max-image-preview:large, max-video-preview:-1\" \/>\n<link rel=\"canonical\" href=\"https:\/\/positiveprints.com\/es\/producto\/arte-lineal-digital\/\" \/>\n<meta property=\"og:locale\" content=\"es_ES\" \/>\n<meta property=\"og:type\" content=\"article\" \/>\n<meta property=\"og:title\" content=\"Arte lineal digital\" \/>\n<meta property=\"og:description\" content=\"Deja que nuestros artistas dibujen un arte lineal \u00fanico a partir de tu foto para que puedas compartirlo con tus personas favoritas del mundo Dibujado y entregado en tu buz\u00f3n de correo electr\u00f3nico en 2-3 d\u00edas laborables  Se puede imprimir en el formato que elijas  Archivos JPEG de alta calidad de 300 ppp  2 revisiones disponibles a petici\u00f3n tuya\" \/>\n<meta property=\"og:url\" content=\"https:\/\/positiveprints.com\/es\/producto\/arte-lineal-digital\/\" \/>\n<meta property=\"og:site_name\" content=\"Positive Prints\" \/>\n<meta property=\"article:publisher\" content=\"https:\/\/www.facebook.com\/positiveprintscom\" \/>\n<meta property=\"article:modified_time\" content=\"2026-04-07T12:57:48+00:00\" \/>\n<meta property=\"og:image\" content=\"https:\/\/positiveprints.com\/wp-content\/uploads\/2023\/11\/Arte-lineal-personalizado.jpg\" \/>\n\t<meta property=\"og:image:width\" content=\"1080\" \/>\n\t<meta property=\"og:image:height\" content=\"1080\" \/>\n\t<meta property=\"og:image:type\" content=\"image\/jpeg\" \/>\n<meta name=\"twitter:card\" content=\"summary_large_image\" \/>\n<!-- \/ Yoast SEO Premium plugin. -->","yoast_head_json":{"title":"Arte Lineal Digital - Positive Prints","description":"Crea Arte Lineal Digital Personalizado \u00fanico con tu foto. Dibujado a mano por artistas expertos, a\u00f1ade un mensaje personal. Perfecto para cualquier ocasi\u00f3n. Haz tu pedido","robots":{"index":"index","follow":"follow","max-snippet":"max-snippet:-1","max-image-preview":"max-image-preview:large","max-video-preview":"max-video-preview:-1"},"canonical":"https:\/\/positiveprints.com\/es\/producto\/arte-lineal-digital\/","og_locale":"es_ES","og_type":"article","og_title":"Arte lineal digital","og_description":"Deja que nuestros artistas dibujen un arte lineal \u00fanico a partir de tu foto para que puedas compartirlo con tus personas favoritas del mundo Dibujado y entregado en tu buz\u00f3n de correo electr\u00f3nico en 2-3 d\u00edas laborables  Se puede imprimir en el formato que elijas  Archivos JPEG de alta calidad de 300 ppp  2 revisiones disponibles a petici\u00f3n tuya","og_url":"https:\/\/positiveprints.com\/es\/producto\/arte-lineal-digital\/","og_site_name":"Positive Prints","article_publisher":"https:\/\/www.facebook.com\/positiveprintscom","article_modified_time":"2026-04-07T12:57:48+00:00","og_image":[{"width":1080,"height":1080,"url":"https:\/\/positiveprints.com\/wp-content\/uploads\/2023\/11\/Arte-lineal-personalizado.jpg","type":"image\/jpeg"}],"twitter_card":"summary_large_image","schema":{"@context":"https:\/\/schema.org","@graph":[{"@type":["WebPage","ItemPage"],"@id":"https:\/\/positiveprints.com\/es\/producto\/arte-lineal-digital\/","url":"https:\/\/positiveprints.com\/es\/producto\/arte-lineal-digital\/","name":"Arte Lineal Digital - Positive Prints","isPartOf":{"@id":"https:\/\/positiveprints.com\/es\/#website"},"primaryImageOfPage":{"@id":"https:\/\/positiveprints.com\/es\/producto\/arte-lineal-digital\/#primaryimage"},"image":{"@id":"https:\/\/positiveprints.com\/es\/producto\/arte-lineal-digital\/#primaryimage"},"thumbnailUrl":"https:\/\/positiveprints.com\/wp-content\/uploads\/2025\/02\/Arte-lineal-digital-1.webp","datePublished":"2024-01-11T10:04:49+00:00","dateModified":"2026-04-07T12:57:48+00:00","description":"Crea Arte Lineal Digital Personalizado \u00fanico con tu foto. Dibujado a mano por artistas expertos, a\u00f1ade un mensaje personal. Perfecto para cualquier ocasi\u00f3n. Haz tu pedido","breadcrumb":{"@id":"https:\/\/positiveprints.com\/es\/producto\/arte-lineal-digital\/#breadcrumb"},"inLanguage":"es","potentialAction":[{"@type":"ReadAction","target":["https:\/\/positiveprints.com\/es\/producto\/arte-lineal-digital\/"]}]},{"@type":"ImageObject","inLanguage":"es","@id":"https:\/\/positiveprints.com\/es\/producto\/arte-lineal-digital\/#primaryimage","url":"https:\/\/positiveprints.com\/wp-content\/uploads\/2025\/02\/Arte-lineal-digital-1.webp","contentUrl":"https:\/\/positiveprints.com\/wp-content\/uploads\/2025\/02\/Arte-lineal-digital-1.webp","width":1450,"height":1450},{"@type":"BreadcrumbList","@id":"https:\/\/positiveprints.com\/es\/producto\/arte-lineal-digital\/#breadcrumb","itemListElement":[{"@type":"ListItem","position":1,"name":"CASA","item":"https:\/\/positiveprints.com\/es\/"},{"@type":"ListItem","position":2,"name":"Productos","item":"https:\/\/positiveprints.com\/es\/shop\/"},{"@type":"ListItem","position":3,"name":"Arte lineal digital"}]},{"@type":"WebSite","@id":"https:\/\/positiveprints.com\/es\/#website","url":"https:\/\/positiveprints.com\/es\/","name":"Positive Prints","description":"Custom Gifts for Special Occasions","publisher":{"@id":"https:\/\/positiveprints.com\/es\/#organization"},"potentialAction":[{"@type":"SearchAction","target":{"@type":"EntryPoint","urlTemplate":"https:\/\/positiveprints.com\/es\/?s={search_term_string}"},"query-input":{"@type":"PropertyValueSpecification","valueRequired":true,"valueName":"search_term_string"}}],"inLanguage":"es"},{"@type":"Organization","@id":"https:\/\/positiveprints.com\/es\/#organization","name":"Positive Prints","alternateName":"Positive Prints","url":"https:\/\/positiveprints.com\/es\/","logo":{"@type":"ImageObject","inLanguage":"es","@id":"https:\/\/positiveprints.com\/es\/#\/schema\/logo\/image\/","url":"https:\/\/positiveprints.com\/wp-content\/uploads\/2026\/03\/245815646_1337939713319158_5671353136411139666_n.png","contentUrl":"https:\/\/positiveprints.com\/wp-content\/uploads\/2026\/03\/245815646_1337939713319158_5671353136411139666_n.png","width":800,"height":800,"caption":"Positive Prints"},"image":{"@id":"https:\/\/positiveprints.com\/es\/#\/schema\/logo\/image\/"},"sameAs":["https:\/\/www.facebook.com\/positiveprintscom","https:\/\/www.instagram.com\/positiveprintscom\/","https:\/\/www.tiktok.com\/@positiveprintscom","https:\/\/www.pinterest.com\/positiveprintscom\/"]}]}},"jetpack_sharing_enabled":true,"_links":{"self":[{"href":"https:\/\/positiveprints.com\/es\/wp-json\/wp\/v2\/product\/1037475","targetHints":{"allow":["GET"]}}],"collection":[{"href":"https:\/\/positiveprints.com\/es\/wp-json\/wp\/v2\/product"}],"about":[{"href":"https:\/\/positiveprints.com\/es\/wp-json\/wp\/v2\/types\/product"}],"wp:featuredmedia":[{"embeddable":true,"href":"https:\/\/positiveprints.com\/es\/wp-json\/wp\/v2\/media\/1357589"}],"wp:attachment":[{"href":"https:\/\/positiveprints.com\/es\/wp-json\/wp\/v2\/media?parent=1037475"}],"wp:term":[{"taxonomy":"product_brand","embeddable":true,"href":"https:\/\/positiveprints.com\/es\/wp-json\/wp\/v2\/product_brand?post=1037475"},{"taxonomy":"product_cat","embeddable":true,"href":"https:\/\/positiveprints.com\/es\/wp-json\/wp\/v2\/product_cat?post=1037475"},{"taxonomy":"product_tag","embeddable":true,"href":"https:\/\/positiveprints.com\/es\/wp-json\/wp\/v2\/product_tag?post=1037475"}],"curies":[{"name":"wp","href":"https:\/\/api.w.org\/{rel}","templated":true}]}}