{"id":1036338,"date":"2024-01-11T11:40:44","date_gmt":"2024-01-11T09:40:44","guid":{"rendered":"https:\/\/positiveprints.com\/?post_type=product&#038;p=1036338"},"modified":"2026-04-18T04:40:23","modified_gmt":"2026-04-18T03:40:23","slug":"mapa-estrella-con-foto-personalizado","status":"publish","type":"product","link":"https:\/\/positiveprints.com\/es\/producto\/mapa-estrella-con-foto-personalizado\/","title":{"rendered":"Mapa estelar personalizado con foto"},"content":{"rendered":"<p>\u00bfBuscas un regalo \u00fanico y sincero que capture momentos especiales en el tiempo? Nuestro Mapa estelar personalizado con foto es la elecci\u00f3n perfecta. Crea recuerdos entra\u00f1ables para cumplea\u00f1os, aniversarios, compromisos o cualquier acontecimiento significativo. Este regalo personalizado iluminar\u00e1 su mundo con estrellas y emociones.<\/p>\r\n\r\n<h2>\u00bfQu\u00e9 es el Mapa Estelar Personalizado con Foto?<\/h2>\r\n\r\n<p>Dise\u00f1ar tu obra de arte es f\u00e1cil con nuestro creador en l\u00ednea. S\u00f3lo tienes que seleccionar el estilo que prefieras, elegir los elementos del mapa, como constelaciones o la V\u00eda L\u00e1ctea, y a\u00f1adir un t\u00edtulo significativo. Introduce la fecha y el lugar concretos, y observa c\u00f3mo cobra vida el mapa estelar en la vista previa en l\u00ednea. Sube una foto para hacerlo a\u00fan m\u00e1s personal.<\/p>\r\n\r\n<p>Un Mapa Estelar Personalizado con Foto es una instant\u00e1nea celestial del cielo nocturno en una fecha y un lugar que tienen un valor sentimental para ti. Es una asombrosa representaci\u00f3n de las estrellas y constelaciones que adornaron los cielos durante el momento que elegiste.<\/p>\r\n\r\n<h2>Regalo perfecto y recuerdo duradero<\/h2>\r\n\r\n<p>Este exquisito mapa estelar personalizado no es s\u00f3lo un regalo. Es una experiencia emocional. Es perfecto para celebrar el amor, los recuerdos entra\u00f1ables y los nuevos comienzos. Ya sea un aniversario, el d\u00eda en que os conocisteis, un cumplea\u00f1os o cualquier ocasi\u00f3n especial, capta maravillosamente la esencia de la magia del cielo nocturno. Imagina la alegr\u00eda y el asombro cuando contemplen las estrellas que brillaron durante su memorable noche.<\/p>\r\n\r\n<p>Como regalo, el Mapa estelar personalizado con foto se convierte en un preciado recuerdo. Es un tema de conversaci\u00f3n que despierta nostalgia y felicidad. Cada vez que lo miren, se transportar\u00e1n a ese momento tan significativo, reviviendo las emociones una y otra vez. Haz que tu regalo sea inolvidable con este <a href=\"https:\/\/positiveprints.com\/product\/star-map\/\">mapa estelar<\/a> \u00fanico y <a href=\"https:\/\/positiveprints.com\/product\/star-map\/\">personalizado<\/a>.<\/p>","protected":false},"excerpt":{"rendered":"<ul class=\"check-list\">\n<li>Conmemora tu momento especial con una vista de las estrellas y una foto memorable<\/li>\n<li>A\u00f1ade constelaciones a tu mapa estelar y elige una foto<\/li>\n<li>Usa nuestro editor para personalizar tu dise\u00f1o en apenas tres pasos<\/li>\n<li>A\u00f1ade un mensaje personalizado para que\u00a0tu dise\u00f1o sea \u00fanico y especial<\/li>\n<li>Visualiza tu dise\u00f1o de forma r\u00e1pida usando la vista previa interactiva<\/li>\n<\/ul>\n","protected":false},"featured_media":1254225,"template":"","meta":[],"product_brand":[],"product_cat":[9106,106,265,8012,7693],"product_tag":[14920,8423],"class_list":{"0":"post-1036338","1":"product","2":"type-product","3":"status-publish","4":"has-post-thumbnail","6":"product_cat-duo-stars-es","7":"product_cat-todos-los-productos","8":"product_cat-creators-es-2","9":"product_cat-regalos-para-hombres","10":"product_cat-regalos-para-mujeres","11":"product_tag-creators-es-2","12":"product_tag-creators-es","14":"first","15":"instock","16":"sale","17":"taxable","18":"shipping-taxable","19":"purchasable","20":"product-type-variable"},"yoast_head":"<!-- This site is optimized with the Yoast SEO Premium plugin v27.2 (Yoast SEO v27.2) - https:\/\/yoast.com\/product\/yoast-seo-premium-wordpress\/ -->\n<title>Mapa Estelar Personalizado con Foto - Positive Prints<\/title>\n<meta name=\"description\" content=\"\u00bfBuscas un regalo \u00fanico y sincero que capture momentos especiales en el tiempo? Nuestro Mapa estelar personalizado con foto es la elecci\u00f3n perfecta.\" \/>\n<meta name=\"robots\" content=\"index, follow, max-snippet:-1, max-image-preview:large, max-video-preview:-1\" \/>\n<link rel=\"canonical\" href=\"https:\/\/positiveprints.com\/es\/producto\/mapa-estrella-con-foto-personalizado\/\" \/>\n<meta property=\"og:locale\" content=\"es_ES\" \/>\n<meta property=\"og:type\" content=\"article\" \/>\n<meta property=\"og:title\" content=\"Mapa estelar personalizado con foto\" \/>\n<meta property=\"og:description\" content=\"Conmemora tu momento especial con una vista de las estrellas y una foto memorable  A\u00f1ade constelaciones a tu mapa estelar y elige una foto  Usa nuestro editor para personalizar tu dise\u00f1o en apenas tres pasos  A\u00f1ade un mensaje personalizado para que\u00a0tu dise\u00f1o sea \u00fanico y especial  Visualiza tu dise\u00f1o de forma r\u00e1pida usando la vista previa interactiva\" \/>\n<meta property=\"og:url\" content=\"https:\/\/positiveprints.com\/es\/producto\/mapa-estrella-con-foto-personalizado\/\" \/>\n<meta property=\"og:site_name\" content=\"Positive Prints\" \/>\n<meta property=\"article:publisher\" content=\"https:\/\/www.facebook.com\/positiveprintscom\" \/>\n<meta property=\"article:modified_time\" content=\"2026-04-18T03:40:23+00:00\" \/>\n<meta property=\"og:image\" content=\"https:\/\/positiveprints.com\/wp-content\/uploads\/2024\/11\/ES_PACKSHOT_Digital-Star-Map-with-Photo-product-image-.webp\" \/>\n\t<meta property=\"og:image:width\" content=\"1450\" \/>\n\t<meta property=\"og:image:height\" content=\"1450\" \/>\n\t<meta property=\"og:image:type\" content=\"image\/webp\" \/>\n<meta name=\"twitter:card\" content=\"summary_large_image\" \/>\n<meta name=\"twitter:label1\" content=\"Tiempo de lectura\" \/>\n\t<meta name=\"twitter:data1\" content=\"2 minutos\" \/>\n<!-- \/ Yoast SEO Premium plugin. -->","yoast_head_json":{"title":"Mapa Estelar Personalizado con Foto - Positive Prints","description":"\u00bfBuscas un regalo \u00fanico y sincero que capture momentos especiales en el tiempo? Nuestro Mapa estelar personalizado con foto es la elecci\u00f3n perfecta.","robots":{"index":"index","follow":"follow","max-snippet":"max-snippet:-1","max-image-preview":"max-image-preview:large","max-video-preview":"max-video-preview:-1"},"canonical":"https:\/\/positiveprints.com\/es\/producto\/mapa-estrella-con-foto-personalizado\/","og_locale":"es_ES","og_type":"article","og_title":"Mapa estelar personalizado con foto","og_description":"Conmemora tu momento especial con una vista de las estrellas y una foto memorable  A\u00f1ade constelaciones a tu mapa estelar y elige una foto  Usa nuestro editor para personalizar tu dise\u00f1o en apenas tres pasos  A\u00f1ade un mensaje personalizado para que\u00a0tu dise\u00f1o sea \u00fanico y especial  Visualiza tu dise\u00f1o de forma r\u00e1pida usando la vista previa interactiva","og_url":"https:\/\/positiveprints.com\/es\/producto\/mapa-estrella-con-foto-personalizado\/","og_site_name":"Positive Prints","article_publisher":"https:\/\/www.facebook.com\/positiveprintscom","article_modified_time":"2026-04-18T03:40:23+00:00","og_image":[{"width":1450,"height":1450,"url":"https:\/\/positiveprints.com\/wp-content\/uploads\/2024\/11\/ES_PACKSHOT_Digital-Star-Map-with-Photo-product-image-.webp","type":"image\/webp"}],"twitter_card":"summary_large_image","twitter_misc":{"Tiempo de lectura":"2 minutos"},"schema":{"@context":"https:\/\/schema.org","@graph":[{"@type":["WebPage","ItemPage"],"@id":"https:\/\/positiveprints.com\/es\/producto\/mapa-estrella-con-foto-personalizado\/","url":"https:\/\/positiveprints.com\/es\/producto\/mapa-estrella-con-foto-personalizado\/","name":"Mapa Estelar Personalizado con Foto - Positive Prints","isPartOf":{"@id":"https:\/\/positiveprints.com\/es\/#website"},"primaryImageOfPage":{"@id":"https:\/\/positiveprints.com\/es\/producto\/mapa-estrella-con-foto-personalizado\/#primaryimage"},"image":{"@id":"https:\/\/positiveprints.com\/es\/producto\/mapa-estrella-con-foto-personalizado\/#primaryimage"},"thumbnailUrl":"https:\/\/positiveprints.com\/wp-content\/uploads\/2024\/11\/ES_PACKSHOT_Digital-Star-Map-with-Photo-product-image-.webp","datePublished":"2024-01-11T09:40:44+00:00","dateModified":"2026-04-18T03:40:23+00:00","description":"\u00bfBuscas un regalo \u00fanico y sincero que capture momentos especiales en el tiempo? Nuestro Mapa estelar personalizado con foto es la elecci\u00f3n perfecta.","breadcrumb":{"@id":"https:\/\/positiveprints.com\/es\/producto\/mapa-estrella-con-foto-personalizado\/#breadcrumb"},"inLanguage":"es","potentialAction":[{"@type":"ReadAction","target":["https:\/\/positiveprints.com\/es\/producto\/mapa-estrella-con-foto-personalizado\/"]}]},{"@type":"ImageObject","inLanguage":"es","@id":"https:\/\/positiveprints.com\/es\/producto\/mapa-estrella-con-foto-personalizado\/#primaryimage","url":"https:\/\/positiveprints.com\/wp-content\/uploads\/2024\/11\/ES_PACKSHOT_Digital-Star-Map-with-Photo-product-image-.webp","contentUrl":"https:\/\/positiveprints.com\/wp-content\/uploads\/2024\/11\/ES_PACKSHOT_Digital-Star-Map-with-Photo-product-image-.webp","width":1450,"height":1450},{"@type":"BreadcrumbList","@id":"https:\/\/positiveprints.com\/es\/producto\/mapa-estrella-con-foto-personalizado\/#breadcrumb","itemListElement":[{"@type":"ListItem","position":1,"name":"CASA","item":"https:\/\/positiveprints.com\/es\/"},{"@type":"ListItem","position":2,"name":"Productos","item":"https:\/\/positiveprints.com\/es\/shop\/"},{"@type":"ListItem","position":3,"name":"Mapa estelar personalizado con foto"}]},{"@type":"WebSite","@id":"https:\/\/positiveprints.com\/es\/#website","url":"https:\/\/positiveprints.com\/es\/","name":"Positive Prints","description":"Custom Gifts for Special Occasions","publisher":{"@id":"https:\/\/positiveprints.com\/es\/#organization"},"potentialAction":[{"@type":"SearchAction","target":{"@type":"EntryPoint","urlTemplate":"https:\/\/positiveprints.com\/es\/?s={search_term_string}"},"query-input":{"@type":"PropertyValueSpecification","valueRequired":true,"valueName":"search_term_string"}}],"inLanguage":"es"},{"@type":"Organization","@id":"https:\/\/positiveprints.com\/es\/#organization","name":"Positive Prints","alternateName":"Positive Prints","url":"https:\/\/positiveprints.com\/es\/","logo":{"@type":"ImageObject","inLanguage":"es","@id":"https:\/\/positiveprints.com\/es\/#\/schema\/logo\/image\/","url":"https:\/\/positiveprints.com\/wp-content\/uploads\/2026\/03\/245815646_1337939713319158_5671353136411139666_n.png","contentUrl":"https:\/\/positiveprints.com\/wp-content\/uploads\/2026\/03\/245815646_1337939713319158_5671353136411139666_n.png","width":800,"height":800,"caption":"Positive Prints"},"image":{"@id":"https:\/\/positiveprints.com\/es\/#\/schema\/logo\/image\/"},"sameAs":["https:\/\/www.facebook.com\/positiveprintscom","https:\/\/www.instagram.com\/positiveprintscom\/","https:\/\/www.tiktok.com\/@positiveprintscom","https:\/\/www.pinterest.com\/positiveprintscom\/"]}]}},"jetpack_sharing_enabled":true,"_links":{"self":[{"href":"https:\/\/positiveprints.com\/es\/wp-json\/wp\/v2\/product\/1036338","targetHints":{"allow":["GET"]}}],"collection":[{"href":"https:\/\/positiveprints.com\/es\/wp-json\/wp\/v2\/product"}],"about":[{"href":"https:\/\/positiveprints.com\/es\/wp-json\/wp\/v2\/types\/product"}],"wp:featuredmedia":[{"embeddable":true,"href":"https:\/\/positiveprints.com\/es\/wp-json\/wp\/v2\/media\/1254225"}],"wp:attachment":[{"href":"https:\/\/positiveprints.com\/es\/wp-json\/wp\/v2\/media?parent=1036338"}],"wp:term":[{"taxonomy":"product_brand","embeddable":true,"href":"https:\/\/positiveprints.com\/es\/wp-json\/wp\/v2\/product_brand?post=1036338"},{"taxonomy":"product_cat","embeddable":true,"href":"https:\/\/positiveprints.com\/es\/wp-json\/wp\/v2\/product_cat?post=1036338"},{"taxonomy":"product_tag","embeddable":true,"href":"https:\/\/positiveprints.com\/es\/wp-json\/wp\/v2\/product_tag?post=1036338"}],"curies":[{"name":"wp","href":"https:\/\/api.w.org\/{rel}","templated":true}]}}