{"id":1008067,"date":"2023-10-21T19:23:51","date_gmt":"2023-10-21T18:23:51","guid":{"rendered":"https:\/\/positiveprints.com\/product\/mapa-acuarela-donde-todo-empezo\/"},"modified":"2026-04-03T03:03:33","modified_gmt":"2026-04-03T02:03:33","slug":"acuarela-donde-todo-empezo-mapa","status":"publish","type":"product","link":"https:\/\/positiveprints.com\/es\/producto\/acuarela-donde-todo-empezo-mapa\/","title":{"rendered":"Mapa Acuarela Donde Todo Empez\u00f3"},"content":{"rendered":"<p>Descubre el regalo perfecto que trasciende el tiempo y captura la esencia de los momentos m\u00e1s preciados. Nuestro Mapa Acuarela Donde Todo Empez\u00f3 es la encarnaci\u00f3n del amor, los nuevos comienzos y los recuerdos para toda la vida. Ya sea un <a href=\"https:\/\/positiveprints.com\/birthday-gifts\/\">cumplea\u00f1os<\/a>, un <a href=\"https:\/\/positiveprints.com\/anniversary-gifts\/\">aniversario<\/a>, <a href=\"https:\/\/positiveprints.com\/wedding-gifts\/\">una boda<\/a> o cualquier hito, esta obra maestra personalizada es una elecci\u00f3n irresistible. Entonces, \u00bfpor qu\u00e9 esperar? Regala a tu ser querido un recuerdo que atesorar\u00e1 para siempre.<\/p>\r\n\r\n<h2>Recuerdos inolvidables con nuestro Mapa Acuarela Donde Todo Empez\u00f3<\/h2>\r\n\r\n<p>Con nuestro Mapa Acuarela Donde Todo Empez\u00f3, t\u00fa tienes el pincel para pintar tu historia \u00fanica. Empieza por elegir la paleta de colores que resuene con tus emociones, ya sea de entre nuestros asombrosos estilos predefinidos o creando la tuya propia. Selecciona el pa\u00eds, estado o ciudad donde comenz\u00f3 tu viaje especial y marca el lugar exacto con nuestro marcador en forma de coraz\u00f3n, disponible en tu color favorito. Hazlo a\u00fan m\u00e1s personal a\u00f1adiendo un mensaje sincero, una cita significativa, letras de canciones o nombres que tengan significado para ti. Nuestro editor en l\u00ednea proporciona una vista previa en tiempo real en cada paso, garantizando que tu creaci\u00f3n sea un fiel reflejo de tus emociones y recuerdos. Por \u00faltimo, elige el formato que mejor se adapte a tu estilo: enmarcado, p\u00f3ster impreso, lienzo o descarga digital instant\u00e1nea. Cada pieza es una obra de arte, meticulosamente dise\u00f1ada para preservar la esencia de tu momento especial.<\/p>\r\n\r\n<h2>Eleva tu experiencia de regalo<\/h2>\r\n\r\n<p>Nuestro Mapa Acuarela Donde Todo Empez\u00f3 es una forma profunda de expresar tu amor y aprecio. No es s\u00f3lo un mapa. Es un recuerdo duradero que se atesorar\u00e1 toda la vida. Este mapa es un conducto de emociones profundas, que representa la alegr\u00eda de los nuevos comienzos y la calidez de las experiencias compartidas.<\/p>\r\n\r\n<p>Cada mirada que le eches se convertir\u00e1 en el inicio de una conversaci\u00f3n, un desencadenante emocional y un recuerdo atesorado de d\u00f3nde comenz\u00f3 tu viaje. Elaborado con amor y personalizado para el alma, es una muestra de agradecimiento y celebraci\u00f3n, que sirve como testimonio de los momentos que han dado forma a tu vida. Crea hoy tu obra maestra y celebra &#8220;Donde empez\u00f3 todo&#8221;.<\/p>","protected":false},"excerpt":{"rendered":"<ul class=\"check-list\">\n<li>Conserva la esencia de tu momento especial<\/li>\n<li>Marcar un lugar especial con un s\u00edmbolo elegido<\/li>\n<li>Personalizar en 3 sencillos pasos<\/li>\n<li>Elija una plantilla o sea creativo<\/li>\n<li>Ve el resultado de inmediato: la vista previa interactiva te permite perfeccionar cada detalle<\/li>\n<\/ul>\n","protected":false},"featured_media":1556005,"template":"","meta":[],"product_brand":[],"product_cat":[9167,106,3128,11219,11220,8012,7693],"product_tag":[9093],"class_list":{"0":"post-1008067","1":"product","2":"type-product","3":"status-publish","4":"has-post-thumbnail","6":"product_cat-contorno","7":"product_cat-todos-los-productos","8":"product_cat-regalos-de-cumpleanos","9":"product_cat-regalos-de-cumpleanos-para-mujeres","10":"product_cat-regalos-de-cumpleanos-para-hombres","11":"product_cat-regalos-para-hombres","12":"product_cat-regalos-para-mujeres","13":"product_tag-couples-es-2","15":"first","16":"instock","17":"sale","18":"taxable","19":"shipping-taxable","20":"purchasable","21":"product-type-variable"},"yoast_head":"<!-- This site is optimized with the Yoast SEO Premium plugin v27.2 (Yoast SEO v27.2) - https:\/\/yoast.com\/product\/yoast-seo-premium-wordpress\/ -->\n<title>Mapa Acuarela Donde Todo Empez\u00f3 - Positive Prints<\/title>\n<meta name=\"description\" content=\"Nuestro Mapa Acuarela Donde Todo Empez\u00f3 es una forma profunda de expresar tu amor y aprecio. Es un recuerdo duradero que se atesorar\u00e1 toda la vida.\" \/>\n<meta name=\"robots\" content=\"index, follow, max-snippet:-1, max-image-preview:large, max-video-preview:-1\" \/>\n<link rel=\"canonical\" href=\"https:\/\/positiveprints.com\/es\/producto\/acuarela-donde-todo-empezo-mapa\/\" \/>\n<meta property=\"og:locale\" content=\"es_ES\" \/>\n<meta property=\"og:type\" content=\"article\" \/>\n<meta property=\"og:title\" content=\"Mapa Acuarela Donde Todo Empez\u00f3\" \/>\n<meta property=\"og:description\" content=\"Conserva la esencia de tu momento especial Marcar un lugar especial con un s\u00edmbolo elegido Personalizar en 3 sencillos pasos Elija una plantilla o sea creativo Ve el resultado de inmediato: la vista previa interactiva te permite perfeccionar cada detalle\" \/>\n<meta property=\"og:url\" content=\"https:\/\/positiveprints.com\/es\/producto\/acuarela-donde-todo-empezo-mapa\/\" \/>\n<meta property=\"og:site_name\" content=\"Positive Prints\" \/>\n<meta property=\"article:publisher\" content=\"https:\/\/www.facebook.com\/positiveprintscom\" \/>\n<meta property=\"article:modified_time\" content=\"2026-04-03T02:03:33+00:00\" \/>\n<meta property=\"og:image\" content=\"https:\/\/positiveprints.com\/wp-content\/uploads\/2024\/01\/Mapa-Acuarela-Donde-Todo-Empezo.jpg\" \/>\n\t<meta property=\"og:image:width\" content=\"1080\" \/>\n\t<meta property=\"og:image:height\" content=\"1080\" \/>\n\t<meta property=\"og:image:type\" content=\"image\/jpeg\" \/>\n<meta name=\"twitter:card\" content=\"summary_large_image\" \/>\n<meta name=\"twitter:label1\" content=\"Tiempo de lectura\" \/>\n\t<meta name=\"twitter:data1\" content=\"2 minutos\" \/>\n<!-- \/ Yoast SEO Premium plugin. -->","yoast_head_json":{"title":"Mapa Acuarela Donde Todo Empez\u00f3 - Positive Prints","description":"Nuestro Mapa Acuarela Donde Todo Empez\u00f3 es una forma profunda de expresar tu amor y aprecio. Es un recuerdo duradero que se atesorar\u00e1 toda la vida.","robots":{"index":"index","follow":"follow","max-snippet":"max-snippet:-1","max-image-preview":"max-image-preview:large","max-video-preview":"max-video-preview:-1"},"canonical":"https:\/\/positiveprints.com\/es\/producto\/acuarela-donde-todo-empezo-mapa\/","og_locale":"es_ES","og_type":"article","og_title":"Mapa Acuarela Donde Todo Empez\u00f3","og_description":"Conserva la esencia de tu momento especial Marcar un lugar especial con un s\u00edmbolo elegido Personalizar en 3 sencillos pasos Elija una plantilla o sea creativo Ve el resultado de inmediato: la vista previa interactiva te permite perfeccionar cada detalle","og_url":"https:\/\/positiveprints.com\/es\/producto\/acuarela-donde-todo-empezo-mapa\/","og_site_name":"Positive Prints","article_publisher":"https:\/\/www.facebook.com\/positiveprintscom","article_modified_time":"2026-04-03T02:03:33+00:00","og_image":[{"width":1080,"height":1080,"url":"https:\/\/positiveprints.com\/wp-content\/uploads\/2024\/01\/Mapa-Acuarela-Donde-Todo-Empezo.jpg","type":"image\/jpeg"}],"twitter_card":"summary_large_image","twitter_misc":{"Tiempo de lectura":"2 minutos"},"schema":{"@context":"https:\/\/schema.org","@graph":[{"@type":["WebPage","ItemPage"],"@id":"https:\/\/positiveprints.com\/es\/producto\/acuarela-donde-todo-empezo-mapa\/","url":"https:\/\/positiveprints.com\/es\/producto\/acuarela-donde-todo-empezo-mapa\/","name":"Mapa Acuarela Donde Todo Empez\u00f3 - Positive Prints","isPartOf":{"@id":"https:\/\/positiveprints.com\/es\/#website"},"primaryImageOfPage":{"@id":"https:\/\/positiveprints.com\/es\/producto\/acuarela-donde-todo-empezo-mapa\/#primaryimage"},"image":{"@id":"https:\/\/positiveprints.com\/es\/producto\/acuarela-donde-todo-empezo-mapa\/#primaryimage"},"thumbnailUrl":"https:\/\/positiveprints.com\/wp-content\/uploads\/2025\/10\/Mapa-Acuarela-Donde-Todo-Empezo-2.webp","datePublished":"2023-10-21T18:23:51+00:00","dateModified":"2026-04-03T02:03:33+00:00","description":"Nuestro Mapa Acuarela Donde Todo Empez\u00f3 es una forma profunda de expresar tu amor y aprecio. Es un recuerdo duradero que se atesorar\u00e1 toda la vida.","breadcrumb":{"@id":"https:\/\/positiveprints.com\/es\/producto\/acuarela-donde-todo-empezo-mapa\/#breadcrumb"},"inLanguage":"es","potentialAction":[{"@type":"ReadAction","target":["https:\/\/positiveprints.com\/es\/producto\/acuarela-donde-todo-empezo-mapa\/"]}]},{"@type":"ImageObject","inLanguage":"es","@id":"https:\/\/positiveprints.com\/es\/producto\/acuarela-donde-todo-empezo-mapa\/#primaryimage","url":"https:\/\/positiveprints.com\/wp-content\/uploads\/2025\/10\/Mapa-Acuarela-Donde-Todo-Empezo-2.webp","contentUrl":"https:\/\/positiveprints.com\/wp-content\/uploads\/2025\/10\/Mapa-Acuarela-Donde-Todo-Empezo-2.webp","width":1450,"height":1450},{"@type":"BreadcrumbList","@id":"https:\/\/positiveprints.com\/es\/producto\/acuarela-donde-todo-empezo-mapa\/#breadcrumb","itemListElement":[{"@type":"ListItem","position":1,"name":"CASA","item":"https:\/\/positiveprints.com\/es\/"},{"@type":"ListItem","position":2,"name":"Productos","item":"https:\/\/positiveprints.com\/es\/shop\/"},{"@type":"ListItem","position":3,"name":"Mapa Acuarela Donde Todo Empez\u00f3"}]},{"@type":"WebSite","@id":"https:\/\/positiveprints.com\/es\/#website","url":"https:\/\/positiveprints.com\/es\/","name":"Positive Prints","description":"Custom Gifts for Special Occasions","publisher":{"@id":"https:\/\/positiveprints.com\/es\/#organization"},"potentialAction":[{"@type":"SearchAction","target":{"@type":"EntryPoint","urlTemplate":"https:\/\/positiveprints.com\/es\/?s={search_term_string}"},"query-input":{"@type":"PropertyValueSpecification","valueRequired":true,"valueName":"search_term_string"}}],"inLanguage":"es"},{"@type":"Organization","@id":"https:\/\/positiveprints.com\/es\/#organization","name":"Positive Prints","alternateName":"Positive Prints","url":"https:\/\/positiveprints.com\/es\/","logo":{"@type":"ImageObject","inLanguage":"es","@id":"https:\/\/positiveprints.com\/es\/#\/schema\/logo\/image\/","url":"https:\/\/positiveprints.com\/wp-content\/uploads\/2026\/03\/245815646_1337939713319158_5671353136411139666_n.png","contentUrl":"https:\/\/positiveprints.com\/wp-content\/uploads\/2026\/03\/245815646_1337939713319158_5671353136411139666_n.png","width":800,"height":800,"caption":"Positive Prints"},"image":{"@id":"https:\/\/positiveprints.com\/es\/#\/schema\/logo\/image\/"},"sameAs":["https:\/\/www.facebook.com\/positiveprintscom","https:\/\/www.instagram.com\/positiveprintscom\/","https:\/\/www.tiktok.com\/@positiveprintscom","https:\/\/www.pinterest.com\/positiveprintscom\/"]}]}},"jetpack_sharing_enabled":true,"_links":{"self":[{"href":"https:\/\/positiveprints.com\/es\/wp-json\/wp\/v2\/product\/1008067","targetHints":{"allow":["GET"]}}],"collection":[{"href":"https:\/\/positiveprints.com\/es\/wp-json\/wp\/v2\/product"}],"about":[{"href":"https:\/\/positiveprints.com\/es\/wp-json\/wp\/v2\/types\/product"}],"wp:featuredmedia":[{"embeddable":true,"href":"https:\/\/positiveprints.com\/es\/wp-json\/wp\/v2\/media\/1556005"}],"wp:attachment":[{"href":"https:\/\/positiveprints.com\/es\/wp-json\/wp\/v2\/media?parent=1008067"}],"wp:term":[{"taxonomy":"product_brand","embeddable":true,"href":"https:\/\/positiveprints.com\/es\/wp-json\/wp\/v2\/product_brand?post=1008067"},{"taxonomy":"product_cat","embeddable":true,"href":"https:\/\/positiveprints.com\/es\/wp-json\/wp\/v2\/product_cat?post=1008067"},{"taxonomy":"product_tag","embeddable":true,"href":"https:\/\/positiveprints.com\/es\/wp-json\/wp\/v2\/product_tag?post=1008067"}],"curies":[{"name":"wp","href":"https:\/\/api.w.org\/{rel}","templated":true}]}}