{"id":1008059,"date":"2023-12-01T15:12:54","date_gmt":"2023-12-01T14:12:54","guid":{"rendered":"https:\/\/positiveprints.com\/product\/acuarela-mapa-de-nuestra-primera-cita\/"},"modified":"2026-04-23T11:12:28","modified_gmt":"2026-04-23T10:12:28","slug":"acuarela-nuestra-primera-fecha-mapa","status":"publish","type":"product","link":"https:\/\/positiveprints.com\/es\/producto\/acuarela-nuestra-primera-fecha-mapa\/","title":{"rendered":"Acuarela Mapa de nuestra primera cita"},"content":{"rendered":"<p>Eleva el nivel de tus regalos con nuestro Mapa de Acuarela de Nuestra Primera Cita. Es una forma \u00fanica de celebrar el lugar donde comenz\u00f3 vuestra historia de amor, vuestra primera cita. Este regalo personalizado es perfecto para <a href=\"https:\/\/positiveprints.com\/birthday-gifts\/\">cumplea\u00f1os<\/a>, <a href=\"https:\/\/positiveprints.com\/anniversary-gifts\/\">aniversarios<\/a>, <a href=\"https:\/\/positiveprints.com\/wedding-gifts\/\">bodas<\/a> o cualquier ocasi\u00f3n especial, ya que ofrece un recuerdo duradero que conmemora maravillosamente vuestra conexi\u00f3n \u00fanica.<\/p>\r\n\r\n<h2>Los comienzos de tu historia de amor \u00fanica<\/h2>\r\n\r\n<p>Capta la esencia de vuestra singular historia de amor con nuestro Mapa de acuarela Nuestra primera cita. Con la libertad creativa de elegir entre estilos de acuarela predefinidos o personalizar tu combinaci\u00f3n de colores, puedes hacer que tu mapa sea realmente tuyo. A\u00f1ade un toque de nostalgia incluyendo la fecha de tu primer encuentro debajo del mapa. Resalta el pa\u00eds, estado o ciudad donde tuvo lugar vuestra primera cita y se\u00f1\u00e1lalo con un rotulador en forma de coraz\u00f3n.  <\/p>\r\n\r\n<p>A\u00f1ade un toque personal incluyendo un mensaje sincero debajo del mapa, donde aparece elegantemente &#8220;Nuestra primera cita&#8221;. Esta atenta personalizaci\u00f3n es perfecta para incluir citas. Tambi\u00e9n es popular imprimir letras de canciones, vuestros nombres u otros datos personales. El sencillo editor en l\u00ednea te permite visualizar los cambios en tiempo real, asegur\u00e1ndote de que tu mapa capta la esencia de ese d\u00eda memorable.<\/p>\r\n\r\n<h2>Mapa de acuarela de nuestra primera cita: Un Regalo Perfecto para Recuerdos Eternos<\/h2>\r\n\r\n<p>Haz el regalo de tu vida con nuestro Mapa de acuarela Nuestra primera cita. Cada mirada a este mapa bellamente dise\u00f1ado te transportar\u00e1 a aquella m\u00e1gica primera cita, reavivando las emociones que compartisteis. Ya sea para un aniversario, un cumplea\u00f1os, una boda o cualquier acontecimiento especial, este mapa personalizado hace que tu conexi\u00f3n sea realmente inolvidable.  <\/p>\r\n\r\n<p>Demuestra a tus seres queridos lo mucho que significan para ti regal\u00e1ndoles este trozo tangible de tu historia. Hecho con amor, este recuerdo resiste el paso del tiempo. Conserva vuestro amor y las emociones ligadas a esa trascendental primera cita. Crea recuerdos inolvidables hoy mismo con nuestro Mapa de acuarela de nuestra primera cita: el regalo que no se acaba nunca.<\/p>","protected":false},"excerpt":{"rendered":"<ul class=\"check-list\">\n<li>Recupera la sensaci\u00f3n especial de tu primera cita<\/li>\n<li>Marcar un lugar especial con un s\u00edmbolo elegido<\/li>\n<li>Personalizar en 3 sencillos pasos<\/li>\n<li>Elija una plantilla o sea creativo<\/li>\n<li>Ve el resultado de inmediato: la vista previa interactiva te permite perfeccionar cada detalle<\/li>\n<\/ul>\n","protected":false},"featured_media":1030452,"template":"","meta":[],"product_brand":[],"product_cat":[9167,8012,7693,106],"product_tag":[9187],"class_list":{"0":"post-1008059","1":"product","2":"type-product","3":"status-publish","4":"has-post-thumbnail","6":"product_cat-contorno","7":"product_cat-regalos-para-hombres","8":"product_cat-regalos-para-mujeres","9":"product_cat-todos-los-productos","10":"product_tag-pareja","12":"first","13":"instock","14":"sale","15":"taxable","16":"shipping-taxable","17":"purchasable","18":"product-type-variable"},"yoast_head":"<!-- This site is optimized with the Yoast SEO Premium plugin v27.2 (Yoast SEO v27.2) - https:\/\/yoast.com\/product\/yoast-seo-premium-wordpress\/ -->\n<title>Mapa Acuarela Nuestra Primera Cita - Positive Prints<\/title>\n<meta name=\"description\" content=\"Crea recuerdos inolvidables hoy mismo con nuestro Mapa de Nuestra Primera Cita en Acuarela personalizado: el regalo que no se acaba nunca.\" \/>\n<meta name=\"robots\" content=\"index, follow, max-snippet:-1, max-image-preview:large, max-video-preview:-1\" \/>\n<link rel=\"canonical\" href=\"https:\/\/positiveprints.com\/es\/producto\/acuarela-nuestra-primera-fecha-mapa\/\" \/>\n<meta property=\"og:locale\" content=\"es_ES\" \/>\n<meta property=\"og:type\" content=\"article\" \/>\n<meta property=\"og:title\" content=\"Acuarela Mapa de nuestra primera cita\" \/>\n<meta property=\"og:description\" content=\"Recupera la sensaci\u00f3n especial de tu primera cita Marcar un lugar especial con un s\u00edmbolo elegido Personalizar en 3 sencillos pasos Elija una plantilla o sea creativo Ve el resultado de inmediato: la vista previa interactiva te permite perfeccionar cada detalle\" \/>\n<meta property=\"og:url\" content=\"https:\/\/positiveprints.com\/es\/producto\/acuarela-nuestra-primera-fecha-mapa\/\" \/>\n<meta property=\"og:site_name\" content=\"Positive Prints\" \/>\n<meta property=\"article:publisher\" content=\"https:\/\/www.facebook.com\/positiveprintscom\" \/>\n<meta property=\"article:modified_time\" content=\"2026-04-23T10:12:28+00:00\" \/>\n<meta property=\"og:image\" content=\"https:\/\/positiveprints.com\/wp-content\/uploads\/2024\/01\/Acuarela-Mapa-de-nuestra-primera-cita.jpg\" \/>\n\t<meta property=\"og:image:width\" content=\"1080\" \/>\n\t<meta property=\"og:image:height\" content=\"1080\" \/>\n\t<meta property=\"og:image:type\" content=\"image\/jpeg\" \/>\n<meta name=\"twitter:card\" content=\"summary_large_image\" \/>\n<!-- \/ Yoast SEO Premium plugin. -->","yoast_head_json":{"title":"Mapa Acuarela Nuestra Primera Cita - Positive Prints","description":"Crea recuerdos inolvidables hoy mismo con nuestro Mapa de Nuestra Primera Cita en Acuarela personalizado: el regalo que no se acaba nunca.","robots":{"index":"index","follow":"follow","max-snippet":"max-snippet:-1","max-image-preview":"max-image-preview:large","max-video-preview":"max-video-preview:-1"},"canonical":"https:\/\/positiveprints.com\/es\/producto\/acuarela-nuestra-primera-fecha-mapa\/","og_locale":"es_ES","og_type":"article","og_title":"Acuarela Mapa de nuestra primera cita","og_description":"Recupera la sensaci\u00f3n especial de tu primera cita Marcar un lugar especial con un s\u00edmbolo elegido Personalizar en 3 sencillos pasos Elija una plantilla o sea creativo Ve el resultado de inmediato: la vista previa interactiva te permite perfeccionar cada detalle","og_url":"https:\/\/positiveprints.com\/es\/producto\/acuarela-nuestra-primera-fecha-mapa\/","og_site_name":"Positive Prints","article_publisher":"https:\/\/www.facebook.com\/positiveprintscom","article_modified_time":"2026-04-23T10:12:28+00:00","og_image":[{"width":1080,"height":1080,"url":"https:\/\/positiveprints.com\/wp-content\/uploads\/2024\/01\/Acuarela-Mapa-de-nuestra-primera-cita.jpg","type":"image\/jpeg"}],"twitter_card":"summary_large_image","schema":{"@context":"https:\/\/schema.org","@graph":[{"@type":["WebPage","ItemPage"],"@id":"https:\/\/positiveprints.com\/es\/producto\/acuarela-nuestra-primera-fecha-mapa\/","url":"https:\/\/positiveprints.com\/es\/producto\/acuarela-nuestra-primera-fecha-mapa\/","name":"Mapa Acuarela Nuestra Primera Cita - Positive Prints","isPartOf":{"@id":"https:\/\/positiveprints.com\/es\/#website"},"primaryImageOfPage":{"@id":"https:\/\/positiveprints.com\/es\/producto\/acuarela-nuestra-primera-fecha-mapa\/#primaryimage"},"image":{"@id":"https:\/\/positiveprints.com\/es\/producto\/acuarela-nuestra-primera-fecha-mapa\/#primaryimage"},"thumbnailUrl":"https:\/\/positiveprints.com\/wp-content\/uploads\/2024\/01\/Acuarela-Mapa-de-nuestra-primera-cita.jpg","datePublished":"2023-12-01T14:12:54+00:00","dateModified":"2026-04-23T10:12:28+00:00","description":"Crea recuerdos inolvidables hoy mismo con nuestro Mapa de Nuestra Primera Cita en Acuarela personalizado: el regalo que no se acaba nunca.","breadcrumb":{"@id":"https:\/\/positiveprints.com\/es\/producto\/acuarela-nuestra-primera-fecha-mapa\/#breadcrumb"},"inLanguage":"es","potentialAction":[{"@type":"ReadAction","target":["https:\/\/positiveprints.com\/es\/producto\/acuarela-nuestra-primera-fecha-mapa\/"]}]},{"@type":"ImageObject","inLanguage":"es","@id":"https:\/\/positiveprints.com\/es\/producto\/acuarela-nuestra-primera-fecha-mapa\/#primaryimage","url":"https:\/\/positiveprints.com\/wp-content\/uploads\/2024\/01\/Acuarela-Mapa-de-nuestra-primera-cita.jpg","contentUrl":"https:\/\/positiveprints.com\/wp-content\/uploads\/2024\/01\/Acuarela-Mapa-de-nuestra-primera-cita.jpg","width":1080,"height":1080,"caption":"Acuarela Mapa de nuestra primera cita"},{"@type":"BreadcrumbList","@id":"https:\/\/positiveprints.com\/es\/producto\/acuarela-nuestra-primera-fecha-mapa\/#breadcrumb","itemListElement":[{"@type":"ListItem","position":1,"name":"CASA","item":"https:\/\/positiveprints.com\/es\/"},{"@type":"ListItem","position":2,"name":"Productos","item":"https:\/\/positiveprints.com\/es\/shop\/"},{"@type":"ListItem","position":3,"name":"Acuarela Mapa de nuestra primera cita"}]},{"@type":"WebSite","@id":"https:\/\/positiveprints.com\/es\/#website","url":"https:\/\/positiveprints.com\/es\/","name":"Positive Prints","description":"Custom Gifts for Special Occasions","publisher":{"@id":"https:\/\/positiveprints.com\/es\/#organization"},"potentialAction":[{"@type":"SearchAction","target":{"@type":"EntryPoint","urlTemplate":"https:\/\/positiveprints.com\/es\/?s={search_term_string}"},"query-input":{"@type":"PropertyValueSpecification","valueRequired":true,"valueName":"search_term_string"}}],"inLanguage":"es"},{"@type":"Organization","@id":"https:\/\/positiveprints.com\/es\/#organization","name":"Positive Prints","alternateName":"Positive Prints ","url":"https:\/\/positiveprints.com\/es\/","logo":{"@type":"ImageObject","inLanguage":"es","@id":"https:\/\/positiveprints.com\/es\/#\/schema\/logo\/image\/","url":"https:\/\/positiveprints.com\/wp-content\/uploads\/2026\/03\/245815646_1337939713319158_5671353136411139666_n.png","contentUrl":"https:\/\/positiveprints.com\/wp-content\/uploads\/2026\/03\/245815646_1337939713319158_5671353136411139666_n.png","width":800,"height":800,"caption":"Positive Prints"},"image":{"@id":"https:\/\/positiveprints.com\/es\/#\/schema\/logo\/image\/"},"sameAs":["https:\/\/www.facebook.com\/positiveprintscom","https:\/\/www.instagram.com\/positiveprintscom\/","https:\/\/www.tiktok.com\/@positiveprintscom","https:\/\/www.pinterest.com\/positiveprintscom\/"]}]}},"jetpack_sharing_enabled":true,"_links":{"self":[{"href":"https:\/\/positiveprints.com\/es\/wp-json\/wp\/v2\/product\/1008059","targetHints":{"allow":["GET"]}}],"collection":[{"href":"https:\/\/positiveprints.com\/es\/wp-json\/wp\/v2\/product"}],"about":[{"href":"https:\/\/positiveprints.com\/es\/wp-json\/wp\/v2\/types\/product"}],"wp:featuredmedia":[{"embeddable":true,"href":"https:\/\/positiveprints.com\/es\/wp-json\/wp\/v2\/media\/1030452"}],"wp:attachment":[{"href":"https:\/\/positiveprints.com\/es\/wp-json\/wp\/v2\/media?parent=1008059"}],"wp:term":[{"taxonomy":"product_brand","embeddable":true,"href":"https:\/\/positiveprints.com\/es\/wp-json\/wp\/v2\/product_brand?post=1008059"},{"taxonomy":"product_cat","embeddable":true,"href":"https:\/\/positiveprints.com\/es\/wp-json\/wp\/v2\/product_cat?post=1008059"},{"taxonomy":"product_tag","embeddable":true,"href":"https:\/\/positiveprints.com\/es\/wp-json\/wp\/v2\/product_tag?post=1008059"}],"curies":[{"name":"wp","href":"https:\/\/api.w.org\/{rel}","templated":true}]}}