{"id":1008047,"date":"2023-10-20T19:44:52","date_gmt":"2023-10-20T18:44:52","guid":{"rendered":"https:\/\/positiveprints.com\/product\/mapa-acuarela-donde-nos-conocimos\/"},"modified":"2026-04-03T03:03:39","modified_gmt":"2026-04-03T02:03:39","slug":"acuarela-mapa-donde-nos-encontramos","status":"publish","type":"product","link":"https:\/\/positiveprints.com\/es\/producto\/acuarela-mapa-donde-nos-encontramos\/","title":{"rendered":"Mapa Acuarela Donde Nos Conocimos"},"content":{"rendered":"<p>\u00bfBuscas un regalo realmente sincero y personalizado? \u00a1Descubre nuestro Mapa Acuarela Donde Nos Conocimos! Abraza el arte de hacer regalos con esta obra maestra \u00fanica en acuarela que captura el lugar exacto donde os conocisteis, inmortalizado en un mapa de bello dise\u00f1o. Ya sea un <a href=\"https:\/\/positiveprints.com\/birthday-gifts\/\">cumplea\u00f1os<\/a>, un <a href=\"https:\/\/positiveprints.com\/anniversary-gifts\/\">aniversario<\/a>, <a href=\"https:\/\/positiveprints.com\/wedding-gifts\/\">una boda<\/a> o cualquier ocasi\u00f3n especial, \u00e9sta es la forma perfecta de celebrar vuestra conexi\u00f3n. Crea recuerdos entra\u00f1ables y emociones duraderas con esta exquisita muestra de amor.<\/p>\r\n\r\n<h2>La representaci\u00f3n perfecta de tu historia de amor<\/h2>\r\n\r\n<p>Eleva el nivel de tus regalos con nuestro Mapa acuarelado de d\u00f3nde nos conocimos. Tienes libertad creativa para dise\u00f1ar un mapa que resuene con tu viaje personal. Empieza por elegir entre nuestros impresionantes estilos de acuarela o crea tu propia combinaci\u00f3n de colores para que se adapte a tus gustos. A continuaci\u00f3n, selecciona el pa\u00eds, estado o ciudad donde vuestros caminos se cruzaron por primera vez, y m\u00e1rcalo con un alfiler en forma de coraz\u00f3n.  <\/p>\r\n\r\n<p>Personaliza a\u00fan m\u00e1s tu mapa a\u00f1adiendo texto, un mensaje especial o detalles significativos en la nota a pie de p\u00e1gina. Puedes hacerlo verdaderamente tuyo con citas, letras de canciones o vuestros nombres. Nuestro editor en l\u00ednea, f\u00e1cil de usar, te permite ver los cambios en tiempo real, asegur\u00e1ndote de obtener la representaci\u00f3n perfecta de vuestra historia de amor.<\/p>\r\n\r\n<h2>Mapa Acuarela Donde Nos Conocimos: El regalo perfecto para recuerdos duraderos<\/h2>\r\n\r\n<p>Haz el regalo que habla al coraz\u00f3n: un Mapa Acuarela Donde Nos Conocimos. Es algo m\u00e1s que un mapa. Es un recuerdo preciado, un testimonio de vuestra historia de amor. Cada mirada a este mapa bellamente dise\u00f1ado reavivar\u00e1 las emociones de aquel d\u00eda tan especial en que os conocisteis. Es la forma perfecta de celebrar y honrar el v\u00ednculo \u00fanico que compart\u00eds. Ya sea para un aniversario, un cumplea\u00f1os, una boda o cualquier otra ocasi\u00f3n, este mapa personalizado hace que tu conexi\u00f3n sea realmente memorable.  <\/p>\r\n\r\n<p>Demuestra a tus seres queridos lo mucho que significan para ti regal\u00e1ndoles este trozo tangible de tu historia. Hecho con amor, es un recuerdo que resistir\u00e1 el paso del tiempo, preservando vuestro amor y las emociones ligadas a ese momento m\u00e1gico. Haz que tus recuerdos sean inolvidables hoy mismo con nuestro Mapa Acuarela de D\u00f3nde Nos Conocimos: el regalo que no se acaba nunca.<\/p>","protected":false},"excerpt":{"rendered":"<ul class=\"check-list\">\n<li>Celebra el v\u00ednculo \u00fanico que compart\u00eds<\/li>\n<li>Marcar un lugar especial con un s\u00edmbolo elegido<\/li>\n<li>Personalizar en 3 sencillos pasos<\/li>\n<li>Elija una plantilla o sea creativo<\/li>\n<li>Ve el resultado de inmediato: la vista previa interactiva te permite perfeccionar cada detalle<\/li>\n<\/ul>\n","protected":false},"featured_media":1032306,"template":"","meta":[],"product_brand":[],"product_cat":[5334,9167,3119,5270,8215,11457,11448,8189,11456,8012,11462,11452,7757,7646,7789,7678,11455,7693,7805,11189,11188,11187,11250,11249,106],"product_tag":[14923,11826,11821,11757,11825,11820,11771],"class_list":{"0":"post-1008047","1":"product","2":"type-product","3":"status-publish","4":"has-post-thumbnail","6":"product_cat-regalos-de-aniversario","7":"product_cat-contorno","8":"product_cat-regalos-de-san-valentin","9":"product_cat-regalos-de-navidad","10":"product_cat-para-el","11":"product_cat-regalos-de-navidad-para-el-marido","12":"product_cat-regalos-de-navidad-para-el-novio","13":"product_cat-para-ella","14":"product_cat-regalos-de-navidad-para-hombre","15":"product_cat-regalos-para-hombres","16":"product_cat-regalos-de-navidad-para-la-esposa","17":"product_cat-regalos-de-navidad-para-la-novia","18":"product_cat-regalos-para-mi-esposa","19":"product_cat-regalos-para-mi-esposo","20":"product_cat-regalos-para-mi-novia","21":"product_cat-regalos-para-mi-novio","22":"product_cat-regalos-de-navidad-para-mujer","23":"product_cat-regalos-para-mujeres","24":"product_cat-regalos-para-parejas","25":"product_cat-regalos-de-aniversario-para-el","26":"product_cat-regalos-de-aniversario-para-ella","27":"product_cat-regalos-de-aniversario-para-pareja","28":"product_cat-regalos-de-san-valentin-hombres","29":"product_cat-regalos-de-san-valentin-mujeres","30":"product_cat-todos-los-productos","31":"product_tag-anniversary-es","32":"product_tag-regalos-de-navidad-para-el","33":"product_tag-regalos-de-navidad-para-el-marido","34":"product_tag-regalos-de-navidad-para-el-novio","35":"product_tag-regalos-de-navidad-para-ella","36":"product_tag-regalos-de-navidad-para-la-esposa","37":"product_tag-regalos-de-navidad-para-la-novia","39":"first","40":"instock","41":"sale","42":"taxable","43":"shipping-taxable","44":"purchasable","45":"product-type-variable"},"yoast_head":"<!-- This site is optimized with the Yoast SEO Premium plugin v27.2 (Yoast SEO v27.2) - https:\/\/yoast.com\/product\/yoast-seo-premium-wordpress\/ -->\n<title>Mapa Acuarela Donde Nos Conocimos - Positive Prints<\/title>\n<meta name=\"description\" content=\"Descubre el mapa Acuarela donde nos conocimos. Abraza el arte de hacer regalos con esta obra maestra \u00fanica que captura el lugar exacto donde os conocisteis por primera vez\" \/>\n<meta name=\"robots\" content=\"index, follow, max-snippet:-1, max-image-preview:large, max-video-preview:-1\" \/>\n<link rel=\"canonical\" href=\"https:\/\/positiveprints.com\/es\/producto\/acuarela-mapa-donde-nos-encontramos\/\" \/>\n<meta property=\"og:locale\" content=\"es_ES\" \/>\n<meta property=\"og:type\" content=\"article\" \/>\n<meta property=\"og:title\" content=\"Mapa Acuarela Donde Nos Conocimos\" \/>\n<meta property=\"og:description\" content=\"Celebra el v\u00ednculo \u00fanico que compart\u00eds Marcar un lugar especial con un s\u00edmbolo elegido Personalizar en 3 sencillos pasos Elija una plantilla o sea creativo Ve el resultado de inmediato: la vista previa interactiva te permite perfeccionar cada detalle\" \/>\n<meta property=\"og:url\" content=\"https:\/\/positiveprints.com\/es\/producto\/acuarela-mapa-donde-nos-encontramos\/\" \/>\n<meta property=\"og:site_name\" content=\"Positive Prints\" \/>\n<meta property=\"article:publisher\" content=\"https:\/\/www.facebook.com\/positiveprintscom\" \/>\n<meta property=\"article:modified_time\" content=\"2026-04-03T02:03:39+00:00\" \/>\n<meta property=\"og:image\" content=\"https:\/\/positiveprints.com\/wp-content\/uploads\/2024\/01\/Mapa-Acuarela-Donde-Nos-Conocimos.jpg\" \/>\n\t<meta property=\"og:image:width\" content=\"1080\" \/>\n\t<meta property=\"og:image:height\" content=\"1080\" \/>\n\t<meta property=\"og:image:type\" content=\"image\/jpeg\" \/>\n<meta name=\"twitter:card\" content=\"summary_large_image\" \/>\n<meta name=\"twitter:label1\" content=\"Tiempo de lectura\" \/>\n\t<meta name=\"twitter:data1\" content=\"2 minutos\" \/>\n<!-- \/ Yoast SEO Premium plugin. -->","yoast_head_json":{"title":"Mapa Acuarela Donde Nos Conocimos - Positive Prints","description":"Descubre el mapa Acuarela donde nos conocimos. Abraza el arte de hacer regalos con esta obra maestra \u00fanica que captura el lugar exacto donde os conocisteis por primera vez","robots":{"index":"index","follow":"follow","max-snippet":"max-snippet:-1","max-image-preview":"max-image-preview:large","max-video-preview":"max-video-preview:-1"},"canonical":"https:\/\/positiveprints.com\/es\/producto\/acuarela-mapa-donde-nos-encontramos\/","og_locale":"es_ES","og_type":"article","og_title":"Mapa Acuarela Donde Nos Conocimos","og_description":"Celebra el v\u00ednculo \u00fanico que compart\u00eds Marcar un lugar especial con un s\u00edmbolo elegido Personalizar en 3 sencillos pasos Elija una plantilla o sea creativo Ve el resultado de inmediato: la vista previa interactiva te permite perfeccionar cada detalle","og_url":"https:\/\/positiveprints.com\/es\/producto\/acuarela-mapa-donde-nos-encontramos\/","og_site_name":"Positive Prints","article_publisher":"https:\/\/www.facebook.com\/positiveprintscom","article_modified_time":"2026-04-03T02:03:39+00:00","og_image":[{"width":1080,"height":1080,"url":"https:\/\/positiveprints.com\/wp-content\/uploads\/2024\/01\/Mapa-Acuarela-Donde-Nos-Conocimos.jpg","type":"image\/jpeg"}],"twitter_card":"summary_large_image","twitter_misc":{"Tiempo de lectura":"2 minutos"},"schema":{"@context":"https:\/\/schema.org","@graph":[{"@type":["WebPage","ItemPage"],"@id":"https:\/\/positiveprints.com\/es\/producto\/acuarela-mapa-donde-nos-encontramos\/","url":"https:\/\/positiveprints.com\/es\/producto\/acuarela-mapa-donde-nos-encontramos\/","name":"Mapa Acuarela Donde Nos Conocimos - Positive Prints","isPartOf":{"@id":"https:\/\/positiveprints.com\/es\/#website"},"primaryImageOfPage":{"@id":"https:\/\/positiveprints.com\/es\/producto\/acuarela-mapa-donde-nos-encontramos\/#primaryimage"},"image":{"@id":"https:\/\/positiveprints.com\/es\/producto\/acuarela-mapa-donde-nos-encontramos\/#primaryimage"},"thumbnailUrl":"https:\/\/positiveprints.com\/wp-content\/uploads\/2024\/01\/Mapa-Acuarela-Donde-Nos-Conocimos.jpg","datePublished":"2023-10-20T18:44:52+00:00","dateModified":"2026-04-03T02:03:39+00:00","description":"Descubre el mapa Acuarela donde nos conocimos. Abraza el arte de hacer regalos con esta obra maestra \u00fanica que captura el lugar exacto donde os conocisteis por primera vez","breadcrumb":{"@id":"https:\/\/positiveprints.com\/es\/producto\/acuarela-mapa-donde-nos-encontramos\/#breadcrumb"},"inLanguage":"es","potentialAction":[{"@type":"ReadAction","target":["https:\/\/positiveprints.com\/es\/producto\/acuarela-mapa-donde-nos-encontramos\/"]}]},{"@type":"ImageObject","inLanguage":"es","@id":"https:\/\/positiveprints.com\/es\/producto\/acuarela-mapa-donde-nos-encontramos\/#primaryimage","url":"https:\/\/positiveprints.com\/wp-content\/uploads\/2024\/01\/Mapa-Acuarela-Donde-Nos-Conocimos.jpg","contentUrl":"https:\/\/positiveprints.com\/wp-content\/uploads\/2024\/01\/Mapa-Acuarela-Donde-Nos-Conocimos.jpg","width":1080,"height":1080,"caption":"Mapa Acuarela Donde Nos Conocimos"},{"@type":"BreadcrumbList","@id":"https:\/\/positiveprints.com\/es\/producto\/acuarela-mapa-donde-nos-encontramos\/#breadcrumb","itemListElement":[{"@type":"ListItem","position":1,"name":"CASA","item":"https:\/\/positiveprints.com\/es\/"},{"@type":"ListItem","position":2,"name":"Productos","item":"https:\/\/positiveprints.com\/es\/shop\/"},{"@type":"ListItem","position":3,"name":"Mapa Acuarela Donde Nos Conocimos"}]},{"@type":"WebSite","@id":"https:\/\/positiveprints.com\/es\/#website","url":"https:\/\/positiveprints.com\/es\/","name":"Positive Prints","description":"Custom Gifts for Special Occasions","publisher":{"@id":"https:\/\/positiveprints.com\/es\/#organization"},"potentialAction":[{"@type":"SearchAction","target":{"@type":"EntryPoint","urlTemplate":"https:\/\/positiveprints.com\/es\/?s={search_term_string}"},"query-input":{"@type":"PropertyValueSpecification","valueRequired":true,"valueName":"search_term_string"}}],"inLanguage":"es"},{"@type":"Organization","@id":"https:\/\/positiveprints.com\/es\/#organization","name":"Positive Prints","alternateName":"Positive Prints","url":"https:\/\/positiveprints.com\/es\/","logo":{"@type":"ImageObject","inLanguage":"es","@id":"https:\/\/positiveprints.com\/es\/#\/schema\/logo\/image\/","url":"https:\/\/positiveprints.com\/wp-content\/uploads\/2026\/03\/245815646_1337939713319158_5671353136411139666_n.png","contentUrl":"https:\/\/positiveprints.com\/wp-content\/uploads\/2026\/03\/245815646_1337939713319158_5671353136411139666_n.png","width":800,"height":800,"caption":"Positive Prints"},"image":{"@id":"https:\/\/positiveprints.com\/es\/#\/schema\/logo\/image\/"},"sameAs":["https:\/\/www.facebook.com\/positiveprintscom","https:\/\/www.instagram.com\/positiveprintscom\/","https:\/\/www.tiktok.com\/@positiveprintscom","https:\/\/www.pinterest.com\/positiveprintscom\/"]}]}},"jetpack_sharing_enabled":true,"_links":{"self":[{"href":"https:\/\/positiveprints.com\/es\/wp-json\/wp\/v2\/product\/1008047","targetHints":{"allow":["GET"]}}],"collection":[{"href":"https:\/\/positiveprints.com\/es\/wp-json\/wp\/v2\/product"}],"about":[{"href":"https:\/\/positiveprints.com\/es\/wp-json\/wp\/v2\/types\/product"}],"wp:featuredmedia":[{"embeddable":true,"href":"https:\/\/positiveprints.com\/es\/wp-json\/wp\/v2\/media\/1032306"}],"wp:attachment":[{"href":"https:\/\/positiveprints.com\/es\/wp-json\/wp\/v2\/media?parent=1008047"}],"wp:term":[{"taxonomy":"product_brand","embeddable":true,"href":"https:\/\/positiveprints.com\/es\/wp-json\/wp\/v2\/product_brand?post=1008047"},{"taxonomy":"product_cat","embeddable":true,"href":"https:\/\/positiveprints.com\/es\/wp-json\/wp\/v2\/product_cat?post=1008047"},{"taxonomy":"product_tag","embeddable":true,"href":"https:\/\/positiveprints.com\/es\/wp-json\/wp\/v2\/product_tag?post=1008047"}],"curies":[{"name":"wp","href":"https:\/\/api.w.org\/{rel}","templated":true}]}}