{"id":100716,"date":"2021-07-05T12:33:17","date_gmt":"2021-07-05T11:33:17","guid":{"rendered":"https:\/\/positiveprints.com\/?post_type=product&#038;p=100716"},"modified":"2026-04-18T08:41:52","modified_gmt":"2026-04-18T07:41:52","slug":"mapa-del-primer-hogar","status":"publish","type":"product","link":"https:\/\/positiveprints.com\/es\/producto\/mapa-del-primer-hogar\/","title":{"rendered":"Mapa del Primer Hogar"},"content":{"rendered":"<p>Un hogar es el lugar donde vive tu coraz\u00f3n, y no existe mejor manera de recordar por siempre los momentos vividos en tu primer hogar que con un mapa personalizado. <\/p>\r\n\r\n\r\n\r\n<h2 class=\"grenB f24 cblue\" style=\"margin-top: 3rem\">\u00bfQu\u00e9 es el mapa del primer hogar?<\/h2>\r\n\r\n\r\n\r\n<p style=\"margin-top: 1rem\">Cada uno de nuestros mapas cuenta una historia. El mapa del primer hogar muestra el lugar  que elegiste para establecer tu hogar; escenario de un mill\u00f3n de historias con las personas m\u00e1s especiales en tu vida.<\/p>\r\n\r\n\r\n\r\n<p style=\"margin-top: 1rem\">El tiempo pasa casi sin darnos cuenta, y con \u00e9l, cientos de eventos importantes que quisi\u00e9ramos recordar por siempre. Como el momento en el que nos enteramos que nuestra familia crecer\u00eda, el nacimiento de los hijos, la llegada de nuestra primera mascota, las navidades y reuniones con amigos. Un hogar es el espacio donde se gestan todas estas historias.<\/p>\r\n\r\n\r\n\r\n<p style=\"margin-top: 1rem\">Por estas razones, elegir un mapa del primer hogar es una excelente idea. Adem\u00e1s de ser una atractiva pieza decorativa es un pretexto para recordar bellos momentos. <\/p>\r\n\r\n\r\n\r\n<h2 class=\"grenB f24 cblue\" style=\"margin-top: 3rem\">Personalizar tu mapa del primer hogar<\/h2>\r\n\r\n\r\n\r\n<p style=\"margin-top: 1rem\">Mudarte a tu primer hogar es una experiencia inolvidable, ya que todo es nuevo y fascinante para ti. Por eso, mereces una impresi\u00f3n art\u00edstica igual de \u00fanica. Cada detalle se personaliza solo para ti, para tu hogar y tu historia particular. Desde la forma, los colores, la ubicaci\u00f3n que se muestra en el mapa y el mensaje.<\/p>\r\n\r\n\r\n\r\n<p style=\"margin-top: 1rem\">Personalizar un mapa del primer hogar es muy sencillo:<\/p>\r\n\r\n \r\n\r\n<p style=\"margin-top: 1rem\"><em>Paso 1:<\/em> Selecciona el dise\u00f1o para tu mapa. Ninguno de nuestros mapas de primer hogar se parecen. Tendr\u00e1s total control sobre el dise\u00f1o de tu mapa: desde la forma, la combinaci\u00f3n de colores y otros detalles. Tenemos varias opciones pre definidas para ti, pero tambi\u00e9n puedes experimentar con tus propias combinaciones.  <\/p>\r\n\r\n\r\n\r\n<p style=\"margin-top: 1rem\"><em>Paso 2:<\/em> A\u00f1ade los detalles que har\u00e1n tu mapa especial, por ejemplo, la direcci\u00f3n exacta de la casa o alg\u00fan mensaje que llegue al coraz\u00f3n. Parte de lo que hace a un regalo como este \u00fanico es el esfuerzo extra que pones en cada detalle. A pesar de que personalizar el mapa es muy f\u00e1cil, si decides darlo como regalo, esa persona especial valorar\u00e1 el tiempo que invertiste en crear la imagen.  <\/p>\r\n\r\n\r\n\r\n<p style=\"margin-top: 1rem\"><em>Paso 3:<\/em> Elige c\u00f3mo quieres recibir tu mapa. Podemos imprimir la imagen en el estudio de Positive Prints con papel de la mejor calidad y enviarlo a cualquier parte del mundo sin ning\u00fan costo. Selecciona entre varios tama\u00f1os de impresi\u00f3n, todos con medidas est\u00e1ndar para que no tengas problema al momento de buscar un marco. Si tienes que hacer un regalo de \u00faltimo momento, puedes elegir la versi\u00f3n digital descargable. La recibir\u00e1s en tu bandeja de email para que puedas llevarla a tu servicio de impresi\u00f3n m\u00e1s cercano. <\/p>\r\n\r\n\r\n\r\n<h2 class=\"grenB f24 cblue\" style=\"margin-top: 3rem\">Una perfecta idea de regalo<\/h2>\r\n\r\n\r\n\r\n<p style=\"margin-top: 1rem\">Una nueva casa siempre es motivo de celebrar. Muchos de nuestros clientes eligen el mapa del primer hogar como un regalo \u00fanico para sus seres queridos. Tal vez quieras sorprender a esa pareja de amigos que reci\u00e9n inicia su viaje juntos en una nueva casa. O te gustar\u00eda regalarlo a tu hijo que ya ha crecido y abandona el nido, para que nunca olvide el hogar donde creci\u00f3. <\/p>\r\n\r\n\r\n\r\n<p style=\"margin-top: 1rem\">Son excelentes regalos para:<br><br>\r\n\r\n\u2022Bodas<br>\r\n\r\n\u2022Estreno de una casa<br>\r\n\r\n\u2022Aniversarios<br>\r\n\r\n\u2022\u00a1O solo porque s\u00ed!<\/p>\r\n\r\n\r\n\r\n<p style=\"margin-top: 1rem\">Es un regalo que nadie espera, pero que todos desean para decorar su muro. Incluso al cambiar de casa, un mapa del hogar anterior permite conservar el recuerdo de un bello cap\u00edtulo en la vida.<\/p>\r\n\r\n\r\n\r\n<h2 class=\"grenB f24 cblue\" style=\"margin-top: 3rem\">\u00a1Crea un mapa personalizado de tu primer hogar! <\/h2>\r\n\r\n\r\n\r\n<p style=\"margin-top: 1rem\">Los mapas personalizados de Positive Prints permiten que cualquier persona, incluso sin conocimientos art\u00edsticos o de dise\u00f1o, puedan crear una bella pieza decorativa. Con nuestros tres sencillos pasos y el pre visualizador de tu mapa sabr\u00e1s exactamente cu\u00e1l ser\u00e1 el resultado final de tu obra. <\/p>\r\n\r\n\r\n\r\n<p style=\"margin-top: 1rem\">Te damos la opci\u00f3n de obtener una imagen digital descargable en alta resoluci\u00f3n para que puedas imprimirlo t\u00fa mismo. Si deseas que la impresi\u00f3n corra por nuestra cuenta, te ofrecemos env\u00edo cualquier lugar del mundo, para que llegue directamente a las puertas de tu hogar. <\/p>\r\n\r\n\r\n\r\n<p style=\"margin-top: 1rem\">\u00a1Empieza ahora mismo a crear tu mapa de primer hogar! Un recuerdo para toda la vida. <\/p>","protected":false},"excerpt":{"rendered":"<ul class=\"check-list\">\n<li>Marca un lugar especial con el s\u00edmbolo de tu elecci\u00f3n<\/li>\n<li>Usa nuestro editor para personalizar tu dise\u00f1o en apenas tres pasos<\/li>\n<li>A\u00f1ade un mensaje personalizado para que\u00a0tu dise\u00f1o sea \u00fanico y especial<\/li>\n<li>Visualiza tu dise\u00f1o de forma r\u00e1pida usando la vista previa interactiva<\/li>\n<\/ul>\n","protected":false},"featured_media":1694602,"template":"","meta":[],"product_brand":[],"product_cat":[7195,5293,8215,8012,7693,9766],"product_tag":[14919],"class_list":{"0":"post-100716","1":"product","2":"type-product","3":"status-publish","4":"has-post-thumbnail","6":"product_cat-map-es","7":"product_cat-regalos-para-mudanzas","8":"product_cat-para-el","9":"product_cat-regalos-para-hombres","10":"product_cat-regalos-para-mujeres","11":"product_cat-trending-label-es","12":"product_tag-housewarming-es-2","14":"first","15":"instock","16":"sale","17":"taxable","18":"shipping-taxable","19":"purchasable","20":"product-type-variable"},"yoast_head":"<!-- This site is optimized with the Yoast SEO Premium plugin v27.2 (Yoast SEO v27.2) - https:\/\/yoast.com\/product\/yoast-seo-premium-wordpress\/ -->\n<title>Mapa del Primer Hogar - Positive Prints<\/title>\n<meta name=\"description\" content=\"El mapa del primer hogar muestra el lugar que elegiste para comenzar tu propia historia; el escenario que atesora un mill\u00f3n de memorias y recuerdos con las personas m\u00e1s especiales en tu vida.\" \/>\n<meta name=\"robots\" content=\"index, follow, max-snippet:-1, max-image-preview:large, max-video-preview:-1\" \/>\n<link rel=\"canonical\" href=\"https:\/\/positiveprints.com\/es\/producto\/mapa-del-primer-hogar\/\" \/>\n<meta property=\"og:locale\" content=\"es_ES\" \/>\n<meta property=\"og:type\" content=\"article\" \/>\n<meta property=\"og:title\" content=\"Mapa del Primer Hogar\" \/>\n<meta property=\"og:description\" content=\"Marca un lugar especial con el s\u00edmbolo de tu elecci\u00f3n Usa nuestro editor para personalizar tu dise\u00f1o en apenas tres pasos A\u00f1ade un mensaje personalizado para que\u00a0tu dise\u00f1o sea \u00fanico y especial Visualiza tu dise\u00f1o de forma r\u00e1pida usando la vista previa interactiva\" \/>\n<meta property=\"og:url\" content=\"https:\/\/positiveprints.com\/es\/producto\/mapa-del-primer-hogar\/\" \/>\n<meta property=\"og:site_name\" content=\"Positive Prints\" \/>\n<meta property=\"article:publisher\" content=\"https:\/\/www.facebook.com\/positiveprintscom\" \/>\n<meta property=\"article:modified_time\" content=\"2026-04-18T07:41:52+00:00\" \/>\n<meta property=\"og:image\" content=\"https:\/\/positiveprints.com\/wp-content\/uploads\/2024\/10\/Packshot_ES_our-first-home-map-product-image.webp\" \/>\n\t<meta property=\"og:image:width\" content=\"1450\" \/>\n\t<meta property=\"og:image:height\" content=\"1450\" \/>\n\t<meta property=\"og:image:type\" content=\"image\/webp\" \/>\n<meta name=\"twitter:card\" content=\"summary_large_image\" \/>\n<meta name=\"twitter:label1\" content=\"Tiempo de lectura\" \/>\n\t<meta name=\"twitter:data1\" content=\"3 minutos\" \/>\n<!-- \/ Yoast SEO Premium plugin. -->","yoast_head_json":{"title":"Mapa del Primer Hogar - Positive Prints","description":"El mapa del primer hogar muestra el lugar que elegiste para comenzar tu propia historia; el escenario que atesora un mill\u00f3n de memorias y recuerdos con las personas m\u00e1s especiales en tu vida.","robots":{"index":"index","follow":"follow","max-snippet":"max-snippet:-1","max-image-preview":"max-image-preview:large","max-video-preview":"max-video-preview:-1"},"canonical":"https:\/\/positiveprints.com\/es\/producto\/mapa-del-primer-hogar\/","og_locale":"es_ES","og_type":"article","og_title":"Mapa del Primer Hogar","og_description":"Marca un lugar especial con el s\u00edmbolo de tu elecci\u00f3n Usa nuestro editor para personalizar tu dise\u00f1o en apenas tres pasos A\u00f1ade un mensaje personalizado para que\u00a0tu dise\u00f1o sea \u00fanico y especial Visualiza tu dise\u00f1o de forma r\u00e1pida usando la vista previa interactiva","og_url":"https:\/\/positiveprints.com\/es\/producto\/mapa-del-primer-hogar\/","og_site_name":"Positive Prints","article_publisher":"https:\/\/www.facebook.com\/positiveprintscom","article_modified_time":"2026-04-18T07:41:52+00:00","og_image":[{"width":1450,"height":1450,"url":"https:\/\/positiveprints.com\/wp-content\/uploads\/2024\/10\/Packshot_ES_our-first-home-map-product-image.webp","type":"image\/webp"}],"twitter_card":"summary_large_image","twitter_misc":{"Tiempo de lectura":"3 minutos"},"schema":{"@context":"https:\/\/schema.org","@graph":[{"@type":["WebPage","ItemPage"],"@id":"https:\/\/positiveprints.com\/es\/producto\/mapa-del-primer-hogar\/","url":"https:\/\/positiveprints.com\/es\/producto\/mapa-del-primer-hogar\/","name":"Mapa del Primer Hogar - Positive Prints","isPartOf":{"@id":"https:\/\/positiveprints.com\/es\/#website"},"primaryImageOfPage":{"@id":"https:\/\/positiveprints.com\/es\/producto\/mapa-del-primer-hogar\/#primaryimage"},"image":{"@id":"https:\/\/positiveprints.com\/es\/producto\/mapa-del-primer-hogar\/#primaryimage"},"thumbnailUrl":"https:\/\/positiveprints.com\/wp-content\/uploads\/2026\/04\/Packshot_ES_XX-Ver-fotos-de-clientes-Mapa-del-Primer-Hogar.webp","datePublished":"2021-07-05T11:33:17+00:00","dateModified":"2026-04-18T07:41:52+00:00","description":"El mapa del primer hogar muestra el lugar que elegiste para comenzar tu propia historia; el escenario que atesora un mill\u00f3n de memorias y recuerdos con las personas m\u00e1s especiales en tu vida.","breadcrumb":{"@id":"https:\/\/positiveprints.com\/es\/producto\/mapa-del-primer-hogar\/#breadcrumb"},"inLanguage":"es","potentialAction":[{"@type":"ReadAction","target":["https:\/\/positiveprints.com\/es\/producto\/mapa-del-primer-hogar\/"]}]},{"@type":"ImageObject","inLanguage":"es","@id":"https:\/\/positiveprints.com\/es\/producto\/mapa-del-primer-hogar\/#primaryimage","url":"https:\/\/positiveprints.com\/wp-content\/uploads\/2026\/04\/Packshot_ES_XX-Ver-fotos-de-clientes-Mapa-del-Primer-Hogar.webp","contentUrl":"https:\/\/positiveprints.com\/wp-content\/uploads\/2026\/04\/Packshot_ES_XX-Ver-fotos-de-clientes-Mapa-del-Primer-Hogar.webp","width":1450,"height":1450,"caption":"Packshot_ES_XX Ver fotos de clientes Mapa del Primer Hogar"},{"@type":"BreadcrumbList","@id":"https:\/\/positiveprints.com\/es\/producto\/mapa-del-primer-hogar\/#breadcrumb","itemListElement":[{"@type":"ListItem","position":1,"name":"CASA","item":"https:\/\/positiveprints.com\/es\/"},{"@type":"ListItem","position":2,"name":"Productos","item":"https:\/\/positiveprints.com\/es\/shop\/"},{"@type":"ListItem","position":3,"name":"Mapa del Primer Hogar"}]},{"@type":"WebSite","@id":"https:\/\/positiveprints.com\/es\/#website","url":"https:\/\/positiveprints.com\/es\/","name":"Positive Prints","description":"Custom Gifts for Special Occasions","publisher":{"@id":"https:\/\/positiveprints.com\/es\/#organization"},"potentialAction":[{"@type":"SearchAction","target":{"@type":"EntryPoint","urlTemplate":"https:\/\/positiveprints.com\/es\/?s={search_term_string}"},"query-input":{"@type":"PropertyValueSpecification","valueRequired":true,"valueName":"search_term_string"}}],"inLanguage":"es"},{"@type":"Organization","@id":"https:\/\/positiveprints.com\/es\/#organization","name":"Positive Prints","alternateName":"Positive Prints","url":"https:\/\/positiveprints.com\/es\/","logo":{"@type":"ImageObject","inLanguage":"es","@id":"https:\/\/positiveprints.com\/es\/#\/schema\/logo\/image\/","url":"https:\/\/positiveprints.com\/wp-content\/uploads\/2026\/03\/245815646_1337939713319158_5671353136411139666_n.png","contentUrl":"https:\/\/positiveprints.com\/wp-content\/uploads\/2026\/03\/245815646_1337939713319158_5671353136411139666_n.png","width":800,"height":800,"caption":"Positive Prints"},"image":{"@id":"https:\/\/positiveprints.com\/es\/#\/schema\/logo\/image\/"},"sameAs":["https:\/\/www.facebook.com\/positiveprintscom","https:\/\/www.instagram.com\/positiveprintscom\/","https:\/\/www.tiktok.com\/@positiveprintscom","https:\/\/www.pinterest.com\/positiveprintscom\/"]}]}},"jetpack_sharing_enabled":true,"_links":{"self":[{"href":"https:\/\/positiveprints.com\/es\/wp-json\/wp\/v2\/product\/100716","targetHints":{"allow":["GET"]}}],"collection":[{"href":"https:\/\/positiveprints.com\/es\/wp-json\/wp\/v2\/product"}],"about":[{"href":"https:\/\/positiveprints.com\/es\/wp-json\/wp\/v2\/types\/product"}],"wp:featuredmedia":[{"embeddable":true,"href":"https:\/\/positiveprints.com\/es\/wp-json\/wp\/v2\/media\/1694602"}],"wp:attachment":[{"href":"https:\/\/positiveprints.com\/es\/wp-json\/wp\/v2\/media?parent=100716"}],"wp:term":[{"taxonomy":"product_brand","embeddable":true,"href":"https:\/\/positiveprints.com\/es\/wp-json\/wp\/v2\/product_brand?post=100716"},{"taxonomy":"product_cat","embeddable":true,"href":"https:\/\/positiveprints.com\/es\/wp-json\/wp\/v2\/product_cat?post=100716"},{"taxonomy":"product_tag","embeddable":true,"href":"https:\/\/positiveprints.com\/es\/wp-json\/wp\/v2\/product_tag?post=100716"}],"curies":[{"name":"wp","href":"https:\/\/api.w.org\/{rel}","templated":true}]}}