{"id":1006904,"date":"2023-06-15T11:33:16","date_gmt":"2023-06-15T10:33:16","guid":{"rendered":"https:\/\/positiveprints.com\/product\/la-noche-que-nos-comprometimos\/"},"modified":"2026-04-18T05:38:24","modified_gmt":"2026-04-18T04:38:24","slug":"la-noche-que-nos-comprometimos","status":"publish","type":"product","link":"https:\/\/positiveprints.com\/es\/producto\/la-noche-que-nos-comprometimos\/","title":{"rendered":"La noche que nos comprometimos"},"content":{"rendered":"<h2 class=\"grenB f24 cblue\" style=\"margin-top: 3rem;\">La noche que nos comprometimos: Un recuerdo intemporal para tu momento especial<\/h2>\r\n          \r\n\r\n          <p style=\"margin-top: 1rem;\">La noche que nos comprometimos es un extraordinario <a href=\"https:\/\/positiveprints.com\/engagement-gifts\/\">regalo de compromiso personalizado<\/a> que captura la magia de tu momento especial. Esta impresi\u00f3n o lienzo bellamente elaborado muestra la vista exacta del cielo estrellado desde una hora y un lugar concretos, por lo que es un regalo perfecto para tu prometido o prometida. Con este extraordinario recuerdo, podr\u00e1s revivir las emociones y los recuerdos de esa noche inolvidable durante a\u00f1os.<\/p>\r\n          \r\n\r\n          \r\n\r\n          <h2 class=\"grenB f24 cblue\" style=\"margin-top: 3rem;\">Dise\u00f1a tu propia obra de arte La noche que nos comprometimos<\/h2>\r\n          \r\n\r\n          <p style=\"margin-top: 1rem;\">Utilizando nuestro editor en l\u00ednea de f\u00e1cil manejo, dise\u00f1ar La noche que nos comprometimos es muy sencillo. Empieza por seleccionar el estilo y los elementos que adornar\u00e1n tu <a href=\"https:\/\/positiveprints.com\/blog\/the-ultimate-star-map-gift-guide-for-all-occasions\/\">regalo de mapa estelar<\/a>. Tienes la opci\u00f3n de elegir entre nuestros estilos predefinidos, o para darle un toque personal, experimenta con colores personalizados que se adapten a tu gusto \u00fanico. Mejora tu obra maestra celeste seleccionando elementos del mapa estelar como planetas, nombres de planetas, constelaciones, nombres de constelaciones, la v\u00eda l\u00e1ctea y l\u00edneas de cuadr\u00edcula.<\/p>\r\n          \r\n\r\n          <p style=\"margin-top: 1rem;\">Para crear una impresi\u00f3n de La noche que nos comprometimos realmente personalizada, introduce el lugar exacto donde tuvo lugar vuestro compromiso, junto con la fecha. A\u00f1ade un t\u00edtulo y un subt\u00edtulo que tengan un significado especial para ti y para tu ser querido. Pero eso no es todo: para que este regalo sea realmente \u00fanico y personal, incluye mensajes de texto que quedar\u00e1n incrustados para siempre en el dise\u00f1o. Ya sean las dulces palabras que intercambiasteis o una cita sentida, estos toques a\u00f1adidos transformar\u00e1n tu mapa estelar en un recuerdo entra\u00f1able.<\/p>\r\n          \r\n\r\n          <p style=\"margin-top: 1rem;\">Cuando hayas terminado de dise\u00f1ar tu obra La noche que nos comprometimos, es el momento de elegir el formato y el tama\u00f1o que prefieras. Nuestra gama de opciones incluye carteles enmarcados o impresos, lienzos o archivos digitales de descarga instant\u00e1nea. Sea cual sea el formato que elijas, puedes estar seguro de que la calidad y el acabado de tu obra de arte ser\u00e1n de primera.<\/p>\r\n          \r\n\r\n          \r\n\r\n          <h2 class=\"grenB f24 cblue\" style=\"margin-top: 3rem;\">El regalo de compromiso perfecto<\/h2>\r\n          \r\n\r\n          <p style=\"margin-top: 1rem;\">Cuando se trata de encontrar el mejor <a href=\"https:\/\/positiveprints.com\/engagement-gifts\/\">regalo de compromiso personalizado<\/a>, no busques m\u00e1s que La noche que nos comprometimos. Este impresionante mapa estelar personalizado inmortaliza las estrellas que brillaron en tu \u00fanico momento en la vida. A diferencia de los regalos ordinarios que encuentras en las estanter\u00edas de las tiendas, este tesoro \u00fanico es un testimonio del amor y la conexi\u00f3n que compart\u00eds. Encarga hoy tu <a href=\"https:\/\/positiveprints.com\/product\/star-map\/\">mapa estelar personalizado<\/a> y deja que la magia de esa noche encantadora ilumine vuestras vidas para siempre.<\/p>","protected":false},"excerpt":{"rendered":"\n<ul class=\"check-list\">\n<li>A\u00f1ade planetas, constelaciones y la V\u00eda L\u00e1ctea<\/li>\n<li>Personalizar en 3 sencillos pasos<\/li>\n<li>Incluye un texto personalizado significativo<\/li>\n<li>Ve el resultado de inmediato: la vista previa interactiva te permite perfeccionar cada detalle<\/li>\n<\/ul>\n","protected":false},"featured_media":1229797,"template":"","meta":[],"product_brand":[],"product_cat":[9280,106,5277,3117],"product_tag":[8440],"class_list":{"0":"post-1006904","1":"product","2":"type-product","3":"status-publish","4":"has-post-thumbnail","6":"product_cat-bestsellers-label-es","7":"product_cat-todos-los-productos","8":"product_cat-regalos-de-compromiso","9":"product_cat-star-es-2","10":"product_tag-compromiso","12":"first","13":"instock","14":"sale","15":"taxable","16":"shipping-taxable","17":"purchasable","18":"product-type-variable"},"yoast_head":"<!-- This site is optimized with the Yoast SEO Premium plugin v27.2 (Yoast SEO v27.2) - https:\/\/yoast.com\/product\/yoast-seo-premium-wordpress\/ -->\n<title>La noche que nos comprometimos - Regalo de compromiso - Impresiones positivas<\/title>\n<meta name=\"description\" content=\"Crea hoy mismo tu impresi\u00f3n personalizada de La noche que nos comprometimos y deja que la magia de esa noche encantadora ilumine vuestras vidas para siempre.\" \/>\n<meta name=\"robots\" content=\"index, follow, max-snippet:-1, max-image-preview:large, max-video-preview:-1\" \/>\n<link rel=\"canonical\" href=\"https:\/\/positiveprints.com\/es\/producto\/la-noche-que-nos-comprometimos\/\" \/>\n<meta property=\"og:locale\" content=\"es_ES\" \/>\n<meta property=\"og:type\" content=\"article\" \/>\n<meta property=\"og:title\" content=\"La noche que nos comprometimos\" \/>\n<meta property=\"og:description\" content=\"A\u00f1ade planetas, constelaciones y la V\u00eda L\u00e1ctea  Personalizar en 3 sencillos pasos  Incluye un texto personalizado significativo  Ve el resultado de inmediato: la vista previa interactiva te permite perfeccionar cada detalle\" \/>\n<meta property=\"og:url\" content=\"https:\/\/positiveprints.com\/es\/producto\/la-noche-que-nos-comprometimos\/\" \/>\n<meta property=\"og:site_name\" content=\"Positive Prints\" \/>\n<meta property=\"article:publisher\" content=\"https:\/\/www.facebook.com\/positiveprintscom\" \/>\n<meta property=\"article:modified_time\" content=\"2026-04-18T04:38:24+00:00\" \/>\n<meta property=\"og:image\" content=\"https:\/\/positiveprints.com\/wp-content\/uploads\/2024\/10\/Packshot_ES_The-Night-We-Got-Engagedproduct-image.webp\" \/>\n\t<meta property=\"og:image:width\" content=\"1450\" \/>\n\t<meta property=\"og:image:height\" content=\"1450\" \/>\n\t<meta property=\"og:image:type\" content=\"image\/webp\" \/>\n<meta name=\"twitter:card\" content=\"summary_large_image\" \/>\n<meta name=\"twitter:label1\" content=\"Tiempo de lectura\" \/>\n\t<meta name=\"twitter:data1\" content=\"2 minutos\" \/>\n<!-- \/ Yoast SEO Premium plugin. -->","yoast_head_json":{"title":"La noche que nos comprometimos - Regalo de compromiso - Impresiones positivas","description":"Crea hoy mismo tu impresi\u00f3n personalizada de La noche que nos comprometimos y deja que la magia de esa noche encantadora ilumine vuestras vidas para siempre.","robots":{"index":"index","follow":"follow","max-snippet":"max-snippet:-1","max-image-preview":"max-image-preview:large","max-video-preview":"max-video-preview:-1"},"canonical":"https:\/\/positiveprints.com\/es\/producto\/la-noche-que-nos-comprometimos\/","og_locale":"es_ES","og_type":"article","og_title":"La noche que nos comprometimos","og_description":"A\u00f1ade planetas, constelaciones y la V\u00eda L\u00e1ctea  Personalizar en 3 sencillos pasos  Incluye un texto personalizado significativo  Ve el resultado de inmediato: la vista previa interactiva te permite perfeccionar cada detalle","og_url":"https:\/\/positiveprints.com\/es\/producto\/la-noche-que-nos-comprometimos\/","og_site_name":"Positive Prints","article_publisher":"https:\/\/www.facebook.com\/positiveprintscom","article_modified_time":"2026-04-18T04:38:24+00:00","og_image":[{"width":1450,"height":1450,"url":"https:\/\/positiveprints.com\/wp-content\/uploads\/2024\/10\/Packshot_ES_The-Night-We-Got-Engagedproduct-image.webp","type":"image\/webp"}],"twitter_card":"summary_large_image","twitter_misc":{"Tiempo de lectura":"2 minutos"},"schema":{"@context":"https:\/\/schema.org","@graph":[{"@type":["WebPage","ItemPage"],"@id":"https:\/\/positiveprints.com\/es\/producto\/la-noche-que-nos-comprometimos\/","url":"https:\/\/positiveprints.com\/es\/producto\/la-noche-que-nos-comprometimos\/","name":"La noche que nos comprometimos - Regalo de compromiso - Impresiones positivas","isPartOf":{"@id":"https:\/\/positiveprints.com\/es\/#website"},"primaryImageOfPage":{"@id":"https:\/\/positiveprints.com\/es\/producto\/la-noche-que-nos-comprometimos\/#primaryimage"},"image":{"@id":"https:\/\/positiveprints.com\/es\/producto\/la-noche-que-nos-comprometimos\/#primaryimage"},"thumbnailUrl":"https:\/\/positiveprints.com\/wp-content\/uploads\/2024\/10\/Packshot_ES_The-Night-We-Got-Engagedproduct-image.webp","datePublished":"2023-06-15T10:33:16+00:00","dateModified":"2026-04-18T04:38:24+00:00","description":"Crea hoy mismo tu impresi\u00f3n personalizada de La noche que nos comprometimos y deja que la magia de esa noche encantadora ilumine vuestras vidas para siempre.","breadcrumb":{"@id":"https:\/\/positiveprints.com\/es\/producto\/la-noche-que-nos-comprometimos\/#breadcrumb"},"inLanguage":"es","potentialAction":[{"@type":"ReadAction","target":["https:\/\/positiveprints.com\/es\/producto\/la-noche-que-nos-comprometimos\/"]}]},{"@type":"ImageObject","inLanguage":"es","@id":"https:\/\/positiveprints.com\/es\/producto\/la-noche-que-nos-comprometimos\/#primaryimage","url":"https:\/\/positiveprints.com\/wp-content\/uploads\/2024\/10\/Packshot_ES_The-Night-We-Got-Engagedproduct-image.webp","contentUrl":"https:\/\/positiveprints.com\/wp-content\/uploads\/2024\/10\/Packshot_ES_The-Night-We-Got-Engagedproduct-image.webp","width":1450,"height":1450},{"@type":"BreadcrumbList","@id":"https:\/\/positiveprints.com\/es\/producto\/la-noche-que-nos-comprometimos\/#breadcrumb","itemListElement":[{"@type":"ListItem","position":1,"name":"CASA","item":"https:\/\/positiveprints.com\/es\/"},{"@type":"ListItem","position":2,"name":"Productos","item":"https:\/\/positiveprints.com\/es\/shop\/"},{"@type":"ListItem","position":3,"name":"La noche que nos comprometimos"}]},{"@type":"WebSite","@id":"https:\/\/positiveprints.com\/es\/#website","url":"https:\/\/positiveprints.com\/es\/","name":"Positive Prints","description":"Custom Gifts for Special Occasions","publisher":{"@id":"https:\/\/positiveprints.com\/es\/#organization"},"potentialAction":[{"@type":"SearchAction","target":{"@type":"EntryPoint","urlTemplate":"https:\/\/positiveprints.com\/es\/?s={search_term_string}"},"query-input":{"@type":"PropertyValueSpecification","valueRequired":true,"valueName":"search_term_string"}}],"inLanguage":"es"},{"@type":"Organization","@id":"https:\/\/positiveprints.com\/es\/#organization","name":"Positive Prints","alternateName":"Positive Prints","url":"https:\/\/positiveprints.com\/es\/","logo":{"@type":"ImageObject","inLanguage":"es","@id":"https:\/\/positiveprints.com\/es\/#\/schema\/logo\/image\/","url":"https:\/\/positiveprints.com\/wp-content\/uploads\/2026\/03\/245815646_1337939713319158_5671353136411139666_n.png","contentUrl":"https:\/\/positiveprints.com\/wp-content\/uploads\/2026\/03\/245815646_1337939713319158_5671353136411139666_n.png","width":800,"height":800,"caption":"Positive Prints"},"image":{"@id":"https:\/\/positiveprints.com\/es\/#\/schema\/logo\/image\/"},"sameAs":["https:\/\/www.facebook.com\/positiveprintscom","https:\/\/www.instagram.com\/positiveprintscom\/","https:\/\/www.tiktok.com\/@positiveprintscom","https:\/\/www.pinterest.com\/positiveprintscom\/"]}]}},"jetpack_sharing_enabled":true,"_links":{"self":[{"href":"https:\/\/positiveprints.com\/es\/wp-json\/wp\/v2\/product\/1006904","targetHints":{"allow":["GET"]}}],"collection":[{"href":"https:\/\/positiveprints.com\/es\/wp-json\/wp\/v2\/product"}],"about":[{"href":"https:\/\/positiveprints.com\/es\/wp-json\/wp\/v2\/types\/product"}],"wp:featuredmedia":[{"embeddable":true,"href":"https:\/\/positiveprints.com\/es\/wp-json\/wp\/v2\/media\/1229797"}],"wp:attachment":[{"href":"https:\/\/positiveprints.com\/es\/wp-json\/wp\/v2\/media?parent=1006904"}],"wp:term":[{"taxonomy":"product_brand","embeddable":true,"href":"https:\/\/positiveprints.com\/es\/wp-json\/wp\/v2\/product_brand?post=1006904"},{"taxonomy":"product_cat","embeddable":true,"href":"https:\/\/positiveprints.com\/es\/wp-json\/wp\/v2\/product_cat?post=1006904"},{"taxonomy":"product_tag","embeddable":true,"href":"https:\/\/positiveprints.com\/es\/wp-json\/wp\/v2\/product_tag?post=1006904"}],"curies":[{"name":"wp","href":"https:\/\/api.w.org\/{rel}","templated":true}]}}