{"id":1004809,"date":"2023-11-20T11:45:21","date_gmt":"2023-11-20T10:45:21","guid":{"rendered":"https:\/\/positiveprints.com\/product\/arte-lineal-personalizado\/"},"modified":"2026-04-18T04:49:38","modified_gmt":"2026-04-18T03:49:38","slug":"arte-lineal-personalizado","status":"publish","type":"product","link":"https:\/\/positiveprints.com\/es\/producto\/arte-lineal-personalizado\/","title":{"rendered":"Arte lineal personalizado"},"content":{"rendered":"<p><span style=\"font-weight: 400;\">\u00bfEst\u00e1s buscando un regalo perfecto y emotivo ? \u00a1No busques m\u00e1s! Nuestro Arte Lineal Personalizado ofrece un sencillo proceso de tres pasos para crear una obra maestra \u00fanica y llena de emoci\u00f3n y recuerdos. Comparte tu amor y atesora momentos transformando tu foto favorita en una obra de arte personalizada. Es una bonita forma de mostrar tu aprecio, alegrarle\u00a0 el d\u00eda a alguien o\u00a0 crear recuerdos duraderos para diversas ocasiones, como aniversarios, cumplea\u00f1os o bodas.<\/span><\/p>\n<h2><b>3 pasos para crear una obra maestra de arte lineal personalizada y \u00fanica<\/b><\/h2>\n<ul>\n<li><b>Elige tu estilo y colores<\/b><\/li>\n<\/ul>\n<p><span>Empieza por seleccionar el estilo y los colores que m\u00e1s se ajusten a tus sentimientos y preferencias. Nuestros h\u00e1biles artistas utilizar\u00e1n tus elecciones para crear una pieza \u00fanica que refleje tu visi\u00f3n.<\/span><\/p>\n<ul>\n<li><b>Sube tu foto especial<\/b><\/li>\n<\/ul>\n<p><span style=\"font-weight: 400;\">Comparte una foto que guarde\u00a0 recuerdos entra\u00f1ables, captando la esencia de tu sentimiento, ya sea la inauguraci\u00f3n de una casa, una mascota querida, un momento especial de una pareja o una reuni\u00f3n familiar. Nuestros artistas dibujar\u00e1n cuidadosamente a mano la obra de arte a partir de tu imagen.<\/span><\/p>\n<ul>\n<li><b>A\u00f1ade un mensaje personal y finaliza<\/b><\/li>\n<\/ul>\n<p><span style=\"font-weight: 400;\">Mejora tu obra de arte incluyendo un mensaje sincero o unas palabras significativas, convirti\u00e9ndola en un regalo personalizado. Tras el pago, nuestro equipo de asistencia de Positive Prints se pondr\u00e1 en contacto contigo para confirmar tu pedido e iniciar el proceso de creaci\u00f3n. Una vez que el material gr\u00e1fico est\u00e9 listo, recibir\u00e1s un correo electr\u00f3nico para revisar y aceptar el dise\u00f1o final. Si lo deseas, tienes derecho a solicitar cambios hasta dos veces. Tras tu aprobaci\u00f3n final, el material gr\u00e1fico se enviar\u00e1 para su impresi\u00f3n y entrega.<\/span><\/p>\n<p><span style=\"font-weight: 400;\">Siguiendo estos sencillos pasos, puedes crear una pieza \u00fanica de Arte Lineal Personalizado que evoque emociones y haga especial cualquier ocasi\u00f3n.<\/span><\/p>\n<h2><b>El regalo perfecto que evoca emociones<\/b><\/h2>\n<p><span style=\"font-weight: 400;\">\u00bfPor qu\u00e9 el Arte Lineal Personalizado es el regalo perfecto? Porque es una creaci\u00f3n \u00fanica y personal que inmortaliza un recuerdo especial. Esta obra de arte es una forma poderosa de expresar amor, gratitud o admiraci\u00f3n. Es un recuerdo duradero que siempre har\u00e1 sonre\u00edr a tu ser querido. Las emociones que evoca no tienen precio. Ya se trate de una celebraci\u00f3n de inauguraci\u00f3n de una casa, un homenaje a una mascota querida, el momento especial de una pareja o una reuni\u00f3n familiar, el Arte Lineal Personalizado dice mucho.<\/span><\/p>\n<p><span style=\"font-weight: 400;\">Haz que cada ocasi\u00f3n sea especial: cumplea\u00f1os, aniversarios o simplemente porque s\u00ed. Encarga ahora tu Arte Lineal Personalizado y observa c\u00f3mo la felicidad. Esto es algo m\u00e1s que arte; es un recuerdo precioso\u00a0 que dura toda la vida. No pierdas esta oportunidad de crear una impresi\u00f3n que durar\u00e1 para siempre. Haz que tus seres queridos se sientan realmente especiales.<\/span><\/p><h2 class=\"wp-block-heading\" id=\"h-preguntas-frecuentes\"><strong>Preguntas Frecuentes<\/strong><\/h2><details class=\"wp-block-details is-layout-flow wp-block-details-is-layout-flow\"><summary><strong>\u00bfQu\u00e9 es el Arte Lineal Personalizado?<\/strong><\/summary><p>El Arte Lineal Personalizado es un dibujo \u00fanico creado por artistas profesionales a partir de tu foto. Espec\u00edficamente, transforma tu imagen favorita en una elegante ilustraci\u00f3n con l\u00edneas limpias y detalles art\u00edsticos. Por lo tanto , inmortaliza momentos especiales en una obra de arte personalizada y emotiva.\u200b<\/p><\/details><details class=\"wp-block-details is-layout-flow wp-block-details-is-layout-flow\"><summary><strong>\u00bfEs dibujado a mano?<\/strong><\/summary><p>S\u00ed, cada arte es dibujado a mano por artistas profesionales. De hecho, recibes el boceto para tu aprobaci\u00f3n en 2-3 d\u00edas h\u00e1biles. Adem\u00e1s, puedes solicitar hasta 2 revisiones para perfeccionar cada detalle. Tambi\u00e9n tienes libertad para elegir una plantilla o dejar volar tu imaginaci\u00f3n.\u200b<\/p><\/details><details class=\"wp-block-details is-layout-flow wp-block-details-is-layout-flow\"><summary><strong>\u00bfPor qu\u00e9 es el regalo perfecto para ocasiones especiales?<\/strong><\/summary><p>Es el regalo perfecto porque es una creaci\u00f3n \u00fanica que provoca&nbsp; emociones que no tienen&nbsp; precio. Espec\u00edficamente, expresa amor, gratitud o admiraci\u00f3n de manera poderosa y personal. Por lo tanto , es un recuerdo duradero que siempre har\u00e1 sonre\u00edr a tu ser querido.\u200b<\/p><\/details><details class=\"wp-block-details is-layout-flow wp-block-details-is-layout-flow\"><summary><strong>\u00bfC\u00f3mo crear mi Arte Lineal Personalizado?<\/strong><\/summary><p>Crear tu arte se hace en tres pasos. Primero, elige tu estilo, colores y formato preferido. Luego, sube tu foto especial que capture ese momento m\u00e1gico . Finalmente, a\u00f1ade tu mensaje personal y espera la aprobaci\u00f3n en 2-3 d\u00edas h\u00e1biles.\u200b<\/p><\/details><details class=\"wp-block-details is-layout-flow wp-block-details-is-layout-flow\"><summary><strong>\u00bfEn cu\u00e1nto tiempo puedo recibir mi arte?<\/strong><\/summary><p>Para un regalo r\u00e1pido , elige nuestra descarga digital instant\u00e1nea, un archivo JPEG de alta resoluci\u00f3n 300 dpi que puedes imprimir t\u00fa mismo . Sin embargo, contamos con productos f\u00edsicos que imprimimos y enviamos localmente desde nuestros centros en Australia, Canad\u00e1, Estados Unidos, Reino Unido y Europa. Esto garantiza una entrega r\u00e1pida y confiable, normalmente&nbsp; en pocos d\u00edas.<\/p><\/details>","protected":false},"excerpt":{"rendered":"<ul class=\"check-list\">\n<li>Te lo dibujamos y enviamos para tu aprobaci\u00f3n en 2-3 d\u00edas h\u00e1biles<\/li>\n<li>Usa nuestro editor para personalizar tu dise\u00f1o en apenas tres pasos<\/li>\n<li>Elija una plantilla o deja volar tu imaginaci\u00f3<\/li>\n<li>Con la posibilidad de pedir hasta 2 revisiones <\/li>\n<\/ul>\n","protected":false},"featured_media":1318632,"template":"","meta":[],"product_brand":[],"product_cat":[15115,8250,9183,106,265,11592,11603,11593,11589,11594,11590,11591],"product_tag":[14920,14921,13813,15511],"class_list":{"0":"post-1004809","1":"product","2":"type-product","3":"status-publish","4":"has-post-thumbnail","6":"product_cat-bestsellers-menu-es","7":"product_cat-digital-products-es","8":"product_cat-line-art-es","9":"product_cat-todos-los-productos","10":"product_cat-creators-es-2","11":"product_cat-10-aniversario","12":"product_cat-50-aniversario","13":"product_cat-15-aniversario","14":"product_cat-1-aniversario","15":"product_cat-20-aniversario","16":"product_cat-2-aniversario","17":"product_cat-5-aniversario","18":"product_tag-creators-es-2","19":"product_tag-custom-photo-es","20":"product_tag-poster-de-foto-personalizado","21":"product_tag-una-linea-es","23":"first","24":"instock","25":"sale","26":"taxable","27":"shipping-taxable","28":"purchasable","29":"product-type-variable"},"yoast_head":"<!-- This site is optimized with the Yoast SEO Premium plugin v27.2 (Yoast SEO v27.2) - https:\/\/yoast.com\/product\/yoast-seo-premium-wordpress\/ -->\n<title>Arte lineal personalizado - Impresiones en positivo<\/title>\n<meta name=\"description\" content=\"Crea Arte Lineal Personalizado \u00fanico con tu foto. Dibujado a mano por artistas profesionales, con la posibilidade de a\u00f1adir un mensaje personalizado. Perfecto para cualquier ocasi\u00f3n. Haz tu pedido.\" \/>\n<meta name=\"robots\" content=\"index, follow, max-snippet:-1, max-image-preview:large, max-video-preview:-1\" \/>\n<link rel=\"canonical\" href=\"https:\/\/positiveprints.com\/es\/producto\/arte-lineal-personalizado\/\" \/>\n<meta property=\"og:locale\" content=\"es_ES\" \/>\n<meta property=\"og:type\" content=\"article\" \/>\n<meta property=\"og:title\" content=\"Arte lineal personalizado\" \/>\n<meta property=\"og:description\" content=\"Te lo dibujamos y enviamos para tu aprobaci\u00f3n en 2-3 d\u00edas h\u00e1biles         Usa nuestro editor para personalizar tu dise\u00f1o en apenas tres pasos         Elija una plantilla o deja volar tu imaginaci\u00f3         Con la posibilidad de pedir hasta 2 revisiones\" \/>\n<meta property=\"og:url\" content=\"https:\/\/positiveprints.com\/es\/producto\/arte-lineal-personalizado\/\" \/>\n<meta property=\"og:site_name\" content=\"Positive Prints\" \/>\n<meta property=\"article:publisher\" content=\"https:\/\/www.facebook.com\/positiveprintscom\" \/>\n<meta property=\"article:modified_time\" content=\"2026-04-18T03:49:38+00:00\" \/>\n<meta property=\"og:image\" content=\"https:\/\/positiveprints.com\/wp-content\/uploads\/2025\/01\/Arte-lineal-personalizado-1.webp\" \/>\n\t<meta property=\"og:image:width\" content=\"1450\" \/>\n\t<meta property=\"og:image:height\" content=\"1450\" \/>\n\t<meta property=\"og:image:type\" content=\"image\/webp\" \/>\n<meta name=\"twitter:card\" content=\"summary_large_image\" \/>\n<meta name=\"twitter:label1\" content=\"Tiempo de lectura\" \/>\n\t<meta name=\"twitter:data1\" content=\"4 minutos\" \/>\n<!-- \/ Yoast SEO Premium plugin. -->","yoast_head_json":{"title":"Arte lineal personalizado - Impresiones en positivo","description":"Crea Arte Lineal Personalizado \u00fanico con tu foto. Dibujado a mano por artistas profesionales, con la posibilidade de a\u00f1adir un mensaje personalizado. Perfecto para cualquier ocasi\u00f3n. Haz tu pedido.","robots":{"index":"index","follow":"follow","max-snippet":"max-snippet:-1","max-image-preview":"max-image-preview:large","max-video-preview":"max-video-preview:-1"},"canonical":"https:\/\/positiveprints.com\/es\/producto\/arte-lineal-personalizado\/","og_locale":"es_ES","og_type":"article","og_title":"Arte lineal personalizado","og_description":"Te lo dibujamos y enviamos para tu aprobaci\u00f3n en 2-3 d\u00edas h\u00e1biles         Usa nuestro editor para personalizar tu dise\u00f1o en apenas tres pasos         Elija una plantilla o deja volar tu imaginaci\u00f3         Con la posibilidad de pedir hasta 2 revisiones","og_url":"https:\/\/positiveprints.com\/es\/producto\/arte-lineal-personalizado\/","og_site_name":"Positive Prints","article_publisher":"https:\/\/www.facebook.com\/positiveprintscom","article_modified_time":"2026-04-18T03:49:38+00:00","og_image":[{"width":1450,"height":1450,"url":"https:\/\/positiveprints.com\/wp-content\/uploads\/2025\/01\/Arte-lineal-personalizado-1.webp","type":"image\/webp"}],"twitter_card":"summary_large_image","twitter_misc":{"Tiempo de lectura":"4 minutos"},"schema":{"@context":"https:\/\/schema.org","@graph":[{"@type":["WebPage","ItemPage"],"@id":"https:\/\/positiveprints.com\/es\/producto\/arte-lineal-personalizado\/","url":"https:\/\/positiveprints.com\/es\/producto\/arte-lineal-personalizado\/","name":"Arte lineal personalizado - Impresiones en positivo","isPartOf":{"@id":"https:\/\/positiveprints.com\/es\/#website"},"primaryImageOfPage":{"@id":"https:\/\/positiveprints.com\/es\/producto\/arte-lineal-personalizado\/#primaryimage"},"image":{"@id":"https:\/\/positiveprints.com\/es\/producto\/arte-lineal-personalizado\/#primaryimage"},"thumbnailUrl":"https:\/\/positiveprints.com\/wp-content\/uploads\/2025\/01\/Arte-lineal-personalizado-1.webp","datePublished":"2023-11-20T10:45:21+00:00","dateModified":"2026-04-18T03:49:38+00:00","description":"Crea Arte Lineal Personalizado \u00fanico con tu foto. Dibujado a mano por artistas profesionales, con la posibilidade de a\u00f1adir un mensaje personalizado. Perfecto para cualquier ocasi\u00f3n. Haz tu pedido.","breadcrumb":{"@id":"https:\/\/positiveprints.com\/es\/producto\/arte-lineal-personalizado\/#breadcrumb"},"inLanguage":"es","potentialAction":[{"@type":"ReadAction","target":["https:\/\/positiveprints.com\/es\/producto\/arte-lineal-personalizado\/"]}]},{"@type":"ImageObject","inLanguage":"es","@id":"https:\/\/positiveprints.com\/es\/producto\/arte-lineal-personalizado\/#primaryimage","url":"https:\/\/positiveprints.com\/wp-content\/uploads\/2025\/01\/Arte-lineal-personalizado-1.webp","contentUrl":"https:\/\/positiveprints.com\/wp-content\/uploads\/2025\/01\/Arte-lineal-personalizado-1.webp","width":1450,"height":1450},{"@type":"BreadcrumbList","@id":"https:\/\/positiveprints.com\/es\/producto\/arte-lineal-personalizado\/#breadcrumb","itemListElement":[{"@type":"ListItem","position":1,"name":"CASA","item":"https:\/\/positiveprints.com\/es\/"},{"@type":"ListItem","position":2,"name":"Productos","item":"https:\/\/positiveprints.com\/es\/shop\/"},{"@type":"ListItem","position":3,"name":"Arte lineal personalizado"}]},{"@type":"WebSite","@id":"https:\/\/positiveprints.com\/es\/#website","url":"https:\/\/positiveprints.com\/es\/","name":"Positive Prints","description":"Custom Gifts for Special Occasions","publisher":{"@id":"https:\/\/positiveprints.com\/es\/#organization"},"potentialAction":[{"@type":"SearchAction","target":{"@type":"EntryPoint","urlTemplate":"https:\/\/positiveprints.com\/es\/?s={search_term_string}"},"query-input":{"@type":"PropertyValueSpecification","valueRequired":true,"valueName":"search_term_string"}}],"inLanguage":"es"},{"@type":"Organization","@id":"https:\/\/positiveprints.com\/es\/#organization","name":"Positive Prints","alternateName":"Positive Prints","url":"https:\/\/positiveprints.com\/es\/","logo":{"@type":"ImageObject","inLanguage":"es","@id":"https:\/\/positiveprints.com\/es\/#\/schema\/logo\/image\/","url":"https:\/\/positiveprints.com\/wp-content\/uploads\/2026\/03\/245815646_1337939713319158_5671353136411139666_n.png","contentUrl":"https:\/\/positiveprints.com\/wp-content\/uploads\/2026\/03\/245815646_1337939713319158_5671353136411139666_n.png","width":800,"height":800,"caption":"Positive Prints"},"image":{"@id":"https:\/\/positiveprints.com\/es\/#\/schema\/logo\/image\/"},"sameAs":["https:\/\/www.facebook.com\/positiveprintscom","https:\/\/www.instagram.com\/positiveprintscom\/","https:\/\/www.tiktok.com\/@positiveprintscom","https:\/\/www.pinterest.com\/positiveprintscom\/"]}]}},"jetpack_sharing_enabled":true,"_links":{"self":[{"href":"https:\/\/positiveprints.com\/es\/wp-json\/wp\/v2\/product\/1004809","targetHints":{"allow":["GET"]}}],"collection":[{"href":"https:\/\/positiveprints.com\/es\/wp-json\/wp\/v2\/product"}],"about":[{"href":"https:\/\/positiveprints.com\/es\/wp-json\/wp\/v2\/types\/product"}],"wp:featuredmedia":[{"embeddable":true,"href":"https:\/\/positiveprints.com\/es\/wp-json\/wp\/v2\/media\/1318632"}],"wp:attachment":[{"href":"https:\/\/positiveprints.com\/es\/wp-json\/wp\/v2\/media?parent=1004809"}],"wp:term":[{"taxonomy":"product_brand","embeddable":true,"href":"https:\/\/positiveprints.com\/es\/wp-json\/wp\/v2\/product_brand?post=1004809"},{"taxonomy":"product_cat","embeddable":true,"href":"https:\/\/positiveprints.com\/es\/wp-json\/wp\/v2\/product_cat?post=1004809"},{"taxonomy":"product_tag","embeddable":true,"href":"https:\/\/positiveprints.com\/es\/wp-json\/wp\/v2\/product_tag?post=1004809"}],"curies":[{"name":"wp","href":"https:\/\/api.w.org\/{rel}","templated":true}]}}