{"id":72350,"date":"2021-05-31T15:05:37","date_gmt":"2021-05-31T13:05:37","guid":{"rendered":"https:\/\/positiveprints.com\/klarnafaq\/"},"modified":"2021-10-22T11:35:07","modified_gmt":"2021-10-22T09:35:07","slug":"klarnafaq","status":"publish","type":"page","link":"https:\/\/positiveprints.com\/es\/klarnafaq\/","title":{"rendered":"klarnafaq"},"content":{"rendered":"<h1>KLARNA &#8211; PREGUNTAS FRECUENTES SOBRE LA OPCI\u00d3N<\/h1><br>\n<h3>\u00bfQui\u00e9n es Klarna?<\/h3><br>\n\nKlarna es un proveedor de servicios de pago sueco que asume la responsabilidad integral de tus pagos. Klarna es el proveedor de pagos smooth de m\u00e1s de 200 000 tiendas en l\u00ednea. M\u00e1s de 85 millones de consumidores de todo el mundo han confiado en Klarna para la gesti\u00f3n de sus pagos de manera segura.<br><br>\n\n<h2>Paga en 3 plazos sin intereses<\/h2><br>\n<h3>\u00bfC\u00f3mo funciona Paga en 3 plazos sin intereses?<\/h3><br>\n\nPagar en 3 plazos te permitir\u00e1 dividir el coste de tu compra en 3 pagos iguales. El pago de cada plazo se cobrar\u00e1 autom\u00e1ticamente de la tarjeta de cr\u00e9dito o d\u00e9bito que introdujiste al realizar el pago. Tu primer plazo se cobrar\u00e1 cuando Positive Prints confirme tu pedido, y los plazos 2 y 3 se programan para 30 y 60 d\u00edas despu\u00e9s, respectivamente. Siempre puedes controlar tus pagos programados en la \u200b<a href=\"https:\/\/app.klarna.com\/\">aplicaci\u00f3n Klarna<\/a>\u200b.<br><br>\n\n<h3>\u00bfSoy apto para la opci\u00f3n Paga en 3 plazos sin intereses?<\/h3><br>\n\nPara usar la opci\u00f3n Paga en 3 plazos sin intereses debes tener al menos 18 a\u00f1os. Si bien hemos hecho mucha promoci\u00f3n de esta opci\u00f3n, Paga en 3 plazos est\u00e1 sujeto a tus circunstancias financieras. Si eliges Paga en 3 plazos, nuestra evaluaci\u00f3n no afectar\u00e1 a tu calificaci\u00f3n crediticia.<br><br>\n\n<h3>\u00bfC\u00f3mo puedo aumentar mis posibilidades de ser apto para usar Paga en 3 plazos? <\/h3><br>\n\nKlarna es \u00fanico y ofrece Paga en 3 plazos sin intereses en funci\u00f3n de una serie de factores, como el valor del pedido, el historial de pedidos anteriores y la disponibilidad del art\u00edculo.<br>\nSi tienes 18 a\u00f1os o m\u00e1s, puedes mejorar tus posibilidades de que se te ofrezca la opci\u00f3n Paga en 3 plazos asegur\u00e1ndote de proporcionar tu nombre completo y datos de direcci\u00f3n precisos y encargando el env\u00edo a su direcci\u00f3n de facturaci\u00f3n registrada. Todos los pedidos se eval\u00faan individualmente. El hecho de que se te haya permitido usar un m\u00e9todo de pago de Klarna con anterioridad no significa que este se te vaya a ofrecer para cada pedido, de la misma forma que si se te deniega una vez no significa que se te vaya a denegar para todos los pedidos futuros.<br><br>\n\n<h3>\u00bfQu\u00e9 tengo que proporcionar cuando realice una compra? <\/h3><br>\n\nSi deseas realizar una compra con Klarna usando Pagar en 3 plazos, deber\u00e1s proporcionar tu n\u00famero de tel\u00e9fono m\u00f3vil, direcci\u00f3n de e-mail, direcci\u00f3n de facturaci\u00f3n actual y una tarjeta de d\u00e9bito o tarjeta. Se requiere el n\u00famero de tel\u00e9fono m\u00f3vil en caso de que necesitemos contactar contigo. Todas las comunicaciones se enviar\u00e1n a tu direcci\u00f3n de e-mail. Es muy importante que nos proporciones los datos correctos, ya que de lo contrario no recibir\u00e1s tu calendario de pagos ni ninguna informaci\u00f3n actualizada sobre el pedido.<br><br>\n\n<h3>\u00bfSe me realizar\u00e1 una verificaci\u00f3n de cr\u00e9dito?<\/h3><br>\n\nKlarna puede efectuar las llamadas consultas no registradas (o comprobaciones de cr\u00e9dito r\u00e1pidas) que no afectan la calificaci\u00f3n crediticia y solo son visibles para ti y Klarna, pero no son visibles para otros prestamistas. Ni Klarna ni Positive Prints realizan verificaciones de cr\u00e9dito que puedan afectar tu calificaci\u00f3n crediticia.<br><br>\n\n<h3>\u00bfPor qu\u00e9 no se me ha ofrecido la opci\u00f3n Paga en 3 plazos?<\/h3><br>\n\nAunque hemos hecho mucha promoci\u00f3n de Paga en 3 plazos, esta opci\u00f3n no est\u00e1 siempre disponible a nivel global. La opci\u00f3n de pago Paga en 3 plazos se genera autom\u00e1ticamente mediante algoritmos que dependen de una serie de factores, incluidos los datos de la direcci\u00f3n, los detalles del titular de la tarjeta, la cantidad del pedido, la tienda en l\u00ednea, el historial de pedidos anteriores y la disponibilidad del art\u00edculo.<br><br>\n\n<h3>\u00bfCu\u00e1les son mis opciones de pago con Klarna?<\/h3><br>\n\nEl pago de cada plazo de Paga en 3 plazos se cobrar\u00e1 autom\u00e1ticamente de la tarjeta de cr\u00e9dito o d\u00e9bito que introdujiste al realizar el pago. El primer pago se realiza cuando se confirma el pedido. El segundo y el tercer plazo se cobran 30 y 60 d\u00edas despu\u00e9s del pago del primer plazo, respectivamente. Siempre puedes controlar tus pagos programados en la aplicaci\u00f3n Klarna.<br><br>\n\n<h3>\u00bfQu\u00e9 sucede si cancelo mi pedido? <\/h3><br>\n\nEn cuanto \u200bPositive Prints haya aceptado tu cancelaci\u00f3n, Klarna cancelar\u00e1 cualquier pago futuro programado y reembolsar\u00e1 cualquier importe adeudado. La devoluci\u00f3n se reflejar\u00e1 en la aplicaci\u00f3n Klarna al momento.<br><br>\n\n<h3>\u00bfQu\u00e9 sucede si no pago mi pedido? <\/h3><br>\n\nKlarna intentar\u00e1 cobrar autom\u00e1ticamente el pago de tu compra Paga en 3 plazos en \u200bPositive Prints de la tarjeta de cr\u00e9dito o d\u00e9bito que introdujiste al realizar el pago. Si no podemos cobrar tu pago en la fecha de vencimiento programada, Klarna har\u00e1 un nuevo intento de cobrar el pago autom\u00e1ticamente dos d\u00edas despu\u00e9s. En caso de que falle este \u00faltimo intento de pago, Klarna te enviar\u00e1 un extracto por el importe total del pedido pendiente, que ser\u00e1 pagadero en los 15 d\u00edas posteriores. Klarna te avisar\u00e1 del vencimiento de un pago dos d\u00edas antes de que intente cobrarlo, y siempre puedes comprobar la fecha de vencimiento en la aplicaci\u00f3n Klarna, a tu conveniencia. Tu calificaci\u00f3n crediticia no se ver\u00e1 afectada por el uso de los productos &#8220;Paga en 3 plazos&#8221; de Klarna, incluso si no has pagado a tiempo.<br><br>\n\n<h3>Se me ha pedido que me dirija al sitio de Klarna. \u00bfEs correcto?<\/h3><br>\n\nPuedes ver todas tus compras de Klarna y el calendario de pagos en la aplicaci\u00f3n Klarna o iniciando sesi\u00f3n en Klarna.com\/es\/.<br><br>\n\n<h3>\u00bfEst\u00e1 protegida mi informaci\u00f3n de pago?<\/h3><br>\n\nKlarna procesa tu informaci\u00f3n de pago de forma segura. Los datos de las tarjetas nunca se transfieren a Positive Prints ni este los conserva. Todas las transacciones se realizan a trav\u00e9s de conexiones protegidas con los \u00faltimos protocolos de seguridad est\u00e1ndar de la industria.<br><br>\n\n<h3>\u00bfPuedo pagar antes de la fecha de vencimiento?<\/h3><br>\n\nS\u00ed. Simplemente entra a la aplicaci\u00f3n Klarna o inicia sesi\u00f3n en Klarna.com\/es y realiza el pago anticipado.<br><br>\n\n<h3>\u00bfHab\u00e9is recibido mi pago?<\/h3><br>\n\nKlarna te avisar\u00e1 por e-mail y te enviar\u00e1 una notificaci\u00f3n push desde la aplicaci\u00f3n Klarna cuando el pago venza y cuando este se haya cobrado con \u00e9xito, o en el improbable caso de que se produzca un error con su pago. Si se te ha cobrado un pago pero no has recibido la confirmaci\u00f3n de pago, siempre puedes verificar el estado de tu pedido y tus pagos entrando a la aplicaci\u00f3n Klarna o iniciando sesi\u00f3n en \u200bwww.klarna.com\/es\u200b.<br><br>\n\n<h3>He recibido un extracto, pero a\u00fan no he recibido mis art\u00edculos.<\/h3><br>\n\nEn caso de no haber recibido tus art\u00edculos, llama a Positive Prints\u200b para verificar el estado de tu pedido y la entrega. Tambi\u00e9n puedes comunicarte con el \u200b<a href=\"https:\/\/www.klarna.com\/es\/atencion-al-cliente\/\">Servicio de atenci\u00f3n al cliente de Klarna<\/a>\u200b para que podamos posponer la fecha de vencimiento de tu pago o poner el pedido en espera en la aplicaci\u00f3n Klarna mientras esperas a que lleguen los art\u00edculos.<br><br>\n\n<h3>He cancelado mi pedido. \u00bfCu\u00e1nto tardar\u00e9 en recibir mi reembolso?<\/h3><br>\n\nEn cuanto la tienda haya registrado tu cancelaci\u00f3n o tu devoluci\u00f3n, el reembolso se procesar\u00e1 dentro de los 5-7 d\u00edas h\u00e1biles.<br><br>\n\n<h3>He solicitado un reembolso. \u00bfC\u00f3mo lo recibir\u00e9? <\/h3><br>\n\nLos reembolsos se enviar\u00e1n a la tarjeta de d\u00e9bito o cr\u00e9dito que se introdujo originalmente al completar la compra.<br><br>\n\n<h3>No he recibido ning\u00fan e-mail con la informaci\u00f3n de mi extracto\/pago.<\/h3><br>\n\nPuedes iniciar sesi\u00f3n en la aplicaci\u00f3n Klarna o en \u200bwww.klarna.com\/es, donde encontrar\u00e1 todos tus pedidos e informaci\u00f3n sobre el calendario de pagos.<br><br>\n\n<p style=\"text-align: center\">Sigo teniendo preguntas sobre los pagos. \u00bfCon qui\u00e9n puedo ponerme en contacto?<br>\n\nVisita la aplicaci\u00f3n Klarna o la \u200bp\u00e1gina del \u200b<a href=\"https:\/\/www.klarna.com\/es\/atencion-al-cliente\/\">Servicio de Atenci\u00f3n al Cliente<\/a>\u200b de Klarna\u200b para obtener una lista completa de preguntas frecuentes, chatear en vivo con nuestros representantes o bien llamarlos.<\/p>","protected":false},"excerpt":{"rendered":"<p>KLARNA &#8211; PREGUNTAS FRECUENTES SOBRE LA OPCI\u00d3N \u00bfQui\u00e9n es Klarna? Klarna es un proveedor de servicios de pago sueco que asume la responsabilidad integral de tus pagos. Klarna es el proveedor de pagos smooth de m\u00e1s de 200 000 tiendas en l\u00ednea. M\u00e1s de 85 millones de consumidores de todo el mundo han confiado en [&hellip;]<\/p>\n","protected":false},"author":1,"featured_media":0,"parent":0,"menu_order":0,"comment_status":"closed","ping_status":"closed","template":"","meta":{"footnotes":""},"class_list":["post-72350","page","type-page","status-publish","hentry"],"yoast_head":"<!-- This site is optimized with the Yoast SEO Premium plugin v27.2 (Yoast SEO v27.2) - https:\/\/yoast.com\/product\/yoast-seo-premium-wordpress\/ -->\n<title>klarnafaq - Positive Prints<\/title>\n<meta name=\"robots\" content=\"index, follow, max-snippet:-1, max-image-preview:large, max-video-preview:-1\" \/>\n<link rel=\"canonical\" href=\"https:\/\/positiveprints.com\/es\/klarnafaq\/\" \/>\n<meta property=\"og:locale\" content=\"es_ES\" \/>\n<meta property=\"og:type\" content=\"article\" \/>\n<meta property=\"og:title\" content=\"klarnafaq\" \/>\n<meta property=\"og:description\" content=\"KLARNA - PREGUNTAS FRECUENTES SOBRE LA OPCI\u00d3N \u00bfQui\u00e9n es Klarna? Klarna es un proveedor de servicios de pago sueco que asume la responsabilidad integral de\" \/>\n<meta property=\"og:url\" content=\"https:\/\/positiveprints.com\/es\/klarnafaq\/\" \/>\n<meta property=\"og:site_name\" content=\"Positive Prints\" \/>\n<meta property=\"article:publisher\" content=\"https:\/\/www.facebook.com\/positiveprintscom\" \/>\n<meta property=\"article:modified_time\" content=\"2021-10-22T09:35:07+00:00\" \/>\n<meta property=\"og:image\" content=\"https:\/\/positiveprints.com\/wp-content\/uploads\/2026\/03\/Open-graph-2026-1200x630-1.jpg\" \/>\n\t<meta property=\"og:image:width\" content=\"1200\" \/>\n\t<meta property=\"og:image:height\" content=\"630\" \/>\n\t<meta property=\"og:image:type\" content=\"image\/jpeg\" \/>\n<meta name=\"twitter:card\" content=\"summary_large_image\" \/>\n<meta name=\"twitter:label1\" content=\"Tiempo de lectura\" \/>\n\t<meta name=\"twitter:data1\" content=\"6 minutos\" \/>\n<!-- \/ Yoast SEO Premium plugin. -->","yoast_head_json":{"title":"klarnafaq - Positive Prints","robots":{"index":"index","follow":"follow","max-snippet":"max-snippet:-1","max-image-preview":"max-image-preview:large","max-video-preview":"max-video-preview:-1"},"canonical":"https:\/\/positiveprints.com\/es\/klarnafaq\/","og_locale":"es_ES","og_type":"article","og_title":"klarnafaq","og_description":"KLARNA - PREGUNTAS FRECUENTES SOBRE LA OPCI\u00d3N \u00bfQui\u00e9n es Klarna? Klarna es un proveedor de servicios de pago sueco que asume la responsabilidad integral de","og_url":"https:\/\/positiveprints.com\/es\/klarnafaq\/","og_site_name":"Positive Prints","article_publisher":"https:\/\/www.facebook.com\/positiveprintscom","article_modified_time":"2021-10-22T09:35:07+00:00","og_image":[{"width":1200,"height":630,"url":"https:\/\/positiveprints.com\/wp-content\/uploads\/2026\/03\/Open-graph-2026-1200x630-1.jpg","type":"image\/jpeg"}],"twitter_card":"summary_large_image","twitter_misc":{"Tiempo de lectura":"6 minutos"},"schema":{"@context":"https:\/\/schema.org","@graph":[{"@type":"WebPage","@id":"https:\/\/positiveprints.com\/es\/klarnafaq\/","url":"https:\/\/positiveprints.com\/es\/klarnafaq\/","name":"klarnafaq - Positive Prints","isPartOf":{"@id":"https:\/\/positiveprints.com\/es\/#website"},"datePublished":"2021-05-31T13:05:37+00:00","dateModified":"2021-10-22T09:35:07+00:00","breadcrumb":{"@id":"https:\/\/positiveprints.com\/es\/klarnafaq\/#breadcrumb"},"inLanguage":"es","potentialAction":[{"@type":"ReadAction","target":["https:\/\/positiveprints.com\/es\/klarnafaq\/"]}]},{"@type":"BreadcrumbList","@id":"https:\/\/positiveprints.com\/es\/klarnafaq\/#breadcrumb","itemListElement":[{"@type":"ListItem","position":1,"name":"CASA","item":"https:\/\/positiveprints.com\/es\/"},{"@type":"ListItem","position":2,"name":"klarnafaq"}]},{"@type":"WebSite","@id":"https:\/\/positiveprints.com\/es\/#website","url":"https:\/\/positiveprints.com\/es\/","name":"Positive Prints","description":"Custom Gifts for Special Occasions","publisher":{"@id":"https:\/\/positiveprints.com\/es\/#organization"},"potentialAction":[{"@type":"SearchAction","target":{"@type":"EntryPoint","urlTemplate":"https:\/\/positiveprints.com\/es\/?s={search_term_string}"},"query-input":{"@type":"PropertyValueSpecification","valueRequired":true,"valueName":"search_term_string"}}],"inLanguage":"es"},{"@type":"Organization","@id":"https:\/\/positiveprints.com\/es\/#organization","name":"Positive Prints","alternateName":"Positive Prints","url":"https:\/\/positiveprints.com\/es\/","logo":{"@type":"ImageObject","inLanguage":"es","@id":"https:\/\/positiveprints.com\/es\/#\/schema\/logo\/image\/","url":"https:\/\/positiveprints.com\/wp-content\/uploads\/2026\/03\/245815646_1337939713319158_5671353136411139666_n.png","contentUrl":"https:\/\/positiveprints.com\/wp-content\/uploads\/2026\/03\/245815646_1337939713319158_5671353136411139666_n.png","width":800,"height":800,"caption":"Positive Prints"},"image":{"@id":"https:\/\/positiveprints.com\/es\/#\/schema\/logo\/image\/"},"sameAs":["https:\/\/www.facebook.com\/positiveprintscom","https:\/\/www.instagram.com\/positiveprintscom\/","https:\/\/www.tiktok.com\/@positiveprintscom","https:\/\/www.pinterest.com\/positiveprintscom\/"]}]}},"jetpack_sharing_enabled":true,"_links":{"self":[{"href":"https:\/\/positiveprints.com\/es\/wp-json\/wp\/v2\/pages\/72350","targetHints":{"allow":["GET"]}}],"collection":[{"href":"https:\/\/positiveprints.com\/es\/wp-json\/wp\/v2\/pages"}],"about":[{"href":"https:\/\/positiveprints.com\/es\/wp-json\/wp\/v2\/types\/page"}],"author":[{"embeddable":true,"href":"https:\/\/positiveprints.com\/es\/wp-json\/wp\/v2\/users\/1"}],"replies":[{"embeddable":true,"href":"https:\/\/positiveprints.com\/es\/wp-json\/wp\/v2\/comments?post=72350"}],"version-history":[{"count":0,"href":"https:\/\/positiveprints.com\/es\/wp-json\/wp\/v2\/pages\/72350\/revisions"}],"wp:attachment":[{"href":"https:\/\/positiveprints.com\/es\/wp-json\/wp\/v2\/media?parent=72350"}],"curies":[{"name":"wp","href":"https:\/\/api.w.org\/{rel}","templated":true}]}}