{"id":379700,"date":"2022-11-18T14:56:45","date_gmt":"2022-11-18T13:56:45","guid":{"rendered":"https:\/\/positiveprints.com\/discount-code\/"},"modified":"2025-12-03T12:08:39","modified_gmt":"2025-12-03T10:08:39","slug":"codigo-de-descuento","status":"publish","type":"page","link":"https:\/\/positiveprints.com\/es\/codigo-de-descuento\/","title":{"rendered":"C\u00f3digo de descuento"},"content":{"rendered":"<div class=\"st\">\n\n<h1 class=\"grenB f28\">\u00bfEst\u00e1s buscando un c\u00f3digo de descuento para usarlo en Positive Prints?<\/h1>\n\n<p style=\"margin-top: 1rem\">\u00a1Tenemos para ti algunas formas de ahorrar!<\/p>\n\n<h2 class=\"grenB f24 cblue;\" style=\"margin-top: 3rem; margin-bottom: 1rem; color: #f77147;\">Descuentos durante todo el a\u00f1o<\/h2>\n<h3 class=\"grenB f18 cblue\" style=\"margin-top: 3rem\">Compra 2 o m\u00e1s productos y disfruta de nuestros descuentos<\/h3>\n\n<p style=\"margin-top: 1rem\">Compra dos productos y obt\u00e9n un 25 % de descuento en el segundo producto o compra tres o m\u00e1s productos y obt\u00e9n un 20 % de descuento en todo tu pedido. Estos descuentos se aplicar\u00e1n autom\u00e1ticamente en tu carrito, por lo que no es necesario ingresar un c\u00f3digo de descuento.<\/p>\n<br><br><br>\n\n<div id=\"newsletter\" class=\"f1\">\r\n            <h3 class=\"grenB\">Mantente informado<\/h3>\r\n            <p class=\"mT2 mB2\">Seamos amigos. Reg\u00edstrate para enterarte de las novedades, promociones, noticias y aprovechar un 6% en tu primera compra.<\/p>\r\n            <span class=\"success dN f16\">Gracias por suscribirte<\/span>\r\n            <input id=\"newsletter_name_input\" autocomplete=\"given-name\" name=\"first-name\" placeholder=\"Nombre\" \/>\r\n            <input id=\"newsletter_input\" autocomplete=\"email\" name=\"email\" type=\"email\" class=\"mT05\" placeholder=\"Direcci\u00f3n de correo electr\u00f3nico\" \/>\r\n            <p style=\"font-size:10px; margin-top:8px;line-height:14px;\">Al proporcionarnos tu correo electr\u00f3nico, est\u00e1s de acuerdo con el procesamiento de tus datos mientras enviamos el bolet\u00edn informativo. Realizaremos dicho proceso de conformidad con el GDP y nuestra Pol\u00edtica de Privacidad. Puedes retirar tu consentimiento en cualquier momento.<\/p>\r\n            <button onclick=\"subscribe_to_newsletter(this)\" class=\"btn orB mT1 mW100\">Reg\u00edstrate<\/button>\r\n        <\/div>\t\n\n<h2 class=\"grenB f24 cblue\" style=\"margin-top: 3rem; color: #f77147;\">Promociones especiales<\/h2>\n<p style=\"margin-top: 1rem\">Tenemos c\u00f3digos de descuento para eventos especiales. \u00a1Aseg\u00farate de visitarnos de nuevo!<\/p>\n\n\n<p style=\"margin: 1rem auto;\"><a href=\"https:\/\/positiveprints.com\/es\/creadores-de-productos\/es-2\/\" class=\"btn orB mT1 long\" style=\"text-decoration:none!important; color:#ffffff!important;\">Comienza ahora<\/a><\/p>\n\n\n<\/div><p><\/p>","protected":false},"excerpt":{"rendered":"<p>\u00bfEst\u00e1s buscando un c\u00f3digo de descuento para usarlo en Positive Prints? \u00a1Tenemos para ti algunas formas de ahorrar! Descuentos durante todo el a\u00f1o Compra 2 o m\u00e1s productos y disfruta de nuestros descuentos Compra dos productos y obt\u00e9n un 25 % de descuento en el segundo producto o compra tres o m\u00e1s productos y obt\u00e9n [&hellip;]<\/p>\n","protected":false},"author":22,"featured_media":0,"parent":0,"menu_order":0,"comment_status":"closed","ping_status":"closed","template":"informational-page.php","meta":{"footnotes":""},"class_list":["post-379700","page","type-page","status-publish","hentry"],"yoast_head":"<!-- This site is optimized with the Yoast SEO Premium plugin v27.2 (Yoast SEO v27.2) - https:\/\/yoast.com\/product\/yoast-seo-premium-wordpress\/ -->\n<title>C\u00f3digo de descuento - Positive Prints<\/title>\n<meta name=\"description\" content=\"\u00bfEst\u00e1s buscando un c\u00f3digo de descuento para usarlo en Positive Prints? \u00a1Tenemos para ti algunas formas de ahorrar!\" \/>\n<meta name=\"robots\" content=\"index, follow, max-snippet:-1, max-image-preview:large, max-video-preview:-1\" \/>\n<link rel=\"canonical\" href=\"https:\/\/positiveprints.com\/es\/codigo-de-descuento\/\" \/>\n<meta property=\"og:locale\" content=\"es_ES\" \/>\n<meta property=\"og:type\" content=\"article\" \/>\n<meta property=\"og:title\" content=\"C\u00f3digo de descuento\" \/>\n<meta property=\"og:description\" content=\"\u00bfEst\u00e1s buscando un c\u00f3digo de descuento para usarlo en Positive Prints? \u00a1Tenemos para ti algunas formas de ahorrar! Descuentos durante todo el a\u00f1o Compra 2\" \/>\n<meta property=\"og:url\" content=\"https:\/\/positiveprints.com\/es\/codigo-de-descuento\/\" \/>\n<meta property=\"og:site_name\" content=\"Positive Prints\" \/>\n<meta property=\"article:publisher\" content=\"https:\/\/www.facebook.com\/positiveprintscom\" \/>\n<meta property=\"article:modified_time\" content=\"2025-12-03T10:08:39+00:00\" \/>\n<meta property=\"og:image\" content=\"https:\/\/positiveprints.com\/wp-content\/uploads\/2026\/03\/Open-graph-2026-1200x630-1.jpg\" \/>\n\t<meta property=\"og:image:width\" content=\"1200\" \/>\n\t<meta property=\"og:image:height\" content=\"630\" \/>\n\t<meta property=\"og:image:type\" content=\"image\/jpeg\" \/>\n<meta name=\"twitter:card\" content=\"summary_large_image\" \/>\n<!-- \/ Yoast SEO Premium plugin. -->","yoast_head_json":{"title":"C\u00f3digo de descuento - Positive Prints","description":"\u00bfEst\u00e1s buscando un c\u00f3digo de descuento para usarlo en Positive Prints? \u00a1Tenemos para ti algunas formas de ahorrar!","robots":{"index":"index","follow":"follow","max-snippet":"max-snippet:-1","max-image-preview":"max-image-preview:large","max-video-preview":"max-video-preview:-1"},"canonical":"https:\/\/positiveprints.com\/es\/codigo-de-descuento\/","og_locale":"es_ES","og_type":"article","og_title":"C\u00f3digo de descuento","og_description":"\u00bfEst\u00e1s buscando un c\u00f3digo de descuento para usarlo en Positive Prints? \u00a1Tenemos para ti algunas formas de ahorrar! Descuentos durante todo el a\u00f1o Compra 2","og_url":"https:\/\/positiveprints.com\/es\/codigo-de-descuento\/","og_site_name":"Positive Prints","article_publisher":"https:\/\/www.facebook.com\/positiveprintscom","article_modified_time":"2025-12-03T10:08:39+00:00","og_image":[{"width":1200,"height":630,"url":"https:\/\/positiveprints.com\/wp-content\/uploads\/2026\/03\/Open-graph-2026-1200x630-1.jpg","type":"image\/jpeg"}],"twitter_card":"summary_large_image","schema":{"@context":"https:\/\/schema.org","@graph":[{"@type":"WebPage","@id":"https:\/\/positiveprints.com\/es\/codigo-de-descuento\/","url":"https:\/\/positiveprints.com\/es\/codigo-de-descuento\/","name":"C\u00f3digo de descuento - Positive Prints","isPartOf":{"@id":"https:\/\/positiveprints.com\/es\/#website"},"datePublished":"2022-11-18T13:56:45+00:00","dateModified":"2025-12-03T10:08:39+00:00","description":"\u00bfEst\u00e1s buscando un c\u00f3digo de descuento para usarlo en Positive Prints? \u00a1Tenemos para ti algunas formas de ahorrar!","breadcrumb":{"@id":"https:\/\/positiveprints.com\/es\/codigo-de-descuento\/#breadcrumb"},"inLanguage":"es","potentialAction":[{"@type":"ReadAction","target":["https:\/\/positiveprints.com\/es\/codigo-de-descuento\/"]}]},{"@type":"BreadcrumbList","@id":"https:\/\/positiveprints.com\/es\/codigo-de-descuento\/#breadcrumb","itemListElement":[{"@type":"ListItem","position":1,"name":"CASA","item":"https:\/\/positiveprints.com\/es\/"},{"@type":"ListItem","position":2,"name":"C\u00f3digo de descuento"}]},{"@type":"WebSite","@id":"https:\/\/positiveprints.com\/es\/#website","url":"https:\/\/positiveprints.com\/es\/","name":"Positive Prints","description":"Custom Gifts for Special Occasions","publisher":{"@id":"https:\/\/positiveprints.com\/es\/#organization"},"potentialAction":[{"@type":"SearchAction","target":{"@type":"EntryPoint","urlTemplate":"https:\/\/positiveprints.com\/es\/?s={search_term_string}"},"query-input":{"@type":"PropertyValueSpecification","valueRequired":true,"valueName":"search_term_string"}}],"inLanguage":"es"},{"@type":"Organization","@id":"https:\/\/positiveprints.com\/es\/#organization","name":"Positive Prints","alternateName":"Positive Prints ","url":"https:\/\/positiveprints.com\/es\/","logo":{"@type":"ImageObject","inLanguage":"es","@id":"https:\/\/positiveprints.com\/es\/#\/schema\/logo\/image\/","url":"https:\/\/positiveprints.com\/wp-content\/uploads\/2026\/03\/245815646_1337939713319158_5671353136411139666_n.png","contentUrl":"https:\/\/positiveprints.com\/wp-content\/uploads\/2026\/03\/245815646_1337939713319158_5671353136411139666_n.png","width":800,"height":800,"caption":"Positive Prints"},"image":{"@id":"https:\/\/positiveprints.com\/es\/#\/schema\/logo\/image\/"},"sameAs":["https:\/\/www.facebook.com\/positiveprintscom","https:\/\/www.instagram.com\/positiveprintscom\/","https:\/\/www.tiktok.com\/@positiveprintscom","https:\/\/www.pinterest.com\/positiveprintscom\/"]}]}},"jetpack_sharing_enabled":true,"_links":{"self":[{"href":"https:\/\/positiveprints.com\/es\/wp-json\/wp\/v2\/pages\/379700","targetHints":{"allow":["GET"]}}],"collection":[{"href":"https:\/\/positiveprints.com\/es\/wp-json\/wp\/v2\/pages"}],"about":[{"href":"https:\/\/positiveprints.com\/es\/wp-json\/wp\/v2\/types\/page"}],"author":[{"embeddable":true,"href":"https:\/\/positiveprints.com\/es\/wp-json\/wp\/v2\/users\/22"}],"replies":[{"embeddable":true,"href":"https:\/\/positiveprints.com\/es\/wp-json\/wp\/v2\/comments?post=379700"}],"version-history":[{"count":0,"href":"https:\/\/positiveprints.com\/es\/wp-json\/wp\/v2\/pages\/379700\/revisions"}],"wp:attachment":[{"href":"https:\/\/positiveprints.com\/es\/wp-json\/wp\/v2\/media?parent=379700"}],"curies":[{"name":"wp","href":"https:\/\/api.w.org\/{rel}","templated":true}]}}