{"id":315677,"date":"2022-07-08T18:26:22","date_gmt":"2022-07-08T16:26:22","guid":{"rendered":"https:\/\/positiveprints.com\/pautas-de-subida\/"},"modified":"2025-07-22T15:09:35","modified_gmt":"2025-07-22T13:09:35","slug":"pautas-de-subida","status":"publish","type":"page","link":"https:\/\/positiveprints.com\/es\/pautas-de-subida\/","title":{"rendered":"Pautas de subida"},"content":{"rendered":"<h1 class=\"grenB\" id=\"h-pautas-de-subida\">Pautas de subida<\/h1><p><\/p><p><br><br><\/p><p>1. Est\u00e1s de acuerdo con nuestra <a href=\"https:\/\/positiveprints.com\/privacy-policy\/\">Pol\u00edtica de privacidad.<\/a><\/p><p>2. Tienes todos los derechos de distribuci\u00f3n y el uso comercial del archivo.<\/p><p>3. El archivo no infringe ning\u00fan derecho personal o derecho de autor.<\/p><p>4. El archivo no contiene contenido controvertido, como violencia, desnudos o cualquier otro contenido ilegal.<\/p><p>5. Garantizas que Positive Prints queda protegido contra cualquier reclamo que resulte de una violaci\u00f3n de los derechos del archivo subido.<\/p><p>6. Positive Prints se reserva el derecho de evaluar el archivo enviado y eliminarlo, cancelando el pedido.<\/p><p><\/p><p><\/p><p><p><br><br><\/p><p><strong>Requisitos para el archivo de audio:<\/strong><\/p><\/p><p>1. Formatos de archivos permitidos: MP3, AAC, M4A<\/p><p>2. Tama\u00f1o m\u00e1ximo del archivo: 5 MB<\/p><p>3. Tiempo m\u00e1ximo de duraci\u00f3n: 6 min<\/p><p>4. Si el archivo subido dura m\u00e1s de 6 minutos, ser\u00e1 recortado para que el sonido tan solo dure 6 minutos<\/p><div style=\"height:30px\" aria-hidden=\"true\" class=\"wp-block-spacer\"><\/div><p><\/p><p><strong>Tiempo de almacenamiento de los archivos de audio:<\/strong><\/p><p>1. Despu\u00e9s de hacer clic en el bot\u00f3n guardar obra de arte: 30 d\u00edas<\/p><p>2. Despu\u00e9s de hacer un pedido sin c\u00f3digo QR: 30 d\u00edas<\/p><p>3. Despu\u00e9s de hacer un pedido con c\u00f3digo QR:\u00a0 hasta que existamos nosotros ;)<\/p><p><br><strong>Requisitos para el archivo de imagen:<\/strong><\/p><p>1. Archivos permitidos: JPEG, JPG, PNG<\/p><p>2. Tama\u00f1o m\u00e1ximo del archivo: 10 MB<\/p><p>3. Resoluci\u00f3n de imagen recomendada: 120-300 DPI<\/p><p><\/p><div style=\"height:30px\" aria-hidden=\"true\" class=\"wp-block-spacer\"><\/div><p><strong>Tiempo de almacenamiento de los archivos gr\u00e1ficos:<\/strong><\/p><p>1. Despu\u00e9s de hacer clic en el bot\u00f3n guardar obra de arte: 30 d\u00edas<\/p><p>2. Despu\u00e9s de hacer un pedido: 30 d\u00edas<br><br><br><\/p>","protected":false},"excerpt":{"rendered":"<p>Pautas de subida1. Est\u00e1s de acuerdo con nuestra Pol\u00edtica de privacidad.2. Tienes todos los derechos de distribuci\u00f3n y el uso comercial del archivo.3. El archivo no infringe ning\u00fan derecho personal o derecho de autor.4. El archivo no contiene contenido controvertido, como violencia, desnudos o cualquier otro contenido ilegal.5. Garantizas que Positive Prints queda protegido contra [&hellip;]<\/p>\n","protected":false},"author":1,"featured_media":0,"parent":0,"menu_order":0,"comment_status":"closed","ping_status":"closed","template":"informational-page.php","meta":{"footnotes":""},"class_list":["post-315677","page","type-page","status-publish","hentry"],"yoast_head":"<!-- This site is optimized with the Yoast SEO Premium plugin v27.2 (Yoast SEO v27.2) - https:\/\/yoast.com\/product\/yoast-seo-premium-wordpress\/ -->\n<title>Pautas de subida - Positive Prints<\/title>\n<meta name=\"robots\" content=\"index, follow, max-snippet:-1, max-image-preview:large, max-video-preview:-1\" \/>\n<link rel=\"canonical\" href=\"https:\/\/positiveprints.com\/es\/pautas-de-subida\/\" \/>\n<meta property=\"og:locale\" content=\"es_ES\" \/>\n<meta property=\"og:type\" content=\"article\" \/>\n<meta property=\"og:title\" content=\"Pautas de subida\" \/>\n<meta property=\"og:description\" content=\"Pautas de subida 1. Est\u00e1s de acuerdo con nuestra Pol\u00edtica de privacidad. 2. Tienes todos los derechos de distribuci\u00f3n y el uso comercial del archivo. 3.\" \/>\n<meta property=\"og:url\" content=\"https:\/\/positiveprints.com\/es\/pautas-de-subida\/\" \/>\n<meta property=\"og:site_name\" content=\"Positive Prints\" \/>\n<meta property=\"article:publisher\" content=\"https:\/\/www.facebook.com\/positiveprintscom\" \/>\n<meta property=\"article:modified_time\" content=\"2025-07-22T13:09:35+00:00\" \/>\n<meta property=\"og:image\" content=\"https:\/\/positiveprints.com\/wp-content\/uploads\/2026\/03\/Open-graph-2026-1200x630-1.jpg\" \/>\n\t<meta property=\"og:image:width\" content=\"1200\" \/>\n\t<meta property=\"og:image:height\" content=\"630\" \/>\n\t<meta property=\"og:image:type\" content=\"image\/jpeg\" \/>\n<meta name=\"twitter:card\" content=\"summary_large_image\" \/>\n<meta name=\"twitter:label1\" content=\"Tiempo de lectura\" \/>\n\t<meta name=\"twitter:data1\" content=\"2 minutos\" \/>\n<!-- \/ Yoast SEO Premium plugin. -->","yoast_head_json":{"title":"Pautas de subida - Positive Prints","robots":{"index":"index","follow":"follow","max-snippet":"max-snippet:-1","max-image-preview":"max-image-preview:large","max-video-preview":"max-video-preview:-1"},"canonical":"https:\/\/positiveprints.com\/es\/pautas-de-subida\/","og_locale":"es_ES","og_type":"article","og_title":"Pautas de subida","og_description":"Pautas de subida 1. Est\u00e1s de acuerdo con nuestra Pol\u00edtica de privacidad. 2. Tienes todos los derechos de distribuci\u00f3n y el uso comercial del archivo. 3.","og_url":"https:\/\/positiveprints.com\/es\/pautas-de-subida\/","og_site_name":"Positive Prints","article_publisher":"https:\/\/www.facebook.com\/positiveprintscom","article_modified_time":"2025-07-22T13:09:35+00:00","og_image":[{"width":1200,"height":630,"url":"https:\/\/positiveprints.com\/wp-content\/uploads\/2026\/03\/Open-graph-2026-1200x630-1.jpg","type":"image\/jpeg"}],"twitter_card":"summary_large_image","twitter_misc":{"Tiempo de lectura":"2 minutos"},"schema":{"@context":"https:\/\/schema.org","@graph":[{"@type":"WebPage","@id":"https:\/\/positiveprints.com\/es\/pautas-de-subida\/","url":"https:\/\/positiveprints.com\/es\/pautas-de-subida\/","name":"Pautas de subida - Positive Prints","isPartOf":{"@id":"https:\/\/positiveprints.com\/es\/#website"},"datePublished":"2022-07-08T16:26:22+00:00","dateModified":"2025-07-22T13:09:35+00:00","breadcrumb":{"@id":"https:\/\/positiveprints.com\/es\/pautas-de-subida\/#breadcrumb"},"inLanguage":"es","potentialAction":[{"@type":"ReadAction","target":["https:\/\/positiveprints.com\/es\/pautas-de-subida\/"]}]},{"@type":"BreadcrumbList","@id":"https:\/\/positiveprints.com\/es\/pautas-de-subida\/#breadcrumb","itemListElement":[{"@type":"ListItem","position":1,"name":"CASA","item":"https:\/\/positiveprints.com\/es\/"},{"@type":"ListItem","position":2,"name":"Pautas de subida"}]},{"@type":"WebSite","@id":"https:\/\/positiveprints.com\/es\/#website","url":"https:\/\/positiveprints.com\/es\/","name":"Positive Prints","description":"Custom Gifts for Special Occasions","publisher":{"@id":"https:\/\/positiveprints.com\/es\/#organization"},"potentialAction":[{"@type":"SearchAction","target":{"@type":"EntryPoint","urlTemplate":"https:\/\/positiveprints.com\/es\/?s={search_term_string}"},"query-input":{"@type":"PropertyValueSpecification","valueRequired":true,"valueName":"search_term_string"}}],"inLanguage":"es"},{"@type":"Organization","@id":"https:\/\/positiveprints.com\/es\/#organization","name":"Positive Prints","alternateName":"Positive Prints","url":"https:\/\/positiveprints.com\/es\/","logo":{"@type":"ImageObject","inLanguage":"es","@id":"https:\/\/positiveprints.com\/es\/#\/schema\/logo\/image\/","url":"https:\/\/positiveprints.com\/wp-content\/uploads\/2026\/03\/245815646_1337939713319158_5671353136411139666_n.png","contentUrl":"https:\/\/positiveprints.com\/wp-content\/uploads\/2026\/03\/245815646_1337939713319158_5671353136411139666_n.png","width":800,"height":800,"caption":"Positive Prints"},"image":{"@id":"https:\/\/positiveprints.com\/es\/#\/schema\/logo\/image\/"},"sameAs":["https:\/\/www.facebook.com\/positiveprintscom","https:\/\/www.instagram.com\/positiveprintscom\/","https:\/\/www.tiktok.com\/@positiveprintscom","https:\/\/www.pinterest.com\/positiveprintscom\/"]}]}},"jetpack_sharing_enabled":true,"_links":{"self":[{"href":"https:\/\/positiveprints.com\/es\/wp-json\/wp\/v2\/pages\/315677","targetHints":{"allow":["GET"]}}],"collection":[{"href":"https:\/\/positiveprints.com\/es\/wp-json\/wp\/v2\/pages"}],"about":[{"href":"https:\/\/positiveprints.com\/es\/wp-json\/wp\/v2\/types\/page"}],"author":[{"embeddable":true,"href":"https:\/\/positiveprints.com\/es\/wp-json\/wp\/v2\/users\/1"}],"replies":[{"embeddable":true,"href":"https:\/\/positiveprints.com\/es\/wp-json\/wp\/v2\/comments?post=315677"}],"version-history":[{"count":0,"href":"https:\/\/positiveprints.com\/es\/wp-json\/wp\/v2\/pages\/315677\/revisions"}],"wp:attachment":[{"href":"https:\/\/positiveprints.com\/es\/wp-json\/wp\/v2\/media?parent=315677"}],"curies":[{"name":"wp","href":"https:\/\/api.w.org\/{rel}","templated":true}]}}