{"id":16534,"date":"2020-05-28T16:02:11","date_gmt":"2020-05-28T16:02:11","guid":{"rendered":"https:\/\/positiveprints.com\/creadores-de-productos\/"},"modified":"2023-09-19T15:02:12","modified_gmt":"2023-09-19T13:02:12","slug":"creadores-de-productos","status":"publish","type":"page","link":"https:\/\/positiveprints.com\/es\/creadores-de-productos\/","title":{"rendered":"Crear p\u00f3sters y l\u00e1minas online"},"content":{"rendered":"[et_pb_section fb_built=&#8221;1&#8243; _builder_version=&#8221;4.4.2&#8243; background_color=&#8221;#F8F6F1&#8243; hover_enabled=&#8221;0&#8243; admin_label=&#8221;ProductCreators&#8221;][et_pb_row _builder_version=&#8221;4.4.2&#8243; custom_padding=&#8221;||0px||false|false&#8221;][et_pb_column type=&#8221;4_4&#8243; _builder_version=&#8221;4.4.2&#8243;][et_pb_text _builder_version=&#8221;4.4.2&#8243;]<h2>CREE, VISUALIZE Y PIDA<\/h2>[\/et_pb_text][\/et_pb_column][\/et_pb_row][et_pb_row _builder_version=&#8221;4.4.2&#8243;][et_pb_column type=&#8221;4_4&#8243; _builder_version=&#8221;4.4.2&#8243;][et_pb_text _builder_version=&#8221;4.4.2&#8243;]<h3>Impreso localmente, env\u00edo gratis a todo el mundo<\/h3>[\/et_pb_text][\/et_pb_column][\/et_pb_row][et_pb_row _builder_version=&#8221;4.4.2&#8243;][et_pb_column type=&#8221;4_4&#8243; _builder_version=&#8221;4.0&#8243;][et_pb_text _builder_version=&#8221;4.4.2&#8243;]<div style=\"display:flex; flex-wrap:wrap;width:100%;text-align:center;\"><div class=\"creatorDiv\" onclick=\"location.href='https:\/\/positiveprints.com\/es\/letter-portrait-editor?editorTab=design-tab'\"><div>\r\n<img decoding=\"async\" class=\"creatorImg\" style=\"margin-left:auto;margin-right:auto\" src=\"https:\/\/positiveprints.com\/wp-content\/uploads\/2026\/03\/Packshot_ES_Collage-Personalizado-de-Letra-Y-Numero-1.webp\"\/>\r\n<label class=\"productTitleCategory\">Collage Personalizado de Letra Y N\u00famero<\/label><a href=\"https:\/\/positiveprints.com\/es\/letter-portrait-editor?editorTab=design-tab\" class=\"addAnotherButton\">CREA TU MAPA<\/a><\/div>\r\n<\/div><div class=\"creatorDiv\" onclick=\"location.href='https:\/\/positiveprints.com\/es\/family-editor?editorTab=design-tab'\"><div>\r\n<img decoding=\"async\" class=\"creatorImg\" style=\"margin-left:auto;margin-right:auto\" src=\"https:\/\/positiveprints.com\/wp-content\/uploads\/2026\/02\/Packshot_ES_Retrato-Familiar-Personalizado-a-partir-de-Varias-Fotos.webp\"\/>\r\n<label class=\"productTitleCategory\">Retrato Familiar Personalizado a partir de Varias Fotos<\/label><a href=\"https:\/\/positiveprints.com\/es\/family-editor?editorTab=design-tab\" class=\"addAnotherButton\">CREA TU MAPA<\/a><\/div>\r\n<\/div><div class=\"creatorDiv\" onclick=\"location.href='https:\/\/positiveprints.com\/es\/gpx-editor?editorTab=design-tab'\"><div>\r\n<img decoding=\"async\" class=\"creatorImg\" style=\"margin-left:auto;margin-right:auto\" src=\"https:\/\/positiveprints.com\/wp-content\/uploads\/2026\/02\/Packshot_ES_Poster-del-Mapa-de-Tu-Ruta.webp\"\/>\r\n<label class=\"productTitleCategory\">P\u00f3ster del Mapa de Tu Ruta<\/label><a href=\"https:\/\/positiveprints.com\/es\/gpx-editor?editorTab=design-tab\" class=\"addAnotherButton\">CREA TU MAPA<\/a><\/div>\r\n<\/div><div class=\"creatorDiv\" onclick=\"location.href=''\"><div>\r\n<img decoding=\"async\" class=\"creatorImg\" style=\"margin-left:auto;margin-right:auto\" src=\"https:\/\/positiveprints.com\/wp-content\/uploads\/2026\/04\/Packshot_ES_XX-Retrato-watercolor-a-partir-de-foto.webp\"\/>\r\n<label class=\"productTitleCategory\">Retrato Personalizado a partir de Una Foto<\/label><a href=\"\" class=\"addAnotherButton\">CREA TU MAPA<\/a><\/div>\r\n<\/div><div class=\"creatorDiv\" onclick=\"location.href='https:\/\/positiveprints.com\/es\/place-editor?editorTab=design-tab'\"><div>\r\n<img decoding=\"async\" class=\"creatorImg\" style=\"margin-left:auto;margin-right:auto\" src=\"https:\/\/positiveprints.com\/wp-content\/uploads\/2025\/09\/Retrato-personalizado-en-acuarela-de-una-casa-Packshot_ES_XX.webp\"\/>\r\n<label class=\"productTitleCategory\">Retrato personalizado en acuarela de una casa<\/label><a href=\"https:\/\/positiveprints.com\/es\/place-editor?editorTab=design-tab\" class=\"addAnotherButton\">CREA TU MAPA<\/a><\/div>\r\n<\/div><div class=\"creatorDiv\" onclick=\"location.href='https:\/\/positiveprints.com\/es\/dog-editor?editorTab=design-tab'\"><div>\r\n<img decoding=\"async\" class=\"creatorImg\" style=\"margin-left:auto;margin-right:auto\" src=\"https:\/\/positiveprints.com\/wp-content\/uploads\/2025\/08\/Packshot_ES_Retrato-Personalizado-de-Mascota.webp\"\/>\r\n<label class=\"productTitleCategory\">Retrato Personalizado de Mascota<\/label><a href=\"https:\/\/positiveprints.com\/es\/dog-editor?editorTab=design-tab\" class=\"addAnotherButton\">CREA TU MAPA<\/a><\/div>\r\n<\/div><\/div>[\/et_pb_text][\/et_pb_column][\/et_pb_row][\/et_pb_section]","protected":false},"excerpt":{"rendered":"","protected":false},"author":1,"featured_media":0,"parent":0,"menu_order":0,"comment_status":"closed","ping_status":"closed","template":"PRODUCT_CREATORS.php","meta":{"footnotes":""},"class_list":["post-16534","page","type-page","status-publish","hentry"],"yoast_head":"<!-- This site is optimized with the Yoast SEO Premium plugin v27.2 (Yoast SEO v27.2) - https:\/\/yoast.com\/product\/yoast-seo-premium-wordpress\/ -->\n<title>Crear P\u00f3sters y L\u00e1minas Online [Env\u00edo Gratis] - Positive Prints<\/title>\n<meta name=\"description\" content=\"Creador de regalos personalizados - mapas personalizados, editor de fase lunar personalizado, composiciones artisticas de lagos.\" \/>\n<meta name=\"robots\" content=\"index, follow, max-snippet:-1, max-image-preview:large, max-video-preview:-1\" \/>\n<link rel=\"canonical\" href=\"https:\/\/positiveprints.com\/es\/creadores-de-productos\/\" \/>\n<meta property=\"og:locale\" content=\"es_ES\" \/>\n<meta property=\"og:type\" content=\"article\" \/>\n<meta property=\"og:title\" content=\"Crear p\u00f3sters y l\u00e1minas online\" \/>\n<meta property=\"og:description\" content=\"CREE, VISUALIZE Y PIDAImpreso localmente, env\u00edo gratis a todo el mundo\" \/>\n<meta property=\"og:url\" content=\"https:\/\/positiveprints.com\/es\/creadores-de-productos\/\" \/>\n<meta property=\"og:site_name\" content=\"Positive Prints\" \/>\n<meta property=\"article:publisher\" content=\"https:\/\/www.facebook.com\/positiveprintscom\" \/>\n<meta property=\"article:modified_time\" content=\"2023-09-19T13:02:12+00:00\" \/>\n<meta property=\"og:image\" content=\"https:\/\/positiveprints.com\/wp-content\/uploads\/2026\/03\/Open-graph-2026-1200x630-1.jpg\" \/>\n\t<meta property=\"og:image:width\" content=\"1200\" \/>\n\t<meta property=\"og:image:height\" content=\"630\" \/>\n\t<meta property=\"og:image:type\" content=\"image\/jpeg\" \/>\n<meta name=\"twitter:card\" content=\"summary_large_image\" \/>\n<meta name=\"twitter:label1\" content=\"Tiempo de lectura\" \/>\n\t<meta name=\"twitter:data1\" content=\"1 minuto\" \/>\n<!-- \/ Yoast SEO Premium plugin. -->","yoast_head_json":{"title":"Crear P\u00f3sters y L\u00e1minas Online [Env\u00edo Gratis] - Positive Prints","description":"Creador de regalos personalizados - mapas personalizados, editor de fase lunar personalizado, composiciones artisticas de lagos.","robots":{"index":"index","follow":"follow","max-snippet":"max-snippet:-1","max-image-preview":"max-image-preview:large","max-video-preview":"max-video-preview:-1"},"canonical":"https:\/\/positiveprints.com\/es\/creadores-de-productos\/","og_locale":"es_ES","og_type":"article","og_title":"Crear p\u00f3sters y l\u00e1minas online","og_description":"CREE, VISUALIZE Y PIDAImpreso localmente, env\u00edo gratis a todo el mundo","og_url":"https:\/\/positiveprints.com\/es\/creadores-de-productos\/","og_site_name":"Positive Prints","article_publisher":"https:\/\/www.facebook.com\/positiveprintscom","article_modified_time":"2023-09-19T13:02:12+00:00","og_image":[{"width":1200,"height":630,"url":"https:\/\/positiveprints.com\/wp-content\/uploads\/2026\/03\/Open-graph-2026-1200x630-1.jpg","type":"image\/jpeg"}],"twitter_card":"summary_large_image","twitter_misc":{"Tiempo de lectura":"1 minuto"},"schema":{"@context":"https:\/\/schema.org","@graph":[{"@type":"WebPage","@id":"https:\/\/positiveprints.com\/es\/creadores-de-productos\/","url":"https:\/\/positiveprints.com\/es\/creadores-de-productos\/","name":"Crear P\u00f3sters y L\u00e1minas Online [Env\u00edo Gratis] - Positive Prints","isPartOf":{"@id":"https:\/\/positiveprints.com\/es\/#website"},"datePublished":"2020-05-28T16:02:11+00:00","dateModified":"2023-09-19T13:02:12+00:00","description":"Creador de regalos personalizados - mapas personalizados, editor de fase lunar personalizado, composiciones artisticas de lagos.","breadcrumb":{"@id":"https:\/\/positiveprints.com\/es\/creadores-de-productos\/#breadcrumb"},"inLanguage":"es","potentialAction":[{"@type":"ReadAction","target":["https:\/\/positiveprints.com\/es\/creadores-de-productos\/"]}]},{"@type":"BreadcrumbList","@id":"https:\/\/positiveprints.com\/es\/creadores-de-productos\/#breadcrumb","itemListElement":[{"@type":"ListItem","position":1,"name":"CASA","item":"https:\/\/positiveprints.com\/es\/"},{"@type":"ListItem","position":2,"name":"Crear p\u00f3sters y l\u00e1minas online"}]},{"@type":"WebSite","@id":"https:\/\/positiveprints.com\/es\/#website","url":"https:\/\/positiveprints.com\/es\/","name":"Positive Prints","description":"Custom Gifts for Special Occasions","publisher":{"@id":"https:\/\/positiveprints.com\/es\/#organization"},"potentialAction":[{"@type":"SearchAction","target":{"@type":"EntryPoint","urlTemplate":"https:\/\/positiveprints.com\/es\/?s={search_term_string}"},"query-input":{"@type":"PropertyValueSpecification","valueRequired":true,"valueName":"search_term_string"}}],"inLanguage":"es"},{"@type":"Organization","@id":"https:\/\/positiveprints.com\/es\/#organization","name":"Positive Prints","alternateName":"Positive Prints","url":"https:\/\/positiveprints.com\/es\/","logo":{"@type":"ImageObject","inLanguage":"es","@id":"https:\/\/positiveprints.com\/es\/#\/schema\/logo\/image\/","url":"https:\/\/positiveprints.com\/wp-content\/uploads\/2026\/03\/245815646_1337939713319158_5671353136411139666_n.png","contentUrl":"https:\/\/positiveprints.com\/wp-content\/uploads\/2026\/03\/245815646_1337939713319158_5671353136411139666_n.png","width":800,"height":800,"caption":"Positive Prints"},"image":{"@id":"https:\/\/positiveprints.com\/es\/#\/schema\/logo\/image\/"},"sameAs":["https:\/\/www.facebook.com\/positiveprintscom","https:\/\/www.instagram.com\/positiveprintscom\/","https:\/\/www.tiktok.com\/@positiveprintscom","https:\/\/www.pinterest.com\/positiveprintscom\/"]}]}},"jetpack_sharing_enabled":true,"_links":{"self":[{"href":"https:\/\/positiveprints.com\/es\/wp-json\/wp\/v2\/pages\/16534","targetHints":{"allow":["GET"]}}],"collection":[{"href":"https:\/\/positiveprints.com\/es\/wp-json\/wp\/v2\/pages"}],"about":[{"href":"https:\/\/positiveprints.com\/es\/wp-json\/wp\/v2\/types\/page"}],"author":[{"embeddable":true,"href":"https:\/\/positiveprints.com\/es\/wp-json\/wp\/v2\/users\/1"}],"replies":[{"embeddable":true,"href":"https:\/\/positiveprints.com\/es\/wp-json\/wp\/v2\/comments?post=16534"}],"version-history":[{"count":0,"href":"https:\/\/positiveprints.com\/es\/wp-json\/wp\/v2\/pages\/16534\/revisions"}],"wp:attachment":[{"href":"https:\/\/positiveprints.com\/es\/wp-json\/wp\/v2\/media?parent=16534"}],"curies":[{"name":"wp","href":"https:\/\/api.w.org\/{rel}","templated":true}]}}