{"id":1480887,"date":"2023-11-16T07:14:54","date_gmt":"2023-11-16T06:14:54","guid":{"rendered":"https:\/\/positiveprints.com\/jewelry-care\/"},"modified":"2025-07-30T23:33:31","modified_gmt":"2025-07-30T21:33:31","slug":"cuidado-de-las-joyas","status":"publish","type":"page","link":"https:\/\/positiveprints.com\/es\/cuidado-de-las-joyas\/","title":{"rendered":"Jewelry Care"},"content":{"rendered":"<h2 class=\"wp-block-heading grenB\" id=\"h-como-cuidar-de-tu-joyeria-positive-prints\"><strong>\u00bfC\u00f3mo cuidar de tu joyer\u00eda Positive Prints?<\/strong><\/h2><div style=\"height:20px\" aria-hidden=\"true\" class=\"wp-block-spacer\"><\/div><h3 class=\"wp-block-heading grenB\" id=\"h-evita-el-agua-y-la-humedad\"><strong>Evita el agua<\/strong> <strong>y la humedad<\/strong><\/h3><div style=\"height:10px\" aria-hidden=\"true\" class=\"wp-block-spacer\"><\/div><div class=\"wp-block-columns is-layout-flex wp-container-core-columns-is-layout-9d6595d7 wp-block-columns-is-layout-flex\"><div class=\"wp-block-column is-layout-flow wp-block-column-is-layout-flow\"><figure class=\"wp-block-image size-full is-resized\"><img loading=\"lazy\" decoding=\"async\" width=\"191\" height=\"168\" src=\"https:\/\/positiveprints.com\/wp-content\/uploads\/2024\/03\/avoid-water-and-humidity-icon.png\" alt=\"\" class=\"wp-image-1083131\" style=\"width:106px;height:auto\"\/><\/figure><\/div>\n\n<div class=\"wp-block-column is-vertically-aligned-center is-layout-flow wp-block-column-is-layout-flow\"><p>La joyer\u00eda es una posesi\u00f3n valiosa que merece un cuidado especial y un buen mantenimiento. El contacto directo con el agua, ya sea del mar, sudor, del grifo o de piscinas con cloro, puede afectar negativamente en la apariencia de la joya, haciendo que pierda su brillo, su color o que se vea apagada. Por lo tanto, es fundamental retirarlas antes de ducharse o realizar tareas del hogar.<\/p>\n\n<p>Qu\u00edtate las joyas antes de ducharte o ba\u00f1arte, y especialmente cuando te ba\u00f1es en la piscina o el mar.<\/p><\/div><\/div><div style=\"height:25px\" aria-hidden=\"true\" class=\"wp-block-spacer\"><\/div><h3 class=\"wp-block-heading grenB\" id=\"h-protege-de-los-quimicos\"><strong>Prot\u00e9gela de los qu\u00edmicos<\/strong><\/h3><div style=\"height:10px\" aria-hidden=\"true\" class=\"wp-block-spacer\"><\/div><div class=\"wp-block-columns is-layout-flex wp-container-core-columns-is-layout-9d6595d7 wp-block-columns-is-layout-flex\"><div class=\"wp-block-column is-layout-flow wp-block-column-is-layout-flow\"><figure class=\"wp-block-image size-full is-resized\"><img loading=\"lazy\" decoding=\"async\" width=\"169\" height=\"168\" src=\"https:\/\/positiveprints.com\/wp-content\/uploads\/2024\/03\/protect-against-chemicals-icon.png\" alt=\"\" class=\"wp-image-1083146\" style=\"width:107px;height:auto\" srcset=\"https:\/\/positiveprints.com\/wp-content\/uploads\/2024\/03\/protect-against-chemicals-icon.png 169w, https:\/\/positiveprints.com\/wp-content\/uploads\/2024\/03\/protect-against-chemicals-icon-150x150.png 150w, https:\/\/positiveprints.com\/wp-content\/uploads\/2024\/03\/protect-against-chemicals-icon-100x100.png 100w\" sizes=\"auto, (max-width: 169px) 100vw, 169px\" \/><\/figure><\/div>\n\n<div class=\"wp-block-column is-vertically-aligned-center is-layout-flow wp-block-column-is-layout-flow\"><p>Los detergentes y los productos qu\u00edmicos usados en la cocina, los ba\u00f1os o en cosm\u00e9ticos (lacas, desodorantes, perfumes\u2026), podr\u00edan causar la decoloraci\u00f3n de las joyas o de la piel de la zona de contacto. La plata, en particular, tiende m\u00e1s a reaccionar a los compuestos qu\u00edmicos cambiando de color.<\/p>\n\n<p>Evita aplicar perfumes o cremas directamente a tu joyer\u00eda.<\/p><\/div><\/div><div style=\"height:25px\" aria-hidden=\"true\" class=\"wp-block-spacer\"><\/div><h3 class=\"wp-block-heading grenB\" id=\"h-guarda-tus-joyas-en-un-lugar-limpio-y-seco\"><strong>Guarda tus joyas en un lugar limpio y seco<\/strong><\/h3><div style=\"height:10px\" aria-hidden=\"true\" class=\"wp-block-spacer\"><\/div><div class=\"wp-block-columns is-layout-flex wp-container-core-columns-is-layout-9d6595d7 wp-block-columns-is-layout-flex\"><div class=\"wp-block-column is-vertically-aligned-top is-layout-flow wp-block-column-is-layout-flow\"><figure class=\"wp-block-image size-full is-resized\"><img loading=\"lazy\" decoding=\"async\" width=\"167\" height=\"168\" src=\"https:\/\/positiveprints.com\/wp-content\/uploads\/2024\/03\/store-your-jewelry-in-a-clean-dry-space-icon.png\" alt=\"\" class=\"wp-image-1083162\" style=\"width:96px;height:auto\" srcset=\"https:\/\/positiveprints.com\/wp-content\/uploads\/2024\/03\/store-your-jewelry-in-a-clean-dry-space-icon.png 167w, https:\/\/positiveprints.com\/wp-content\/uploads\/2024\/03\/store-your-jewelry-in-a-clean-dry-space-icon-150x150.png 150w, https:\/\/positiveprints.com\/wp-content\/uploads\/2024\/03\/store-your-jewelry-in-a-clean-dry-space-icon-100x100.png 100w\" sizes=\"auto, (max-width: 167px) 100vw, 167px\" \/><\/figure><\/div>\n\n<div class=\"wp-block-column is-vertically-aligned-center is-layout-flow wp-block-column-is-layout-flow\"><p>Es esencial que almacenes correctamente tu joyer\u00eda de oro y plata para mantenerla en perfecto estado. Las piezas que no sean usadas a diario deben envolverse en un pa\u00f1o suave y guardarse por separado en una bolsita con cierre. De esta manera, se limita el contacto con el aire y evitamos que la joyer\u00eda se oscurezca o se da\u00f1e, raye o llene de polvo.<\/p>\n\n<p>Al guardar cadenas, evita que se doblen o enrollen con mucha fuerza, ya que podr\u00edan deformarse o romperse.<\/p>\n\n<p>Es importante recordar mantener una temperatura constante en el lugar de almacenamiento, ni demasiado baja ni demasiado alta. Adem\u00e1s, el joyero debe estar lejos de cualquier fuente de humedad.<\/p><\/div><\/div><div style=\"height:25px\" aria-hidden=\"true\" class=\"wp-block-spacer\"><\/div><h3 class=\"wp-block-heading grenB\" id=\"h-limpialas-para-devolverles-su-brillo\"><strong>L\u00edmpialas para devolverles su brillo<\/strong><\/h3><div style=\"height:10px\" aria-hidden=\"true\" class=\"wp-block-spacer\"><\/div><div class=\"wp-block-columns is-layout-flex wp-container-core-columns-is-layout-9d6595d7 wp-block-columns-is-layout-flex\"><div class=\"wp-block-column is-vertically-aligned-top is-layout-flow wp-block-column-is-layout-flow\"><figure class=\"wp-block-image size-full is-resized\"><img loading=\"lazy\" decoding=\"async\" width=\"195\" height=\"168\" src=\"https:\/\/positiveprints.com\/wp-content\/uploads\/2024\/03\/clean-to-bring-back-its-shine-icon.png\" alt=\"\" class=\"wp-image-1083179\" style=\"width:104px;height:auto\"\/><\/figure><\/div>\n\n<div class=\"wp-block-column is-vertically-aligned-center is-layout-flow wp-block-column-is-layout-flow\"><p>Si tu joyer\u00eda se oscurece, la mejor manera de limpiarla es con un pa\u00f1o especial para pulir joyas o con un pa\u00f1o suave que no suelte pelusa.<\/p><\/div><\/div>","protected":false},"excerpt":{"rendered":"<p>\u00bfC\u00f3mo cuidar de tu joyer\u00eda Positive Prints?Evita el agua y la humedadLa joyer\u00eda es una posesi\u00f3n valiosa que merece un cuidado especial y un buen mantenimiento. El contacto directo con el agua, ya sea del mar, sudor, del grifo o de piscinas con cloro, puede afectar negativamente en la apariencia de la joya, haciendo que [&hellip;]<\/p>\n","protected":false},"author":1,"featured_media":0,"parent":0,"menu_order":0,"comment_status":"closed","ping_status":"closed","template":"","meta":{"footnotes":""},"class_list":["post-1480887","page","type-page","status-publish","hentry"],"yoast_head":"<!-- This site is optimized with the Yoast SEO Premium plugin v27.2 (Yoast SEO v27.2) - https:\/\/yoast.com\/product\/yoast-seo-premium-wordpress\/ -->\n<title>Jewelry Care - Positive Prints<\/title>\n<meta name=\"description\" content=\"Jewelry is a precious possession that deserves proper care and maintenance. Ensure the lasting beauty of your treasures.\" \/>\n<meta name=\"robots\" content=\"index, follow, max-snippet:-1, max-image-preview:large, max-video-preview:-1\" \/>\n<link rel=\"canonical\" href=\"https:\/\/positiveprints.com\/es\/cuidado-de-las-joyas\/\" \/>\n<meta property=\"og:locale\" content=\"es_ES\" \/>\n<meta property=\"og:type\" content=\"article\" \/>\n<meta property=\"og:title\" content=\"Jewelry Care\" \/>\n<meta property=\"og:description\" content=\"\u00bfC\u00f3mo cuidar de tu joyer\u00eda Positive Prints? Evita el agua y la humedad La joyer\u00eda es una posesi\u00f3n valiosa que merece un cuidado especial y un buen\" \/>\n<meta property=\"og:url\" content=\"https:\/\/positiveprints.com\/es\/cuidado-de-las-joyas\/\" \/>\n<meta property=\"og:site_name\" content=\"Positive Prints\" \/>\n<meta property=\"article:publisher\" content=\"https:\/\/www.facebook.com\/positiveprintscom\" \/>\n<meta property=\"article:modified_time\" content=\"2025-07-30T21:33:31+00:00\" \/>\n<meta property=\"og:image\" content=\"https:\/\/positiveprints.com\/wp-content\/uploads\/2024\/03\/avoid-water-and-humidity-icon.png\" \/>\n<meta name=\"twitter:card\" content=\"summary_large_image\" \/>\n<meta name=\"twitter:label1\" content=\"Tiempo de lectura\" \/>\n\t<meta name=\"twitter:data1\" content=\"3 minutos\" \/>\n<!-- \/ Yoast SEO Premium plugin. -->","yoast_head_json":{"title":"Jewelry Care - Positive Prints","description":"Jewelry is a precious possession that deserves proper care and maintenance. Ensure the lasting beauty of your treasures.","robots":{"index":"index","follow":"follow","max-snippet":"max-snippet:-1","max-image-preview":"max-image-preview:large","max-video-preview":"max-video-preview:-1"},"canonical":"https:\/\/positiveprints.com\/es\/cuidado-de-las-joyas\/","og_locale":"es_ES","og_type":"article","og_title":"Jewelry Care","og_description":"\u00bfC\u00f3mo cuidar de tu joyer\u00eda Positive Prints? Evita el agua y la humedad La joyer\u00eda es una posesi\u00f3n valiosa que merece un cuidado especial y un buen","og_url":"https:\/\/positiveprints.com\/es\/cuidado-de-las-joyas\/","og_site_name":"Positive Prints","article_publisher":"https:\/\/www.facebook.com\/positiveprintscom","article_modified_time":"2025-07-30T21:33:31+00:00","og_image":[{"url":"https:\/\/positiveprints.com\/wp-content\/uploads\/2024\/03\/avoid-water-and-humidity-icon.png","type":"","width":"","height":""}],"twitter_card":"summary_large_image","twitter_misc":{"Tiempo de lectura":"3 minutos"},"schema":{"@context":"https:\/\/schema.org","@graph":[{"@type":"WebPage","@id":"https:\/\/positiveprints.com\/es\/cuidado-de-las-joyas\/","url":"https:\/\/positiveprints.com\/es\/cuidado-de-las-joyas\/","name":"Jewelry Care - Positive Prints","isPartOf":{"@id":"https:\/\/positiveprints.com\/es\/#website"},"primaryImageOfPage":{"@id":"https:\/\/positiveprints.com\/es\/cuidado-de-las-joyas\/#primaryimage"},"image":{"@id":"https:\/\/positiveprints.com\/es\/cuidado-de-las-joyas\/#primaryimage"},"thumbnailUrl":"https:\/\/positiveprints.com\/wp-content\/uploads\/2024\/03\/avoid-water-and-humidity-icon.png","datePublished":"2023-11-16T06:14:54+00:00","dateModified":"2025-07-30T21:33:31+00:00","description":"Jewelry is a precious possession that deserves proper care and maintenance. Ensure the lasting beauty of your treasures.","breadcrumb":{"@id":"https:\/\/positiveprints.com\/es\/cuidado-de-las-joyas\/#breadcrumb"},"inLanguage":"es","potentialAction":[{"@type":"ReadAction","target":["https:\/\/positiveprints.com\/es\/cuidado-de-las-joyas\/"]}]},{"@type":"ImageObject","inLanguage":"es","@id":"https:\/\/positiveprints.com\/es\/cuidado-de-las-joyas\/#primaryimage","url":"https:\/\/positiveprints.com\/wp-content\/uploads\/2024\/03\/avoid-water-and-humidity-icon.png","contentUrl":"https:\/\/positiveprints.com\/wp-content\/uploads\/2024\/03\/avoid-water-and-humidity-icon.png"},{"@type":"BreadcrumbList","@id":"https:\/\/positiveprints.com\/es\/cuidado-de-las-joyas\/#breadcrumb","itemListElement":[{"@type":"ListItem","position":1,"name":"CASA","item":"https:\/\/positiveprints.com\/es\/"},{"@type":"ListItem","position":2,"name":"Jewelry Care"}]},{"@type":"WebSite","@id":"https:\/\/positiveprints.com\/es\/#website","url":"https:\/\/positiveprints.com\/es\/","name":"Positive Prints","description":"Custom Gifts for Special Occasions","publisher":{"@id":"https:\/\/positiveprints.com\/es\/#organization"},"potentialAction":[{"@type":"SearchAction","target":{"@type":"EntryPoint","urlTemplate":"https:\/\/positiveprints.com\/es\/?s={search_term_string}"},"query-input":{"@type":"PropertyValueSpecification","valueRequired":true,"valueName":"search_term_string"}}],"inLanguage":"es"},{"@type":"Organization","@id":"https:\/\/positiveprints.com\/es\/#organization","name":"Positive Prints","alternateName":"Positive Prints","url":"https:\/\/positiveprints.com\/es\/","logo":{"@type":"ImageObject","inLanguage":"es","@id":"https:\/\/positiveprints.com\/es\/#\/schema\/logo\/image\/","url":"https:\/\/positiveprints.com\/wp-content\/uploads\/2026\/03\/245815646_1337939713319158_5671353136411139666_n.png","contentUrl":"https:\/\/positiveprints.com\/wp-content\/uploads\/2026\/03\/245815646_1337939713319158_5671353136411139666_n.png","width":800,"height":800,"caption":"Positive Prints"},"image":{"@id":"https:\/\/positiveprints.com\/es\/#\/schema\/logo\/image\/"},"sameAs":["https:\/\/www.facebook.com\/positiveprintscom","https:\/\/www.instagram.com\/positiveprintscom\/","https:\/\/www.tiktok.com\/@positiveprintscom","https:\/\/www.pinterest.com\/positiveprintscom\/"]}]}},"jetpack_sharing_enabled":true,"_links":{"self":[{"href":"https:\/\/positiveprints.com\/es\/wp-json\/wp\/v2\/pages\/1480887","targetHints":{"allow":["GET"]}}],"collection":[{"href":"https:\/\/positiveprints.com\/es\/wp-json\/wp\/v2\/pages"}],"about":[{"href":"https:\/\/positiveprints.com\/es\/wp-json\/wp\/v2\/types\/page"}],"author":[{"embeddable":true,"href":"https:\/\/positiveprints.com\/es\/wp-json\/wp\/v2\/users\/1"}],"replies":[{"embeddable":true,"href":"https:\/\/positiveprints.com\/es\/wp-json\/wp\/v2\/comments?post=1480887"}],"version-history":[{"count":0,"href":"https:\/\/positiveprints.com\/es\/wp-json\/wp\/v2\/pages\/1480887\/revisions"}],"wp:attachment":[{"href":"https:\/\/positiveprints.com\/es\/wp-json\/wp\/v2\/media?parent=1480887"}],"curies":[{"name":"wp","href":"https:\/\/api.w.org\/{rel}","templated":true}]}}