{"id":1199191,"date":"2024-10-01T21:53:48","date_gmt":"2024-10-01T19:53:48","guid":{"rendered":"https:\/\/positiveprints.com\/regalos-de-aniversario-para-pareja\/"},"modified":"2024-10-01T21:53:48","modified_gmt":"2024-10-01T19:53:48","slug":"regalos-de-aniversario-para-pareja","status":"publish","type":"page","link":"https:\/\/positiveprints.com\/es\/regalos-de-aniversario-para-pareja\/","title":{"rendered":"Regalos De Aniversario para Pareja"},"content":{"rendered":"","protected":false},"excerpt":{"rendered":"","protected":false},"author":1,"featured_media":0,"parent":0,"menu_order":0,"comment_status":"closed","ping_status":"closed","template":"SINGLE_OCCASION_TEMPLATE.php","meta":{"footnotes":""},"class_list":["post-1199191","page","type-page","status-publish","hentry"],"yoast_head":"<!-- This site is optimized with the Yoast SEO Premium plugin v27.2 (Yoast SEO v27.2) - https:\/\/yoast.com\/product\/yoast-seo-premium-wordpress\/ -->\n<title>Regalos De Aniversario para Pareja - Positive Prints<\/title>\n<meta name=\"description\" content=\"Encuentra los regalos de aniversario personalizados perfectos para pareja que capturen vuestros momentos especiales con Positive Prints. Celebra vuestra historia de amor con obras de arte \u00fanicas que os recordar\u00e1n vuestro viaje juntos. Sorprende a tu ser querido con arte mural personalizado que alegre su hogar cada d\u00eda. Crear tu pieza \u00fanica es muy f\u00e1cil con Positive Prints. Atesora tus recuerdos con un regalo de aniversario personalizado que durar\u00e1 toda la vida.\" \/>\n<meta name=\"robots\" content=\"index, follow, max-snippet:-1, max-image-preview:large, max-video-preview:-1\" \/>\n<link rel=\"canonical\" href=\"https:\/\/positiveprints.com\/es\/regalos-de-aniversario-para-pareja\/\" \/>\n<meta property=\"og:locale\" content=\"es_ES\" \/>\n<meta property=\"og:type\" content=\"article\" \/>\n<meta property=\"og:title\" content=\"Regalos De Aniversario para Pareja\" \/>\n<meta property=\"og:url\" content=\"https:\/\/positiveprints.com\/es\/regalos-de-aniversario-para-pareja\/\" \/>\n<meta property=\"og:site_name\" content=\"Positive Prints\" \/>\n<meta property=\"article:publisher\" content=\"https:\/\/www.facebook.com\/positiveprintscom\" \/>\n<meta property=\"og:image\" content=\"https:\/\/positiveprints.com\/wp-content\/uploads\/2026\/03\/Open-graph-2026-1200x630-1.jpg\" \/>\n\t<meta property=\"og:image:width\" content=\"1200\" \/>\n\t<meta property=\"og:image:height\" content=\"630\" \/>\n\t<meta property=\"og:image:type\" content=\"image\/jpeg\" \/>\n<meta name=\"twitter:card\" content=\"summary_large_image\" \/>\n<!-- \/ Yoast SEO Premium plugin. -->","yoast_head_json":{"title":"Regalos De Aniversario para Pareja - Positive Prints","description":"Encuentra los regalos de aniversario personalizados perfectos para pareja que capturen vuestros momentos especiales con Positive Prints. Celebra vuestra historia de amor con obras de arte \u00fanicas que os recordar\u00e1n vuestro viaje juntos. Sorprende a tu ser querido con arte mural personalizado que alegre su hogar cada d\u00eda. Crear tu pieza \u00fanica es muy f\u00e1cil con Positive Prints. Atesora tus recuerdos con un regalo de aniversario personalizado que durar\u00e1 toda la vida.","robots":{"index":"index","follow":"follow","max-snippet":"max-snippet:-1","max-image-preview":"max-image-preview:large","max-video-preview":"max-video-preview:-1"},"canonical":"https:\/\/positiveprints.com\/es\/regalos-de-aniversario-para-pareja\/","og_locale":"es_ES","og_type":"article","og_title":"Regalos De Aniversario para Pareja","og_url":"https:\/\/positiveprints.com\/es\/regalos-de-aniversario-para-pareja\/","og_site_name":"Positive Prints","article_publisher":"https:\/\/www.facebook.com\/positiveprintscom","og_image":[{"width":1200,"height":630,"url":"https:\/\/positiveprints.com\/wp-content\/uploads\/2026\/03\/Open-graph-2026-1200x630-1.jpg","type":"image\/jpeg"}],"twitter_card":"summary_large_image","schema":{"@context":"https:\/\/schema.org","@graph":[{"@type":"WebPage","@id":"https:\/\/positiveprints.com\/es\/regalos-de-aniversario-para-pareja\/","url":"https:\/\/positiveprints.com\/es\/regalos-de-aniversario-para-pareja\/","name":"Regalos De Aniversario para Pareja - Positive Prints","isPartOf":{"@id":"https:\/\/positiveprints.com\/es\/#website"},"datePublished":"2024-10-01T19:53:48+00:00","description":"Encuentra los regalos de aniversario personalizados perfectos para pareja que capturen vuestros momentos especiales con Positive Prints. Celebra vuestra historia de amor con obras de arte \u00fanicas que os recordar\u00e1n vuestro viaje juntos. Sorprende a tu ser querido con arte mural personalizado que alegre su hogar cada d\u00eda. Crear tu pieza \u00fanica es muy f\u00e1cil con Positive Prints. Atesora tus recuerdos con un regalo de aniversario personalizado que durar\u00e1 toda la vida.","breadcrumb":{"@id":"https:\/\/positiveprints.com\/es\/regalos-de-aniversario-para-pareja\/#breadcrumb"},"inLanguage":"es","potentialAction":[{"@type":"ReadAction","target":["https:\/\/positiveprints.com\/es\/regalos-de-aniversario-para-pareja\/"]}]},{"@type":"BreadcrumbList","@id":"https:\/\/positiveprints.com\/es\/regalos-de-aniversario-para-pareja\/#breadcrumb","itemListElement":[{"@type":"ListItem","position":1,"name":"CASA","item":"https:\/\/positiveprints.com\/es\/"},{"@type":"ListItem","position":2,"name":"Regalos De Aniversario para Pareja"}]},{"@type":"WebSite","@id":"https:\/\/positiveprints.com\/es\/#website","url":"https:\/\/positiveprints.com\/es\/","name":"Positive Prints","description":"Custom Gifts for Special Occasions","publisher":{"@id":"https:\/\/positiveprints.com\/es\/#organization"},"potentialAction":[{"@type":"SearchAction","target":{"@type":"EntryPoint","urlTemplate":"https:\/\/positiveprints.com\/es\/?s={search_term_string}"},"query-input":{"@type":"PropertyValueSpecification","valueRequired":true,"valueName":"search_term_string"}}],"inLanguage":"es"},{"@type":"Organization","@id":"https:\/\/positiveprints.com\/es\/#organization","name":"Positive Prints","alternateName":"Positive Prints","url":"https:\/\/positiveprints.com\/es\/","logo":{"@type":"ImageObject","inLanguage":"es","@id":"https:\/\/positiveprints.com\/es\/#\/schema\/logo\/image\/","url":"https:\/\/positiveprints.com\/wp-content\/uploads\/2026\/03\/245815646_1337939713319158_5671353136411139666_n.png","contentUrl":"https:\/\/positiveprints.com\/wp-content\/uploads\/2026\/03\/245815646_1337939713319158_5671353136411139666_n.png","width":800,"height":800,"caption":"Positive Prints"},"image":{"@id":"https:\/\/positiveprints.com\/es\/#\/schema\/logo\/image\/"},"sameAs":["https:\/\/www.facebook.com\/positiveprintscom","https:\/\/www.instagram.com\/positiveprintscom\/","https:\/\/www.tiktok.com\/@positiveprintscom","https:\/\/www.pinterest.com\/positiveprintscom\/"]}]}},"jetpack_sharing_enabled":true,"_links":{"self":[{"href":"https:\/\/positiveprints.com\/es\/wp-json\/wp\/v2\/pages\/1199191","targetHints":{"allow":["GET"]}}],"collection":[{"href":"https:\/\/positiveprints.com\/es\/wp-json\/wp\/v2\/pages"}],"about":[{"href":"https:\/\/positiveprints.com\/es\/wp-json\/wp\/v2\/types\/page"}],"author":[{"embeddable":true,"href":"https:\/\/positiveprints.com\/es\/wp-json\/wp\/v2\/users\/1"}],"replies":[{"embeddable":true,"href":"https:\/\/positiveprints.com\/es\/wp-json\/wp\/v2\/comments?post=1199191"}],"version-history":[{"count":0,"href":"https:\/\/positiveprints.com\/es\/wp-json\/wp\/v2\/pages\/1199191\/revisions"}],"wp:attachment":[{"href":"https:\/\/positiveprints.com\/es\/wp-json\/wp\/v2\/media?parent=1199191"}],"curies":[{"name":"wp","href":"https:\/\/api.w.org\/{rel}","templated":true}]}}