{"id":57594,"date":"2021-02-23T13:20:32","date_gmt":"2021-02-23T11:20:32","guid":{"rendered":"https:\/\/positiveprints.com\/program-afiliacyjny\/"},"modified":"2021-02-23T13:20:32","modified_gmt":"2021-02-23T11:20:32","slug":"program-afiliacyjny","status":"publish","type":"page","link":"https:\/\/positiveprints.com\/en-gb\/program-afiliacyjny\/","title":{"rendered":"Program Afiliacyjny"},"content":{"rendered":"[et_pb_section fb_built=&#8221;1&#8243; _builder_version=&#8221;3.29.3&#8243; background_color=&#8221;#FCFAF7&#8243;][et_pb_row _builder_version=&#8221;4.3.4&#8243;][et_pb_column type=&#8221;4_4&#8243; _builder_version=&#8221;4.3.4&#8243;][et_pb_text _builder_version=&#8221;4.4.2&#8243; text_font_size=&#8221;15px&#8221; header_font=&#8221;|700|||||||&#8221; header_font_size=&#8221;40px&#8221; text_orientation=&#8221;center&#8221; hover_enabled=&#8221;0&#8243;]<h1>Program Afiliacyjny <\/h1>[\/et_pb_text][\/et_pb_column][\/et_pb_row][et_pb_row _builder_version=&#8221;4.0&#8243;][et_pb_column type=&#8221;4_4&#8243; _builder_version=&#8221;4.0&#8243;][et_pb_text _builder_version=&#8221;4.4.2&#8243; text_text_color=&#8221;#000000&#8243; hover_enabled=&#8221;0&#8243;]<b>Zarabiaj na polecaniu przez program afiliacyjny Webepartners!<\/b>\nWyobra\u017a sobie: jeste\u015b na wakacjach, relaksujesz si\u0119 na egzotycznej pla\u017cy, a \u015brodki wp\u0142ywaj\u0105 na Twoje konto, mimo i\u017c od tygodnia nie dotyka\u0142e\u015b klawiatury komputera! Tak dzia\u0142aj\u0105 programy afiliacyjne \u2013 zarejestruj si\u0119 na Webepartners, aby zarabia\u0107 na polecaniu \nprodukt\u00f3w od Postive Prints. <br\/> <br\/>\n\n<b>\u0141atwy spos\u00f3b dorobienia do domowego bud\u017cetu, w zasi\u0119gu r\u0119ki.<\/b>\nJe\u015bli jeste\u015b autorem bloga, profilu na Instagramie lub kana\u0142u na YouTubie, ten spos\u00f3b\nzarabiania jest stworzony dla Ciebie! Wystarczy, \u017ce zarejestrujesz si\u0119 do programu,\nwygenerujesz link, a nast\u0119pnie zamie\u015bcisz go na swoim kanale (lub kilku kana\u0142ach). Ka\u017cde\nklikni\u0119cie zako\u0144czone zakupem daje Ci 8% prowizji od sprzeda\u017cy. . <br\/> <br\/>\n\n<b>Jak to dzia\u0142a?<\/b>\nDo programu do\u0142\u0105czy\u0107 mo\u017ce ka\u017cdy. Spr\u00f3buj nawet, je\u015bli nie jeste\u015b popularnym influencerem ;) Do\u0142\u0105cz do programu za pomoc\u0105 kilku klikni\u0119\u0107 &#8211; instrukcja jak sta\u0107 si\u0119 partnerem w programie dost\u0119pna jest <a target=\"_blank\" href=\"https:\/\/webepartners.pl\/programy-partnerskie\/positive-prints\/\" rel=\"noopener noreferrer\">TUTAJ<\/a>. Rejestracja zajmuje zaledwie kilka minut, wi\u0119c ju\u017c tego\nsamego dnia mo\u017cesz podzieli\u0107 si\u0119 linkiem ze swoimi obserwatorami lub znajomymi.  <br\/> <br\/>\n\n<b>Polecaj Positive Prints<\/b>\nJe\u015bli tak jak my, uwa\u017casz, \u017ce plakaty od Positive Prints to idealny pomys\u0142 na prezent lub\n\u015bwietna pami\u0105tka na wiele okazji, zacznij zarabia\u0107 na polecaniu. Linki afiliacyjne mo\u017cna\nnawet wysy\u0142a\u0107 za pomoc\u0105 najpopularniejszych komunikator\u00f3w internetowych, e-mailem, a\nnawet przez SMS.\nZarejestruj si\u0119 bezpo\u015brednio w programie: <a target=\"_blank\" href=\"https:\/\/webepartners.pl\" rel=\"noopener noreferrer\">https:\/\/webepartners.pl\/<\/a>[\/et_pb_text][\/et_pb_column][\/et_pb_row][\/et_pb_section]","protected":false},"excerpt":{"rendered":"","protected":false},"author":1,"featured_media":0,"parent":0,"menu_order":0,"comment_status":"closed","ping_status":"closed","template":"","meta":{"footnotes":""},"class_list":["post-57594","page","type-page","status-publish","hentry"],"yoast_head":"<!-- This site is optimized with the Yoast SEO Premium plugin v27.2 (Yoast SEO v27.2) - https:\/\/yoast.com\/product\/yoast-seo-premium-wordpress\/ -->\n<title>Program Afiliacyjny - Positive Prints<\/title>\n<meta name=\"robots\" content=\"index, follow, max-snippet:-1, max-image-preview:large, max-video-preview:-1\" \/>\n<link rel=\"canonical\" href=\"https:\/\/positiveprints.com\/en-gb\/program-afiliacyjny\/\" \/>\n<meta property=\"og:locale\" content=\"en_GB\" \/>\n<meta property=\"og:type\" content=\"article\" \/>\n<meta property=\"og:title\" content=\"Program Afiliacyjny\" \/>\n<meta property=\"og:description\" content=\"Program Afiliacyjny Zarabiaj na polecaniu przez program afiliacyjny Webepartners! Wyobra\u017a sobie: jeste\u015b na wakacjach, relaksujesz si\u0119 na egzotycznej\" \/>\n<meta property=\"og:url\" content=\"https:\/\/positiveprints.com\/en-gb\/program-afiliacyjny\/\" \/>\n<meta property=\"og:site_name\" content=\"Positive Prints\" \/>\n<meta property=\"article:publisher\" content=\"https:\/\/www.facebook.com\/positiveprintscom\" \/>\n<meta property=\"og:image\" content=\"https:\/\/positiveprints.com\/wp-content\/uploads\/2026\/03\/Open-graph-2026-1200x630-1.jpg\" \/>\n\t<meta property=\"og:image:width\" content=\"1200\" \/>\n\t<meta property=\"og:image:height\" content=\"630\" \/>\n\t<meta property=\"og:image:type\" content=\"image\/jpeg\" \/>\n<meta name=\"twitter:card\" content=\"summary_large_image\" \/>\n<meta name=\"twitter:label1\" content=\"Estimated reading time\" \/>\n\t<meta name=\"twitter:data1\" content=\"2 minutes\" \/>\n<!-- \/ Yoast SEO Premium plugin. -->","yoast_head_json":{"title":"Program Afiliacyjny - Positive Prints","robots":{"index":"index","follow":"follow","max-snippet":"max-snippet:-1","max-image-preview":"max-image-preview:large","max-video-preview":"max-video-preview:-1"},"canonical":"https:\/\/positiveprints.com\/en-gb\/program-afiliacyjny\/","og_locale":"en_GB","og_type":"article","og_title":"Program Afiliacyjny","og_description":"Program Afiliacyjny Zarabiaj na polecaniu przez program afiliacyjny Webepartners! Wyobra\u017a sobie: jeste\u015b na wakacjach, relaksujesz si\u0119 na egzotycznej","og_url":"https:\/\/positiveprints.com\/en-gb\/program-afiliacyjny\/","og_site_name":"Positive Prints","article_publisher":"https:\/\/www.facebook.com\/positiveprintscom","og_image":[{"width":1200,"height":630,"url":"https:\/\/positiveprints.com\/wp-content\/uploads\/2026\/03\/Open-graph-2026-1200x630-1.jpg","type":"image\/jpeg"}],"twitter_card":"summary_large_image","twitter_misc":{"Estimated reading time":"2 minutes"},"schema":{"@context":"https:\/\/schema.org","@graph":[{"@type":"WebPage","@id":"https:\/\/positiveprints.com\/en-gb\/program-afiliacyjny\/","url":"https:\/\/positiveprints.com\/en-gb\/program-afiliacyjny\/","name":"Program Afiliacyjny - Positive Prints","isPartOf":{"@id":"https:\/\/positiveprints.com\/en-gb\/#website"},"datePublished":"2021-02-23T11:20:32+00:00","breadcrumb":{"@id":"https:\/\/positiveprints.com\/en-gb\/program-afiliacyjny\/#breadcrumb"},"inLanguage":"en-GB","potentialAction":[{"@type":"ReadAction","target":["https:\/\/positiveprints.com\/en-gb\/program-afiliacyjny\/"]}]},{"@type":"BreadcrumbList","@id":"https:\/\/positiveprints.com\/en-gb\/program-afiliacyjny\/#breadcrumb","itemListElement":[{"@type":"ListItem","position":1,"name":"Home","item":"https:\/\/positiveprints.com\/en-gb\/"},{"@type":"ListItem","position":2,"name":"Program Afiliacyjny"}]},{"@type":"WebSite","@id":"https:\/\/positiveprints.com\/en-gb\/#website","url":"https:\/\/positiveprints.com\/en-gb\/","name":"Positive Prints","description":"Amazing Custom Personalised Prints","publisher":{"@id":"https:\/\/positiveprints.com\/en-gb\/#organization"},"potentialAction":[{"@type":"SearchAction","target":{"@type":"EntryPoint","urlTemplate":"https:\/\/positiveprints.com\/en-gb\/?s={search_term_string}"},"query-input":{"@type":"PropertyValueSpecification","valueRequired":true,"valueName":"search_term_string"}}],"inLanguage":"en-GB"},{"@type":"Organization","@id":"https:\/\/positiveprints.com\/en-gb\/#organization","name":"Positive Prints","alternateName":"Positive Prints","url":"https:\/\/positiveprints.com\/en-gb\/","logo":{"@type":"ImageObject","inLanguage":"en-GB","@id":"https:\/\/positiveprints.com\/en-gb\/#\/schema\/logo\/image\/","url":"https:\/\/positiveprints.com\/wp-content\/uploads\/2026\/03\/245815646_1337939713319158_5671353136411139666_n.png","contentUrl":"https:\/\/positiveprints.com\/wp-content\/uploads\/2026\/03\/245815646_1337939713319158_5671353136411139666_n.png","width":800,"height":800,"caption":"Positive Prints"},"image":{"@id":"https:\/\/positiveprints.com\/en-gb\/#\/schema\/logo\/image\/"},"sameAs":["https:\/\/www.facebook.com\/positiveprintscom","https:\/\/www.instagram.com\/positiveprintscom\/","https:\/\/www.tiktok.com\/@positiveprintscom","https:\/\/www.pinterest.com\/positiveprintscom\/"]}]}},"jetpack_sharing_enabled":true,"_links":{"self":[{"href":"https:\/\/positiveprints.com\/en-gb\/wp-json\/wp\/v2\/pages\/57594","targetHints":{"allow":["GET"]}}],"collection":[{"href":"https:\/\/positiveprints.com\/en-gb\/wp-json\/wp\/v2\/pages"}],"about":[{"href":"https:\/\/positiveprints.com\/en-gb\/wp-json\/wp\/v2\/types\/page"}],"author":[{"embeddable":true,"href":"https:\/\/positiveprints.com\/en-gb\/wp-json\/wp\/v2\/users\/1"}],"replies":[{"embeddable":true,"href":"https:\/\/positiveprints.com\/en-gb\/wp-json\/wp\/v2\/comments?post=57594"}],"version-history":[{"count":0,"href":"https:\/\/positiveprints.com\/en-gb\/wp-json\/wp\/v2\/pages\/57594\/revisions"}],"wp:attachment":[{"href":"https:\/\/positiveprints.com\/en-gb\/wp-json\/wp\/v2\/media?parent=57594"}],"curies":[{"name":"wp","href":"https:\/\/api.w.org\/{rel}","templated":true}]}}