{"id":953495,"date":"2023-09-21T12:58:08","date_gmt":"2023-09-21T11:58:08","guid":{"rendered":"https:\/\/positiveprints.com\/?post_type=product&#038;p=953495"},"modified":"2026-04-23T11:18:08","modified_gmt":"2026-04-23T10:18:08","slug":"baby-fotocollage","status":"publish","type":"product","link":"https:\/\/positiveprints.com\/de\/produkt\/baby-fotocollage\/","title":{"rendered":"Baby-Fotocollage"},"content":{"rendered":"<h2 class=\"grenB f24 cblue\" style=\"margin-top: 3rem\">Personalisiere deine Erinnerungen mit einer Baby-Fotocollage<\/h2>\r\n\r\n\r\n<p style=\"margin-top: 1rem\">Eine Baby-Fotocollage ist eine fantastische M\u00f6glichkeit, deine wertvollen Erinnerungen zu bewahren und einen einzigartigen und personalisierten Druck oder eine Leinwand zu erstellen. Mit dieser speziellen Collage kannst du deine Fotos in verschiedene Symbole wie Sterne, Fu\u00dfabdr\u00fccke, Herzen oder H\u00e4nde formen. Dar\u00fcber hinaus hast du die M\u00f6glichkeit, Zahlen oder Buchstaben zu verwenden, um die Aussage noch aussagekr\u00e4ftiger zu machen. Diese au\u00dfergew\u00f6hnliche Kreation ist nicht nur ein perfektes Geschenk zum Geburtstag eines Babys, sondern dient auch als wunderbare Dekoration f\u00fcr jedes Kinderzimmer.<\/p>\r\n\r\n<h2 class=\"grenB f24 cblue\" style=\"margin-top: 3rem\">So erstellst du eine atemberaubende Baby-Fotocollage<\/h2>\r\n\r\n<p style=\"margin-top: 1rem\">Mit unserem benutzerfreundlichen Online-Editor kannst du eine Fotocollage mit Babynamen erstellen. Der Vorgang ist so einfach wie 1-2-3 und du kannst dieses im Handumdrehen abschlie\u00dfen. Egal, ob du einen Computer oder ein mobiles Ger\u00e4t verwendest, unser Editor sorgt f\u00fcr ein nahtloses Erlebnis. W\u00e4hle zun\u00e4chst die Symbole oder Buchstaben aus, die du in Ihr Layout aufnehmen m\u00f6chtest. Hier kannst du deiner Kreativit\u00e4t freien Lauf lassen, indem du eine einzigartige Abfolge von Symbolen, Buchstaben und Zahlen anordnest. Du kannst beispielsweise den ersten Buchstaben des Namens deines Kindes ausw\u00e4hlen und ihn mit speziellen Babysymbolen wie Luftballons oder Fu\u00dfabdr\u00fccken kombinieren. Die M\u00f6glichkeiten sind endlos! Um einen Hauch von Stil zu verleihen, kannst du eine Farbe f\u00fcr die Umrisse der Symbole ausw\u00e4hlen oder sich f\u00fcr einen klaren und einfachen wei\u00dfen Umriss entscheiden.<\/p>\r\n\r\n<p style=\"margin-top: 1rem\">Nachdem du dein Layout fertiggestellt hast, ist es Zeit, deine Fotos hochzuladen. Du kannst ganz einfach ein Foto f\u00fcr jedes Symbol hochladen und mit unserem Editor kannst du sogar hineinzoomen, die Position anpassen und eine pers\u00f6nliche Nachricht unter den Fotos hinzuf\u00fcgen. Auf diese Weise kannst du deiner Collage eine herzliche Note verleihen. W\u00e4hle abschlie\u00dfend die gew\u00fcnschte Gr\u00f6\u00dfe und das gew\u00fcnschte Format f\u00fcr deine Baby-Fotocollage. Egal, ob du ein gerahmtes Poster, eine bedruckte Leinwand oder eine Datei zum sofortigen digitalen Download bevorzugst, wir haben Optionen, die deinen Anforderungen entsprechen.<\/p>\r\n\r\n<h2 class=\"grenB f24 cblue\" style=\"margin-top: 3rem\">Das perfekte Geschenk, um die Meilensteine \u200b\u200bdeines Babys in Ehren zu halten<\/h2>\r\n\r\n<p style=\"margin-top: 1rem\">Suchst du nach einem bedeutungsvollen Geschenk f\u00fcr den ersten, zweiten oder einen bevorstehenden Geburtstag eines Babys? Dann bist du bei der Baby-Fotocollage genau richtig. Diese atemberaubende Kreation wird nicht nur die Aufmerksamkeit aller auf sich ziehen, sondern auch einen Hauch von W\u00e4rme und Individualit\u00e4t in jedes Kinderzimmer bringen. Im Gegensatz zu gew\u00f6hnlichen, im Laden gekauften Geschenken ist unsere Collage ein einzigartiges und sch\u00f6nes Geschenk, das sich von den anderen abhebt. Bewahre diese besonderen Erinnerungen und feiere die Freude der Kindheit mit der Baby-Fotocollage.<\/p>","protected":false},"excerpt":{"rendered":"<ul class=\"check-list\">\n<li>Erstelleeine Collage, die sowohl f\u00fcr das Kind als auch f\u00fcr seine Eltern ein besonderes Andenken sein wird<\/li>\n<li>F\u00fcgeeinen aussagekr\u00e4ftigen personalisierten Text hinzu<\/li>\n<li>Passe ein Kunstwerk in 3 einfachen Schritten an<\/li>\n<li>W\u00e4hleeine Vorlage oder werdekreativ<\/li>\n<li>Schau dir bei jedem Schritt eine Vorschau deines Designs an<\/li>\n<\/ul>\n","protected":false},"featured_media":1270363,"template":"","meta":[],"product_brand":[],"product_cat":[105,5252,7814,389,11203,11206,8819],"product_tag":[],"class_list":{"0":"post-953495","1":"product","2":"type-product","3":"status-publish","4":"has-post-thumbnail","6":"product_cat-alle-produkte","7":"product_cat-babygeburtsgeschenke","8":"product_cat-geschenke-fur-frisch-gewordene-eltern","9":"product_cat-geburtstagsgeschenke","10":"product_cat-geburtstagsgeschenk-fuer-frauen","11":"product_cat-geburtstagsgeschenk-fur-manner","12":"product_cat-photo-letter-de","14":"first","15":"instock","16":"sale","17":"taxable","18":"shipping-taxable","19":"purchasable","20":"product-type-variable"},"yoast_head":"<!-- This site is optimized with the Yoast SEO Premium plugin v27.2 (Yoast SEO v27.2) - https:\/\/yoast.com\/product\/yoast-seo-premium-wordpress\/ -->\n<title>Baby-Fotocollage - Positive Prints<\/title>\n<meta name=\"description\" content=\"Die Baby-Fotocollage ist nicht nur ein perfektes Geschenk zum Geburtstag eines Babys, sondern dient auch als wunderbare Dekoration f\u00fcr jedes Kinderzimmer.\" \/>\n<meta name=\"robots\" content=\"index, follow, max-snippet:-1, max-image-preview:large, max-video-preview:-1\" \/>\n<link rel=\"canonical\" href=\"https:\/\/positiveprints.com\/de\/produkt\/baby-fotocollage\/\" \/>\n<meta property=\"og:locale\" content=\"de_DE\" \/>\n<meta property=\"og:type\" content=\"article\" \/>\n<meta property=\"og:title\" content=\"Baby-Fotocollage\" \/>\n<meta property=\"og:description\" content=\"Erstelleeine Collage, die sowohl f\u00fcr das Kind als auch f\u00fcr seine Eltern ein besonderes Andenken sein wird  F\u00fcgeeinen aussagekr\u00e4ftigen personalisierten Text hinzu  Passe ein Kunstwerk in 3 einfachen Schritten an  W\u00e4hleeine Vorlage oder werdekreativ  Schau dir bei jedem Schritt eine Vorschau deines Designs an\" \/>\n<meta property=\"og:url\" content=\"https:\/\/positiveprints.com\/de\/produkt\/baby-fotocollage\/\" \/>\n<meta property=\"og:site_name\" content=\"Positive Prints\" \/>\n<meta property=\"article:publisher\" content=\"https:\/\/www.facebook.com\/positiveprintscom\" \/>\n<meta property=\"article:modified_time\" content=\"2026-04-23T10:18:08+00:00\" \/>\n<meta property=\"og:image\" content=\"https:\/\/positiveprints.com\/wp-content\/uploads\/2024\/11\/Packshot_DE_Baby-Photo-Collage-product-image-.webp\" \/>\n\t<meta property=\"og:image:width\" content=\"1450\" \/>\n\t<meta property=\"og:image:height\" content=\"1450\" \/>\n\t<meta property=\"og:image:type\" content=\"image\/webp\" \/>\n<meta name=\"twitter:card\" content=\"summary_large_image\" \/>\n<!-- \/ Yoast SEO Premium plugin. -->","yoast_head_json":{"title":"Baby-Fotocollage - Positive Prints","description":"Die Baby-Fotocollage ist nicht nur ein perfektes Geschenk zum Geburtstag eines Babys, sondern dient auch als wunderbare Dekoration f\u00fcr jedes Kinderzimmer.","robots":{"index":"index","follow":"follow","max-snippet":"max-snippet:-1","max-image-preview":"max-image-preview:large","max-video-preview":"max-video-preview:-1"},"canonical":"https:\/\/positiveprints.com\/de\/produkt\/baby-fotocollage\/","og_locale":"de_DE","og_type":"article","og_title":"Baby-Fotocollage","og_description":"Erstelleeine Collage, die sowohl f\u00fcr das Kind als auch f\u00fcr seine Eltern ein besonderes Andenken sein wird  F\u00fcgeeinen aussagekr\u00e4ftigen personalisierten Text hinzu  Passe ein Kunstwerk in 3 einfachen Schritten an  W\u00e4hleeine Vorlage oder werdekreativ  Schau dir bei jedem Schritt eine Vorschau deines Designs an","og_url":"https:\/\/positiveprints.com\/de\/produkt\/baby-fotocollage\/","og_site_name":"Positive Prints","article_publisher":"https:\/\/www.facebook.com\/positiveprintscom","article_modified_time":"2026-04-23T10:18:08+00:00","og_image":[{"width":1450,"height":1450,"url":"https:\/\/positiveprints.com\/wp-content\/uploads\/2024\/11\/Packshot_DE_Baby-Photo-Collage-product-image-.webp","type":"image\/webp"}],"twitter_card":"summary_large_image","schema":{"@context":"https:\/\/schema.org","@graph":[{"@type":["WebPage","ItemPage"],"@id":"https:\/\/positiveprints.com\/de\/produkt\/baby-fotocollage\/","url":"https:\/\/positiveprints.com\/de\/produkt\/baby-fotocollage\/","name":"Baby-Fotocollage - Positive Prints","isPartOf":{"@id":"https:\/\/positiveprints.com\/de\/#website"},"primaryImageOfPage":{"@id":"https:\/\/positiveprints.com\/de\/produkt\/baby-fotocollage\/#primaryimage"},"image":{"@id":"https:\/\/positiveprints.com\/de\/produkt\/baby-fotocollage\/#primaryimage"},"thumbnailUrl":"https:\/\/positiveprints.com\/wp-content\/uploads\/2024\/11\/Packshot_DE_Baby-Photo-Collage-product-image-.webp","datePublished":"2023-09-21T11:58:08+00:00","dateModified":"2026-04-23T10:18:08+00:00","description":"Die Baby-Fotocollage ist nicht nur ein perfektes Geschenk zum Geburtstag eines Babys, sondern dient auch als wunderbare Dekoration f\u00fcr jedes Kinderzimmer.","breadcrumb":{"@id":"https:\/\/positiveprints.com\/de\/produkt\/baby-fotocollage\/#breadcrumb"},"inLanguage":"de","potentialAction":[{"@type":"ReadAction","target":["https:\/\/positiveprints.com\/de\/produkt\/baby-fotocollage\/"]}]},{"@type":"ImageObject","inLanguage":"de","@id":"https:\/\/positiveprints.com\/de\/produkt\/baby-fotocollage\/#primaryimage","url":"https:\/\/positiveprints.com\/wp-content\/uploads\/2024\/11\/Packshot_DE_Baby-Photo-Collage-product-image-.webp","contentUrl":"https:\/\/positiveprints.com\/wp-content\/uploads\/2024\/11\/Packshot_DE_Baby-Photo-Collage-product-image-.webp","width":1450,"height":1450},{"@type":"BreadcrumbList","@id":"https:\/\/positiveprints.com\/de\/produkt\/baby-fotocollage\/#breadcrumb","itemListElement":[{"@type":"ListItem","position":1,"name":"Startseite","item":"https:\/\/positiveprints.com\/de\/"},{"@type":"ListItem","position":2,"name":"Produkte","item":"https:\/\/positiveprints.com\/de\/shop\/"},{"@type":"ListItem","position":3,"name":"Baby-Fotocollage"}]},{"@type":"WebSite","@id":"https:\/\/positiveprints.com\/de\/#website","url":"https:\/\/positiveprints.com\/de\/","name":"Positive Prints","description":"Amazing Custom Personalized Gifts","publisher":{"@id":"https:\/\/positiveprints.com\/de\/#organization"},"potentialAction":[{"@type":"SearchAction","target":{"@type":"EntryPoint","urlTemplate":"https:\/\/positiveprints.com\/de\/?s={search_term_string}"},"query-input":{"@type":"PropertyValueSpecification","valueRequired":true,"valueName":"search_term_string"}}],"inLanguage":"de"},{"@type":"Organization","@id":"https:\/\/positiveprints.com\/de\/#organization","name":"Positive Prints","alternateName":"Positive Prints","url":"https:\/\/positiveprints.com\/de\/","logo":{"@type":"ImageObject","inLanguage":"de","@id":"https:\/\/positiveprints.com\/de\/#\/schema\/logo\/image\/","url":"https:\/\/positiveprints.com\/wp-content\/uploads\/2026\/03\/245815646_1337939713319158_5671353136411139666_n.png","contentUrl":"https:\/\/positiveprints.com\/wp-content\/uploads\/2026\/03\/245815646_1337939713319158_5671353136411139666_n.png","width":800,"height":800,"caption":"Positive Prints"},"image":{"@id":"https:\/\/positiveprints.com\/de\/#\/schema\/logo\/image\/"},"sameAs":["https:\/\/www.facebook.com\/positiveprintscom","https:\/\/www.instagram.com\/positiveprintscom\/","https:\/\/www.tiktok.com\/@positiveprintscom","https:\/\/www.pinterest.com\/positiveprintscom\/"]}]}},"jetpack_sharing_enabled":true,"_links":{"self":[{"href":"https:\/\/positiveprints.com\/de\/wp-json\/wp\/v2\/product\/953495","targetHints":{"allow":["GET"]}}],"collection":[{"href":"https:\/\/positiveprints.com\/de\/wp-json\/wp\/v2\/product"}],"about":[{"href":"https:\/\/positiveprints.com\/de\/wp-json\/wp\/v2\/types\/product"}],"wp:featuredmedia":[{"embeddable":true,"href":"https:\/\/positiveprints.com\/de\/wp-json\/wp\/v2\/media\/1270363"}],"wp:attachment":[{"href":"https:\/\/positiveprints.com\/de\/wp-json\/wp\/v2\/media?parent=953495"}],"wp:term":[{"taxonomy":"product_brand","embeddable":true,"href":"https:\/\/positiveprints.com\/de\/wp-json\/wp\/v2\/product_brand?post=953495"},{"taxonomy":"product_cat","embeddable":true,"href":"https:\/\/positiveprints.com\/de\/wp-json\/wp\/v2\/product_cat?post=953495"},{"taxonomy":"product_tag","embeddable":true,"href":"https:\/\/positiveprints.com\/de\/wp-json\/wp\/v2\/product_tag?post=953495"}],"curies":[{"name":"wp","href":"https:\/\/api.w.org\/{rel}","templated":true}]}}