{"id":953485,"date":"2023-06-02T13:37:25","date_gmt":"2023-09-21T11:42:36","guid":{"rendered":"https:\/\/positiveprints.com\/?post_type=product&#038;p=953485"},"modified":"2026-04-12T22:14:30","modified_gmt":"2026-04-12T21:14:30","slug":"fotocollage-mit-babynamen","status":"publish","type":"product","link":"https:\/\/positiveprints.com\/de\/produkt\/fotocollage-mit-babynamen\/","title":{"rendered":"Fotocollage mit Babynamen"},"content":{"rendered":"<h2>Erstelle eine personalisierte und einzigartige Fotocollage mit Babynamen<\/h2>\r\n<span style=\"font-weight: 400;\">Die Babynamen-Fotocollage ist ein besonderes und einzigartiges Babygeschenk, das frischgebackenen Eltern viel Freude bereiten und jedem Kinderzimmer eine perfekte Dekoration verleihen wird. Dieser personalisierte Druck oder diese Leinwand wird mit dem Namen des Babys und dessen ganz eigenen Fotos angefertigt und ist somit ein echtes Unikat.<\/span>\r\n<h2>Einfache Schritte zum Entwerfen einer Babynamen-Fotocollage<\/h2>\r\n<span style=\"font-weight: 400;\">Mit unserem benutzerfreundlichen Online-Editor ist das Erstellen einer Fotocollage mit Babynamen ganz einfach. In nur drei einfachen Schritten kannst du ein perfektes Geschenk basteln, an dem du noch viele Jahre Freude haben wirst. Unser Online-Editor ist auch mobilfreundlich, sodass du dein Meisterwerk auch unterwegs erstellen kannst.<\/span>\r\n\r\n<span style=\"font-weight: 400;\">Zun\u00e4chst musst du lediglich den Namen des Kindes eingeben, um ein individuelles Layout zu erstellen. Du hast die M\u00f6glichkeit, eine Farbe f\u00fcr die Umrisse der Buchstaben auszuw\u00e4hlen oder, wenn du es vorziehst, Wei\u00df f\u00fcr einen klaren und minimalistischen Look zu w\u00e4hlen.\u00a0<\/span>\r\n\r\n<span style=\"font-weight: 400;\">Im n\u00e4chsten Schritt kannst du Fotos hochladen \u2013 eines f\u00fcr jeden Buchstaben des Namens des Babys. Durch die M\u00f6glichkeit, jedes Foto zu vergr\u00f6\u00dfern und die Position anzupassen, kannst du sicherstellen, dass jedes Bild perfekt passt.<\/span>\r\n\r\n<span style=\"font-weight: 400;\">Zus\u00e4tzlich kannst du unterhalb der Collage eine pers\u00f6nliche Nachricht hinzuf\u00fcgen, um sie noch herzlicher zu gestalten.\u00a0<\/span>\r\n\r\n<span style=\"font-weight: 400;\">Schlie\u00dflich ist es an der Zeit, die Gr\u00f6\u00dfe und das Format auszuw\u00e4hlen, die deinen Anforderungen entsprechen. Ganz gleich, ob du ein gerahmtes Poster, eine bedruckte Leinwand oder eine Datei zum sofortigen digitalen Download bevorzugst, bei uns bist du richtig.<\/span>\r\n<h2>Das perfekte Geschenk f\u00fcr frischgebackene Eltern und als Kinderzimmerdekoration<\/h2>\r\n<span style=\"font-weight: 400;\">Wenn du auf der Suche nach einem bedeutungsvollen Babygeschenk bist, bist du bei der Fotocollage \u201eBabyname\u201c genau richtig. Es ist nicht nur eine atemberaubende Erg\u00e4nzung f\u00fcr jedes Kinderzimmer, sondern auch ein pers\u00f6nliches und sch\u00f6nes Geschenk, das sich von allem abhebt. Mit der einzigartigen Kombination aus dem Namen des Babys und seinen eigenen wertvollen Fotos wird diese Collage mit Sicherheit zu einem wertvollen Andenken sowohl f\u00fcr das Kind als auch f\u00fcr seine Eltern.<\/span>\r\n\r\n<span style=\"font-weight: 400;\">Warte nicht l\u00e4nger, um das perfekte Geschenk zu machen, das die Essenz des Namens eines Neugeborenen einf\u00e4ngt. Erstelle noch heute eine individuelle Fotocollage und erlebe die Freude, die sie denjenigen bereitet, die sie erhalten.<\/span>","protected":false},"excerpt":{"rendered":"<ul class=\"check-list\">\n<li>F\u00fcge einen aussagekr\u00e4ftigen personalisierten Text hinzu<\/li>\n<li>Passe dein Kunstwerk in 3 einfachen Schritten an<\/li>\n<li>W\u00e4hle eine Vorlage oder werde kreativ<\/li>\n<li>Sehe dir dein Design sofort in der interaktiven Vorschau an<\/li>\n<\/ul>\n","protected":false},"featured_media":1399838,"template":"","meta":[],"product_brand":[],"product_cat":[105,5252,9275,7766,7686,7814,389,11203,11206,8819],"product_tag":[16170,16157,9489,8448],"class_list":{"0":"post-953485","1":"product","2":"type-product","3":"status-publish","4":"has-post-thumbnail","6":"product_cat-alle-produkte","7":"product_cat-babygeburtsgeschenke","8":"product_cat-bestsellers-label-de","9":"product_cat-geschenke-fur-deine-tochter","10":"product_cat-geschenke-fur-wichtige-frauen-in-deinem-leben","11":"product_cat-geschenke-fur-frisch-gewordene-eltern","12":"product_cat-geburtstagsgeschenke","13":"product_cat-geburtstagsgeschenk-fuer-frauen","14":"product_cat-geburtstagsgeschenk-fur-manner","15":"product_cat-photo-letter-de","16":"product_tag-babygeschenk","17":"product_tag-geburt-eines-babys","18":"product_tag-neugeborenes","19":"product_tag-new-parents-de","21":"first","22":"instock","23":"sale","24":"taxable","25":"shipping-taxable","26":"purchasable","27":"product-type-variable"},"yoast_head":"<!-- This site is optimized with the Yoast SEO Premium plugin v27.2 (Yoast SEO v27.2) - https:\/\/yoast.com\/product\/yoast-seo-premium-wordpress\/ -->\n<title>Fotocollage mit Babynamen - Positive Prints<\/title>\n<meta name=\"description\" content=\"Gestalte ein wundersch\u00f6nes Namensdesign aus deinen Lieblingsbildern und halte wertvolle Erinnerungen f\u00fcr immer fest.\" \/>\n<meta name=\"robots\" content=\"index, follow, max-snippet:-1, max-image-preview:large, max-video-preview:-1\" \/>\n<link rel=\"canonical\" href=\"https:\/\/positiveprints.com\/de\/produkt\/fotocollage-mit-babynamen\/\" \/>\n<meta property=\"og:locale\" content=\"de_DE\" \/>\n<meta property=\"og:type\" content=\"article\" \/>\n<meta property=\"og:title\" content=\"Fotocollage mit Babynamen\" \/>\n<meta property=\"og:description\" content=\"F\u00fcge einen aussagekr\u00e4ftigen personalisierten Text hinzu  Passe dein Kunstwerk in 3 einfachen Schritten an  W\u00e4hle eine Vorlage oder werde kreativ  Sehe dir dein Design sofort in der interaktiven Vorschau an\" \/>\n<meta property=\"og:url\" content=\"https:\/\/positiveprints.com\/de\/produkt\/fotocollage-mit-babynamen\/\" \/>\n<meta property=\"og:site_name\" content=\"Positive Prints\" \/>\n<meta property=\"article:publisher\" content=\"https:\/\/www.facebook.com\/positiveprintscom\" \/>\n<meta property=\"article:modified_time\" content=\"2026-04-12T21:14:30+00:00\" \/>\n<meta property=\"og:image\" content=\"https:\/\/positiveprints.com\/wp-content\/uploads\/2025\/04\/Packshot_DE_BABY_NAME.webp\" \/>\n\t<meta property=\"og:image:width\" content=\"1450\" \/>\n\t<meta property=\"og:image:height\" content=\"1450\" \/>\n\t<meta property=\"og:image:type\" content=\"image\/webp\" \/>\n<meta name=\"twitter:card\" content=\"summary_large_image\" \/>\n<meta name=\"twitter:label1\" content=\"Gesch\u00e4tzte Lesezeit\" \/>\n\t<meta name=\"twitter:data1\" content=\"2\u00a0Minuten\" \/>\n<!-- \/ Yoast SEO Premium plugin. -->","yoast_head_json":{"title":"Fotocollage mit Babynamen - Positive Prints","description":"Gestalte ein wundersch\u00f6nes Namensdesign aus deinen Lieblingsbildern und halte wertvolle Erinnerungen f\u00fcr immer fest.","robots":{"index":"index","follow":"follow","max-snippet":"max-snippet:-1","max-image-preview":"max-image-preview:large","max-video-preview":"max-video-preview:-1"},"canonical":"https:\/\/positiveprints.com\/de\/produkt\/fotocollage-mit-babynamen\/","og_locale":"de_DE","og_type":"article","og_title":"Fotocollage mit Babynamen","og_description":"F\u00fcge einen aussagekr\u00e4ftigen personalisierten Text hinzu  Passe dein Kunstwerk in 3 einfachen Schritten an  W\u00e4hle eine Vorlage oder werde kreativ  Sehe dir dein Design sofort in der interaktiven Vorschau an","og_url":"https:\/\/positiveprints.com\/de\/produkt\/fotocollage-mit-babynamen\/","og_site_name":"Positive Prints","article_publisher":"https:\/\/www.facebook.com\/positiveprintscom","article_modified_time":"2026-04-12T21:14:30+00:00","og_image":[{"width":1450,"height":1450,"url":"https:\/\/positiveprints.com\/wp-content\/uploads\/2025\/04\/Packshot_DE_BABY_NAME.webp","type":"image\/webp"}],"twitter_card":"summary_large_image","twitter_misc":{"Gesch\u00e4tzte Lesezeit":"2\u00a0Minuten"},"schema":{"@context":"https:\/\/schema.org","@graph":[{"@type":["WebPage","ItemPage"],"@id":"https:\/\/positiveprints.com\/de\/produkt\/fotocollage-mit-babynamen\/","url":"https:\/\/positiveprints.com\/de\/produkt\/fotocollage-mit-babynamen\/","name":"Fotocollage mit Babynamen - Positive Prints","isPartOf":{"@id":"https:\/\/positiveprints.com\/de\/#website"},"primaryImageOfPage":{"@id":"https:\/\/positiveprints.com\/de\/produkt\/fotocollage-mit-babynamen\/#primaryimage"},"image":{"@id":"https:\/\/positiveprints.com\/de\/produkt\/fotocollage-mit-babynamen\/#primaryimage"},"thumbnailUrl":"https:\/\/positiveprints.com\/wp-content\/uploads\/2025\/04\/Packshot_DE_BABY_NAME.webp","datePublished":"2023-09-21T11:42:36+00:00","dateModified":"2026-04-12T21:14:30+00:00","description":"Gestalte ein wundersch\u00f6nes Namensdesign aus deinen Lieblingsbildern und halte wertvolle Erinnerungen f\u00fcr immer fest.","breadcrumb":{"@id":"https:\/\/positiveprints.com\/de\/produkt\/fotocollage-mit-babynamen\/#breadcrumb"},"inLanguage":"de","potentialAction":[{"@type":"ReadAction","target":["https:\/\/positiveprints.com\/de\/produkt\/fotocollage-mit-babynamen\/"]}]},{"@type":"ImageObject","inLanguage":"de","@id":"https:\/\/positiveprints.com\/de\/produkt\/fotocollage-mit-babynamen\/#primaryimage","url":"https:\/\/positiveprints.com\/wp-content\/uploads\/2025\/04\/Packshot_DE_BABY_NAME.webp","contentUrl":"https:\/\/positiveprints.com\/wp-content\/uploads\/2025\/04\/Packshot_DE_BABY_NAME.webp","width":1450,"height":1450,"caption":"Packshot_DE_BABY_NAME"},{"@type":"BreadcrumbList","@id":"https:\/\/positiveprints.com\/de\/produkt\/fotocollage-mit-babynamen\/#breadcrumb","itemListElement":[{"@type":"ListItem","position":1,"name":"Startseite","item":"https:\/\/positiveprints.com\/de\/"},{"@type":"ListItem","position":2,"name":"Produkte","item":"https:\/\/positiveprints.com\/de\/shop\/"},{"@type":"ListItem","position":3,"name":"Fotocollage mit Babynamen"}]},{"@type":"WebSite","@id":"https:\/\/positiveprints.com\/de\/#website","url":"https:\/\/positiveprints.com\/de\/","name":"Positive Prints","description":"Amazing Custom Personalized Gifts","publisher":{"@id":"https:\/\/positiveprints.com\/de\/#organization"},"potentialAction":[{"@type":"SearchAction","target":{"@type":"EntryPoint","urlTemplate":"https:\/\/positiveprints.com\/de\/?s={search_term_string}"},"query-input":{"@type":"PropertyValueSpecification","valueRequired":true,"valueName":"search_term_string"}}],"inLanguage":"de"},{"@type":"Organization","@id":"https:\/\/positiveprints.com\/de\/#organization","name":"Positive Prints","alternateName":"Positive Prints","url":"https:\/\/positiveprints.com\/de\/","logo":{"@type":"ImageObject","inLanguage":"de","@id":"https:\/\/positiveprints.com\/de\/#\/schema\/logo\/image\/","url":"https:\/\/positiveprints.com\/wp-content\/uploads\/2026\/03\/245815646_1337939713319158_5671353136411139666_n.png","contentUrl":"https:\/\/positiveprints.com\/wp-content\/uploads\/2026\/03\/245815646_1337939713319158_5671353136411139666_n.png","width":800,"height":800,"caption":"Positive Prints"},"image":{"@id":"https:\/\/positiveprints.com\/de\/#\/schema\/logo\/image\/"},"sameAs":["https:\/\/www.facebook.com\/positiveprintscom","https:\/\/www.instagram.com\/positiveprintscom\/","https:\/\/www.tiktok.com\/@positiveprintscom","https:\/\/www.pinterest.com\/positiveprintscom\/"]}]}},"jetpack_sharing_enabled":true,"_links":{"self":[{"href":"https:\/\/positiveprints.com\/de\/wp-json\/wp\/v2\/product\/953485","targetHints":{"allow":["GET"]}}],"collection":[{"href":"https:\/\/positiveprints.com\/de\/wp-json\/wp\/v2\/product"}],"about":[{"href":"https:\/\/positiveprints.com\/de\/wp-json\/wp\/v2\/types\/product"}],"wp:featuredmedia":[{"embeddable":true,"href":"https:\/\/positiveprints.com\/de\/wp-json\/wp\/v2\/media\/1399838"}],"wp:attachment":[{"href":"https:\/\/positiveprints.com\/de\/wp-json\/wp\/v2\/media?parent=953485"}],"wp:term":[{"taxonomy":"product_brand","embeddable":true,"href":"https:\/\/positiveprints.com\/de\/wp-json\/wp\/v2\/product_brand?post=953485"},{"taxonomy":"product_cat","embeddable":true,"href":"https:\/\/positiveprints.com\/de\/wp-json\/wp\/v2\/product_cat?post=953485"},{"taxonomy":"product_tag","embeddable":true,"href":"https:\/\/positiveprints.com\/de\/wp-json\/wp\/v2\/product_tag?post=953485"}],"curies":[{"name":"wp","href":"https:\/\/api.w.org\/{rel}","templated":true}]}}