{"id":640007,"date":"2023-03-10T13:15:20","date_gmt":"2023-03-10T12:15:20","guid":{"rendered":"https:\/\/positiveprints.com\/product\/moving-away-map\/"},"modified":"2026-04-28T14:27:21","modified_gmt":"2026-04-28T13:27:21","slug":"umzugskarte","status":"publish","type":"product","link":"https:\/\/positiveprints.com\/de\/produkt\/umzugskarte\/","title":{"rendered":"Umzugskarte"},"content":{"rendered":"<p style=\"margin-top: 1rem\">Suchst du nach einem einzigartigen und aufmerksamen Geschenk f\u00fcr jemanden, der jemand Besonderes in deinem Leben ist? Erw\u00e4gst du dieser Person etwas Besonderes zu schenken? Diese personalisierte Karte kann die Erinnerungen und Erfahrungen eines bestimmten Ortes festhalten, der f\u00fcr jemanden, der wegzieht, von Bedeutung ist.<\/p>\r\n\r\n\r\n<h2 class=\"grenB f24 cblue\" style=\"margin-top: 3rem\">Was ist eine Umzugskarte?<\/h2>\r\n\r\n<p style=\"margin-top: 1rem\">Eine Umzugskarte kann jeden Ort zeigen, der f\u00fcr dich und deinen Lieblingsmenschen von Bedeutung ist. Es k\u00f6nnte sich um eine Karte der Stadt oder Ortschaft handeln, in die die Person zieht. Alternativ k\u00f6nnte es sich um eine Karte des Ortes handeln, an dem ihr beide gemeinsam besondere Erinnerungen geteilt habt. Ganz gleich, ob es sich um das Zuhause seiner Kindheit, seinen Lieblingsurlaubsort oder die Stadt handelt, von der er schon immer getr\u00e4umt hat: Die M\u00f6glichkeit, die Karte mit einem pers\u00f6nlichen Titel oder Text zu personalisieren, macht das Geschenk zu einem noch pers\u00f6nlicheren Geschenk. Das Sch\u00f6ne an unserem Kartendruck ist, dass er individuell gestaltet werden kann, um eure einzigartige Freundschaft und eure gemeinsamen Erlebnisse widerzuspiegeln.<\/p>\r\n\r\n<h2 class=\"grenB f24 cblue\" style=\"margin-top: 3rem\">Warum \u00fcberhaupt eine Umzugskarte verschenken?<\/h2>\r\n\r\n<p style=\"margin-top: 1rem\">W\u00e4hrend eine Umzugskarte ein durchdachtes und personalisiertes Geschenk f\u00fcr einen Freund ist, der wegzieht, kann sie auch ein gro\u00dfartiges Geschenk f\u00fcr jeden sein, der gerne reist oder eine besondere Verbindung zu einem bestimmten Ort hat. Du k\u00f6nntest beispielsweise einen Kartendruck f\u00fcr ein Familienmitglied erstellen, das in eine neue Stadt zieht oder f\u00fcr jemanden, der gute Erinnerungen an seine Heimatstadt hat. Es liegt wirklich an dir, wie du die Karte anpassen wirst und sie f\u00fcr den Empf\u00e4nger aussagekr\u00e4ftig machst. Letztendlich w\u00fcrde sich jeder, der einzigartige und pers\u00f6nliche Geschenke sch\u00e4tzt, \u00fcber eine Umzugskarte freuen.<\/p>\r\n\r\n\r\n\r\n<p style=\"margin-top: 1rem\">Eine Umzugskarte ist etwas Besonderes, weil es sich um ein personalisiertes und durchdachtes Geschenk handelt, das die einzigartige Beziehung zwischen dir und dem Empf\u00e4nger widerspiegelt. Es zeigt, dass du dir die Zeit genommen hast, \u00fcber seine bzw. ihre Interessen, Erinnerungen und Erfahrungen nachzudenken und etwas speziell f\u00fcr diesen Menschen geschaffen zu haben. Die Karte kann als Erinnerung an eure Freundschaft oder Verbindung dienen, auch wenn ihr r\u00e4umlich weit voneinander entfernt sind. Dar\u00fcber hinaus erfordert die Gestaltung oder Auswahl eines Abschiedsgeschenks ein Ma\u00df an Kreativit\u00e4t und R\u00fccksichtnahme, das es zu einem besonders bedeutungsvollen Geschenk machen kann. Insgesamt ist eine Umzugskarte etwas Besonderes, weil sie Personalisierung mit Praktikabilit\u00e4t verbindet und sie zu einem wirklich einzigartigen Geschenk macht.<\/p>\r\n\r\n\r\n\r\n<h2 class=\"grenB f24 cblue\" style=\"margin-top: 3rem\">Ein Geschenk, das dein Freund oder Familienmitglied noch viele Jahre lang sch\u00e4tzen wird<\/h2>\r\n\r\n<p style=\"margin-top: 1rem\">Mit der \u201eUmzugskarte\u201c kannst du aus verschiedenen Stilen und Farben w\u00e4hlen, die zu der Pers\u00f6nlichkeit des Beschenkten passen, einen pers\u00f6nlichen Titel oder Text unter der Karte hinzuf\u00fcgen und aus einer Vielzahl von Gr\u00f6\u00dfen und Formaten w\u00e4hlen, darunter Leinwanddrucke, Posterdrucke oder sogar digitale Downloads!<\/p>\r\n\r\n\r\n\r\n<p style=\"margin-top: 1rem\">Die \u201eUmzugskarte\u201c ist nicht nur eine sch\u00f6ne Erg\u00e4nzung f\u00fcr die Einrichtung deines Zuhauses oder B\u00fcros, sie dient auch als Erinnerung an den wunderbaren Ort, an dem du oder der Beschenkte gelebt hat. Es ist perfekt f\u00fcr diejenigen, die von zu Hause wegziehen oder einfach nur gerne reisen. Unsere hochwertigen Materialien stellen sicher, dass dein Geschenk viele Jahre lang h\u00e4lt und es eine lohnende Investition ist. Dar\u00fcber hinaus war es mit unserem benutzerfreundlichen Online-Editor noch nie einfacher, eine eigene, personalisierte Karte zu erstellen.<\/p>\r\n\r\n\r\n\r\n<p style=\"margin-top: 1rem\">Zeige deinen Liebsten, wie sehr du dich um sie k\u00fcmmerst, indem du ihnen etwas ganz Besonderes schenkst \u2013 schenke ihnen eine Umzugskarte. Beginne noch heute damit, eine eigene zu kreieren \u2013 vertraue uns, du wirst es lieben!<\/p>","protected":false},"excerpt":{"rendered":"<ul class=\"check-list\">\n<li>Markiere eine besondere Stelle mit einem ausgew\u00e4hlten Symbol<\/li>\n<li>Passe dein Kunstwerk in 3 einfachen Schritten an<\/li>\n<li>F\u00fcge einen aussagekr\u00e4ftigen personalisierten Text hinzu<\/li>\n<li>Sieh das Ergebnis sofort \u2013 die interaktive Vorschau erm\u00f6glicht dir, jedes Detail direkt anzupassen<\/li>\n<\/ul>\n","protected":false},"featured_media":1213481,"template":"","meta":[],"product_brand":[],"product_cat":[105,7622,7766,7654,7830,7735,7189],"product_tag":[16556],"class_list":{"0":"post-640007","1":"product","2":"type-product","3":"status-publish","4":"has-post-thumbnail","6":"product_cat-alle-produkte","7":"product_cat-geschenke-fur-bruder","8":"product_cat-geschenke-fur-deine-tochter","9":"product_cat-geschenke-fur-deinen-sohn","10":"product_cat-geschenke-fur-freunde","11":"product_cat-geschenke-fur-schwester","12":"product_cat-map-de","13":"product_tag-wegziehen","15":"first","16":"instock","17":"sale","18":"taxable","19":"shipping-taxable","20":"purchasable","21":"product-type-variable"},"yoast_head":"<!-- This site is optimized with the Yoast SEO Premium plugin v27.2 (Yoast SEO v27.2) - https:\/\/yoast.com\/product\/yoast-seo-premium-wordpress\/ -->\n<title>Umzugskarte - Positive Prints<\/title>\n<meta name=\"description\" content=\"Diese personalisierte Karte kann die Erinnerungen und Erfahrungen eines bestimmten Ortes festhalten, der f\u00fcr jemanden, der wegzieht, von Bedeutung ist.\" \/>\n<meta name=\"robots\" content=\"index, follow, max-snippet:-1, max-image-preview:large, max-video-preview:-1\" \/>\n<link rel=\"canonical\" href=\"https:\/\/positiveprints.com\/de\/produkt\/umzugskarte\/\" \/>\n<meta property=\"og:locale\" content=\"de_DE\" \/>\n<meta property=\"og:type\" content=\"article\" \/>\n<meta property=\"og:title\" content=\"Umzugskarte\" \/>\n<meta property=\"og:description\" content=\"Markiere eine besondere Stelle mit einem ausgew\u00e4hlten Symbol Passe dein Kunstwerk in 3 einfachen Schritten an F\u00fcge einen aussagekr\u00e4ftigen personalisierten Text hinzu Sieh das Ergebnis sofort \u2013 die interaktive Vorschau erm\u00f6glicht dir, jedes Detail direkt anzupassen\" \/>\n<meta property=\"og:url\" content=\"https:\/\/positiveprints.com\/de\/produkt\/umzugskarte\/\" \/>\n<meta property=\"og:site_name\" content=\"Positive Prints\" \/>\n<meta property=\"article:publisher\" content=\"https:\/\/www.facebook.com\/positiveprintscom\" \/>\n<meta property=\"article:modified_time\" content=\"2026-04-28T13:27:21+00:00\" \/>\n<meta property=\"og:image\" content=\"https:\/\/positiveprints.com\/wp-content\/uploads\/2024\/10\/Packshot_DE_moving-away-map-product-image.webp\" \/>\n\t<meta property=\"og:image:width\" content=\"1450\" \/>\n\t<meta property=\"og:image:height\" content=\"1450\" \/>\n\t<meta property=\"og:image:type\" content=\"image\/webp\" \/>\n<meta name=\"twitter:card\" content=\"summary_large_image\" \/>\n<!-- \/ Yoast SEO Premium plugin. -->","yoast_head_json":{"title":"Umzugskarte - Positive Prints","description":"Diese personalisierte Karte kann die Erinnerungen und Erfahrungen eines bestimmten Ortes festhalten, der f\u00fcr jemanden, der wegzieht, von Bedeutung ist.","robots":{"index":"index","follow":"follow","max-snippet":"max-snippet:-1","max-image-preview":"max-image-preview:large","max-video-preview":"max-video-preview:-1"},"canonical":"https:\/\/positiveprints.com\/de\/produkt\/umzugskarte\/","og_locale":"de_DE","og_type":"article","og_title":"Umzugskarte","og_description":"Markiere eine besondere Stelle mit einem ausgew\u00e4hlten Symbol Passe dein Kunstwerk in 3 einfachen Schritten an F\u00fcge einen aussagekr\u00e4ftigen personalisierten Text hinzu Sieh das Ergebnis sofort \u2013 die interaktive Vorschau erm\u00f6glicht dir, jedes Detail direkt anzupassen","og_url":"https:\/\/positiveprints.com\/de\/produkt\/umzugskarte\/","og_site_name":"Positive Prints","article_publisher":"https:\/\/www.facebook.com\/positiveprintscom","article_modified_time":"2026-04-28T13:27:21+00:00","og_image":[{"width":1450,"height":1450,"url":"https:\/\/positiveprints.com\/wp-content\/uploads\/2024\/10\/Packshot_DE_moving-away-map-product-image.webp","type":"image\/webp"}],"twitter_card":"summary_large_image","schema":{"@context":"https:\/\/schema.org","@graph":[{"@type":["WebPage","ItemPage"],"@id":"https:\/\/positiveprints.com\/de\/produkt\/umzugskarte\/","url":"https:\/\/positiveprints.com\/de\/produkt\/umzugskarte\/","name":"Umzugskarte - Positive Prints","isPartOf":{"@id":"https:\/\/positiveprints.com\/de\/#website"},"primaryImageOfPage":{"@id":"https:\/\/positiveprints.com\/de\/produkt\/umzugskarte\/#primaryimage"},"image":{"@id":"https:\/\/positiveprints.com\/de\/produkt\/umzugskarte\/#primaryimage"},"thumbnailUrl":"https:\/\/positiveprints.com\/wp-content\/uploads\/2024\/10\/Packshot_DE_moving-away-map-product-image.webp","datePublished":"2023-03-10T12:15:20+00:00","dateModified":"2026-04-28T13:27:21+00:00","description":"Diese personalisierte Karte kann die Erinnerungen und Erfahrungen eines bestimmten Ortes festhalten, der f\u00fcr jemanden, der wegzieht, von Bedeutung ist.","breadcrumb":{"@id":"https:\/\/positiveprints.com\/de\/produkt\/umzugskarte\/#breadcrumb"},"inLanguage":"de","potentialAction":[{"@type":"ReadAction","target":["https:\/\/positiveprints.com\/de\/produkt\/umzugskarte\/"]}]},{"@type":"ImageObject","inLanguage":"de","@id":"https:\/\/positiveprints.com\/de\/produkt\/umzugskarte\/#primaryimage","url":"https:\/\/positiveprints.com\/wp-content\/uploads\/2024\/10\/Packshot_DE_moving-away-map-product-image.webp","contentUrl":"https:\/\/positiveprints.com\/wp-content\/uploads\/2024\/10\/Packshot_DE_moving-away-map-product-image.webp","width":1450,"height":1450},{"@type":"BreadcrumbList","@id":"https:\/\/positiveprints.com\/de\/produkt\/umzugskarte\/#breadcrumb","itemListElement":[{"@type":"ListItem","position":1,"name":"Startseite","item":"https:\/\/positiveprints.com\/de\/"},{"@type":"ListItem","position":2,"name":"Produkte","item":"https:\/\/positiveprints.com\/de\/shop\/"},{"@type":"ListItem","position":3,"name":"Umzugskarte"}]},{"@type":"WebSite","@id":"https:\/\/positiveprints.com\/de\/#website","url":"https:\/\/positiveprints.com\/de\/","name":"Positive Prints","description":"Amazing Custom Personalized Gifts","publisher":{"@id":"https:\/\/positiveprints.com\/de\/#organization"},"potentialAction":[{"@type":"SearchAction","target":{"@type":"EntryPoint","urlTemplate":"https:\/\/positiveprints.com\/de\/?s={search_term_string}"},"query-input":{"@type":"PropertyValueSpecification","valueRequired":true,"valueName":"search_term_string"}}],"inLanguage":"de"},{"@type":"Organization","@id":"https:\/\/positiveprints.com\/de\/#organization","name":"Positive Prints","alternateName":"Positive Prints","url":"https:\/\/positiveprints.com\/de\/","logo":{"@type":"ImageObject","inLanguage":"de","@id":"https:\/\/positiveprints.com\/de\/#\/schema\/logo\/image\/","url":"https:\/\/positiveprints.com\/wp-content\/uploads\/2026\/03\/245815646_1337939713319158_5671353136411139666_n.png","contentUrl":"https:\/\/positiveprints.com\/wp-content\/uploads\/2026\/03\/245815646_1337939713319158_5671353136411139666_n.png","width":800,"height":800,"caption":"Positive Prints"},"image":{"@id":"https:\/\/positiveprints.com\/de\/#\/schema\/logo\/image\/"},"sameAs":["https:\/\/www.facebook.com\/positiveprintscom","https:\/\/www.instagram.com\/positiveprintscom\/","https:\/\/www.tiktok.com\/@positiveprintscom","https:\/\/www.pinterest.com\/positiveprintscom\/"]}]}},"jetpack_sharing_enabled":true,"_links":{"self":[{"href":"https:\/\/positiveprints.com\/de\/wp-json\/wp\/v2\/product\/640007","targetHints":{"allow":["GET"]}}],"collection":[{"href":"https:\/\/positiveprints.com\/de\/wp-json\/wp\/v2\/product"}],"about":[{"href":"https:\/\/positiveprints.com\/de\/wp-json\/wp\/v2\/types\/product"}],"wp:featuredmedia":[{"embeddable":true,"href":"https:\/\/positiveprints.com\/de\/wp-json\/wp\/v2\/media\/1213481"}],"wp:attachment":[{"href":"https:\/\/positiveprints.com\/de\/wp-json\/wp\/v2\/media?parent=640007"}],"wp:term":[{"taxonomy":"product_brand","embeddable":true,"href":"https:\/\/positiveprints.com\/de\/wp-json\/wp\/v2\/product_brand?post=640007"},{"taxonomy":"product_cat","embeddable":true,"href":"https:\/\/positiveprints.com\/de\/wp-json\/wp\/v2\/product_cat?post=640007"},{"taxonomy":"product_tag","embeddable":true,"href":"https:\/\/positiveprints.com\/de\/wp-json\/wp\/v2\/product_tag?post=640007"}],"curies":[{"name":"wp","href":"https:\/\/api.w.org\/{rel}","templated":true}]}}