{"id":621092,"date":"2023-05-11T10:41:07","date_gmt":"2023-05-11T09:41:07","guid":{"rendered":"https:\/\/positiveprints.com\/?post_type=product&#038;p=621092"},"modified":"2026-04-03T03:16:14","modified_gmt":"2026-04-03T02:16:14","slug":"fotocollage-in-buchstabenform-fuer-deine-schwester","status":"publish","type":"product","link":"https:\/\/positiveprints.com\/de\/produkt\/fotocollage-in-buchstabenform-fuer-deine-schwester\/","title":{"rendered":"Fotocollage in Buchstabenform f\u00fcr deine Schwester"},"content":{"rendered":"<p style=\"margin-top: 1rem\">Mit einer Schwesterbrief-Fotocollage kannst du ein personalisiertes und einzigartiges Geschenk f\u00fcr deine Schwester erstellen. Ob zum Geburtstag, zu Weihnachten oder einfach so, eine Schwesterbrief-Fotocollage bietet eine sch\u00f6ne M\u00f6glichkeit, wertvolle Erinnerungen zu pr\u00e4sentieren. Du kannst ein Wort w\u00e4hlen, das die Beziehung zwischen dir und deiner Schwester am besten darstellt oder einfach \u201eSchwester\u201c als Wort benutzt. Die M\u00f6glichkeiten sind endlos und es liegt ganz bei dir, wie kreativ du sein m\u00f6chtest. Jeder Buchstabe der Collage besteht aus deinen eigenen Fotos und ist somit ein wirklich einzigartiges Geschenk.<\/p>\r\n\r\n\r\n<p style=\"margin-top: 1rem\">Mit unserer Schritt-f\u00fcr-Schritt-Anleitung ist die Erstellung deiner Schwesterbrief-Fotocollage ganz einfach. W\u00e4hle zun\u00e4chst das Wort aus, das du f\u00fcr deine Collage verwenden m\u00f6chtest. Du kannst es je nach deinen Vorlieben und deinem Geschmack noch weiter personalisieren. Lade als N\u00e4chstes deine eigenen Fotos hoch und w\u00e4hle diese aus, die du f\u00fcr jeden Buchstaben verwenden m\u00f6chtest. Du kannst jedes Foto vergr\u00f6\u00dfern oder verkleinern und die Position nach deinen W\u00fcnschen anpassen.<\/p>\r\n\r\n\r\n<p style=\"margin-top: 1rem\">Wenn du mit dem Layout deiner Schwesterbrief-Fotocollage zufrieden bist, f\u00fcge unter den Fotobriefen eine personalisierte Nachricht hinzu. Dies ist eine hervorragende M\u00f6glichkeit, deinem Geschenk eine pers\u00f6nliche Note zu verleihen und eine herzliche Stimmung zu vermitteln. Nachdem du diesen Schritt abgeschlossen hast, kannst du das perfekte Format und die perfekte Gr\u00f6\u00dfe f\u00fcr deine Schwesterbrief-Fotocollage ausw\u00e4hlen. Als Optionen stehen gedruckte Poster, gerahmte Poster, Leinwand und sofortige digitale Download-Dateien zur Verf\u00fcgung. Im Handumdrehen hast du ein einzigartiges Geschenk.<\/p>\r\n\r\n\r\n<p style=\"margin-top: 1rem\">Schwestern verdienen nur das Beste. Warum also nicht mit der Schwesterbrief-Fotocollage ein unvergessliches und unglaublich einzigartiges Kunstwerk schaffen? Dein Kunstwerk wird deiner Schwester das Gef\u00fchl geben, jemand Besonderes zu sein und geliebt zu werden. Bestelle deshalb noch heute eine Schwesterbrief-Fotocollage und verschenke das perfekte Geschenk, das f\u00fcr die Ewigkeit h\u00e4lt.<\/p>","protected":false},"excerpt":{"rendered":"<ul class=\"check-list\">\n<li>F\u00fcge einen aussagekr\u00e4ftigen personalisierten Text hinzu<\/li>\n<li>Passe dein Kunstwerk in 3 einfachen Schritten an<\/li>\n<li>W\u00e4hle eine Vorlage oder werde kreativ<\/li>\n<li>Schau die bei jedem Schritt eine Vorschau deines Designs an<\/li>\n<\/ul>\n","protected":false},"featured_media":1669946,"template":"","meta":[],"product_brand":[],"product_cat":[105,9275,11367,7735,8819,5266],"product_tag":[17274,12576,15102,13422],"class_list":{"0":"post-621092","1":"product","2":"type-product","3":"status-publish","4":"has-post-thumbnail","6":"product_cat-alle-produkte","7":"product_cat-bestsellers-label-de","8":"product_cat-weihnachtsgeschenke-fur-die-schwester","9":"product_cat-geschenke-fur-schwester","10":"product_cat-photo-letter-de","11":"product_cat-weihnachtsgeschenke","12":"product_tag-geschenk-fur-schwester-de","13":"product_tag-geschenk-fur-schwester","14":"product_tag-sorella-de","15":"product_tag-weihnachtsgeschenk-fur-die-schwester","17":"first","18":"instock","19":"sale","20":"taxable","21":"shipping-taxable","22":"purchasable","23":"product-type-variable"},"yoast_head":"<!-- This site is optimized with the Yoast SEO Premium plugin v27.2 (Yoast SEO v27.2) - https:\/\/yoast.com\/product\/yoast-seo-premium-wordpress\/ -->\n<title>Fotocollage in Buchstabenform f\u00fcr deine Schwester - Positive Prints<\/title>\n<meta name=\"description\" content=\"\u00dcberrasche deine Schwester mit einem herzlichen Geschenk.Gestalte eine personalisierte Buchstaben-Fotocollage mit euren sch\u00f6nsten gemeinsamen Momenten.\" \/>\n<meta name=\"robots\" content=\"index, follow, max-snippet:-1, max-image-preview:large, max-video-preview:-1\" \/>\n<link rel=\"canonical\" href=\"https:\/\/positiveprints.com\/de\/produkt\/fotocollage-in-buchstabenform-fuer-deine-schwester\/\" \/>\n<meta property=\"og:locale\" content=\"de_DE\" \/>\n<meta property=\"og:type\" content=\"article\" \/>\n<meta property=\"og:title\" content=\"Fotocollage in Buchstabenform f\u00fcr deine Schwester\" \/>\n<meta property=\"og:description\" content=\"F\u00fcge einen aussagekr\u00e4ftigen personalisierten Text hinzu  Passe dein Kunstwerk in 3 einfachen Schritten an  W\u00e4hle eine Vorlage oder werde kreativ  Schau die bei jedem Schritt eine Vorschau deines Designs an\" \/>\n<meta property=\"og:url\" content=\"https:\/\/positiveprints.com\/de\/produkt\/fotocollage-in-buchstabenform-fuer-deine-schwester\/\" \/>\n<meta property=\"og:site_name\" content=\"Positive Prints\" \/>\n<meta property=\"article:publisher\" content=\"https:\/\/www.facebook.com\/positiveprintscom\" \/>\n<meta property=\"article:modified_time\" content=\"2026-04-03T02:16:14+00:00\" \/>\n<meta property=\"og:image\" content=\"https:\/\/positiveprints.com\/wp-content\/uploads\/2025\/03\/Fotocollage-in-Buchstabenform-fur-deine-Schwester-1-1.webp\" \/>\n\t<meta property=\"og:image:width\" content=\"1450\" \/>\n\t<meta property=\"og:image:height\" content=\"1450\" \/>\n\t<meta property=\"og:image:type\" content=\"image\/webp\" \/>\n<meta name=\"twitter:card\" content=\"summary_large_image\" \/>\n<meta name=\"twitter:label1\" content=\"Gesch\u00e4tzte Lesezeit\" \/>\n\t<meta name=\"twitter:data1\" content=\"2\u00a0Minuten\" \/>\n<!-- \/ Yoast SEO Premium plugin. -->","yoast_head_json":{"title":"Fotocollage in Buchstabenform f\u00fcr deine Schwester - Positive Prints","description":"\u00dcberrasche deine Schwester mit einem herzlichen Geschenk.Gestalte eine personalisierte Buchstaben-Fotocollage mit euren sch\u00f6nsten gemeinsamen Momenten.","robots":{"index":"index","follow":"follow","max-snippet":"max-snippet:-1","max-image-preview":"max-image-preview:large","max-video-preview":"max-video-preview:-1"},"canonical":"https:\/\/positiveprints.com\/de\/produkt\/fotocollage-in-buchstabenform-fuer-deine-schwester\/","og_locale":"de_DE","og_type":"article","og_title":"Fotocollage in Buchstabenform f\u00fcr deine Schwester","og_description":"F\u00fcge einen aussagekr\u00e4ftigen personalisierten Text hinzu  Passe dein Kunstwerk in 3 einfachen Schritten an  W\u00e4hle eine Vorlage oder werde kreativ  Schau die bei jedem Schritt eine Vorschau deines Designs an","og_url":"https:\/\/positiveprints.com\/de\/produkt\/fotocollage-in-buchstabenform-fuer-deine-schwester\/","og_site_name":"Positive Prints","article_publisher":"https:\/\/www.facebook.com\/positiveprintscom","article_modified_time":"2026-04-03T02:16:14+00:00","og_image":[{"width":1450,"height":1450,"url":"https:\/\/positiveprints.com\/wp-content\/uploads\/2025\/03\/Fotocollage-in-Buchstabenform-fur-deine-Schwester-1-1.webp","type":"image\/webp"}],"twitter_card":"summary_large_image","twitter_misc":{"Gesch\u00e4tzte Lesezeit":"2\u00a0Minuten"},"schema":{"@context":"https:\/\/schema.org","@graph":[{"@type":["WebPage","ItemPage"],"@id":"https:\/\/positiveprints.com\/de\/produkt\/fotocollage-in-buchstabenform-fuer-deine-schwester\/","url":"https:\/\/positiveprints.com\/de\/produkt\/fotocollage-in-buchstabenform-fuer-deine-schwester\/","name":"Fotocollage in Buchstabenform f\u00fcr deine Schwester - Positive Prints","isPartOf":{"@id":"https:\/\/positiveprints.com\/de\/#website"},"primaryImageOfPage":{"@id":"https:\/\/positiveprints.com\/de\/produkt\/fotocollage-in-buchstabenform-fuer-deine-schwester\/#primaryimage"},"image":{"@id":"https:\/\/positiveprints.com\/de\/produkt\/fotocollage-in-buchstabenform-fuer-deine-schwester\/#primaryimage"},"thumbnailUrl":"https:\/\/positiveprints.com\/wp-content\/uploads\/2026\/03\/schwester_DE.webp","datePublished":"2023-05-11T09:41:07+00:00","dateModified":"2026-04-03T02:16:14+00:00","description":"\u00dcberrasche deine Schwester mit einem herzlichen Geschenk.Gestalte eine personalisierte Buchstaben-Fotocollage mit euren sch\u00f6nsten gemeinsamen Momenten.","breadcrumb":{"@id":"https:\/\/positiveprints.com\/de\/produkt\/fotocollage-in-buchstabenform-fuer-deine-schwester\/#breadcrumb"},"inLanguage":"de","potentialAction":[{"@type":"ReadAction","target":["https:\/\/positiveprints.com\/de\/produkt\/fotocollage-in-buchstabenform-fuer-deine-schwester\/"]}]},{"@type":"ImageObject","inLanguage":"de","@id":"https:\/\/positiveprints.com\/de\/produkt\/fotocollage-in-buchstabenform-fuer-deine-schwester\/#primaryimage","url":"https:\/\/positiveprints.com\/wp-content\/uploads\/2026\/03\/schwester_DE.webp","contentUrl":"https:\/\/positiveprints.com\/wp-content\/uploads\/2026\/03\/schwester_DE.webp","width":1450,"height":1450},{"@type":"BreadcrumbList","@id":"https:\/\/positiveprints.com\/de\/produkt\/fotocollage-in-buchstabenform-fuer-deine-schwester\/#breadcrumb","itemListElement":[{"@type":"ListItem","position":1,"name":"Startseite","item":"https:\/\/positiveprints.com\/de\/"},{"@type":"ListItem","position":2,"name":"Produkte","item":"https:\/\/positiveprints.com\/de\/shop\/"},{"@type":"ListItem","position":3,"name":"Fotocollage in Buchstabenform f\u00fcr deine Schwester"}]},{"@type":"WebSite","@id":"https:\/\/positiveprints.com\/de\/#website","url":"https:\/\/positiveprints.com\/de\/","name":"Positive Prints","description":"Amazing Custom Personalized Gifts","publisher":{"@id":"https:\/\/positiveprints.com\/de\/#organization"},"potentialAction":[{"@type":"SearchAction","target":{"@type":"EntryPoint","urlTemplate":"https:\/\/positiveprints.com\/de\/?s={search_term_string}"},"query-input":{"@type":"PropertyValueSpecification","valueRequired":true,"valueName":"search_term_string"}}],"inLanguage":"de"},{"@type":"Organization","@id":"https:\/\/positiveprints.com\/de\/#organization","name":"Positive Prints","alternateName":"Positive Prints","url":"https:\/\/positiveprints.com\/de\/","logo":{"@type":"ImageObject","inLanguage":"de","@id":"https:\/\/positiveprints.com\/de\/#\/schema\/logo\/image\/","url":"https:\/\/positiveprints.com\/wp-content\/uploads\/2026\/03\/245815646_1337939713319158_5671353136411139666_n.png","contentUrl":"https:\/\/positiveprints.com\/wp-content\/uploads\/2026\/03\/245815646_1337939713319158_5671353136411139666_n.png","width":800,"height":800,"caption":"Positive Prints"},"image":{"@id":"https:\/\/positiveprints.com\/de\/#\/schema\/logo\/image\/"},"sameAs":["https:\/\/www.facebook.com\/positiveprintscom","https:\/\/www.instagram.com\/positiveprintscom\/","https:\/\/www.tiktok.com\/@positiveprintscom","https:\/\/www.pinterest.com\/positiveprintscom\/"]}]}},"jetpack_sharing_enabled":true,"_links":{"self":[{"href":"https:\/\/positiveprints.com\/de\/wp-json\/wp\/v2\/product\/621092","targetHints":{"allow":["GET"]}}],"collection":[{"href":"https:\/\/positiveprints.com\/de\/wp-json\/wp\/v2\/product"}],"about":[{"href":"https:\/\/positiveprints.com\/de\/wp-json\/wp\/v2\/types\/product"}],"wp:featuredmedia":[{"embeddable":true,"href":"https:\/\/positiveprints.com\/de\/wp-json\/wp\/v2\/media\/1669946"}],"wp:attachment":[{"href":"https:\/\/positiveprints.com\/de\/wp-json\/wp\/v2\/media?parent=621092"}],"wp:term":[{"taxonomy":"product_brand","embeddable":true,"href":"https:\/\/positiveprints.com\/de\/wp-json\/wp\/v2\/product_brand?post=621092"},{"taxonomy":"product_cat","embeddable":true,"href":"https:\/\/positiveprints.com\/de\/wp-json\/wp\/v2\/product_cat?post=621092"},{"taxonomy":"product_tag","embeddable":true,"href":"https:\/\/positiveprints.com\/de\/wp-json\/wp\/v2\/product_tag?post=621092"}],"curies":[{"name":"wp","href":"https:\/\/api.w.org\/{rel}","templated":true}]}}