{"id":614058,"date":"2023-04-24T13:44:47","date_gmt":"2023-04-24T12:44:47","guid":{"rendered":"https:\/\/positiveprints.com\/?post_type=product&#038;p=614058"},"modified":"2026-04-03T03:16:57","modified_gmt":"2026-04-03T02:16:57","slug":"unsere-liebesgeschichte-eure-dreifache-sternenkarte","status":"publish","type":"product","link":"https:\/\/positiveprints.com\/de\/produkt\/unsere-liebesgeschichte-eure-dreifache-sternenkarte\/","title":{"rendered":"Unsere Liebesgeschichte &#8211; eure dreifache Sternenkarte"},"content":{"rendered":"<p style=\"margin-top: 1rem\">Suchst du nach einem einzigartigen und sentimentalen Geschenk f\u00fcr deinen Lebens-lieblingsmenschen &#8211; also deinen Lebensgef\u00e4hrten oder Lebensgef\u00e4hrtin? Suche nicht weiter als unsere dreifache Sternenkarte, die eure Liebesgeschichte darstellt. Dieser personalisierte Druck f\u00e4ngt drei besondere Momente in eurer Beziehung ein und ist somit das perfekte Geschenk f\u00fcr Jubil\u00e4en, Hochzeiten, Valentinstag, Weihnachten oder jede andere Feier.<\/p>\r\n\r\n\r\n<p style=\"margin-top: 1rem\">Dieser individuelle Druck kann einen Sternenhimmel vom Tag eurer ersten Begegnung, Verlobung und Hochzeit zeigen. Oder vielleicht m\u00f6chtest du verschiedene Meilensteine \u200b\u200bin eurer Beziehung festhalten, beispielsweise den Tag, an dem ihr euch zum ersten Mal getroffen, euch zum ersten Mal gek\u00fcsst oder euer Haus gekauft habt. Die M\u00f6glichkeiten sind endlos und du kannst eure Sternenkarten so anpassen, dass sie eure einzigartige Liebesgeschichte widerspiegeln.<\/p>\r\n\r\n\r\n<p style=\"margin-top: 1rem\">Das Erstellen eurer Dreifachsternenkarte \u201cUnsere Liebesgeschichte\u201d ist ganz einfach! Mit unserem Online-Editor kannst du dein Lieblingsdesign und deine Lieblingsfarben ausw\u00e4hlen, egal ob du kreisf\u00f6rmige oder herzf\u00f6rmige Designs bevorzugst. Gebe die Daten und Orte f\u00fcr jede deiner drei Sternenkarten ein und sehe dir bei jedem Schritt eine Vorschau deines individuellen Kunstwerks an. W\u00e4hle abschlie\u00dfend aus einer Vielzahl von Formaten und Gr\u00f6\u00dfen, um sicherzustellen, dass dein Geschenk perfekt zu deinem besonderen Anlass passt.<\/p>\r\n\r\n\r\n<p style=\"margin-top: 1rem\">Dieses sentimentale Geschenk wird mit Sicherheit gesch\u00e4tzt und wird dir und deiner Lieblingsperson viele Jahre lang als sch\u00f6nes Andenken dienen. Bestelle noch heute eure Dreifachsternenkarte mit dem Titel \u201cUnsere Liebesgeschichte\u201d und \u00fcberrasche deinen Partner_in mit einem wirklich einzigartigen und herzlichen Geschenk.<\/p>","protected":false},"excerpt":{"rendered":"<ul class=\"check-list\">\n<li>Entwerfe eigene Sternenkarte, die den Himmel von 3 verschiedenen Orten und Daten darstellt<\/li>\n<li>F\u00fcge Sternbilder und die Milchstra\u00dfe hinzu<\/li>\n<li>Passe es in 3 einfachen Schritten<\/li>\n<li>F\u00fcge einen aussagekr\u00e4ftigen personalisierten Text hinzu<\/li>\n<li>Sieh das Ergebnis sofort \u2013 die interaktive Vorschau erm\u00f6glicht dir, jedes Detail direkt anzupassen<\/li>\n<\/ul>\n","protected":false},"featured_media":1262198,"template":"","meta":[],"product_brand":[],"product_cat":[8200,9097,105,5287,5266,11349,11352,11346,11328,11370,11355,8005,7686,7750,7798,390,11233,11236],"product_tag":[9736,15517,11737,11708,11733,11714,11749,11743],"class_list":{"0":"post-614058","1":"product","2":"type-product","3":"status-publish","4":"has-post-thumbnail","6":"product_cat-fur-sie-de","7":"product_cat-trio-stars-de","8":"product_cat-alle-produkte","9":"product_cat-verlobungsgeschenke","10":"product_cat-weihnachtsgeschenke","11":"product_cat-weihnachtsgeschenke-fur-frauen","12":"product_cat-weihnachtsgeschenke-fur-manner","13":"product_cat-weihnachtsgeschenke-fur-die-freundin","14":"product_cat-weihnachtsgeschenke-fur-den-freund","15":"product_cat-weihnachtsgeschenke-fur-die-frau","16":"product_cat-weihnachtsgeschenke-fur-den-ehemann","17":"product_cat-geschenke-fur-manner","18":"product_cat-geschenke-fur-wichtige-frauen-in-deinem-leben","19":"product_cat-geschenke-fur-deine-ehefrau","20":"product_cat-geschenke-fur-paare","21":"product_cat-geschenke-zum-valentinstag-geschenkideen-de","22":"product_cat-valentinstagsgeschenke-fur-frauen","23":"product_cat-valentinstagsgeschenke-fur-manner","24":"product_tag-couple-de","25":"product_tag-unsere-liebesgeschichte-de","26":"product_tag-weihnachtsgeschenke-fuer-den-ehemann","27":"product_tag-weihnachtsgeschenke-fuer-den-freund","28":"product_tag-weihnachtsgeschenke-fur-die-frau","29":"product_tag-weihnachtsgeschenke-fur-die-freundin","30":"product_tag-weihnachtsgeschenke-fuer-ihn","31":"product_tag-weihnachtsgeschenke-fuer-sie","33":"first","34":"instock","35":"sale","36":"taxable","37":"shipping-taxable","38":"purchasable","39":"product-type-variable"},"yoast_head":"<!-- This site is optimized with the Yoast SEO Premium plugin v27.2 (Yoast SEO v27.2) - https:\/\/yoast.com\/product\/yoast-seo-premium-wordpress\/ -->\n<title>Unsere Liebesgeschichte Sternenkarte - Positive Prints<\/title>\n<meta name=\"description\" content=\"\u201cUnsere Liebesgeschichte\u201d als eine Dreifachsternenkarte f\u00e4ngt drei besondere Momente eurer Beziehung ein und ist somit das perfekte Geschenk f\u00fcr Jubil\u00e4en, Hochzeiten und den Valentinstag f\u00fcr euch als Paar.\" \/>\n<meta name=\"robots\" content=\"index, follow, max-snippet:-1, max-image-preview:large, max-video-preview:-1\" \/>\n<link rel=\"canonical\" href=\"https:\/\/positiveprints.com\/de\/produkt\/unsere-liebesgeschichte-eure-dreifache-sternenkarte\/\" \/>\n<meta property=\"og:locale\" content=\"de_DE\" \/>\n<meta property=\"og:type\" content=\"article\" \/>\n<meta property=\"og:title\" content=\"Unsere Liebesgeschichte - eure dreifache Sternenkarte\" \/>\n<meta property=\"og:description\" content=\"Entwerfe eigene Sternenkarte, die den Himmel von 3 verschiedenen Orten und Daten darstellt F\u00fcge Sternbilder und die Milchstra\u00dfe hinzu Passe es in 3 einfachen Schritten F\u00fcge einen aussagekr\u00e4ftigen personalisierten Text hinzu Sieh das Ergebnis sofort \u2013 die interaktive Vorschau erm\u00f6glicht dir, jedes Detail direkt anzupassen\" \/>\n<meta property=\"og:url\" content=\"https:\/\/positiveprints.com\/de\/produkt\/unsere-liebesgeschichte-eure-dreifache-sternenkarte\/\" \/>\n<meta property=\"og:site_name\" content=\"Positive Prints\" \/>\n<meta property=\"article:publisher\" content=\"https:\/\/www.facebook.com\/positiveprintscom\" \/>\n<meta property=\"article:modified_time\" content=\"2026-04-03T02:16:57+00:00\" \/>\n<meta property=\"og:image\" content=\"https:\/\/positiveprints.com\/wp-content\/uploads\/2024\/11\/Packshot_DE_Our-Love-Story-Triple-Star-Map-product-image-.webp\" \/>\n\t<meta property=\"og:image:width\" content=\"1450\" \/>\n\t<meta property=\"og:image:height\" content=\"1450\" \/>\n\t<meta property=\"og:image:type\" content=\"image\/webp\" \/>\n<meta name=\"twitter:card\" content=\"summary_large_image\" \/>\n<meta name=\"twitter:label1\" content=\"Gesch\u00e4tzte Lesezeit\" \/>\n\t<meta name=\"twitter:data1\" content=\"1\u00a0Minute\" \/>\n<!-- \/ Yoast SEO Premium plugin. -->","yoast_head_json":{"title":"Unsere Liebesgeschichte Sternenkarte - Positive Prints","description":"\u201cUnsere Liebesgeschichte\u201d als eine Dreifachsternenkarte f\u00e4ngt drei besondere Momente eurer Beziehung ein und ist somit das perfekte Geschenk f\u00fcr Jubil\u00e4en, Hochzeiten und den Valentinstag f\u00fcr euch als Paar.","robots":{"index":"index","follow":"follow","max-snippet":"max-snippet:-1","max-image-preview":"max-image-preview:large","max-video-preview":"max-video-preview:-1"},"canonical":"https:\/\/positiveprints.com\/de\/produkt\/unsere-liebesgeschichte-eure-dreifache-sternenkarte\/","og_locale":"de_DE","og_type":"article","og_title":"Unsere Liebesgeschichte - eure dreifache Sternenkarte","og_description":"Entwerfe eigene Sternenkarte, die den Himmel von 3 verschiedenen Orten und Daten darstellt F\u00fcge Sternbilder und die Milchstra\u00dfe hinzu Passe es in 3 einfachen Schritten F\u00fcge einen aussagekr\u00e4ftigen personalisierten Text hinzu Sieh das Ergebnis sofort \u2013 die interaktive Vorschau erm\u00f6glicht dir, jedes Detail direkt anzupassen","og_url":"https:\/\/positiveprints.com\/de\/produkt\/unsere-liebesgeschichte-eure-dreifache-sternenkarte\/","og_site_name":"Positive Prints","article_publisher":"https:\/\/www.facebook.com\/positiveprintscom","article_modified_time":"2026-04-03T02:16:57+00:00","og_image":[{"width":1450,"height":1450,"url":"https:\/\/positiveprints.com\/wp-content\/uploads\/2024\/11\/Packshot_DE_Our-Love-Story-Triple-Star-Map-product-image-.webp","type":"image\/webp"}],"twitter_card":"summary_large_image","twitter_misc":{"Gesch\u00e4tzte Lesezeit":"1\u00a0Minute"},"schema":{"@context":"https:\/\/schema.org","@graph":[{"@type":["WebPage","ItemPage"],"@id":"https:\/\/positiveprints.com\/de\/produkt\/unsere-liebesgeschichte-eure-dreifache-sternenkarte\/","url":"https:\/\/positiveprints.com\/de\/produkt\/unsere-liebesgeschichte-eure-dreifache-sternenkarte\/","name":"Unsere Liebesgeschichte Sternenkarte - Positive Prints","isPartOf":{"@id":"https:\/\/positiveprints.com\/de\/#website"},"primaryImageOfPage":{"@id":"https:\/\/positiveprints.com\/de\/produkt\/unsere-liebesgeschichte-eure-dreifache-sternenkarte\/#primaryimage"},"image":{"@id":"https:\/\/positiveprints.com\/de\/produkt\/unsere-liebesgeschichte-eure-dreifache-sternenkarte\/#primaryimage"},"thumbnailUrl":"https:\/\/positiveprints.com\/wp-content\/uploads\/2024\/11\/Packshot_DE_Our-Love-Story-Triple-Star-Map-product-image-.webp","datePublished":"2023-04-24T12:44:47+00:00","dateModified":"2026-04-03T02:16:57+00:00","description":"\u201cUnsere Liebesgeschichte\u201d als eine Dreifachsternenkarte f\u00e4ngt drei besondere Momente eurer Beziehung ein und ist somit das perfekte Geschenk f\u00fcr Jubil\u00e4en, Hochzeiten und den Valentinstag f\u00fcr euch als Paar.","breadcrumb":{"@id":"https:\/\/positiveprints.com\/de\/produkt\/unsere-liebesgeschichte-eure-dreifache-sternenkarte\/#breadcrumb"},"inLanguage":"de","potentialAction":[{"@type":"ReadAction","target":["https:\/\/positiveprints.com\/de\/produkt\/unsere-liebesgeschichte-eure-dreifache-sternenkarte\/"]}]},{"@type":"ImageObject","inLanguage":"de","@id":"https:\/\/positiveprints.com\/de\/produkt\/unsere-liebesgeschichte-eure-dreifache-sternenkarte\/#primaryimage","url":"https:\/\/positiveprints.com\/wp-content\/uploads\/2024\/11\/Packshot_DE_Our-Love-Story-Triple-Star-Map-product-image-.webp","contentUrl":"https:\/\/positiveprints.com\/wp-content\/uploads\/2024\/11\/Packshot_DE_Our-Love-Story-Triple-Star-Map-product-image-.webp","width":1450,"height":1450},{"@type":"BreadcrumbList","@id":"https:\/\/positiveprints.com\/de\/produkt\/unsere-liebesgeschichte-eure-dreifache-sternenkarte\/#breadcrumb","itemListElement":[{"@type":"ListItem","position":1,"name":"Startseite","item":"https:\/\/positiveprints.com\/de\/"},{"@type":"ListItem","position":2,"name":"Produkte","item":"https:\/\/positiveprints.com\/de\/shop\/"},{"@type":"ListItem","position":3,"name":"Unsere Liebesgeschichte &#8211; eure dreifache Sternenkarte"}]},{"@type":"WebSite","@id":"https:\/\/positiveprints.com\/de\/#website","url":"https:\/\/positiveprints.com\/de\/","name":"Positive Prints","description":"Amazing Custom Personalized Gifts","publisher":{"@id":"https:\/\/positiveprints.com\/de\/#organization"},"potentialAction":[{"@type":"SearchAction","target":{"@type":"EntryPoint","urlTemplate":"https:\/\/positiveprints.com\/de\/?s={search_term_string}"},"query-input":{"@type":"PropertyValueSpecification","valueRequired":true,"valueName":"search_term_string"}}],"inLanguage":"de"},{"@type":"Organization","@id":"https:\/\/positiveprints.com\/de\/#organization","name":"Positive Prints","alternateName":"Positive Prints","url":"https:\/\/positiveprints.com\/de\/","logo":{"@type":"ImageObject","inLanguage":"de","@id":"https:\/\/positiveprints.com\/de\/#\/schema\/logo\/image\/","url":"https:\/\/positiveprints.com\/wp-content\/uploads\/2026\/03\/245815646_1337939713319158_5671353136411139666_n.png","contentUrl":"https:\/\/positiveprints.com\/wp-content\/uploads\/2026\/03\/245815646_1337939713319158_5671353136411139666_n.png","width":800,"height":800,"caption":"Positive Prints"},"image":{"@id":"https:\/\/positiveprints.com\/de\/#\/schema\/logo\/image\/"},"sameAs":["https:\/\/www.facebook.com\/positiveprintscom","https:\/\/www.instagram.com\/positiveprintscom\/","https:\/\/www.tiktok.com\/@positiveprintscom","https:\/\/www.pinterest.com\/positiveprintscom\/"]}]}},"jetpack_sharing_enabled":true,"_links":{"self":[{"href":"https:\/\/positiveprints.com\/de\/wp-json\/wp\/v2\/product\/614058","targetHints":{"allow":["GET"]}}],"collection":[{"href":"https:\/\/positiveprints.com\/de\/wp-json\/wp\/v2\/product"}],"about":[{"href":"https:\/\/positiveprints.com\/de\/wp-json\/wp\/v2\/types\/product"}],"wp:featuredmedia":[{"embeddable":true,"href":"https:\/\/positiveprints.com\/de\/wp-json\/wp\/v2\/media\/1262198"}],"wp:attachment":[{"href":"https:\/\/positiveprints.com\/de\/wp-json\/wp\/v2\/media?parent=614058"}],"wp:term":[{"taxonomy":"product_brand","embeddable":true,"href":"https:\/\/positiveprints.com\/de\/wp-json\/wp\/v2\/product_brand?post=614058"},{"taxonomy":"product_cat","embeddable":true,"href":"https:\/\/positiveprints.com\/de\/wp-json\/wp\/v2\/product_cat?post=614058"},{"taxonomy":"product_tag","embeddable":true,"href":"https:\/\/positiveprints.com\/de\/wp-json\/wp\/v2\/product_tag?post=614058"}],"curies":[{"name":"wp","href":"https:\/\/api.w.org\/{rel}","templated":true}]}}