{"id":614030,"date":"2023-04-21T11:01:25","date_gmt":"2023-04-21T10:01:25","guid":{"rendered":"https:\/\/positiveprints.com\/?post_type=product&#038;p=614030"},"modified":"2026-04-28T14:21:27","modified_gmt":"2026-04-28T13:21:27","slug":"familienkarte-mit-drei-sternen","status":"publish","type":"product","link":"https:\/\/positiveprints.com\/de\/produkt\/familienkarte-mit-drei-sternen\/","title":{"rendered":"Familienkarte mit drei Sternen"},"content":{"rendered":"<p style=\"margin-top: 1rem\">Suchst du nach einem einzigartigen, bedeutungsvollen und personalisierten Familiengeschenk? Suche nicht weiter als bis zu unseren Familienkarte mit drei Sternen. Ob f\u00fcr einen besonderen Anlass oder einfach so, dieser personalisierte Druck f\u00e4ngt die Sterne dreimal in der Geschichte deiner Familie ein.<\/p>\r\n\r\n\r\n<p style=\"margin-top: 1rem\">Stelle dir die Emotionen vor, die du empfinden wirst, wenn du sehen wirst, wie die Sterne am Tag der Geburt deiner Kinder oder an eurem Hochzeitstag aussahen. Es ist nicht irgendein Geschenk, es ist ein gesch\u00e4tztes Andenken, das ein Leben lang h\u00e4lt. Und das Beste daran? Die M\u00f6glichkeiten sind endlos! Egal, ob du ein neues Familienmitglied feierst oder einfach nur wertvolle Erinnerungen bewahren m\u00f6chten, dies ist das perfekte Geschenk f\u00fcr euch.<\/p>\r\n\r\n\r\n<p style=\"margin-top: 1rem\">Das Erstellen eurer Familiensternkarte ist ganz einfach! W\u00e4hle mit unserem Online-Editor einfach dein bevorzugtes Design und die bevorzugten Farben aus. Gebe dann die Daten und Orte ein, f\u00fcr die du die Sternenkarten sehen m\u00f6chtest. Bei jedem Schritt kannst du eine Vorschau deines individuellen Kunstwerks anzeigen lassen. W\u00e4hle aus einer Vielzahl von Formaten und Gr\u00f6\u00dfen, um sicherzustellen, dass du genau das bekommst, was du m\u00f6chtest.<\/p>\r\n\r\n\r\n<p style=\"margin-top: 1rem\">Warte nicht l\u00e4nger, um diese besonderen Momente festzuhalten! Bestelle noch heute deine Familienkarte mit drei Sternen und gestalte ein Geschenk, das deine Familie nie vergessen wird.<\/p>","protected":false},"excerpt":{"rendered":"<ul class=\"check-list\">\n<li>Entwerfe eigene Sternenkarte, die den Himmel von 3 verschiedenen Orten und Daten darstellt<\/li>\n<li>F\u00fcge Sternbilder und die Milchstra\u00dfe hinzu<\/li>\n<li>Passe es in 3 einfachen Schritten<\/li>\n<li>F\u00fcge einen aussagekr\u00e4ftigen personalisierten Text hinzu<\/li>\n<li>Sieh das Ergebnis sofort \u2013 die interaktive Vorschau erm\u00f6glicht dir, jedes Detail direkt anzupassen<\/li>\n<\/ul>\n","protected":false},"featured_media":1256399,"template":"","meta":[],"product_brand":[],"product_cat":[8209,9761,9097,105,5252,389,11203,11206,5266,15056,11367,11331,11364,8005,7622,7654,7686,7766,7735,7846,7814],"product_tag":[12526,16919,8534,17184,17274,12576,12527,12575,15102,13422,13451,13461],"class_list":{"0":"post-614030","1":"product","2":"type-product","3":"status-publish","4":"has-post-thumbnail","6":"product_cat-fur-ihn-de","7":"product_cat-trending-label-de","8":"product_cat-trio-stars-de","9":"product_cat-alle-produkte","10":"product_cat-babygeburtsgeschenke","11":"product_cat-geburtstagsgeschenke","12":"product_cat-geburtstagsgeschenk-fuer-frauen","13":"product_cat-geburtstagsgeschenk-fur-manner","14":"product_cat-weihnachtsgeschenke","15":"product_cat-weihnachtsgeschenke-fuer-familie","16":"product_cat-weihnachtsgeschenke-fur-die-schwester","17":"product_cat-weihnachtsgeschenke-fur-den-bruder","18":"product_cat-weihnachtsgeschenke-fur-die-eltern","19":"product_cat-geschenke-fur-manner","20":"product_cat-geschenke-fur-bruder","21":"product_cat-geschenke-fur-deinen-sohn","22":"product_cat-geschenke-fur-wichtige-frauen-in-deinem-leben","23":"product_cat-geschenke-fur-deine-tochter","24":"product_cat-geschenke-fur-schwester","25":"product_cat-geschenke-fur-deine-familie","26":"product_cat-geschenke-fur-frisch-gewordene-eltern","27":"product_tag-bruder","28":"product_tag-christmas-gifts-for-family-de","29":"product_tag-family-de","30":"product_tag-geschenk-fur-bruder","31":"product_tag-geschenk-fur-schwester-de","32":"product_tag-geschenk-fur-schwester","33":"product_tag-geschenke-fur-den-bruder","34":"product_tag-schwester-de","35":"product_tag-sorella-de","36":"product_tag-weihnachtsgeschenk-fur-die-schwester","37":"product_tag-weihnachtsgeschenke-fur-den-bruder","38":"product_tag-weihnachtsgeschenke-fur-die-familie","40":"first","41":"instock","42":"sale","43":"taxable","44":"shipping-taxable","45":"purchasable","46":"product-type-variable"},"yoast_head":"<!-- This site is optimized with the Yoast SEO Premium plugin v27.2 (Yoast SEO v27.2) - https:\/\/yoast.com\/product\/yoast-seo-premium-wordpress\/ -->\n<title>Familienkarte mit drei Sternen - Positive Prints<\/title>\n<meta name=\"description\" content=\"Warte nicht l\u00e4nger. Bestelle noch heute deine Familienkarte mit drei Sternen und gestalte dein Geschenk, das deine Familie nie vergessen wird.\" \/>\n<meta name=\"robots\" content=\"index, follow, max-snippet:-1, max-image-preview:large, max-video-preview:-1\" \/>\n<link rel=\"canonical\" href=\"https:\/\/positiveprints.com\/de\/produkt\/familienkarte-mit-drei-sternen\/\" \/>\n<meta property=\"og:locale\" content=\"de_DE\" \/>\n<meta property=\"og:type\" content=\"article\" \/>\n<meta property=\"og:title\" content=\"Familienkarte mit drei Sternen\" \/>\n<meta property=\"og:description\" content=\"Entwerfe eigene Sternenkarte, die den Himmel von 3 verschiedenen Orten und Daten darstellt F\u00fcge Sternbilder und die Milchstra\u00dfe hinzu Passe es in 3 einfachen Schritten F\u00fcge einen aussagekr\u00e4ftigen personalisierten Text hinzu Sieh das Ergebnis sofort \u2013 die interaktive Vorschau erm\u00f6glicht dir, jedes Detail direkt anzupassen\" \/>\n<meta property=\"og:url\" content=\"https:\/\/positiveprints.com\/de\/produkt\/familienkarte-mit-drei-sternen\/\" \/>\n<meta property=\"og:site_name\" content=\"Positive Prints\" \/>\n<meta property=\"article:publisher\" content=\"https:\/\/www.facebook.com\/positiveprintscom\" \/>\n<meta property=\"article:modified_time\" content=\"2026-04-28T13:21:27+00:00\" \/>\n<meta property=\"og:image\" content=\"https:\/\/positiveprints.com\/wp-content\/uploads\/2024\/11\/Packshot_DE_Family-Triple-Star-Map-product-image-.webp\" \/>\n\t<meta property=\"og:image:width\" content=\"1450\" \/>\n\t<meta property=\"og:image:height\" content=\"1450\" \/>\n\t<meta property=\"og:image:type\" content=\"image\/webp\" \/>\n<meta name=\"twitter:card\" content=\"summary_large_image\" \/>\n<!-- \/ Yoast SEO Premium plugin. -->","yoast_head_json":{"title":"Familienkarte mit drei Sternen - Positive Prints","description":"Warte nicht l\u00e4nger. Bestelle noch heute deine Familienkarte mit drei Sternen und gestalte dein Geschenk, das deine Familie nie vergessen wird.","robots":{"index":"index","follow":"follow","max-snippet":"max-snippet:-1","max-image-preview":"max-image-preview:large","max-video-preview":"max-video-preview:-1"},"canonical":"https:\/\/positiveprints.com\/de\/produkt\/familienkarte-mit-drei-sternen\/","og_locale":"de_DE","og_type":"article","og_title":"Familienkarte mit drei Sternen","og_description":"Entwerfe eigene Sternenkarte, die den Himmel von 3 verschiedenen Orten und Daten darstellt F\u00fcge Sternbilder und die Milchstra\u00dfe hinzu Passe es in 3 einfachen Schritten F\u00fcge einen aussagekr\u00e4ftigen personalisierten Text hinzu Sieh das Ergebnis sofort \u2013 die interaktive Vorschau erm\u00f6glicht dir, jedes Detail direkt anzupassen","og_url":"https:\/\/positiveprints.com\/de\/produkt\/familienkarte-mit-drei-sternen\/","og_site_name":"Positive Prints","article_publisher":"https:\/\/www.facebook.com\/positiveprintscom","article_modified_time":"2026-04-28T13:21:27+00:00","og_image":[{"width":1450,"height":1450,"url":"https:\/\/positiveprints.com\/wp-content\/uploads\/2024\/11\/Packshot_DE_Family-Triple-Star-Map-product-image-.webp","type":"image\/webp"}],"twitter_card":"summary_large_image","schema":{"@context":"https:\/\/schema.org","@graph":[{"@type":["WebPage","ItemPage"],"@id":"https:\/\/positiveprints.com\/de\/produkt\/familienkarte-mit-drei-sternen\/","url":"https:\/\/positiveprints.com\/de\/produkt\/familienkarte-mit-drei-sternen\/","name":"Familienkarte mit drei Sternen - Positive Prints","isPartOf":{"@id":"https:\/\/positiveprints.com\/de\/#website"},"primaryImageOfPage":{"@id":"https:\/\/positiveprints.com\/de\/produkt\/familienkarte-mit-drei-sternen\/#primaryimage"},"image":{"@id":"https:\/\/positiveprints.com\/de\/produkt\/familienkarte-mit-drei-sternen\/#primaryimage"},"thumbnailUrl":"https:\/\/positiveprints.com\/wp-content\/uploads\/2024\/11\/Packshot_DE_Family-Triple-Star-Map-product-image-.webp","datePublished":"2023-04-21T10:01:25+00:00","dateModified":"2026-04-28T13:21:27+00:00","description":"Warte nicht l\u00e4nger. Bestelle noch heute deine Familienkarte mit drei Sternen und gestalte dein Geschenk, das deine Familie nie vergessen wird.","breadcrumb":{"@id":"https:\/\/positiveprints.com\/de\/produkt\/familienkarte-mit-drei-sternen\/#breadcrumb"},"inLanguage":"de","potentialAction":[{"@type":"ReadAction","target":["https:\/\/positiveprints.com\/de\/produkt\/familienkarte-mit-drei-sternen\/"]}]},{"@type":"ImageObject","inLanguage":"de","@id":"https:\/\/positiveprints.com\/de\/produkt\/familienkarte-mit-drei-sternen\/#primaryimage","url":"https:\/\/positiveprints.com\/wp-content\/uploads\/2024\/11\/Packshot_DE_Family-Triple-Star-Map-product-image-.webp","contentUrl":"https:\/\/positiveprints.com\/wp-content\/uploads\/2024\/11\/Packshot_DE_Family-Triple-Star-Map-product-image-.webp","width":1450,"height":1450},{"@type":"BreadcrumbList","@id":"https:\/\/positiveprints.com\/de\/produkt\/familienkarte-mit-drei-sternen\/#breadcrumb","itemListElement":[{"@type":"ListItem","position":1,"name":"Startseite","item":"https:\/\/positiveprints.com\/de\/"},{"@type":"ListItem","position":2,"name":"Produkte","item":"https:\/\/positiveprints.com\/de\/shop\/"},{"@type":"ListItem","position":3,"name":"Familienkarte mit drei Sternen"}]},{"@type":"WebSite","@id":"https:\/\/positiveprints.com\/de\/#website","url":"https:\/\/positiveprints.com\/de\/","name":"Positive Prints","description":"Amazing Custom Personalized Gifts","publisher":{"@id":"https:\/\/positiveprints.com\/de\/#organization"},"potentialAction":[{"@type":"SearchAction","target":{"@type":"EntryPoint","urlTemplate":"https:\/\/positiveprints.com\/de\/?s={search_term_string}"},"query-input":{"@type":"PropertyValueSpecification","valueRequired":true,"valueName":"search_term_string"}}],"inLanguage":"de"},{"@type":"Organization","@id":"https:\/\/positiveprints.com\/de\/#organization","name":"Positive Prints","alternateName":"Positive Prints","url":"https:\/\/positiveprints.com\/de\/","logo":{"@type":"ImageObject","inLanguage":"de","@id":"https:\/\/positiveprints.com\/de\/#\/schema\/logo\/image\/","url":"https:\/\/positiveprints.com\/wp-content\/uploads\/2026\/03\/245815646_1337939713319158_5671353136411139666_n.png","contentUrl":"https:\/\/positiveprints.com\/wp-content\/uploads\/2026\/03\/245815646_1337939713319158_5671353136411139666_n.png","width":800,"height":800,"caption":"Positive Prints"},"image":{"@id":"https:\/\/positiveprints.com\/de\/#\/schema\/logo\/image\/"},"sameAs":["https:\/\/www.facebook.com\/positiveprintscom","https:\/\/www.instagram.com\/positiveprintscom\/","https:\/\/www.tiktok.com\/@positiveprintscom","https:\/\/www.pinterest.com\/positiveprintscom\/"]}]}},"jetpack_sharing_enabled":true,"_links":{"self":[{"href":"https:\/\/positiveprints.com\/de\/wp-json\/wp\/v2\/product\/614030","targetHints":{"allow":["GET"]}}],"collection":[{"href":"https:\/\/positiveprints.com\/de\/wp-json\/wp\/v2\/product"}],"about":[{"href":"https:\/\/positiveprints.com\/de\/wp-json\/wp\/v2\/types\/product"}],"wp:featuredmedia":[{"embeddable":true,"href":"https:\/\/positiveprints.com\/de\/wp-json\/wp\/v2\/media\/1256399"}],"wp:attachment":[{"href":"https:\/\/positiveprints.com\/de\/wp-json\/wp\/v2\/media?parent=614030"}],"wp:term":[{"taxonomy":"product_brand","embeddable":true,"href":"https:\/\/positiveprints.com\/de\/wp-json\/wp\/v2\/product_brand?post=614030"},{"taxonomy":"product_cat","embeddable":true,"href":"https:\/\/positiveprints.com\/de\/wp-json\/wp\/v2\/product_cat?post=614030"},{"taxonomy":"product_tag","embeddable":true,"href":"https:\/\/positiveprints.com\/de\/wp-json\/wp\/v2\/product_tag?post=614030"}],"curies":[{"name":"wp","href":"https:\/\/api.w.org\/{rel}","templated":true}]}}