{"id":613939,"date":"2023-04-20T08:08:49","date_gmt":"2023-04-20T07:08:49","guid":{"rendered":"https:\/\/positiveprints.com\/?post_type=product&#038;p=613939"},"modified":"2026-04-12T22:27:10","modified_gmt":"2026-04-12T21:27:10","slug":"doppelsternkarte-fuer-grosseltern","status":"publish","type":"product","link":"https:\/\/positiveprints.com\/de\/produkt\/doppelsternkarte-fuer-grosseltern\/","title":{"rendered":"Doppelsternkarte f\u00fcr Gro\u00dfeltern"},"content":{"rendered":"<p style=\"margin-top: 1rem\">Die Doppelsternkarte f\u00fcr Gro\u00dfeltern ist ein wundersch\u00f6nes und personalisiertes Geschenk, das die Herzen deiner Gro\u00dfeltern sicher zum Schmelzen bringen wird. Dieser exquisite Druck zeigt zwei Sternenkarten nebeneinander, die zwei besondere Momente in ihrem Leben darstellen \u2013 den Tag, an dem sie Gro\u00dfeltern wurden, als ihre Enkelkinder geboren wurden. Es ist eine perfekte M\u00f6glichkeit, einen besonderen Anlass zu feiern und die Familie zu feiern.<\/p>\r\n\r\n\r\n<p style=\"margin-top: 1rem\">Dank unseres Online-Editors ist es ganz einfach, deine eigene Doppelsternkarte f\u00fcr Gro\u00dfeltern zu erstellen. W\u00e4hle zun\u00e4chst den Stil, das Design und die Farben aus, die den Geschmack und die Pers\u00f6nlichkeit deiner Gro\u00dfeltern am besten widerspiegeln. Du kannst dein Kunstwerk mit den Lieblingsfarben deiner Gro\u00dfeltern weiter personalisieren. Gebe die beiden wichtigen Daten und Orte im Leben deiner Gro\u00dfeltern ein, das Geburtsdatum und den Geburtsort der Enkelkinder, um genau zu sehen, wie die Sternenkarten den Nachthimmel bei diesen Gelegenheiten darstellen. Alle von dir vorgenommenen \u00c4nderungen werden in der Online-Vorschau in unserem Editor angezeigt. W\u00e4hle abschlie\u00dfend das Format und die Gr\u00f6\u00dfe, die am besten zum Stil deiner Gro\u00dfeltern passen, egal ob du ein gedrucktes oder gerahmtes Poster, eine Leinwand oder einen sofortigen digitalen Download w\u00e4hlst.<\/p>\r\n\r\n\r\n<p style=\"margin-top: 1rem\">Die Doppelsternkarte f\u00fcr Gro\u00dfeltern ist perfekt f\u00fcr jeden Anlass, egal ob der Geburtstag deiner Gro\u00dfeltern, Weihnachten, der Gro\u00dfelterntag oder einfach so. Es ist ein Geschenk f\u00fcr Gro\u00dfeltern, das wirklich einzigartig und pers\u00f6nlich ist und bei deinen Gro\u00dfeltern Gef\u00fchle der Liebe und W\u00e4rme hervorrufen wird. Die Sch\u00f6nheit der Doppelsternkarte liegt nicht nur in der visuellen Darstellung, sondern auch in den Emotionen und Erinnerungen, die sie weckt. Erstelle also noch heute deine eigene Doppelsternkarte f\u00fcr deine Gro\u00dfeltern und mache ihnen ein Geschenk, das ihnen noch viele Jahre lang Freude und Liebe bereiten wird.<\/p>","protected":false},"excerpt":{"rendered":"<ul class=\"check-list\">\n<li>Entwerfe deine eigene Sternkarte, die den Himmel von zwei verschiedenen Orten und Daten darstellt<\/li>\n<li>F\u00fcge Sternbilder und die Milchstra\u00dfe hinzu<\/li>\n<li>Passe es in 3 einfachen Schritten<\/li>\n<li>F\u00fcge einen aussagekr\u00e4ftigen personalisierten Text hinzu<\/li>\n<li>Sieh das Ergebnis sofort \u2013 die interaktive Vorschau erm\u00f6glicht dir, jedes Detail direkt anzupassen<\/li>\n<\/ul>\n","protected":false},"featured_media":1328068,"template":"","meta":[],"product_brand":[],"product_cat":[105,9099,11340,11343,7719,7606,8994,9761,5266],"product_tag":[15472,8660,8670,8582,13320,13317],"class_list":{"0":"post-613939","1":"product","2":"type-product","3":"status-publish","4":"has-post-thumbnail","6":"product_cat-alle-produkte","7":"product_cat-duo-stars-de","8":"product_cat-weihnachtsgeschenke-fur-den-opa","9":"product_cat-weihnachtsgeschenke-fur-die-oma","10":"product_cat-geschenke-fur-deine-oma","11":"product_cat-geschenke-fur-opa","12":"product_cat-grosselterntag","13":"product_cat-trending-label-de","14":"product_cat-weihnachtsgeschenke","15":"product_tag-enkelkinder-de","16":"product_tag-grandpa-de","17":"product_tag-grandparents-de","18":"product_tag-oma","19":"product_tag-weihnachtsgeschenk-fuer-den-opa","20":"product_tag-weihnachtsgeschenk-fur-die-oma","22":"first","23":"instock","24":"sale","25":"taxable","26":"shipping-taxable","27":"purchasable","28":"product-type-variable"},"yoast_head":"<!-- This site is optimized with the Yoast SEO Premium plugin v27.2 (Yoast SEO v27.2) - https:\/\/yoast.com\/product\/yoast-seo-premium-wordpress\/ -->\n<title>Doppelsternkarte f\u00fcr Gro\u00dfeltern - Positive Prints<\/title>\n<meta name=\"description\" content=\"Die Doppelsternkarte f\u00fcr Gro\u00dfeltern ist ein wundersch\u00f6nes und personalisiertes Geschenk, das die Herzen deiner Gro\u00dfeltern sicher zum Schmelzen bringen wird.\" \/>\n<meta name=\"robots\" content=\"index, follow, max-snippet:-1, max-image-preview:large, max-video-preview:-1\" \/>\n<link rel=\"canonical\" href=\"https:\/\/positiveprints.com\/de\/produkt\/doppelsternkarte-fuer-grosseltern\/\" \/>\n<meta property=\"og:locale\" content=\"de_DE\" \/>\n<meta property=\"og:type\" content=\"article\" \/>\n<meta property=\"og:title\" content=\"Doppelsternkarte f\u00fcr Gro\u00dfeltern\" \/>\n<meta property=\"og:description\" content=\"Entwerfe deine eigene Sternkarte, die den Himmel von zwei verschiedenen Orten und Daten darstellt F\u00fcge Sternbilder und die Milchstra\u00dfe hinzu Passe es in 3 einfachen Schritten F\u00fcge einen aussagekr\u00e4ftigen personalisierten Text hinzu Sieh das Ergebnis sofort \u2013 die interaktive Vorschau erm\u00f6glicht dir, jedes Detail direkt anzupassen\" \/>\n<meta property=\"og:url\" content=\"https:\/\/positiveprints.com\/de\/produkt\/doppelsternkarte-fuer-grosseltern\/\" \/>\n<meta property=\"og:site_name\" content=\"Positive Prints\" \/>\n<meta property=\"article:publisher\" content=\"https:\/\/www.facebook.com\/positiveprintscom\" \/>\n<meta property=\"article:modified_time\" content=\"2026-04-12T21:27:10+00:00\" \/>\n<meta property=\"og:image\" content=\"https:\/\/positiveprints.com\/wp-content\/uploads\/2025\/01\/Doppelsternkarte-fu\u0308r-Groseltern-1.webp\" \/>\n\t<meta property=\"og:image:width\" content=\"1450\" \/>\n\t<meta property=\"og:image:height\" content=\"1450\" \/>\n\t<meta property=\"og:image:type\" content=\"image\/webp\" \/>\n<meta name=\"twitter:card\" content=\"summary_large_image\" \/>\n<!-- \/ Yoast SEO Premium plugin. -->","yoast_head_json":{"title":"Doppelsternkarte f\u00fcr Gro\u00dfeltern - Positive Prints","description":"Die Doppelsternkarte f\u00fcr Gro\u00dfeltern ist ein wundersch\u00f6nes und personalisiertes Geschenk, das die Herzen deiner Gro\u00dfeltern sicher zum Schmelzen bringen wird.","robots":{"index":"index","follow":"follow","max-snippet":"max-snippet:-1","max-image-preview":"max-image-preview:large","max-video-preview":"max-video-preview:-1"},"canonical":"https:\/\/positiveprints.com\/de\/produkt\/doppelsternkarte-fuer-grosseltern\/","og_locale":"de_DE","og_type":"article","og_title":"Doppelsternkarte f\u00fcr Gro\u00dfeltern","og_description":"Entwerfe deine eigene Sternkarte, die den Himmel von zwei verschiedenen Orten und Daten darstellt F\u00fcge Sternbilder und die Milchstra\u00dfe hinzu Passe es in 3 einfachen Schritten F\u00fcge einen aussagekr\u00e4ftigen personalisierten Text hinzu Sieh das Ergebnis sofort \u2013 die interaktive Vorschau erm\u00f6glicht dir, jedes Detail direkt anzupassen","og_url":"https:\/\/positiveprints.com\/de\/produkt\/doppelsternkarte-fuer-grosseltern\/","og_site_name":"Positive Prints","article_publisher":"https:\/\/www.facebook.com\/positiveprintscom","article_modified_time":"2026-04-12T21:27:10+00:00","og_image":[{"width":1450,"height":1450,"url":"https:\/\/positiveprints.com\/wp-content\/uploads\/2025\/01\/Doppelsternkarte-fu\u0308r-Groseltern-1.webp","type":"image\/webp"}],"twitter_card":"summary_large_image","schema":{"@context":"https:\/\/schema.org","@graph":[{"@type":["WebPage","ItemPage"],"@id":"https:\/\/positiveprints.com\/de\/produkt\/doppelsternkarte-fuer-grosseltern\/","url":"https:\/\/positiveprints.com\/de\/produkt\/doppelsternkarte-fuer-grosseltern\/","name":"Doppelsternkarte f\u00fcr Gro\u00dfeltern - Positive Prints","isPartOf":{"@id":"https:\/\/positiveprints.com\/de\/#website"},"primaryImageOfPage":{"@id":"https:\/\/positiveprints.com\/de\/produkt\/doppelsternkarte-fuer-grosseltern\/#primaryimage"},"image":{"@id":"https:\/\/positiveprints.com\/de\/produkt\/doppelsternkarte-fuer-grosseltern\/#primaryimage"},"thumbnailUrl":"https:\/\/positiveprints.com\/wp-content\/uploads\/2025\/01\/Doppelsternkarte-fu\u0308r-Groseltern-1.webp","datePublished":"2023-04-20T07:08:49+00:00","dateModified":"2026-04-12T21:27:10+00:00","description":"Die Doppelsternkarte f\u00fcr Gro\u00dfeltern ist ein wundersch\u00f6nes und personalisiertes Geschenk, das die Herzen deiner Gro\u00dfeltern sicher zum Schmelzen bringen wird.","breadcrumb":{"@id":"https:\/\/positiveprints.com\/de\/produkt\/doppelsternkarte-fuer-grosseltern\/#breadcrumb"},"inLanguage":"de","potentialAction":[{"@type":"ReadAction","target":["https:\/\/positiveprints.com\/de\/produkt\/doppelsternkarte-fuer-grosseltern\/"]}]},{"@type":"ImageObject","inLanguage":"de","@id":"https:\/\/positiveprints.com\/de\/produkt\/doppelsternkarte-fuer-grosseltern\/#primaryimage","url":"https:\/\/positiveprints.com\/wp-content\/uploads\/2025\/01\/Doppelsternkarte-fu\u0308r-Groseltern-1.webp","contentUrl":"https:\/\/positiveprints.com\/wp-content\/uploads\/2025\/01\/Doppelsternkarte-fu\u0308r-Groseltern-1.webp","width":1450,"height":1450},{"@type":"BreadcrumbList","@id":"https:\/\/positiveprints.com\/de\/produkt\/doppelsternkarte-fuer-grosseltern\/#breadcrumb","itemListElement":[{"@type":"ListItem","position":1,"name":"Startseite","item":"https:\/\/positiveprints.com\/de\/"},{"@type":"ListItem","position":2,"name":"Produkte","item":"https:\/\/positiveprints.com\/de\/shop\/"},{"@type":"ListItem","position":3,"name":"Doppelsternkarte f\u00fcr Gro\u00dfeltern"}]},{"@type":"WebSite","@id":"https:\/\/positiveprints.com\/de\/#website","url":"https:\/\/positiveprints.com\/de\/","name":"Positive Prints","description":"Amazing Custom Personalized Gifts","publisher":{"@id":"https:\/\/positiveprints.com\/de\/#organization"},"potentialAction":[{"@type":"SearchAction","target":{"@type":"EntryPoint","urlTemplate":"https:\/\/positiveprints.com\/de\/?s={search_term_string}"},"query-input":{"@type":"PropertyValueSpecification","valueRequired":true,"valueName":"search_term_string"}}],"inLanguage":"de"},{"@type":"Organization","@id":"https:\/\/positiveprints.com\/de\/#organization","name":"Positive Prints","alternateName":"Positive Prints","url":"https:\/\/positiveprints.com\/de\/","logo":{"@type":"ImageObject","inLanguage":"de","@id":"https:\/\/positiveprints.com\/de\/#\/schema\/logo\/image\/","url":"https:\/\/positiveprints.com\/wp-content\/uploads\/2026\/03\/245815646_1337939713319158_5671353136411139666_n.png","contentUrl":"https:\/\/positiveprints.com\/wp-content\/uploads\/2026\/03\/245815646_1337939713319158_5671353136411139666_n.png","width":800,"height":800,"caption":"Positive Prints"},"image":{"@id":"https:\/\/positiveprints.com\/de\/#\/schema\/logo\/image\/"},"sameAs":["https:\/\/www.facebook.com\/positiveprintscom","https:\/\/www.instagram.com\/positiveprintscom\/","https:\/\/www.tiktok.com\/@positiveprintscom","https:\/\/www.pinterest.com\/positiveprintscom\/"]}]}},"jetpack_sharing_enabled":true,"_links":{"self":[{"href":"https:\/\/positiveprints.com\/de\/wp-json\/wp\/v2\/product\/613939","targetHints":{"allow":["GET"]}}],"collection":[{"href":"https:\/\/positiveprints.com\/de\/wp-json\/wp\/v2\/product"}],"about":[{"href":"https:\/\/positiveprints.com\/de\/wp-json\/wp\/v2\/types\/product"}],"wp:featuredmedia":[{"embeddable":true,"href":"https:\/\/positiveprints.com\/de\/wp-json\/wp\/v2\/media\/1328068"}],"wp:attachment":[{"href":"https:\/\/positiveprints.com\/de\/wp-json\/wp\/v2\/media?parent=613939"}],"wp:term":[{"taxonomy":"product_brand","embeddable":true,"href":"https:\/\/positiveprints.com\/de\/wp-json\/wp\/v2\/product_brand?post=613939"},{"taxonomy":"product_cat","embeddable":true,"href":"https:\/\/positiveprints.com\/de\/wp-json\/wp\/v2\/product_cat?post=613939"},{"taxonomy":"product_tag","embeddable":true,"href":"https:\/\/positiveprints.com\/de\/wp-json\/wp\/v2\/product_tag?post=613939"}],"curies":[{"name":"wp","href":"https:\/\/api.w.org\/{rel}","templated":true}]}}