{"id":613915,"date":"2023-04-20T08:16:14","date_gmt":"2023-04-20T07:16:14","guid":{"rendered":"https:\/\/positiveprints.com\/?post_type=product&#038;p=613915"},"modified":"2026-04-18T05:54:49","modified_gmt":"2026-04-18T04:54:49","slug":"bester-freund-doppelsternkarte","status":"publish","type":"product","link":"https:\/\/positiveprints.com\/de\/produkt\/bester-freund-doppelsternkarte\/","title":{"rendered":"Bester Freund(in)-Doppelsternkarte"},"content":{"rendered":"<p style=\"margin-top: 1rem\">Die \u201cBester Freund\u201d Doppelsternkarte ist das perfekte personalisierte Geschenk f\u00fcr deinen besten Freund. Dieser sch\u00f6ne und durchdachte Druck zeigt zwei Sternenkarten nebeneinander, von denen jede einen Sternenhimmel aus einem besonderen Moment eurer Freundschaft zeigt. Vielleicht stammt einer von deinem Geburtstag und der andere vom Geburtstag deines besten Freundes. Oder vielleicht entscheidest du dich daf\u00fcr, eines von dem Tag zu haben, an dem ihr euch kennengelernt habt und das andere von dem Tag, an dem ihr beste Freunde geworden seid. Die M\u00f6glichkeiten sind endlos und das Ergebnis ist ein einzigartiges Geschenk, das die besondere Bindung symbolisiert, die ihr teilt.<\/p>\r\n\r\n\r\n<p style=\"margin-top: 1rem\">Dank unseres Online-Kreators ist es ganz einfach, deine ganz eigene \u201eBester Freund\u201c-Doppelsternkarte zu erstellen. W\u00e4hle den Stil, das Design und die Farben, die den Geschmack und die Pers\u00f6nlichkeit deines Freundes am besten widerspiegeln. Du kannst das Kunstwerk sogar mit den Lieblingsfarben deines Freundes personalisieren. Gebe die Daten und Orte ein, die f\u00fcr dich und deinen Freund von Bedeutung sind und sehe, wie die Sternenkarten den Nachthimmel zu diesen beiden besonderen Anl\u00e4ssen darstellen. Jede von dir vorgenommene \u00c4nderung wird sofort in der Online-Vorschau sichtbar, sodass du sicherstellen kannst, dass alles genau so ist, wie du es m\u00f6chtest. W\u00e4hle abschlie\u00dfend das Format und die Gr\u00f6\u00dfe, die am besten zum Stil deines Freundes passen, egal ob du ein gedrucktes oder gerahmtes Poster, eine Leinwand oder einen sofortigen digitalen Download w\u00e4hlst.<\/p>\r\n\r\n\r\n<p style=\"margin-top: 1rem\">Die \u201eBester Freund\u201c-Doppelsternkarte ist das perfekte Geschenk f\u00fcr jeden Anlass, sei es der Geburtstag deines Freundes, Weihnachten, Galentinstag oder einfach so. Es ist eine herzliche und bedeutungsvolle Art, eure Freundschaft zu feiern und deinem besten Freund zu zeigen, wie viel er Ihnen bedeutet. Erstelle noch heute deine eigene Doppelsternkarte f\u00fcr deinen besten Freund und mache ihm ein Geschenk, das ihn wirklich den Tag versch\u00f6nern wird.<\/p>","protected":false},"excerpt":{"rendered":"<ul class=\"check-list\">\n<li>Entwerfe deine eigene Sternkarte, die den Himmel von zwei verschiedenen Orten und Daten darstellt<\/li>\n<li>F\u00fcge Sternbilder und die Milchstra\u00dfe hinzu<\/li>\n<li>Passe es in 3 einfachen Schritten<\/li>\n<li>F\u00fcge einen aussagekr\u00e4ftigen personalisierten Text hinzu<\/li>\n<li>Sieh das Ergebnis sofort \u2013 die interaktive Vorschau erm\u00f6glicht dir, jedes Detail direkt anzupassen<\/li>\n<\/ul>\n","protected":false},"featured_media":1251232,"template":"","meta":[],"product_brand":[],"product_cat":[9275,9099,105,5266,15038,7830],"product_tag":[15180,15198,15181,9369,9384,15182,15205,8627,11861,15183,15199,15200,15201,13486,13471],"class_list":{"0":"post-613915","1":"product","2":"type-product","3":"status-publish","4":"has-post-thumbnail","6":"product_cat-bestsellers-label-de","7":"product_cat-duo-stars-de","8":"product_cat-alle-produkte","9":"product_cat-weihnachtsgeschenke","10":"product_cat-weihnachtsgeschenke-fur-freunde","11":"product_cat-geschenke-fur-freunde","12":"product_tag-best-friend-de","13":"product_tag-best-friends-de","14":"product_tag-best-friends-forever-de","15":"product_tag-besten-freunde","16":"product_tag-besties-de","17":"product_tag-bff-de","18":"product_tag-christmas-gifts-for-friends-de","19":"product_tag-freunde","20":"product_tag-freundschaft","21":"product_tag-friend-de","22":"product_tag-friends-de","23":"product_tag-friendship-de","24":"product_tag-galentines-day-de-2","25":"product_tag-galentines-day-de","26":"product_tag-weihnachtsgeschenke-fur-freunde","28":"first","29":"instock","30":"sale","31":"taxable","32":"shipping-taxable","33":"purchasable","34":"product-type-variable"},"yoast_head":"<!-- This site is optimized with the Yoast SEO Premium plugin v27.2 (Yoast SEO v27.2) - https:\/\/yoast.com\/product\/yoast-seo-premium-wordpress\/ -->\n<title>Bester Freund(in)-Doppelsternkarte - Positive Prints<\/title>\n<meta name=\"description\" content=\"Die \u201eBester Freund\u201c-Doppelsternkarte ist das perfekte Geschenk f\u00fcr jeden Anlass, sei es der Geburtstag deines Freundes, Weihnachten, Galentinstag oder einfach so.\" \/>\n<meta name=\"robots\" content=\"index, follow, max-snippet:-1, max-image-preview:large, max-video-preview:-1\" \/>\n<link rel=\"canonical\" href=\"https:\/\/positiveprints.com\/de\/produkt\/bester-freund-doppelsternkarte\/\" \/>\n<meta property=\"og:locale\" content=\"de_DE\" \/>\n<meta property=\"og:type\" content=\"article\" \/>\n<meta property=\"og:title\" content=\"Bester Freund(in)-Doppelsternkarte\" \/>\n<meta property=\"og:description\" content=\"Entwerfe deine eigene Sternkarte, die den Himmel von zwei verschiedenen Orten und Daten darstellt F\u00fcge Sternbilder und die Milchstra\u00dfe hinzu Passe es in 3 einfachen Schritten F\u00fcge einen aussagekr\u00e4ftigen personalisierten Text hinzu Sieh das Ergebnis sofort \u2013 die interaktive Vorschau erm\u00f6glicht dir, jedes Detail direkt anzupassen\" \/>\n<meta property=\"og:url\" content=\"https:\/\/positiveprints.com\/de\/produkt\/bester-freund-doppelsternkarte\/\" \/>\n<meta property=\"og:site_name\" content=\"Positive Prints\" \/>\n<meta property=\"article:publisher\" content=\"https:\/\/www.facebook.com\/positiveprintscom\" \/>\n<meta property=\"article:modified_time\" content=\"2026-04-18T04:54:49+00:00\" \/>\n<meta property=\"og:image\" content=\"https:\/\/positiveprints.com\/wp-content\/uploads\/2024\/11\/PACKSHOT_DE_Best-Friend-Double-Star-Map-product-image-.webp\" \/>\n\t<meta property=\"og:image:width\" content=\"1450\" \/>\n\t<meta property=\"og:image:height\" content=\"1450\" \/>\n\t<meta property=\"og:image:type\" content=\"image\/webp\" \/>\n<meta name=\"twitter:card\" content=\"summary_large_image\" \/>\n<meta name=\"twitter:label1\" content=\"Gesch\u00e4tzte Lesezeit\" \/>\n\t<meta name=\"twitter:data1\" content=\"2\u00a0Minuten\" \/>\n<!-- \/ Yoast SEO Premium plugin. -->","yoast_head_json":{"title":"Bester Freund(in)-Doppelsternkarte - Positive Prints","description":"Die \u201eBester Freund\u201c-Doppelsternkarte ist das perfekte Geschenk f\u00fcr jeden Anlass, sei es der Geburtstag deines Freundes, Weihnachten, Galentinstag oder einfach so.","robots":{"index":"index","follow":"follow","max-snippet":"max-snippet:-1","max-image-preview":"max-image-preview:large","max-video-preview":"max-video-preview:-1"},"canonical":"https:\/\/positiveprints.com\/de\/produkt\/bester-freund-doppelsternkarte\/","og_locale":"de_DE","og_type":"article","og_title":"Bester Freund(in)-Doppelsternkarte","og_description":"Entwerfe deine eigene Sternkarte, die den Himmel von zwei verschiedenen Orten und Daten darstellt F\u00fcge Sternbilder und die Milchstra\u00dfe hinzu Passe es in 3 einfachen Schritten F\u00fcge einen aussagekr\u00e4ftigen personalisierten Text hinzu Sieh das Ergebnis sofort \u2013 die interaktive Vorschau erm\u00f6glicht dir, jedes Detail direkt anzupassen","og_url":"https:\/\/positiveprints.com\/de\/produkt\/bester-freund-doppelsternkarte\/","og_site_name":"Positive Prints","article_publisher":"https:\/\/www.facebook.com\/positiveprintscom","article_modified_time":"2026-04-18T04:54:49+00:00","og_image":[{"width":1450,"height":1450,"url":"https:\/\/positiveprints.com\/wp-content\/uploads\/2024\/11\/PACKSHOT_DE_Best-Friend-Double-Star-Map-product-image-.webp","type":"image\/webp"}],"twitter_card":"summary_large_image","twitter_misc":{"Gesch\u00e4tzte Lesezeit":"2\u00a0Minuten"},"schema":{"@context":"https:\/\/schema.org","@graph":[{"@type":["WebPage","ItemPage"],"@id":"https:\/\/positiveprints.com\/de\/produkt\/bester-freund-doppelsternkarte\/","url":"https:\/\/positiveprints.com\/de\/produkt\/bester-freund-doppelsternkarte\/","name":"Bester Freund(in)-Doppelsternkarte - Positive Prints","isPartOf":{"@id":"https:\/\/positiveprints.com\/de\/#website"},"primaryImageOfPage":{"@id":"https:\/\/positiveprints.com\/de\/produkt\/bester-freund-doppelsternkarte\/#primaryimage"},"image":{"@id":"https:\/\/positiveprints.com\/de\/produkt\/bester-freund-doppelsternkarte\/#primaryimage"},"thumbnailUrl":"https:\/\/positiveprints.com\/wp-content\/uploads\/2024\/11\/PACKSHOT_DE_Best-Friend-Double-Star-Map-product-image-.webp","datePublished":"2023-04-20T07:16:14+00:00","dateModified":"2026-04-18T04:54:49+00:00","description":"Die \u201eBester Freund\u201c-Doppelsternkarte ist das perfekte Geschenk f\u00fcr jeden Anlass, sei es der Geburtstag deines Freundes, Weihnachten, Galentinstag oder einfach so.","breadcrumb":{"@id":"https:\/\/positiveprints.com\/de\/produkt\/bester-freund-doppelsternkarte\/#breadcrumb"},"inLanguage":"de","potentialAction":[{"@type":"ReadAction","target":["https:\/\/positiveprints.com\/de\/produkt\/bester-freund-doppelsternkarte\/"]}]},{"@type":"ImageObject","inLanguage":"de","@id":"https:\/\/positiveprints.com\/de\/produkt\/bester-freund-doppelsternkarte\/#primaryimage","url":"https:\/\/positiveprints.com\/wp-content\/uploads\/2024\/11\/PACKSHOT_DE_Best-Friend-Double-Star-Map-product-image-.webp","contentUrl":"https:\/\/positiveprints.com\/wp-content\/uploads\/2024\/11\/PACKSHOT_DE_Best-Friend-Double-Star-Map-product-image-.webp","width":1450,"height":1450},{"@type":"BreadcrumbList","@id":"https:\/\/positiveprints.com\/de\/produkt\/bester-freund-doppelsternkarte\/#breadcrumb","itemListElement":[{"@type":"ListItem","position":1,"name":"Startseite","item":"https:\/\/positiveprints.com\/de\/"},{"@type":"ListItem","position":2,"name":"Produkte","item":"https:\/\/positiveprints.com\/de\/shop\/"},{"@type":"ListItem","position":3,"name":"Bester Freund(in)-Doppelsternkarte"}]},{"@type":"WebSite","@id":"https:\/\/positiveprints.com\/de\/#website","url":"https:\/\/positiveprints.com\/de\/","name":"Positive Prints","description":"Amazing Custom Personalized Gifts","publisher":{"@id":"https:\/\/positiveprints.com\/de\/#organization"},"potentialAction":[{"@type":"SearchAction","target":{"@type":"EntryPoint","urlTemplate":"https:\/\/positiveprints.com\/de\/?s={search_term_string}"},"query-input":{"@type":"PropertyValueSpecification","valueRequired":true,"valueName":"search_term_string"}}],"inLanguage":"de"},{"@type":"Organization","@id":"https:\/\/positiveprints.com\/de\/#organization","name":"Positive Prints","alternateName":"Positive Prints","url":"https:\/\/positiveprints.com\/de\/","logo":{"@type":"ImageObject","inLanguage":"de","@id":"https:\/\/positiveprints.com\/de\/#\/schema\/logo\/image\/","url":"https:\/\/positiveprints.com\/wp-content\/uploads\/2026\/03\/245815646_1337939713319158_5671353136411139666_n.png","contentUrl":"https:\/\/positiveprints.com\/wp-content\/uploads\/2026\/03\/245815646_1337939713319158_5671353136411139666_n.png","width":800,"height":800,"caption":"Positive Prints"},"image":{"@id":"https:\/\/positiveprints.com\/de\/#\/schema\/logo\/image\/"},"sameAs":["https:\/\/www.facebook.com\/positiveprintscom","https:\/\/www.instagram.com\/positiveprintscom\/","https:\/\/www.tiktok.com\/@positiveprintscom","https:\/\/www.pinterest.com\/positiveprintscom\/"]}]}},"jetpack_sharing_enabled":true,"_links":{"self":[{"href":"https:\/\/positiveprints.com\/de\/wp-json\/wp\/v2\/product\/613915","targetHints":{"allow":["GET"]}}],"collection":[{"href":"https:\/\/positiveprints.com\/de\/wp-json\/wp\/v2\/product"}],"about":[{"href":"https:\/\/positiveprints.com\/de\/wp-json\/wp\/v2\/types\/product"}],"wp:featuredmedia":[{"embeddable":true,"href":"https:\/\/positiveprints.com\/de\/wp-json\/wp\/v2\/media\/1251232"}],"wp:attachment":[{"href":"https:\/\/positiveprints.com\/de\/wp-json\/wp\/v2\/media?parent=613915"}],"wp:term":[{"taxonomy":"product_brand","embeddable":true,"href":"https:\/\/positiveprints.com\/de\/wp-json\/wp\/v2\/product_brand?post=613915"},{"taxonomy":"product_cat","embeddable":true,"href":"https:\/\/positiveprints.com\/de\/wp-json\/wp\/v2\/product_cat?post=613915"},{"taxonomy":"product_tag","embeddable":true,"href":"https:\/\/positiveprints.com\/de\/wp-json\/wp\/v2\/product_tag?post=613915"}],"curies":[{"name":"wp","href":"https:\/\/api.w.org\/{rel}","templated":true}]}}