{"id":56305,"date":"2021-04-12T08:31:51","date_gmt":"2021-04-12T07:31:51","guid":{"rendered":"https:\/\/positiveprints.com\/?post_type=product&#038;p=56305"},"modified":"2026-04-18T09:09:36","modified_gmt":"2026-04-18T08:09:36","slug":"verliebt-verlobt-verheiratet","status":"publish","type":"product","link":"https:\/\/positiveprints.com\/de\/produkt\/verliebt-verlobt-verheiratet\/","title":{"rendered":"Verliebt Verlobt Verheiratet"},"content":{"rendered":"<p>Eine M\u00f6glichkeit, deine einzigartige Liebesgeschichte zu erz\u00e4hlen, besteht darin, die besonderen Meilensteine auf einer Verliebt, Verlobt, Verheiratet-Karte festzuhalten.<\/p>\r\n\r\n<p style=\"margin-top: 1rem\">Zuerst habt ihr euch getroffen. Dann habt ihr euch verliebt. Und dann habt ihr beschlossen, euer Leben gemeinsam f\u00fcr immer zu bestreiten, habt ihr euch verlobt. Und jetzt, wo ihr verheiratet seid, liebt ihr es, auf eure Liebesgeschichte zur\u00fcckzublicken und sie immer wieder zu erz\u00e4hlen. Dies ist ein Prozess, der f\u00fcr Paare \u00fcberall gleich und doch so unterschiedlich ausf\u00e4llt. Eine M\u00f6glichkeit, eure einzigartige Geschichte zu erz\u00e4hlen, besteht darin, eure besonderen Meilensteine mit einer Verliebt, Verlobt, Verheiratet-Karte festzuhalten.<\/p>\r\n\r\n<h2 class=\"grenB f24 cblue\" style=\"margin-top: 3rem\">Was ist eine Verliebt, Verlobt, Verheiratet-Karte?<\/h2>\r\n\r\n<p style=\"margin-top: 1rem\">\u00c4hnlich wie ein Tagebuch als eine Karte unserer Reise durch das Leben gesehen werden kann, ist eine Verliebt, Verlobt, Verheiratet-Karte, eine Roadmap eurer Reise mit deinem Seelenverwandten. Die Karte zeigt drei der wichtigsten Meilensteine eurer Geschichte: den Ort, an dem ihr euch kennengelernt, den Ort, an dem ihr euch verlobt und den Ort, an dem ihr beide JA gesagt habt.<\/p>\r\n\r\n<p style=\"margin-top: 1rem\">Dies ist eine sch\u00f6ne, k\u00fcnstlerische Illustration der Reise eurer Liebe und kann euch helfen, eure Geschichte im Laufe der Jahre zu erz\u00e4hlen und erneut zu erleben. Eine Verliebt, Verlobt, Verheiratet-Karte ist ein ausgezeichnetes Geschenk f\u00fcr deine bessere H\u00e4lfte oder f\u00fcr ein besonderes Paar in Ihrem Leben. Am wichtigsten ist, dass diese Karte anders ist als jede andere, weil sie sich auf eure Reise konzentriert.<\/p>\r\n\r\n<h2 class=\"grenB f24 cblue\" style=\"margin-top: 3rem\">Warum soll ich \u00fcberhaupt eine Verliebt, Verlobt, Verheiratet-Karte?<\/h2>\r\n\r\n<p style=\"margin-top: 1rem\">Seien wir ehrlich: Es braucht nicht viel Kreativit\u00e4t, um in ein Gesch\u00e4ft zu gehen, ein Geschenk zu finden, es zu verpacken und es deinem geliebten Menschen zu schenken. Es ist nichts Falsches daran, ein im Laden gekauftes Geschenk zu verschenken, wenn es etwas ist, das du mit Tiefgang m\u00f6chtest.<\/p>\r\n\r\n<p style=\"margin-top: 1rem\">Aber Geschenke, die personalisiert und individuell sind und bewusste Gedanken und Anstrengungen erfordern, sind dieselben Geschenke, die in deiner Erinnerung auffallen werden. Die symbolische Geste hinter dem Gegenstand ist ebenso Teil des Geschenks wie der Gegenstand selbst. Und wenn es sich bei diesem Gegenstand um eine Verliebt, Verlobt, Verheiratet-Karte handelt, punktest du bei deinem Partner \u00fcberdurchschnittlich.<\/p>\r\n\r\n<p style=\"margin-top: 1rem\">Viele unserer Kunden verlassen sich auf Positive Prints, um ihre Kreativit\u00e4t beim Schenken zu erweitern. Sie wollen \u00fcberraschenderweise etwas Unerwartetes anbieten, das nur f\u00fcr diesen besonderen Menschen gemacht ist. Aufgrund des Grads an Personalisierung, der in jede Verliebt, Verlobt, Verheiratet-Karte einflie\u00dft, ist jede Karte wirklich ein Unikat.<\/p>\r\n\r\n<h2 class=\"grenB f24 cblue\" style=\"margin-top: 3rem\">Wie erstelle ich eine Verliebt, Verlobt, Verheiratet-Karte?<\/h2>\r\n\r\n<p style=\"margin-top: 1rem\">Unsere Verliebt, Verlobt, Verheiratet-Karten bei Positive Prints werden als Einzelbild erstellt, repr\u00e4sentieren jedoch drei besondere Momente in eurer Liebesgeschichte. Wir verwenden modernste GPS-Technologie, um jeden Ort genau zu lokalisieren und dir die genaueste Darstellung zu bieten.<\/p>\r\n\r\n<p style=\"margin-top: 1rem\">So kannst du in die Rolle des K\u00fcnstlers eintreten und deine bzw. eure eigene Verliebt, Verlobt, Verheiratet-Karte erstellen:<\/p>\r\n\r\n<h3 class=\"grenB f18 cblue\" style=\"margin-top: 3rem\">Erster Schritt: W\u00e4hle dein Design aus<\/h3>\r\n\r\n<p style=\"margin-top: 1rem\">Wenn es darum geht, personalisierte Geschenke zu erschaffen, gibt es einfach keine Einheitsgr\u00f6\u00dfe. Aus diesem Grund bieten wir mehrere Gestaltungsoptionen f\u00fcr deine Verliebt, Verlobt, Verheiratet-Karte an. Du kannst aus einer unserer fachm\u00e4nnisch gestalteten Vorlagen w\u00e4hlen. Wenn du dich besonders kreativ f\u00fchlen solltest, w\u00e4hle gern die Option &#8220;Benutzerdefiniert&#8221;, um deine eigene Farbkombination auszuw\u00e4hlen.<\/p>\r\n\r\n<p style=\"margin-top: 1rem\">W\u00e4hrend du deine Auswahl triffst, werden alle Details in Echtzeit aktualisiert, sodass du sehen kannst, wie deine Karte zum Leben erweckt wird.<\/p>\r\n\r\n<h3 class=\"grenB f18 cblue\" style=\"margin-top: 3rem\">Schritt zwei: Gebe deine Daten ein<\/h3>\r\n<p style=\"margin-top: 1rem\">Eure Verliebt, Verlobt, Verheiratet-Karte enth\u00e4lt nicht nur Bilder auf einer Karte, sondern auch mehrere Textzeilen f\u00fcr jeden Ort, sodass du jedem Moment eine Beschriftung beif\u00fcgen kannst. Gebe Daten an, an denen ihr euch kennengelernt, verlobt und schlie\u00dflich geheiratet habt. F\u00fcge ein Zitat hinzu, das jeden Moment am besten darstellt. Oder teile einfach mehr Details \u00fcber den Ort und was ihn so besonders gemacht hat. Die M\u00f6glichkeiten sind unendlich!<\/p> \r\n\r\n<h3 class=\"grenB f18 cblue\" style=\"margin-top: 3rem\">Schritt drei: W\u00e4hle ein Format aus<\/h3>\r\n\r\n<p style=\"margin-top: 1rem\">Wie bei vielen unserer Kunstwerke bei Positive Prints kannst du aus mehreren Formaten und Versandoptionen w\u00e4hlen. F\u00fcr Bestellungen, die im eigenen Haus gedruckt und versendet werden, drucken wir jede Karte auf Poster in professioneller Qualit\u00e4t, damit die Farben erhalten bleiben und in einem Rahmen an eurer Wand perfekt aussehen. Wenn du m\u00f6chtest, k\u00f6nnen wir dieses ebenfalls auf eine Leinwand drucken und einen Rahmen hinzuf\u00fcgen, damit dein Druck sofort an deinen Liebsten verschenkt werden kann.<\/p>\r\n\r\n<p style=\"margin-top: 1rem\">Wenn du nach einer Last-Minute-Geschenkidee suchst, empfehlen wir unsere digitale Download-Option. Du bekommst deine Verliebt, Verlobt, Verheiratet-Karte in einer digitalen Datei per E-Mail, die du f\u00fcr eine schnellere Abwicklung in deine lokale Druckerei bringen kannst.<\/p>\r\n\r\n<p style=\"margin-top: 1rem\">Wir bieten auch verschiedene Gr\u00f6\u00dfen und Ausrichtungen an, damit du diejenige ausw\u00e4hlen kannst, die am besten zu eurem Raum passt.<\/p>\r\n\r\n<h2 class=\"grenB f24 cblue\" style=\"margin-top: 3rem\">\u00dcberrasche deine Liebsten noch heute mit einer Verliebt, Verlobt, Verheiratet-Karte!<\/h2>\r\n\r\n<p style=\"margin-top: 1rem\">Verliebt, Verlobt, Verheiratet-Karten sind das perfekte Geschenk f\u00fcr Geburtstage, Hochzeiten, Jubil\u00e4en, Feiertage oder jede Zeit, in der du die Liebe feiern m\u00f6chtest. Es ist ein Geschenk f\u00fcr die Person, die alles hat, nichts braucht oder sich einfach nach etwas Einzigartigem, Unikatem und Unerwartetem sehnt.<\/p>","protected":false},"excerpt":{"rendered":"<ul class=\"check-list\">\n<li>Markiere genaue Adressen mit einem ausgew\u00e4hlten Symbol<\/li>\n<li>Passe dein Kunstwerk in 3 einfachen Schritten an<\/li>\n<li>F\u00fcge einen aussagekr\u00e4ftigen personalisierten Text hinzu<\/li>\n<li>Sieh das Ergebnis sofort \u2013 die interaktive Vorschau erm\u00f6glicht dir, jedes Detail direkt anzupassen<\/li>\n<\/ul>\n","protected":false},"featured_media":1240619,"template":"","meta":[],"product_brand":[],"product_cat":[11499,11508,11511,11502,11517,11505,11599,9275,15110,7926,263,8244,7686,8005,7222],"product_tag":[14752],"class_list":{"0":"post-56305","1":"product","2":"type-product","3":"status-publish","4":"has-post-thumbnail","6":"product_cat-1-jahrestag","7":"product_cat-10-jahrestag","8":"product_cat-15-jahrestag","9":"product_cat-2-jahrestag","10":"product_cat-20-jahrestag","11":"product_cat-5-jahrestag","12":"product_cat-50-jahrestag","13":"product_cat-bestsellers-label-de","14":"product_cat-bestsellers-menu-de","15":"product_cat-brautduschen-geschenke","16":"product_cat-creators-de-2","17":"product_cat-digital-products-de","18":"product_cat-geschenke-fur-wichtige-frauen-in-deinem-leben","19":"product_cat-geschenke-fur-manner","20":"product_cat-triple-maps-de","21":"product_tag-creators-de-2","23":"first","24":"instock","25":"sale","26":"taxable","27":"shipping-taxable","28":"purchasable","29":"product-type-variable"},"yoast_head":"<!-- This site is optimized with the Yoast SEO Premium plugin v27.2 (Yoast SEO v27.2) - https:\/\/yoast.com\/product\/yoast-seo-premium-wordpress\/ -->\n<title>Verliebt, Verlobt, Verheiratet Karte - Positive Prints<\/title>\n<meta name=\"description\" content=\"Eine Verliebt, Verlobt, Verheiratet-Karte ist ein Geschenk f\u00fcr deine bessere H\u00e4lfte oder f\u00fcr ein besonderes Paar in Ihrem Leben.\" \/>\n<meta name=\"robots\" content=\"index, follow, max-snippet:-1, max-image-preview:large, max-video-preview:-1\" \/>\n<link rel=\"canonical\" href=\"https:\/\/positiveprints.com\/de\/produkt\/verliebt-verlobt-verheiratet\/\" \/>\n<meta property=\"og:locale\" content=\"de_DE\" \/>\n<meta property=\"og:type\" content=\"article\" \/>\n<meta property=\"og:title\" content=\"Verliebt Verlobt Verheiratet\" \/>\n<meta property=\"og:description\" content=\"Markiere genaue Adressen mit einem ausgew\u00e4hlten Symbol  Passe dein Kunstwerk in 3 einfachen Schritten an  F\u00fcge einen aussagekr\u00e4ftigen personalisierten Text hinzu  Sieh das Ergebnis sofort \u2013 die interaktive Vorschau erm\u00f6glicht dir, jedes Detail direkt anzupassen\" \/>\n<meta property=\"og:url\" content=\"https:\/\/positiveprints.com\/de\/produkt\/verliebt-verlobt-verheiratet\/\" \/>\n<meta property=\"og:site_name\" content=\"Positive Prints\" \/>\n<meta property=\"article:publisher\" content=\"https:\/\/www.facebook.com\/positiveprintscom\" \/>\n<meta property=\"article:modified_time\" content=\"2026-04-18T08:09:36+00:00\" \/>\n<meta property=\"og:image\" content=\"https:\/\/positiveprints.com\/wp-content\/uploads\/2024\/10\/Packshot_DE_Met-Engaged-Married-product-image.webp\" \/>\n\t<meta property=\"og:image:width\" content=\"1450\" \/>\n\t<meta property=\"og:image:height\" content=\"1450\" \/>\n\t<meta property=\"og:image:type\" content=\"image\/webp\" \/>\n<meta name=\"twitter:card\" content=\"summary_large_image\" \/>\n<meta name=\"twitter:label1\" content=\"Gesch\u00e4tzte Lesezeit\" \/>\n\t<meta name=\"twitter:data1\" content=\"4\u00a0Minuten\" \/>\n<!-- \/ Yoast SEO Premium plugin. -->","yoast_head_json":{"title":"Verliebt, Verlobt, Verheiratet Karte - Positive Prints","description":"Eine Verliebt, Verlobt, Verheiratet-Karte ist ein Geschenk f\u00fcr deine bessere H\u00e4lfte oder f\u00fcr ein besonderes Paar in Ihrem Leben.","robots":{"index":"index","follow":"follow","max-snippet":"max-snippet:-1","max-image-preview":"max-image-preview:large","max-video-preview":"max-video-preview:-1"},"canonical":"https:\/\/positiveprints.com\/de\/produkt\/verliebt-verlobt-verheiratet\/","og_locale":"de_DE","og_type":"article","og_title":"Verliebt Verlobt Verheiratet","og_description":"Markiere genaue Adressen mit einem ausgew\u00e4hlten Symbol  Passe dein Kunstwerk in 3 einfachen Schritten an  F\u00fcge einen aussagekr\u00e4ftigen personalisierten Text hinzu  Sieh das Ergebnis sofort \u2013 die interaktive Vorschau erm\u00f6glicht dir, jedes Detail direkt anzupassen","og_url":"https:\/\/positiveprints.com\/de\/produkt\/verliebt-verlobt-verheiratet\/","og_site_name":"Positive Prints","article_publisher":"https:\/\/www.facebook.com\/positiveprintscom","article_modified_time":"2026-04-18T08:09:36+00:00","og_image":[{"width":1450,"height":1450,"url":"https:\/\/positiveprints.com\/wp-content\/uploads\/2024\/10\/Packshot_DE_Met-Engaged-Married-product-image.webp","type":"image\/webp"}],"twitter_card":"summary_large_image","twitter_misc":{"Gesch\u00e4tzte Lesezeit":"4\u00a0Minuten"},"schema":{"@context":"https:\/\/schema.org","@graph":[{"@type":["WebPage","ItemPage"],"@id":"https:\/\/positiveprints.com\/de\/produkt\/verliebt-verlobt-verheiratet\/","url":"https:\/\/positiveprints.com\/de\/produkt\/verliebt-verlobt-verheiratet\/","name":"Verliebt, Verlobt, Verheiratet Karte - Positive Prints","isPartOf":{"@id":"https:\/\/positiveprints.com\/de\/#website"},"primaryImageOfPage":{"@id":"https:\/\/positiveprints.com\/de\/produkt\/verliebt-verlobt-verheiratet\/#primaryimage"},"image":{"@id":"https:\/\/positiveprints.com\/de\/produkt\/verliebt-verlobt-verheiratet\/#primaryimage"},"thumbnailUrl":"https:\/\/positiveprints.com\/wp-content\/uploads\/2024\/10\/Packshot_DE_Met-Engaged-Married-product-image.webp","datePublished":"2021-04-12T07:31:51+00:00","dateModified":"2026-04-18T08:09:36+00:00","description":"Eine Verliebt, Verlobt, Verheiratet-Karte ist ein Geschenk f\u00fcr deine bessere H\u00e4lfte oder f\u00fcr ein besonderes Paar in Ihrem Leben.","breadcrumb":{"@id":"https:\/\/positiveprints.com\/de\/produkt\/verliebt-verlobt-verheiratet\/#breadcrumb"},"inLanguage":"de","potentialAction":[{"@type":"ReadAction","target":["https:\/\/positiveprints.com\/de\/produkt\/verliebt-verlobt-verheiratet\/"]}]},{"@type":"ImageObject","inLanguage":"de","@id":"https:\/\/positiveprints.com\/de\/produkt\/verliebt-verlobt-verheiratet\/#primaryimage","url":"https:\/\/positiveprints.com\/wp-content\/uploads\/2024\/10\/Packshot_DE_Met-Engaged-Married-product-image.webp","contentUrl":"https:\/\/positiveprints.com\/wp-content\/uploads\/2024\/10\/Packshot_DE_Met-Engaged-Married-product-image.webp","width":1450,"height":1450},{"@type":"BreadcrumbList","@id":"https:\/\/positiveprints.com\/de\/produkt\/verliebt-verlobt-verheiratet\/#breadcrumb","itemListElement":[{"@type":"ListItem","position":1,"name":"Startseite","item":"https:\/\/positiveprints.com\/de\/"},{"@type":"ListItem","position":2,"name":"Produkte","item":"https:\/\/positiveprints.com\/de\/shop\/"},{"@type":"ListItem","position":3,"name":"Verliebt Verlobt Verheiratet"}]},{"@type":"WebSite","@id":"https:\/\/positiveprints.com\/de\/#website","url":"https:\/\/positiveprints.com\/de\/","name":"Positive Prints","description":"Amazing Custom Personalized Gifts","publisher":{"@id":"https:\/\/positiveprints.com\/de\/#organization"},"potentialAction":[{"@type":"SearchAction","target":{"@type":"EntryPoint","urlTemplate":"https:\/\/positiveprints.com\/de\/?s={search_term_string}"},"query-input":{"@type":"PropertyValueSpecification","valueRequired":true,"valueName":"search_term_string"}}],"inLanguage":"de"},{"@type":"Organization","@id":"https:\/\/positiveprints.com\/de\/#organization","name":"Positive Prints","alternateName":"Positive Prints","url":"https:\/\/positiveprints.com\/de\/","logo":{"@type":"ImageObject","inLanguage":"de","@id":"https:\/\/positiveprints.com\/de\/#\/schema\/logo\/image\/","url":"https:\/\/positiveprints.com\/wp-content\/uploads\/2026\/03\/245815646_1337939713319158_5671353136411139666_n.png","contentUrl":"https:\/\/positiveprints.com\/wp-content\/uploads\/2026\/03\/245815646_1337939713319158_5671353136411139666_n.png","width":800,"height":800,"caption":"Positive Prints"},"image":{"@id":"https:\/\/positiveprints.com\/de\/#\/schema\/logo\/image\/"},"sameAs":["https:\/\/www.facebook.com\/positiveprintscom","https:\/\/www.instagram.com\/positiveprintscom\/","https:\/\/www.tiktok.com\/@positiveprintscom","https:\/\/www.pinterest.com\/positiveprintscom\/"]}]}},"jetpack_sharing_enabled":true,"_links":{"self":[{"href":"https:\/\/positiveprints.com\/de\/wp-json\/wp\/v2\/product\/56305","targetHints":{"allow":["GET"]}}],"collection":[{"href":"https:\/\/positiveprints.com\/de\/wp-json\/wp\/v2\/product"}],"about":[{"href":"https:\/\/positiveprints.com\/de\/wp-json\/wp\/v2\/types\/product"}],"wp:featuredmedia":[{"embeddable":true,"href":"https:\/\/positiveprints.com\/de\/wp-json\/wp\/v2\/media\/1240619"}],"wp:attachment":[{"href":"https:\/\/positiveprints.com\/de\/wp-json\/wp\/v2\/media?parent=56305"}],"wp:term":[{"taxonomy":"product_brand","embeddable":true,"href":"https:\/\/positiveprints.com\/de\/wp-json\/wp\/v2\/product_brand?post=56305"},{"taxonomy":"product_cat","embeddable":true,"href":"https:\/\/positiveprints.com\/de\/wp-json\/wp\/v2\/product_cat?post=56305"},{"taxonomy":"product_tag","embeddable":true,"href":"https:\/\/positiveprints.com\/de\/wp-json\/wp\/v2\/product_tag?post=56305"}],"curies":[{"name":"wp","href":"https:\/\/api.w.org\/{rel}","templated":true}]}}