{"id":470866,"date":"2023-04-07T13:29:53","date_gmt":"2023-04-07T12:29:53","guid":{"rendered":"https:\/\/positiveprints.com\/?post_type=product&#038;p=470866"},"modified":"2026-04-28T14:23:59","modified_gmt":"2026-04-28T13:23:59","slug":"dreifache-sternenkarte-fuer-papa","status":"publish","type":"product","link":"https:\/\/positiveprints.com\/de\/produkt\/dreifache-sternenkarte-fuer-papa\/","title":{"rendered":"Dreifache Sternenkarte f\u00fcr Papa"},"content":{"rendered":"<p style=\"margin-top: 1rem\">Unsere dreifache Sternenkarte f\u00fcr Papa ist das ultimative personalisierte Geschenk f\u00fcr jeden Vater von drei Kindern zu besonderen Anl\u00e4ssen! Ob Vatertag, Geburtstag oder Weihnachten, dieser einzigartige Druck hinterl\u00e4sst mit Sicherheit einen bleibenden Eindruck.<\/p>\r\n\r\n\r\n<p style=\"margin-top: 1rem\">Mit drei wundersch\u00f6nen Sternenkarten auf einem einzigen Poster ist dieses Geschenk die perfekte Darstellung des Nachthimmels an dem Tag, an dem jedes seiner drei Kinder geboren wurde. Mit der Option, auch andere wichtige Momente aus seinem Leben aufzunehmen, sind die M\u00f6glichkeiten der Personalisierung endlos.<\/p>\r\n\r\n\r\n<p style=\"margin-top: 1rem\">Mit unserem benutzerfreundlichen Online-Editor hast du die Freiheit, aus einer breiten Palette von Designs und Farben zu w\u00e4hlen, um eine einzigartige und atemberaubende dreifache Sternenkarte f\u00fcr V\u00e4ter zu erstellen. Du kannst  vordefinierte Farbschemata ausw\u00e4hlen oder eigene erstellen, damit es genau richtig aussieht. Au\u00dferdem kannst du eine pers\u00f6nliche Note hinzuf\u00fcgen, indem du eine spezielle Nachricht oder ein Zitat hinzuf\u00fcgst.<\/p>\r\n\r\n\r\n<p style=\"margin-top: 1rem\">Sobald du deine perfekte dreifache Sternenkarte f\u00fcr V\u00e4ter entworfen hast, kannst du die Gr\u00f6\u00dfe und das Format ausw\u00e4hlen, die deinen Anforderungen am besten entsprechen. Wir bieten gedruckte oder gerahmte Poster, Leinw\u00e4nde oder eine sofortige digitale Download-Datei, sodass du ganz einfach die perfekte Option ausw\u00e4hlen kannst. Dieses einzigartige Geschenk wird sicher jahrelang gesch\u00e4tzt werden und ist eine wunderbare M\u00f6glichkeit, deiner Wertsch\u00e4tzung f\u00fcr den besonderen Vater in deinem Leben zu zeigen.<\/p>","protected":false},"excerpt":{"rendered":"<ul class=\"check-list\">\n<li>F\u00fcge Sternbilder und die Milchstra\u00dfe hinzu<\/li>\n<li>Passe es in 3 einfachen Schritten<\/li>\n<li>F\u00fcge einen aussagekr\u00e4ftigen personalisierten Text hinzu<\/li>\n<li>Sehe dir dein  Design bei jedem Schritt in der Vorschau an<\/li>\n<\/ul>\n","protected":false},"featured_media":1263401,"template":"","meta":[],"product_brand":[],"product_cat":[9097,105,7340,5266,11337,7974],"product_tag":[8552,11711],"class_list":{"0":"post-470866","1":"product","2":"type-product","3":"status-publish","4":"has-post-thumbnail","6":"product_cat-trio-stars-de","7":"product_cat-alle-produkte","8":"product_cat-vatertagsgeschenke","9":"product_cat-weihnachtsgeschenke","10":"product_cat-weihnachtsgeschenke-fur-den-papa","11":"product_cat-geschenke-fur-papa","12":"product_tag-father-de","13":"product_tag-weihnachtsgeschenke-fur-den-papa","15":"first","16":"instock","17":"sale","18":"taxable","19":"shipping-taxable","20":"purchasable","21":"product-type-variable"},"yoast_head":"<!-- This site is optimized with the Yoast SEO Premium plugin v27.2 (Yoast SEO v27.2) - https:\/\/yoast.com\/product\/yoast-seo-premium-wordpress\/ -->\n<title>Dreifache Sternenkarte f\u00fcr Papa - Positive Prints<\/title>\n<meta name=\"description\" content=\"Unsere dreifache Sternenkarte f\u00fcr V\u00e4ter wird sicher jahrelang gesch\u00e4tzt und ist eine wunderbare M\u00f6glichkeit, deine Liebe f\u00fcr deinen Papa zu zeigen\" \/>\n<meta name=\"robots\" content=\"index, follow, max-snippet:-1, max-image-preview:large, max-video-preview:-1\" \/>\n<link rel=\"canonical\" href=\"https:\/\/positiveprints.com\/de\/produkt\/dreifache-sternenkarte-fuer-papa\/\" \/>\n<meta property=\"og:locale\" content=\"de_DE\" \/>\n<meta property=\"og:type\" content=\"article\" \/>\n<meta property=\"og:title\" content=\"Dreifache Sternenkarte f\u00fcr Papa\" \/>\n<meta property=\"og:description\" content=\"F\u00fcge Sternbilder und die Milchstra\u00dfe hinzu  Passe es in 3 einfachen Schritten  F\u00fcge einen aussagekr\u00e4ftigen personalisierten Text hinzu  Sehe dir dein Design bei jedem Schritt in der Vorschau an\" \/>\n<meta property=\"og:url\" content=\"https:\/\/positiveprints.com\/de\/produkt\/dreifache-sternenkarte-fuer-papa\/\" \/>\n<meta property=\"og:site_name\" content=\"Positive Prints\" \/>\n<meta property=\"article:publisher\" content=\"https:\/\/www.facebook.com\/positiveprintscom\" \/>\n<meta property=\"article:modified_time\" content=\"2026-04-28T13:23:59+00:00\" \/>\n<meta property=\"og:image\" content=\"https:\/\/positiveprints.com\/wp-content\/uploads\/2024\/11\/Packshot_DE_Triple-Star-Map-for-Dad-product-image-.webp\" \/>\n\t<meta property=\"og:image:width\" content=\"1450\" \/>\n\t<meta property=\"og:image:height\" content=\"1450\" \/>\n\t<meta property=\"og:image:type\" content=\"image\/webp\" \/>\n<meta name=\"twitter:card\" content=\"summary_large_image\" \/>\n<!-- \/ Yoast SEO Premium plugin. -->","yoast_head_json":{"title":"Dreifache Sternenkarte f\u00fcr Papa - Positive Prints","description":"Unsere dreifache Sternenkarte f\u00fcr V\u00e4ter wird sicher jahrelang gesch\u00e4tzt und ist eine wunderbare M\u00f6glichkeit, deine Liebe f\u00fcr deinen Papa zu zeigen","robots":{"index":"index","follow":"follow","max-snippet":"max-snippet:-1","max-image-preview":"max-image-preview:large","max-video-preview":"max-video-preview:-1"},"canonical":"https:\/\/positiveprints.com\/de\/produkt\/dreifache-sternenkarte-fuer-papa\/","og_locale":"de_DE","og_type":"article","og_title":"Dreifache Sternenkarte f\u00fcr Papa","og_description":"F\u00fcge Sternbilder und die Milchstra\u00dfe hinzu  Passe es in 3 einfachen Schritten  F\u00fcge einen aussagekr\u00e4ftigen personalisierten Text hinzu  Sehe dir dein Design bei jedem Schritt in der Vorschau an","og_url":"https:\/\/positiveprints.com\/de\/produkt\/dreifache-sternenkarte-fuer-papa\/","og_site_name":"Positive Prints","article_publisher":"https:\/\/www.facebook.com\/positiveprintscom","article_modified_time":"2026-04-28T13:23:59+00:00","og_image":[{"width":1450,"height":1450,"url":"https:\/\/positiveprints.com\/wp-content\/uploads\/2024\/11\/Packshot_DE_Triple-Star-Map-for-Dad-product-image-.webp","type":"image\/webp"}],"twitter_card":"summary_large_image","schema":{"@context":"https:\/\/schema.org","@graph":[{"@type":["WebPage","ItemPage"],"@id":"https:\/\/positiveprints.com\/de\/produkt\/dreifache-sternenkarte-fuer-papa\/","url":"https:\/\/positiveprints.com\/de\/produkt\/dreifache-sternenkarte-fuer-papa\/","name":"Dreifache Sternenkarte f\u00fcr Papa - Positive Prints","isPartOf":{"@id":"https:\/\/positiveprints.com\/de\/#website"},"primaryImageOfPage":{"@id":"https:\/\/positiveprints.com\/de\/produkt\/dreifache-sternenkarte-fuer-papa\/#primaryimage"},"image":{"@id":"https:\/\/positiveprints.com\/de\/produkt\/dreifache-sternenkarte-fuer-papa\/#primaryimage"},"thumbnailUrl":"https:\/\/positiveprints.com\/wp-content\/uploads\/2024\/11\/Packshot_DE_Triple-Star-Map-for-Dad-product-image-.webp","datePublished":"2023-04-07T12:29:53+00:00","dateModified":"2026-04-28T13:23:59+00:00","description":"Unsere dreifache Sternenkarte f\u00fcr V\u00e4ter wird sicher jahrelang gesch\u00e4tzt und ist eine wunderbare M\u00f6glichkeit, deine Liebe f\u00fcr deinen Papa zu zeigen","breadcrumb":{"@id":"https:\/\/positiveprints.com\/de\/produkt\/dreifache-sternenkarte-fuer-papa\/#breadcrumb"},"inLanguage":"de","potentialAction":[{"@type":"ReadAction","target":["https:\/\/positiveprints.com\/de\/produkt\/dreifache-sternenkarte-fuer-papa\/"]}]},{"@type":"ImageObject","inLanguage":"de","@id":"https:\/\/positiveprints.com\/de\/produkt\/dreifache-sternenkarte-fuer-papa\/#primaryimage","url":"https:\/\/positiveprints.com\/wp-content\/uploads\/2024\/11\/Packshot_DE_Triple-Star-Map-for-Dad-product-image-.webp","contentUrl":"https:\/\/positiveprints.com\/wp-content\/uploads\/2024\/11\/Packshot_DE_Triple-Star-Map-for-Dad-product-image-.webp","width":1450,"height":1450},{"@type":"BreadcrumbList","@id":"https:\/\/positiveprints.com\/de\/produkt\/dreifache-sternenkarte-fuer-papa\/#breadcrumb","itemListElement":[{"@type":"ListItem","position":1,"name":"Startseite","item":"https:\/\/positiveprints.com\/de\/"},{"@type":"ListItem","position":2,"name":"Produkte","item":"https:\/\/positiveprints.com\/de\/shop\/"},{"@type":"ListItem","position":3,"name":"Dreifache Sternenkarte f\u00fcr Papa"}]},{"@type":"WebSite","@id":"https:\/\/positiveprints.com\/de\/#website","url":"https:\/\/positiveprints.com\/de\/","name":"Positive Prints","description":"Amazing Custom Personalized Gifts","publisher":{"@id":"https:\/\/positiveprints.com\/de\/#organization"},"potentialAction":[{"@type":"SearchAction","target":{"@type":"EntryPoint","urlTemplate":"https:\/\/positiveprints.com\/de\/?s={search_term_string}"},"query-input":{"@type":"PropertyValueSpecification","valueRequired":true,"valueName":"search_term_string"}}],"inLanguage":"de"},{"@type":"Organization","@id":"https:\/\/positiveprints.com\/de\/#organization","name":"Positive Prints","alternateName":"Positive Prints","url":"https:\/\/positiveprints.com\/de\/","logo":{"@type":"ImageObject","inLanguage":"de","@id":"https:\/\/positiveprints.com\/de\/#\/schema\/logo\/image\/","url":"https:\/\/positiveprints.com\/wp-content\/uploads\/2026\/03\/245815646_1337939713319158_5671353136411139666_n.png","contentUrl":"https:\/\/positiveprints.com\/wp-content\/uploads\/2026\/03\/245815646_1337939713319158_5671353136411139666_n.png","width":800,"height":800,"caption":"Positive Prints"},"image":{"@id":"https:\/\/positiveprints.com\/de\/#\/schema\/logo\/image\/"},"sameAs":["https:\/\/www.facebook.com\/positiveprintscom","https:\/\/www.instagram.com\/positiveprintscom\/","https:\/\/www.tiktok.com\/@positiveprintscom","https:\/\/www.pinterest.com\/positiveprintscom\/"]}]}},"jetpack_sharing_enabled":true,"_links":{"self":[{"href":"https:\/\/positiveprints.com\/de\/wp-json\/wp\/v2\/product\/470866","targetHints":{"allow":["GET"]}}],"collection":[{"href":"https:\/\/positiveprints.com\/de\/wp-json\/wp\/v2\/product"}],"about":[{"href":"https:\/\/positiveprints.com\/de\/wp-json\/wp\/v2\/types\/product"}],"wp:featuredmedia":[{"embeddable":true,"href":"https:\/\/positiveprints.com\/de\/wp-json\/wp\/v2\/media\/1263401"}],"wp:attachment":[{"href":"https:\/\/positiveprints.com\/de\/wp-json\/wp\/v2\/media?parent=470866"}],"wp:term":[{"taxonomy":"product_brand","embeddable":true,"href":"https:\/\/positiveprints.com\/de\/wp-json\/wp\/v2\/product_brand?post=470866"},{"taxonomy":"product_cat","embeddable":true,"href":"https:\/\/positiveprints.com\/de\/wp-json\/wp\/v2\/product_cat?post=470866"},{"taxonomy":"product_tag","embeddable":true,"href":"https:\/\/positiveprints.com\/de\/wp-json\/wp\/v2\/product_tag?post=470866"}],"curies":[{"name":"wp","href":"https:\/\/api.w.org\/{rel}","templated":true}]}}