{"id":470400,"date":"2023-04-17T21:58:34","date_gmt":"2023-04-17T20:58:34","guid":{"rendered":"https:\/\/positiveprints.com\/?post_type=product&#038;p=470400"},"modified":"2026-04-03T03:18:09","modified_gmt":"2026-04-03T02:18:09","slug":"fotocollage-zum-abschlussjahr","status":"publish","type":"product","link":"https:\/\/positiveprints.com\/de\/produkt\/fotocollage-zum-abschlussjahr\/","title":{"rendered":"Fotocollage zum Abschlussjahr"},"content":{"rendered":"<p style=\"margin-top: 1rem\">Suchst du nach dem perfekten Abschlussgeschenk, um die Errungenschaften des Absolventen in seinem Leben zu feiern?  Wir, Positive Prints, haben das perfekte Geschenk f\u00fcr deinen Absolventen &#8211; Fotocollage zum Abschlussjahr! Mit diesem einzigartigen und personalisierten Geschenk kannst du eine atemberaubende Fotocollage in Form des Abschlussjahres wie &#8220;2023&#8221; oder eines anderen Jahres deiner Wahl erstellen. Du kannst auch ausw\u00e4hlen, dass die Fotos beispielsweise das Wort &#8220;Abschluss&#8221; bilden, um ein kreativeres und einzigartigeres Design zu erzielen.<\/p>\r\n\r\n\r\n<p style=\"margin-top: 1rem\">Um mit der Erstellung deiner Abschlussjahr-Fotocollage zu beginnen, w\u00e4hlst du einfach ein Wort (oder eine Zahl) und l\u00e4dst Fotos hoch. Unsere Technologie erm\u00f6glicht es dir, die Fotos in der gew\u00e4hlten Zahlen- oder Wortform anzuordnen, um sicherzustellen, dass deine Collage eine genaue Darstellung deines ausgew\u00e4hlten Designs ist.Du kannst dann das Druckformat an deine Vorlieben anpassen, einschlie\u00dflich Poster, Leinwand- oder gerahmte Drucke oder digitale Download-Dateien zum Selbstausdrucken.<\/p>\r\n\r\n\r\n<p style=\"margin-top: 1rem\">Positive Prints verwendet nur die hochwertigsten Druckmaterialien und -technologien, um sicherzustellen, dass deine erstellte Abschlussjahr-Fotocollage professionell und hochwertig aussieht. Es ist die perfekte Art, den besonderen Tag des Absolventen und die Jahre harter Arbeit und Hingabe zu feiern, die dazu gef\u00fchrt haben.<\/p>\r\n\r\n\r\n<p style=\"margin-top: 1rem\">Die Fotocollage zum Abschlussjahr von Positive Prints eine sch\u00f6ne und kreative Art, den wichtigen Meilenstein des Abschlusses zu feiern und zu sch\u00e4tzen. Mache dem Absolventen ein pers\u00f6nliches und von Herzen kommendes Geschenk, das er f\u00fcr die kommenden Jahre sch\u00e4tzen wird!<\/p>","protected":false},"excerpt":{"rendered":"<ul class=\"check-list\">\n<li>Lade eure Lieblingsfotos hoch, um jeden Buchstaben zu personalisieren<\/li>\n<li>F\u00fcge eine herzliche Nachricht hinzu, um das Plakat einzigartig zu machen<\/li>\n<li>Personalisiere in 3 einfachen Schritten mit unserem benutzerfreundlichen Editor<\/li>\n<li>W\u00e4hle eine Vorlage oder werde kreativ<\/li>\n<li>Sieh dir dein Design sofort in der interaktiven Vorschau an<\/li>\n<\/ul>\n","protected":false},"featured_media":1348498,"template":"","meta":[],"product_brand":[],"product_cat":[7910,105,8819],"product_tag":[8492],"class_list":{"0":"post-470400","1":"product","2":"type-product","3":"status-publish","4":"has-post-thumbnail","6":"product_cat-geschenk-zum-abschluss","7":"product_cat-alle-produkte","8":"product_cat-photo-letter-de","9":"product_tag-graduation-de","11":"first","12":"instock","13":"sale","14":"taxable","15":"shipping-taxable","16":"purchasable","17":"product-type-variable"},"yoast_head":"<!-- This site is optimized with the Yoast SEO Premium plugin v27.2 (Yoast SEO v27.2) - https:\/\/yoast.com\/product\/yoast-seo-premium-wordpress\/ -->\n<title>Fotocollage zum Abschlussjahr - Positive Prints<\/title>\n<meta name=\"description\" content=\"Feiere den Erfolg mit einem bedeutungsvollen Abschlussgeschenk! Erstelle eine personalisierte Buchstaben-Fotocollage voller besonderer Erinnerungen.\" \/>\n<meta name=\"robots\" content=\"index, follow, max-snippet:-1, max-image-preview:large, max-video-preview:-1\" \/>\n<link rel=\"canonical\" href=\"https:\/\/positiveprints.com\/de\/produkt\/fotocollage-zum-abschlussjahr\/\" \/>\n<meta property=\"og:locale\" content=\"de_DE\" \/>\n<meta property=\"og:type\" content=\"article\" \/>\n<meta property=\"og:title\" content=\"Fotocollage zum Abschlussjahr\" \/>\n<meta property=\"og:description\" content=\"Lade eure Lieblingsfotos hoch, um jeden Buchstaben zu personalisieren  F\u00fcge eine herzliche Nachricht hinzu, um das Plakat einzigartig zu machen  Personalisiere in 3 einfachen Schritten mit unserem benutzerfreundlichen Editor  W\u00e4hle eine Vorlage oder werde kreativ  Sieh dir dein Design sofort in der interaktiven Vorschau an\" \/>\n<meta property=\"og:url\" content=\"https:\/\/positiveprints.com\/de\/produkt\/fotocollage-zum-abschlussjahr\/\" \/>\n<meta property=\"og:site_name\" content=\"Positive Prints\" \/>\n<meta property=\"article:publisher\" content=\"https:\/\/www.facebook.com\/positiveprintscom\" \/>\n<meta property=\"article:modified_time\" content=\"2026-04-03T02:18:09+00:00\" \/>\n<meta property=\"og:image\" content=\"https:\/\/positiveprints.com\/wp-content\/uploads\/2025\/04\/Fotocollage-zum-Abschlussjahr-1.webp\" \/>\n\t<meta property=\"og:image:width\" content=\"1450\" \/>\n\t<meta property=\"og:image:height\" content=\"1450\" \/>\n\t<meta property=\"og:image:type\" content=\"image\/webp\" \/>\n<meta name=\"twitter:card\" content=\"summary_large_image\" \/>\n<meta name=\"twitter:label1\" content=\"Gesch\u00e4tzte Lesezeit\" \/>\n\t<meta name=\"twitter:data1\" content=\"2\u00a0Minuten\" \/>\n<!-- \/ Yoast SEO Premium plugin. -->","yoast_head_json":{"title":"Fotocollage zum Abschlussjahr - Positive Prints","description":"Feiere den Erfolg mit einem bedeutungsvollen Abschlussgeschenk! Erstelle eine personalisierte Buchstaben-Fotocollage voller besonderer Erinnerungen.","robots":{"index":"index","follow":"follow","max-snippet":"max-snippet:-1","max-image-preview":"max-image-preview:large","max-video-preview":"max-video-preview:-1"},"canonical":"https:\/\/positiveprints.com\/de\/produkt\/fotocollage-zum-abschlussjahr\/","og_locale":"de_DE","og_type":"article","og_title":"Fotocollage zum Abschlussjahr","og_description":"Lade eure Lieblingsfotos hoch, um jeden Buchstaben zu personalisieren  F\u00fcge eine herzliche Nachricht hinzu, um das Plakat einzigartig zu machen  Personalisiere in 3 einfachen Schritten mit unserem benutzerfreundlichen Editor  W\u00e4hle eine Vorlage oder werde kreativ  Sieh dir dein Design sofort in der interaktiven Vorschau an","og_url":"https:\/\/positiveprints.com\/de\/produkt\/fotocollage-zum-abschlussjahr\/","og_site_name":"Positive Prints","article_publisher":"https:\/\/www.facebook.com\/positiveprintscom","article_modified_time":"2026-04-03T02:18:09+00:00","og_image":[{"width":1450,"height":1450,"url":"https:\/\/positiveprints.com\/wp-content\/uploads\/2025\/04\/Fotocollage-zum-Abschlussjahr-1.webp","type":"image\/webp"}],"twitter_card":"summary_large_image","twitter_misc":{"Gesch\u00e4tzte Lesezeit":"2\u00a0Minuten"},"schema":{"@context":"https:\/\/schema.org","@graph":[{"@type":["WebPage","ItemPage"],"@id":"https:\/\/positiveprints.com\/de\/produkt\/fotocollage-zum-abschlussjahr\/","url":"https:\/\/positiveprints.com\/de\/produkt\/fotocollage-zum-abschlussjahr\/","name":"Fotocollage zum Abschlussjahr - Positive Prints","isPartOf":{"@id":"https:\/\/positiveprints.com\/de\/#website"},"primaryImageOfPage":{"@id":"https:\/\/positiveprints.com\/de\/produkt\/fotocollage-zum-abschlussjahr\/#primaryimage"},"image":{"@id":"https:\/\/positiveprints.com\/de\/produkt\/fotocollage-zum-abschlussjahr\/#primaryimage"},"thumbnailUrl":"https:\/\/positiveprints.com\/wp-content\/uploads\/2025\/02\/Fotocollage-zum-Abschlussjahr-1.webp","datePublished":"2023-04-17T20:58:34+00:00","dateModified":"2026-04-03T02:18:09+00:00","description":"Feiere den Erfolg mit einem bedeutungsvollen Abschlussgeschenk! Erstelle eine personalisierte Buchstaben-Fotocollage voller besonderer Erinnerungen.","breadcrumb":{"@id":"https:\/\/positiveprints.com\/de\/produkt\/fotocollage-zum-abschlussjahr\/#breadcrumb"},"inLanguage":"de","potentialAction":[{"@type":"ReadAction","target":["https:\/\/positiveprints.com\/de\/produkt\/fotocollage-zum-abschlussjahr\/"]}]},{"@type":"ImageObject","inLanguage":"de","@id":"https:\/\/positiveprints.com\/de\/produkt\/fotocollage-zum-abschlussjahr\/#primaryimage","url":"https:\/\/positiveprints.com\/wp-content\/uploads\/2025\/02\/Fotocollage-zum-Abschlussjahr-1.webp","contentUrl":"https:\/\/positiveprints.com\/wp-content\/uploads\/2025\/02\/Fotocollage-zum-Abschlussjahr-1.webp","width":1450,"height":1450},{"@type":"BreadcrumbList","@id":"https:\/\/positiveprints.com\/de\/produkt\/fotocollage-zum-abschlussjahr\/#breadcrumb","itemListElement":[{"@type":"ListItem","position":1,"name":"Startseite","item":"https:\/\/positiveprints.com\/de\/"},{"@type":"ListItem","position":2,"name":"Produkte","item":"https:\/\/positiveprints.com\/de\/shop\/"},{"@type":"ListItem","position":3,"name":"Fotocollage zum Abschlussjahr"}]},{"@type":"WebSite","@id":"https:\/\/positiveprints.com\/de\/#website","url":"https:\/\/positiveprints.com\/de\/","name":"Positive Prints","description":"Amazing Custom Personalized Gifts","publisher":{"@id":"https:\/\/positiveprints.com\/de\/#organization"},"potentialAction":[{"@type":"SearchAction","target":{"@type":"EntryPoint","urlTemplate":"https:\/\/positiveprints.com\/de\/?s={search_term_string}"},"query-input":{"@type":"PropertyValueSpecification","valueRequired":true,"valueName":"search_term_string"}}],"inLanguage":"de"},{"@type":"Organization","@id":"https:\/\/positiveprints.com\/de\/#organization","name":"Positive Prints","alternateName":"Positive Prints","url":"https:\/\/positiveprints.com\/de\/","logo":{"@type":"ImageObject","inLanguage":"de","@id":"https:\/\/positiveprints.com\/de\/#\/schema\/logo\/image\/","url":"https:\/\/positiveprints.com\/wp-content\/uploads\/2026\/03\/245815646_1337939713319158_5671353136411139666_n.png","contentUrl":"https:\/\/positiveprints.com\/wp-content\/uploads\/2026\/03\/245815646_1337939713319158_5671353136411139666_n.png","width":800,"height":800,"caption":"Positive Prints"},"image":{"@id":"https:\/\/positiveprints.com\/de\/#\/schema\/logo\/image\/"},"sameAs":["https:\/\/www.facebook.com\/positiveprintscom","https:\/\/www.instagram.com\/positiveprintscom\/","https:\/\/www.tiktok.com\/@positiveprintscom","https:\/\/www.pinterest.com\/positiveprintscom\/"]}]}},"jetpack_sharing_enabled":true,"_links":{"self":[{"href":"https:\/\/positiveprints.com\/de\/wp-json\/wp\/v2\/product\/470400","targetHints":{"allow":["GET"]}}],"collection":[{"href":"https:\/\/positiveprints.com\/de\/wp-json\/wp\/v2\/product"}],"about":[{"href":"https:\/\/positiveprints.com\/de\/wp-json\/wp\/v2\/types\/product"}],"wp:featuredmedia":[{"embeddable":true,"href":"https:\/\/positiveprints.com\/de\/wp-json\/wp\/v2\/media\/1348498"}],"wp:attachment":[{"href":"https:\/\/positiveprints.com\/de\/wp-json\/wp\/v2\/media?parent=470400"}],"wp:term":[{"taxonomy":"product_brand","embeddable":true,"href":"https:\/\/positiveprints.com\/de\/wp-json\/wp\/v2\/product_brand?post=470400"},{"taxonomy":"product_cat","embeddable":true,"href":"https:\/\/positiveprints.com\/de\/wp-json\/wp\/v2\/product_cat?post=470400"},{"taxonomy":"product_tag","embeddable":true,"href":"https:\/\/positiveprints.com\/de\/wp-json\/wp\/v2\/product_tag?post=470400"}],"curies":[{"name":"wp","href":"https:\/\/api.w.org\/{rel}","templated":true}]}}