{"id":470392,"date":"2023-04-17T21:51:54","date_gmt":"2023-04-17T20:51:54","guid":{"rendered":"https:\/\/positiveprints.com\/?post_type=product&#038;p=470392"},"modified":"2026-04-12T22:28:39","modified_gmt":"2026-04-12T21:28:39","slug":"buchstaben-fotocollage-fuer-deinen-opa","status":"publish","type":"product","link":"https:\/\/positiveprints.com\/de\/produkt\/buchstaben-fotocollage-fuer-deinen-opa\/","title":{"rendered":"Buchstaben-Fotocollage f\u00fcr deinen Opa"},"content":{"rendered":"<p style=\"margin-top: 1rem;\">Es gibt nichts Sch\u00f6neres als die besondere Bindung zwischen einem Opa und seinen Enkelkindern. Feier diese au\u00dfergew\u00f6hnliche Beziehung mit der Opa-Buchstaben-Fotocollage von Positive Prints, einem personalisierten und sentimentalen Geschenk, das dein Opa f\u00fcr immer sch\u00e4tzen wird. Diese einzigartige Fotocollage besteht aus deinen Lieblingsfotos, die in Form des Wortes &#8220;Opa&#8221; angeordnet sind. Alternativ kannst du das Wort an den Namen deines Gro\u00dfvaters oder seinen Lieblingsspitznamen anpassen, z. B. \u201ePapa\u201c oder \u201eOpi\u201c.<\/p>\r\n<p style=\"margin-top: 1rem;\">Das Erstellen einer Opa-Buchstaben-Fotocollage ist einfach und bequem. Gehe einfach zu unserem Online-Editor und lade die ausgew\u00e4hlten Fotos f\u00fcr jeden Buchstaben im ausgew\u00e4hlten Wort hoch. Du kannst dann das Druckformat an deine Vorlieben anpassen, einschlie\u00dflich Poster, Leinwand- oder gerahmte Drucke oder digitale Download-Dateien zum Selbstausdrucken.<\/p>\r\n<p style=\"margin-top: 1rem;\">Positive Prints verwendet nur die hochwertigsten Druckmaterialien und -technologien, was bedeutet, dass deine Opa-Brief-Fotocollage professionell und umwerfend aussieht. Es ist das perfekte sentimentale Geschenk f\u00fcr jeden Anlass &#8211; ob zum Geburtstag, zu Weihnachten oder einfach nur, weil du deinem Opa zeigen m\u00f6chtest, wie sehr du ihn gern hast.<\/p>\r\n<p style=\"margin-top: 1rem;\">Warum also nicht deinem Opa ein Geschenk machen, an dem er sich ein Leben lang erfreuen kann? Die Opa-Buchstaben-Fotocollage ist eine besondere und personalisierte M\u00f6glichkeit, auszudr\u00fccken, wie sehr du ihn liebst und um ihm zu zeigen, wie viel er dir im Laufe der Jahre bedeutet. Mit Positive Prints war es noch nie so einfach, eine sch\u00f6ne und einzigartige Fotocollage mit \u201eOpa-Buchstaben\u201c zu erstellen!<\/p>","protected":false},"excerpt":{"rendered":"<ul class=\"check-list\">\n<li>F\u00fcge einen aussagekr\u00e4ftigen, pers\u00f6nlichen Text hinzu<\/li>\n<li>Passe dein Kunstwerk in 3 einfachen Schritten an<\/li>\n<li>W\u00e4hle eine Vorlage oder werde kreativ<\/li>\n<li>Schau dir direkt den Effekt an \u2013 die interaktive Vorschau erm\u00f6glicht es dir dein Design in Echtzeit anzupassen<\/li>\n<\/ul>\n","protected":false},"featured_media":1670529,"template":"","meta":[],"product_brand":[],"product_cat":[105,9275,11340,7606,8819,5266],"product_tag":[15662,12532,15677,8660,11720],"class_list":{"0":"post-470392","1":"product","2":"type-product","3":"status-publish","4":"has-post-thumbnail","6":"product_cat-alle-produkte","7":"product_cat-bestsellers-label-de","8":"product_cat-weihnachtsgeschenke-fur-den-opa","9":"product_cat-geschenke-fur-opa","10":"product_cat-photo-letter-de","11":"product_cat-weihnachtsgeschenke","12":"product_tag-geburtstagsgeschenk-fur-opa","13":"product_tag-geschenk-fur-opa","14":"product_tag-geschenk-fur-opa-de","15":"product_tag-grandpa-de","16":"product_tag-weihnachtsgeschenke-fuer-den-opa","18":"first","19":"instock","20":"sale","21":"taxable","22":"shipping-taxable","23":"purchasable","24":"product-type-variable"},"yoast_head":"<!-- This site is optimized with the Yoast SEO Premium plugin v27.2 (Yoast SEO v27.2) - https:\/\/yoast.com\/product\/yoast-seo-premium-wordpress\/ -->\n<title>Buchstaben-Fotocollage f\u00fcr deinen Opa - Positive Prints<\/title>\n<meta name=\"description\" content=\"\u00dcberrasche deinen Opa mit einem besonderen Geschenk. Gestalte eine personalisierte Buchstaben-Fotocollage voller bedeutungsvoller Erinnerungen, die er lieben wird.\" \/>\n<meta name=\"robots\" content=\"index, follow, max-snippet:-1, max-image-preview:large, max-video-preview:-1\" \/>\n<link rel=\"canonical\" href=\"https:\/\/positiveprints.com\/de\/produkt\/buchstaben-fotocollage-fuer-deinen-opa\/\" \/>\n<meta property=\"og:locale\" content=\"de_DE\" \/>\n<meta property=\"og:type\" content=\"article\" \/>\n<meta property=\"og:title\" content=\"Buchstaben-Fotocollage f\u00fcr deinen Opa\" \/>\n<meta property=\"og:description\" content=\"F\u00fcge einen aussagekr\u00e4ftigen, pers\u00f6nlichen Text hinzu  Passe dein Kunstwerk in 3 einfachen Schritten an  W\u00e4hle eine Vorlage oder werde kreativ  Schau dir direkt den Effekt an \u2013 die interaktive Vorschau erm\u00f6glicht es dir dein Design in Echtzeit anzupassen\" \/>\n<meta property=\"og:url\" content=\"https:\/\/positiveprints.com\/de\/produkt\/buchstaben-fotocollage-fuer-deinen-opa\/\" \/>\n<meta property=\"og:site_name\" content=\"Positive Prints\" \/>\n<meta property=\"article:publisher\" content=\"https:\/\/www.facebook.com\/positiveprintscom\" \/>\n<meta property=\"article:modified_time\" content=\"2026-04-12T21:28:39+00:00\" \/>\n<meta property=\"og:image\" content=\"https:\/\/positiveprints.com\/wp-content\/uploads\/2024\/11\/Packshot_DE_Grandpa-Letter-Photo-Collage-product-image.webp\" \/>\n\t<meta property=\"og:image:width\" content=\"1450\" \/>\n\t<meta property=\"og:image:height\" content=\"1450\" \/>\n\t<meta property=\"og:image:type\" content=\"image\/webp\" \/>\n<meta name=\"twitter:card\" content=\"summary_large_image\" \/>\n<meta name=\"twitter:label1\" content=\"Gesch\u00e4tzte Lesezeit\" \/>\n\t<meta name=\"twitter:data1\" content=\"2\u00a0Minuten\" \/>\n<!-- \/ Yoast SEO Premium plugin. -->","yoast_head_json":{"title":"Buchstaben-Fotocollage f\u00fcr deinen Opa - Positive Prints","description":"\u00dcberrasche deinen Opa mit einem besonderen Geschenk. Gestalte eine personalisierte Buchstaben-Fotocollage voller bedeutungsvoller Erinnerungen, die er lieben wird.","robots":{"index":"index","follow":"follow","max-snippet":"max-snippet:-1","max-image-preview":"max-image-preview:large","max-video-preview":"max-video-preview:-1"},"canonical":"https:\/\/positiveprints.com\/de\/produkt\/buchstaben-fotocollage-fuer-deinen-opa\/","og_locale":"de_DE","og_type":"article","og_title":"Buchstaben-Fotocollage f\u00fcr deinen Opa","og_description":"F\u00fcge einen aussagekr\u00e4ftigen, pers\u00f6nlichen Text hinzu  Passe dein Kunstwerk in 3 einfachen Schritten an  W\u00e4hle eine Vorlage oder werde kreativ  Schau dir direkt den Effekt an \u2013 die interaktive Vorschau erm\u00f6glicht es dir dein Design in Echtzeit anzupassen","og_url":"https:\/\/positiveprints.com\/de\/produkt\/buchstaben-fotocollage-fuer-deinen-opa\/","og_site_name":"Positive Prints","article_publisher":"https:\/\/www.facebook.com\/positiveprintscom","article_modified_time":"2026-04-12T21:28:39+00:00","og_image":[{"width":1450,"height":1450,"url":"https:\/\/positiveprints.com\/wp-content\/uploads\/2024\/11\/Packshot_DE_Grandpa-Letter-Photo-Collage-product-image.webp","type":"image\/webp"}],"twitter_card":"summary_large_image","twitter_misc":{"Gesch\u00e4tzte Lesezeit":"2\u00a0Minuten"},"schema":{"@context":"https:\/\/schema.org","@graph":[{"@type":["WebPage","ItemPage"],"@id":"https:\/\/positiveprints.com\/de\/produkt\/buchstaben-fotocollage-fuer-deinen-opa\/","url":"https:\/\/positiveprints.com\/de\/produkt\/buchstaben-fotocollage-fuer-deinen-opa\/","name":"Buchstaben-Fotocollage f\u00fcr deinen Opa - Positive Prints","isPartOf":{"@id":"https:\/\/positiveprints.com\/de\/#website"},"primaryImageOfPage":{"@id":"https:\/\/positiveprints.com\/de\/produkt\/buchstaben-fotocollage-fuer-deinen-opa\/#primaryimage"},"image":{"@id":"https:\/\/positiveprints.com\/de\/produkt\/buchstaben-fotocollage-fuer-deinen-opa\/#primaryimage"},"thumbnailUrl":"https:\/\/positiveprints.com\/wp-content\/uploads\/2026\/03\/opa_DE.webp","datePublished":"2023-04-17T20:51:54+00:00","dateModified":"2026-04-12T21:28:39+00:00","description":"\u00dcberrasche deinen Opa mit einem besonderen Geschenk. Gestalte eine personalisierte Buchstaben-Fotocollage voller bedeutungsvoller Erinnerungen, die er lieben wird.","breadcrumb":{"@id":"https:\/\/positiveprints.com\/de\/produkt\/buchstaben-fotocollage-fuer-deinen-opa\/#breadcrumb"},"inLanguage":"de","potentialAction":[{"@type":"ReadAction","target":["https:\/\/positiveprints.com\/de\/produkt\/buchstaben-fotocollage-fuer-deinen-opa\/"]}]},{"@type":"ImageObject","inLanguage":"de","@id":"https:\/\/positiveprints.com\/de\/produkt\/buchstaben-fotocollage-fuer-deinen-opa\/#primaryimage","url":"https:\/\/positiveprints.com\/wp-content\/uploads\/2026\/03\/opa_DE.webp","contentUrl":"https:\/\/positiveprints.com\/wp-content\/uploads\/2026\/03\/opa_DE.webp","width":1450,"height":1450,"caption":"opa_DE"},{"@type":"BreadcrumbList","@id":"https:\/\/positiveprints.com\/de\/produkt\/buchstaben-fotocollage-fuer-deinen-opa\/#breadcrumb","itemListElement":[{"@type":"ListItem","position":1,"name":"Startseite","item":"https:\/\/positiveprints.com\/de\/"},{"@type":"ListItem","position":2,"name":"Produkte","item":"https:\/\/positiveprints.com\/de\/shop\/"},{"@type":"ListItem","position":3,"name":"Buchstaben-Fotocollage f\u00fcr deinen Opa"}]},{"@type":"WebSite","@id":"https:\/\/positiveprints.com\/de\/#website","url":"https:\/\/positiveprints.com\/de\/","name":"Positive Prints","description":"Amazing Custom Personalized Gifts","publisher":{"@id":"https:\/\/positiveprints.com\/de\/#organization"},"potentialAction":[{"@type":"SearchAction","target":{"@type":"EntryPoint","urlTemplate":"https:\/\/positiveprints.com\/de\/?s={search_term_string}"},"query-input":{"@type":"PropertyValueSpecification","valueRequired":true,"valueName":"search_term_string"}}],"inLanguage":"de"},{"@type":"Organization","@id":"https:\/\/positiveprints.com\/de\/#organization","name":"Positive Prints","alternateName":"Positive Prints","url":"https:\/\/positiveprints.com\/de\/","logo":{"@type":"ImageObject","inLanguage":"de","@id":"https:\/\/positiveprints.com\/de\/#\/schema\/logo\/image\/","url":"https:\/\/positiveprints.com\/wp-content\/uploads\/2026\/03\/245815646_1337939713319158_5671353136411139666_n.png","contentUrl":"https:\/\/positiveprints.com\/wp-content\/uploads\/2026\/03\/245815646_1337939713319158_5671353136411139666_n.png","width":800,"height":800,"caption":"Positive Prints"},"image":{"@id":"https:\/\/positiveprints.com\/de\/#\/schema\/logo\/image\/"},"sameAs":["https:\/\/www.facebook.com\/positiveprintscom","https:\/\/www.instagram.com\/positiveprintscom\/","https:\/\/www.tiktok.com\/@positiveprintscom","https:\/\/www.pinterest.com\/positiveprintscom\/"]}]}},"jetpack_sharing_enabled":true,"_links":{"self":[{"href":"https:\/\/positiveprints.com\/de\/wp-json\/wp\/v2\/product\/470392","targetHints":{"allow":["GET"]}}],"collection":[{"href":"https:\/\/positiveprints.com\/de\/wp-json\/wp\/v2\/product"}],"about":[{"href":"https:\/\/positiveprints.com\/de\/wp-json\/wp\/v2\/types\/product"}],"wp:featuredmedia":[{"embeddable":true,"href":"https:\/\/positiveprints.com\/de\/wp-json\/wp\/v2\/media\/1670529"}],"wp:attachment":[{"href":"https:\/\/positiveprints.com\/de\/wp-json\/wp\/v2\/media?parent=470392"}],"wp:term":[{"taxonomy":"product_brand","embeddable":true,"href":"https:\/\/positiveprints.com\/de\/wp-json\/wp\/v2\/product_brand?post=470392"},{"taxonomy":"product_cat","embeddable":true,"href":"https:\/\/positiveprints.com\/de\/wp-json\/wp\/v2\/product_cat?post=470392"},{"taxonomy":"product_tag","embeddable":true,"href":"https:\/\/positiveprints.com\/de\/wp-json\/wp\/v2\/product_tag?post=470392"}],"curies":[{"name":"wp","href":"https:\/\/api.w.org\/{rel}","templated":true}]}}