{"id":453367,"date":"2023-02-15T20:55:15","date_gmt":"2023-02-15T19:55:15","guid":{"rendered":"https:\/\/positiveprints.com\/?post_type=product&#038;p=453367"},"modified":"2026-04-12T22:41:05","modified_gmt":"2026-04-12T21:41:05","slug":"papas-lieblingslied","status":"publish","type":"product","link":"https:\/\/positiveprints.com\/de\/produkt\/papas-lieblingslied\/","title":{"rendered":"Papas Lieblingslied"},"content":{"rendered":"<p style=\"margin-top: 1rem\">Auf der Suche nach einem Geschenk f\u00fcr Papa? Mit \u201cPapas Lieblingslied\u201d kannst du deinem Vater zeigen, wie viel er dir bedeutet, und ihm das Gef\u00fchl geben, gesch\u00e4tzt zu werden. Lasse deine Liebe durch Schallwellen sprechen \u2013 es wird seinen Tag sicher zu etwas Besonderem machen.<\/p>\r\n\r\n\r\n\r\n<h2 class=\"grenB f24 cblue\" style=\"margin-top: 3rem\">Wie erstelle ich \u201cPapas Lieblingslied\u201d-Poster?<\/h2>\r\n\r\n<p style=\"margin-top: 1rem\">\u201cPapas Lieblingslied\u201d-Schallwellen-Kunstwerk ist eines der besten Geschenke, die du deinem Vater zum Vatertag oder zu einem besonderen Anlass machen kannst. Es zeigt nicht nur deine Wertsch\u00e4tzung f\u00fcr seinen Geschmack und seine Vorlieben, sondern gibt ihm auch etwas, an dem er sich immer erfreuen und an das er sich erinnern kann. Personalisierte Schallwellen-Drucke und -Leinw\u00e4nde sind besonders und bedeutungsvoll, weil sie es uns erm\u00f6glichen, auf einzigartige Weise auszudr\u00fccken, wie sehr uns etwas am Herzen liegt. Sie bieten auch V\u00e4tern die M\u00f6glichkeit, sich mit ihren Kindern zu verbinden und Erinnerungen durch Lieblingslieder auszutauschen.<\/p>\r\n\r\n\r\n\r\n<p style=\"margin-top: 1rem\">Um Papas Lieblingslied zu erstellen, musst du zuerst das Lied ausw\u00e4hlen. Du kannst entweder einen Youtube-Videolink einf\u00fcgen oder eine Audiodatei von deinem Computer hochladen. Passe es dann an, indem du deinen eigenen pers\u00f6nlichen Text hinzuf\u00fcgst und Farben ausw\u00e4hlst. Sobald du mit dem Design zufrieden bist, gebe einfach eine Bestellung auf. Deine individuelle Schallwellen-Kunst wird innerhalb weniger Tage ankommen und kann in jedem Raum aufgeh\u00e4ngt werden.<\/p>\r\n\r\n\r\n\r\n\r\n\r\n<h2 class=\"grenB f24 cblue\" style=\"margin-top: 3rem\">Zeige Wertsch\u00e4tzung f\u00fcr deinen Papa<\/h2>\r\n\r\n<p style=\"margin-top: 1rem\">Geschenke an unsere V\u00e4ter zu machen ist eine wichtige M\u00f6glichkeit, Wertsch\u00e4tzung und Liebe f\u00fcr alles zu zeigen, was sie tun. V\u00e4ter stellen die Bed\u00fcrfnisse ihrer Kinder und ihrer Familie oft an erste Stelle, daher ist es sinnvoll, ihnen die M\u00f6glichkeit zu geben, im Gegenzug ein besonderes Geschenk zu erhalten. Geschenke geben uns die M\u00f6glichkeit, unseren V\u00e4tern nicht nur zu sagen, wie wichtig sie uns sind, sondern sie auch durch greifbare Gegenst\u00e4nde zu zeigen. Zum Vatertag oder zu anderen besonderen Anl\u00e4ssen kann ein aufmerksames Geschenk eine gro\u00dfartige M\u00f6glichkeit sein, deine Dankbarkeit und Bewunderung f\u00fcr das alles auszudr\u00fccken, was dein Vater f\u00fcr dich macht.<\/p>\r\n\r\n\r\n\r\n \r\n\r\n<p style=\"margin-top: 3rem\">\u201cPapas Lieblingslied\u201d als Poster ist ein perfektes Geschenk f\u00fcr Vatertag, Geburtstage, Jubil\u00e4en oder andere besondere Anl\u00e4sse. Feiere das Lieblingslied deines Vaters auf einzigartige und bedeutungsvolle Weise, an dem ihr jahrelang Freude haben werdet. Zeige deine Wertsch\u00e4tzung und lass ihn wissen, wie sehr du dich f\u00fcr ihn interessierst. Gebe ihm das Gef\u00fchl, etwas ganz Besonderes zu sein, und mache ihm ein Geschenk, an das er sich immer erinnern wird. Erstelle noch heute dein \u201cPapas Lieblingslied\u201d-Kunstwerk!<\/p>","protected":false},"excerpt":{"rendered":"<ul class=\"check-list\">\n<li>Verwandele deine Stimme oder jeden Ton in ein atemberaubendes, personalisiertes Kunstwerk<\/li>\n<li>Lade einfach eine Audiodatei hoch<\/li>\n<li>F\u00fcge einen QR-Code hinzu und scannen ihn, um dein Lieblingssong abzuspielen<\/li>\n<li>Passe dein Kunstwerk in 3 einfachen Schritten an<\/li>\n<li>W\u00e4hle eine Vorlage oder werde kreativ<\/li>\n<\/ul>\n","protected":false},"featured_media":460982,"template":"","meta":[],"product_brand":[],"product_cat":[105,7340,5266,11337,7974,7479],"product_tag":[8552,11711],"class_list":{"0":"post-453367","1":"product","2":"type-product","3":"status-publish","4":"has-post-thumbnail","6":"product_cat-alle-produkte","7":"product_cat-vatertagsgeschenke","8":"product_cat-weihnachtsgeschenke","9":"product_cat-weihnachtsgeschenke-fur-den-papa","10":"product_cat-geschenke-fur-papa","11":"product_cat-soundwave-de","12":"product_tag-father-de","13":"product_tag-weihnachtsgeschenke-fur-den-papa","15":"first","16":"instock","17":"sale","18":"taxable","19":"shipping-taxable","20":"purchasable","21":"product-type-variable"},"yoast_head":"<!-- This site is optimized with the Yoast SEO Premium plugin v27.2 (Yoast SEO v27.2) - https:\/\/yoast.com\/product\/yoast-seo-premium-wordpress\/ -->\n<title>Papas Lieblingslied - Positive Prints<\/title>\n<meta name=\"description\" content=\"Bist du auf der Suche nach einem Geschenk f\u00fcr deinen Papa? Mit \u201cPapas Lieblingslied\u201d als Poster kannst du deinem Vater zeigen, wie viel er dir bedeutet, und ihm das Gef\u00fchl geben, gesch\u00e4tzt zu werden.\" \/>\n<meta name=\"robots\" content=\"index, follow, max-snippet:-1, max-image-preview:large, max-video-preview:-1\" \/>\n<link rel=\"canonical\" href=\"https:\/\/positiveprints.com\/de\/produkt\/papas-lieblingslied\/\" \/>\n<meta property=\"og:locale\" content=\"de_DE\" \/>\n<meta property=\"og:type\" content=\"article\" \/>\n<meta property=\"og:title\" content=\"Papas Lieblingslied\" \/>\n<meta property=\"og:description\" content=\"Verwandele deine Stimme oder jeden Ton in ein atemberaubendes, personalisiertes Kunstwerk Lade einfach eine Audiodatei hoch F\u00fcge einen QR-Code hinzu und scannen ihn, um dein Lieblingssong abzuspielen Passe dein Kunstwerk in 3 einfachen Schritten an W\u00e4hle eine Vorlage oder werde kreativ\" \/>\n<meta property=\"og:url\" content=\"https:\/\/positiveprints.com\/de\/produkt\/papas-lieblingslied\/\" \/>\n<meta property=\"og:site_name\" content=\"Positive Prints\" \/>\n<meta property=\"article:publisher\" content=\"https:\/\/www.facebook.com\/positiveprintscom\" \/>\n<meta property=\"article:modified_time\" content=\"2026-04-12T21:41:05+00:00\" \/>\n<meta property=\"og:image\" content=\"https:\/\/positiveprints.com\/wp-content\/uploads\/2023\/04\/Papas-Lieblingslied.jpg\" \/>\n\t<meta property=\"og:image:width\" content=\"1080\" \/>\n\t<meta property=\"og:image:height\" content=\"1080\" \/>\n\t<meta property=\"og:image:type\" content=\"image\/jpeg\" \/>\n<meta name=\"twitter:card\" content=\"summary_large_image\" \/>\n<!-- \/ Yoast SEO Premium plugin. -->","yoast_head_json":{"title":"Papas Lieblingslied - Positive Prints","description":"Bist du auf der Suche nach einem Geschenk f\u00fcr deinen Papa? Mit \u201cPapas Lieblingslied\u201d als Poster kannst du deinem Vater zeigen, wie viel er dir bedeutet, und ihm das Gef\u00fchl geben, gesch\u00e4tzt zu werden.","robots":{"index":"index","follow":"follow","max-snippet":"max-snippet:-1","max-image-preview":"max-image-preview:large","max-video-preview":"max-video-preview:-1"},"canonical":"https:\/\/positiveprints.com\/de\/produkt\/papas-lieblingslied\/","og_locale":"de_DE","og_type":"article","og_title":"Papas Lieblingslied","og_description":"Verwandele deine Stimme oder jeden Ton in ein atemberaubendes, personalisiertes Kunstwerk Lade einfach eine Audiodatei hoch F\u00fcge einen QR-Code hinzu und scannen ihn, um dein Lieblingssong abzuspielen Passe dein Kunstwerk in 3 einfachen Schritten an W\u00e4hle eine Vorlage oder werde kreativ","og_url":"https:\/\/positiveprints.com\/de\/produkt\/papas-lieblingslied\/","og_site_name":"Positive Prints","article_publisher":"https:\/\/www.facebook.com\/positiveprintscom","article_modified_time":"2026-04-12T21:41:05+00:00","og_image":[{"width":1080,"height":1080,"url":"https:\/\/positiveprints.com\/wp-content\/uploads\/2023\/04\/Papas-Lieblingslied.jpg","type":"image\/jpeg"}],"twitter_card":"summary_large_image","schema":{"@context":"https:\/\/schema.org","@graph":[{"@type":["WebPage","ItemPage"],"@id":"https:\/\/positiveprints.com\/de\/produkt\/papas-lieblingslied\/","url":"https:\/\/positiveprints.com\/de\/produkt\/papas-lieblingslied\/","name":"Papas Lieblingslied - Positive Prints","isPartOf":{"@id":"https:\/\/positiveprints.com\/de\/#website"},"primaryImageOfPage":{"@id":"https:\/\/positiveprints.com\/de\/produkt\/papas-lieblingslied\/#primaryimage"},"image":{"@id":"https:\/\/positiveprints.com\/de\/produkt\/papas-lieblingslied\/#primaryimage"},"thumbnailUrl":"https:\/\/positiveprints.com\/wp-content\/uploads\/2023\/04\/Papas-Lieblingslied.jpg","datePublished":"2023-02-15T19:55:15+00:00","dateModified":"2026-04-12T21:41:05+00:00","description":"Bist du auf der Suche nach einem Geschenk f\u00fcr deinen Papa? Mit \u201cPapas Lieblingslied\u201d als Poster kannst du deinem Vater zeigen, wie viel er dir bedeutet, und ihm das Gef\u00fchl geben, gesch\u00e4tzt zu werden.","breadcrumb":{"@id":"https:\/\/positiveprints.com\/de\/produkt\/papas-lieblingslied\/#breadcrumb"},"inLanguage":"de","potentialAction":[{"@type":"ReadAction","target":["https:\/\/positiveprints.com\/de\/produkt\/papas-lieblingslied\/"]}]},{"@type":"ImageObject","inLanguage":"de","@id":"https:\/\/positiveprints.com\/de\/produkt\/papas-lieblingslied\/#primaryimage","url":"https:\/\/positiveprints.com\/wp-content\/uploads\/2023\/04\/Papas-Lieblingslied.jpg","contentUrl":"https:\/\/positiveprints.com\/wp-content\/uploads\/2023\/04\/Papas-Lieblingslied.jpg","width":1080,"height":1080,"caption":"Papas Lieblingslied"},{"@type":"BreadcrumbList","@id":"https:\/\/positiveprints.com\/de\/produkt\/papas-lieblingslied\/#breadcrumb","itemListElement":[{"@type":"ListItem","position":1,"name":"Startseite","item":"https:\/\/positiveprints.com\/de\/"},{"@type":"ListItem","position":2,"name":"Produkte","item":"https:\/\/positiveprints.com\/de\/shop\/"},{"@type":"ListItem","position":3,"name":"Papas Lieblingslied"}]},{"@type":"WebSite","@id":"https:\/\/positiveprints.com\/de\/#website","url":"https:\/\/positiveprints.com\/de\/","name":"Positive Prints","description":"Amazing Custom Personalized Gifts","publisher":{"@id":"https:\/\/positiveprints.com\/de\/#organization"},"potentialAction":[{"@type":"SearchAction","target":{"@type":"EntryPoint","urlTemplate":"https:\/\/positiveprints.com\/de\/?s={search_term_string}"},"query-input":{"@type":"PropertyValueSpecification","valueRequired":true,"valueName":"search_term_string"}}],"inLanguage":"de"},{"@type":"Organization","@id":"https:\/\/positiveprints.com\/de\/#organization","name":"Positive Prints","alternateName":"Positive Prints","url":"https:\/\/positiveprints.com\/de\/","logo":{"@type":"ImageObject","inLanguage":"de","@id":"https:\/\/positiveprints.com\/de\/#\/schema\/logo\/image\/","url":"https:\/\/positiveprints.com\/wp-content\/uploads\/2026\/03\/245815646_1337939713319158_5671353136411139666_n.png","contentUrl":"https:\/\/positiveprints.com\/wp-content\/uploads\/2026\/03\/245815646_1337939713319158_5671353136411139666_n.png","width":800,"height":800,"caption":"Positive Prints"},"image":{"@id":"https:\/\/positiveprints.com\/de\/#\/schema\/logo\/image\/"},"sameAs":["https:\/\/www.facebook.com\/positiveprintscom","https:\/\/www.instagram.com\/positiveprintscom\/","https:\/\/www.tiktok.com\/@positiveprintscom","https:\/\/www.pinterest.com\/positiveprintscom\/"]}]}},"jetpack_sharing_enabled":true,"_links":{"self":[{"href":"https:\/\/positiveprints.com\/de\/wp-json\/wp\/v2\/product\/453367","targetHints":{"allow":["GET"]}}],"collection":[{"href":"https:\/\/positiveprints.com\/de\/wp-json\/wp\/v2\/product"}],"about":[{"href":"https:\/\/positiveprints.com\/de\/wp-json\/wp\/v2\/types\/product"}],"wp:featuredmedia":[{"embeddable":true,"href":"https:\/\/positiveprints.com\/de\/wp-json\/wp\/v2\/media\/460982"}],"wp:attachment":[{"href":"https:\/\/positiveprints.com\/de\/wp-json\/wp\/v2\/media?parent=453367"}],"wp:term":[{"taxonomy":"product_brand","embeddable":true,"href":"https:\/\/positiveprints.com\/de\/wp-json\/wp\/v2\/product_brand?post=453367"},{"taxonomy":"product_cat","embeddable":true,"href":"https:\/\/positiveprints.com\/de\/wp-json\/wp\/v2\/product_cat?post=453367"},{"taxonomy":"product_tag","embeddable":true,"href":"https:\/\/positiveprints.com\/de\/wp-json\/wp\/v2\/product_tag?post=453367"}],"curies":[{"name":"wp","href":"https:\/\/api.w.org\/{rel}","templated":true}]}}