{"id":452313,"date":"2023-04-03T16:33:53","date_gmt":"2023-04-03T15:33:53","guid":{"rendered":"https:\/\/positiveprints.com\/?post_type=product&#038;p=452313"},"modified":"2026-04-07T15:12:24","modified_gmt":"2026-04-07T14:12:24","slug":"mama-ich-die-doppelsternkarte","status":"publish","type":"product","link":"https:\/\/positiveprints.com\/de\/produkt\/mama-ich-die-doppelsternkarte\/","title":{"rendered":"Mama &#038; Ich: Die Doppelsternkarte"},"content":{"rendered":"<p style=\"margin-top: 1rem\">Suchst du ein einzigartiges und personalisiertes Geschenk f\u00fcr deine Mutter zu besonderen Anl\u00e4ssen wie Muttertag, Geburtstag oder Weihnachten? Suche nicht weiter: wir haben f\u00fcr dich die \u201cMama &#038; Ich Doppelsternkarte\u201d \u2013 ein atemberaubender, einzigartiger Druck mit zwei Sternenkarten auf einem einzigen Poster.<\/p>\r\n\r\n\r\n<p style=\"margin-top: 1rem\">Mit der \u201cMama &#038; Ich Doppelsternkarte\u201d kannst du eine vollst\u00e4ndig individuelle Darstellung des Nachthimmels an dem Tag erstellen, an dem du und deine Mutter geboren wurdet. Eine der Karten zeigt das Geburtsdatum und den Geburtsort deiner Mutter, w\u00e4hrend die zweite deine Details zeigt.<\/p>\r\n\r\n\r\n<p style=\"margin-top: 1rem\">Das Erstellen deines eigenen personalisierten Drucks ist einfach zu bewerkstelligen. Gehe einfach zu unserem Online-Editor, wo du aus einer Vielzahl von Designs und Farbschemata w\u00e4hlen kannst. Gebe als N\u00e4chstes die Daten und Orte f\u00fcr jede Sternenkarte ein. W\u00e4hle schlie\u00dflich die Gr\u00f6\u00dfe und das Format aus, die f\u00fcr dich am besten geeignet sind, ob es sich um ein gedrucktes oder gerahmtes Poster, eine Leinwand oder eine sofortige digitale Download-Datei handelt.<\/p>\r\n\r\n\r\n<p style=\"margin-top: 1rem\">Aber die Personalisierungsoptionen h\u00f6ren hier nicht auf. Du kannst sogar deine eigene spezielle Nachricht oder ein Zitat hinzuf\u00fcgen, um die \u201cMama &#038; Ich Doppelsternkarte\u201d noch einzigartiger und durchdachter zu machen.<\/p>\r\n\r\n\r\n<p style=\"margin-top: 1rem\">Verschenke die Sterne mit einer personalisierten  \u201cMama &#038; Ich Doppelsternkarte\u201d, einer ber\u00fchrenden und unvergesslichen Erinnerung an die besondere Bindung zwischen Mutter und Kind.<\/p>","protected":false},"excerpt":{"rendered":"<ul class=\"check-list\">\n<li>Entwerfe deine eigene Sternkarte, die den Himmel von zwei verschiedenen Orten und Daten darstellt<\/li>\n<li>F\u00fcge Sternbilder und die Milchstra\u00dfe hinzu<\/li>\n<li>Passe es in 3 einfachen Schritten<\/li>\n<li>F\u00fcge einen aussagekr\u00e4ftigen personalisierten Text hinzu<\/li>\n<li>Sieh das Ergebnis sofort \u2013 die interaktive Vorschau erm\u00f6glicht dir, jedes Detail direkt anzupassen<\/li>\n<\/ul>\n","protected":false},"featured_media":1252044,"template":"","meta":[],"product_brand":[],"product_cat":[105,5252,9099,7766,7654,7814,7189],"product_tag":[],"class_list":{"0":"post-452313","1":"product","2":"type-product","3":"status-publish","4":"has-post-thumbnail","6":"product_cat-alle-produkte","7":"product_cat-babygeburtsgeschenke","8":"product_cat-duo-stars-de","9":"product_cat-geschenke-fur-deine-tochter","10":"product_cat-geschenke-fur-deinen-sohn","11":"product_cat-geschenke-fur-frisch-gewordene-eltern","12":"product_cat-map-de","14":"first","15":"instock","16":"sale","17":"taxable","18":"shipping-taxable","19":"purchasable","20":"product-type-variable"},"yoast_head":"<!-- This site is optimized with the Yoast SEO Premium plugin v27.2 (Yoast SEO v27.2) - https:\/\/yoast.com\/product\/yoast-seo-premium-wordpress\/ -->\n<title>Mama &amp; Ich: Die Doppelsternkarte - Positive Prints<\/title>\n<meta name=\"description\" content=\"Verschenke die Sterne mit einer personalisierten \u201cMama &amp; Ich Doppelsternkarte\u201d, einer ber\u00fchrenden und unvergesslichen Erinnerung an die besondere Bindung zwischen Mutter und Kind. Bestelle direkt jetzt!\" \/>\n<meta name=\"robots\" content=\"index, follow, max-snippet:-1, max-image-preview:large, max-video-preview:-1\" \/>\n<link rel=\"canonical\" href=\"https:\/\/positiveprints.com\/de\/produkt\/mama-ich-die-doppelsternkarte\/\" \/>\n<meta property=\"og:locale\" content=\"de_DE\" \/>\n<meta property=\"og:type\" content=\"article\" \/>\n<meta property=\"og:title\" content=\"Mama &amp; Ich: Die Doppelsternkarte\" \/>\n<meta property=\"og:description\" content=\"Entwerfe deine eigene Sternkarte, die den Himmel von zwei verschiedenen Orten und Daten darstellt F\u00fcge Sternbilder und die Milchstra\u00dfe hinzu Passe es in 3 einfachen Schritten F\u00fcge einen aussagekr\u00e4ftigen personalisierten Text hinzu Sieh das Ergebnis sofort \u2013 die interaktive Vorschau erm\u00f6glicht dir, jedes Detail direkt anzupassen\" \/>\n<meta property=\"og:url\" content=\"https:\/\/positiveprints.com\/de\/produkt\/mama-ich-die-doppelsternkarte\/\" \/>\n<meta property=\"og:site_name\" content=\"Positive Prints\" \/>\n<meta property=\"article:publisher\" content=\"https:\/\/www.facebook.com\/positiveprintscom\" \/>\n<meta property=\"article:modified_time\" content=\"2026-04-07T14:12:24+00:00\" \/>\n<meta property=\"og:image\" content=\"https:\/\/positiveprints.com\/wp-content\/uploads\/2024\/11\/PACKSHOT_DE_Mom-Me-Double-Star-Map-product-image-.webp\" \/>\n\t<meta property=\"og:image:width\" content=\"1450\" \/>\n\t<meta property=\"og:image:height\" content=\"1450\" \/>\n\t<meta property=\"og:image:type\" content=\"image\/webp\" \/>\n<meta name=\"twitter:card\" content=\"summary_large_image\" \/>\n<!-- \/ Yoast SEO Premium plugin. -->","yoast_head_json":{"title":"Mama &amp; Ich: Die Doppelsternkarte - Positive Prints","description":"Verschenke die Sterne mit einer personalisierten \u201cMama & Ich Doppelsternkarte\u201d, einer ber\u00fchrenden und unvergesslichen Erinnerung an die besondere Bindung zwischen Mutter und Kind. Bestelle direkt jetzt!","robots":{"index":"index","follow":"follow","max-snippet":"max-snippet:-1","max-image-preview":"max-image-preview:large","max-video-preview":"max-video-preview:-1"},"canonical":"https:\/\/positiveprints.com\/de\/produkt\/mama-ich-die-doppelsternkarte\/","og_locale":"de_DE","og_type":"article","og_title":"Mama & Ich: Die Doppelsternkarte","og_description":"Entwerfe deine eigene Sternkarte, die den Himmel von zwei verschiedenen Orten und Daten darstellt F\u00fcge Sternbilder und die Milchstra\u00dfe hinzu Passe es in 3 einfachen Schritten F\u00fcge einen aussagekr\u00e4ftigen personalisierten Text hinzu Sieh das Ergebnis sofort \u2013 die interaktive Vorschau erm\u00f6glicht dir, jedes Detail direkt anzupassen","og_url":"https:\/\/positiveprints.com\/de\/produkt\/mama-ich-die-doppelsternkarte\/","og_site_name":"Positive Prints","article_publisher":"https:\/\/www.facebook.com\/positiveprintscom","article_modified_time":"2026-04-07T14:12:24+00:00","og_image":[{"width":1450,"height":1450,"url":"https:\/\/positiveprints.com\/wp-content\/uploads\/2024\/11\/PACKSHOT_DE_Mom-Me-Double-Star-Map-product-image-.webp","type":"image\/webp"}],"twitter_card":"summary_large_image","schema":{"@context":"https:\/\/schema.org","@graph":[{"@type":["WebPage","ItemPage"],"@id":"https:\/\/positiveprints.com\/de\/produkt\/mama-ich-die-doppelsternkarte\/","url":"https:\/\/positiveprints.com\/de\/produkt\/mama-ich-die-doppelsternkarte\/","name":"Mama &amp; Ich: Die Doppelsternkarte - Positive Prints","isPartOf":{"@id":"https:\/\/positiveprints.com\/de\/#website"},"primaryImageOfPage":{"@id":"https:\/\/positiveprints.com\/de\/produkt\/mama-ich-die-doppelsternkarte\/#primaryimage"},"image":{"@id":"https:\/\/positiveprints.com\/de\/produkt\/mama-ich-die-doppelsternkarte\/#primaryimage"},"thumbnailUrl":"https:\/\/positiveprints.com\/wp-content\/uploads\/2024\/11\/PACKSHOT_DE_Mom-Me-Double-Star-Map-product-image-.webp","datePublished":"2023-04-03T15:33:53+00:00","dateModified":"2026-04-07T14:12:24+00:00","description":"Verschenke die Sterne mit einer personalisierten \u201cMama & Ich Doppelsternkarte\u201d, einer ber\u00fchrenden und unvergesslichen Erinnerung an die besondere Bindung zwischen Mutter und Kind. Bestelle direkt jetzt!","breadcrumb":{"@id":"https:\/\/positiveprints.com\/de\/produkt\/mama-ich-die-doppelsternkarte\/#breadcrumb"},"inLanguage":"de","potentialAction":[{"@type":"ReadAction","target":["https:\/\/positiveprints.com\/de\/produkt\/mama-ich-die-doppelsternkarte\/"]}]},{"@type":"ImageObject","inLanguage":"de","@id":"https:\/\/positiveprints.com\/de\/produkt\/mama-ich-die-doppelsternkarte\/#primaryimage","url":"https:\/\/positiveprints.com\/wp-content\/uploads\/2024\/11\/PACKSHOT_DE_Mom-Me-Double-Star-Map-product-image-.webp","contentUrl":"https:\/\/positiveprints.com\/wp-content\/uploads\/2024\/11\/PACKSHOT_DE_Mom-Me-Double-Star-Map-product-image-.webp","width":1450,"height":1450},{"@type":"BreadcrumbList","@id":"https:\/\/positiveprints.com\/de\/produkt\/mama-ich-die-doppelsternkarte\/#breadcrumb","itemListElement":[{"@type":"ListItem","position":1,"name":"Startseite","item":"https:\/\/positiveprints.com\/de\/"},{"@type":"ListItem","position":2,"name":"Produkte","item":"https:\/\/positiveprints.com\/de\/shop\/"},{"@type":"ListItem","position":3,"name":"Mama &#038; Ich: Die Doppelsternkarte"}]},{"@type":"WebSite","@id":"https:\/\/positiveprints.com\/de\/#website","url":"https:\/\/positiveprints.com\/de\/","name":"Positive Prints","description":"Amazing Custom Personalized Gifts","publisher":{"@id":"https:\/\/positiveprints.com\/de\/#organization"},"potentialAction":[{"@type":"SearchAction","target":{"@type":"EntryPoint","urlTemplate":"https:\/\/positiveprints.com\/de\/?s={search_term_string}"},"query-input":{"@type":"PropertyValueSpecification","valueRequired":true,"valueName":"search_term_string"}}],"inLanguage":"de"},{"@type":"Organization","@id":"https:\/\/positiveprints.com\/de\/#organization","name":"Positive Prints","alternateName":"Positive Prints","url":"https:\/\/positiveprints.com\/de\/","logo":{"@type":"ImageObject","inLanguage":"de","@id":"https:\/\/positiveprints.com\/de\/#\/schema\/logo\/image\/","url":"https:\/\/positiveprints.com\/wp-content\/uploads\/2026\/03\/245815646_1337939713319158_5671353136411139666_n.png","contentUrl":"https:\/\/positiveprints.com\/wp-content\/uploads\/2026\/03\/245815646_1337939713319158_5671353136411139666_n.png","width":800,"height":800,"caption":"Positive Prints"},"image":{"@id":"https:\/\/positiveprints.com\/de\/#\/schema\/logo\/image\/"},"sameAs":["https:\/\/www.facebook.com\/positiveprintscom","https:\/\/www.instagram.com\/positiveprintscom\/","https:\/\/www.tiktok.com\/@positiveprintscom","https:\/\/www.pinterest.com\/positiveprintscom\/"]}]}},"jetpack_sharing_enabled":true,"_links":{"self":[{"href":"https:\/\/positiveprints.com\/de\/wp-json\/wp\/v2\/product\/452313","targetHints":{"allow":["GET"]}}],"collection":[{"href":"https:\/\/positiveprints.com\/de\/wp-json\/wp\/v2\/product"}],"about":[{"href":"https:\/\/positiveprints.com\/de\/wp-json\/wp\/v2\/types\/product"}],"wp:featuredmedia":[{"embeddable":true,"href":"https:\/\/positiveprints.com\/de\/wp-json\/wp\/v2\/media\/1252044"}],"wp:attachment":[{"href":"https:\/\/positiveprints.com\/de\/wp-json\/wp\/v2\/media?parent=452313"}],"wp:term":[{"taxonomy":"product_brand","embeddable":true,"href":"https:\/\/positiveprints.com\/de\/wp-json\/wp\/v2\/product_brand?post=452313"},{"taxonomy":"product_cat","embeddable":true,"href":"https:\/\/positiveprints.com\/de\/wp-json\/wp\/v2\/product_cat?post=452313"},{"taxonomy":"product_tag","embeddable":true,"href":"https:\/\/positiveprints.com\/de\/wp-json\/wp\/v2\/product_tag?post=452313"}],"curies":[{"name":"wp","href":"https:\/\/api.w.org\/{rel}","templated":true}]}}