{"id":447991,"date":"2023-03-30T15:09:39","date_gmt":"2023-03-30T14:09:39","guid":{"rendered":"https:\/\/positiveprints.com\/?post_type=product&#038;p=447991"},"modified":"2026-04-23T11:35:15","modified_gmt":"2026-04-23T10:35:15","slug":"hallo-welt-baby-wandkunst-kommt","status":"publish","type":"product","link":"https:\/\/positiveprints.com\/de\/produkt\/hallo-welt-baby-wandkunst-kommt\/","title":{"rendered":"Hallo Welt, Baby-Wandkunst kommt"},"content":{"rendered":"<p style=\"margin-top: 1rem\">Schwangerschaft und Geburt k\u00f6nnen f\u00fcr neue M\u00fctter \u00fcberw\u00e4ltigende Erfahrungen sein, daher ist es wichtig, deine Unterst\u00fctzung und dein Verst\u00e4ndnis durch nachdenkliche Gesten zu zeigen. Eine der besten M\u00f6glichkeiten, dies zu tun, besteht darin, frischgebackenen M\u00fcttern ein besonderes Geschenk zu machen. Personalisierte Baby-Wandkunst ist eine gro\u00dfartige M\u00f6glichkeit, die Ankunft des Kindes zu feiern und ein perfektes Geschenk f\u00fcr werdende M\u00fctter.<\/p>\r\n\r\n\r\n<h2 class=\"grenB f24 cblue\" style=\"margin-top: 3rem\">Personalisierte Baby-Wandkunst<\/h2>\r\n\r\n<p style=\"margin-top: 1rem\">Mit personalisierten Geburtspostern kannst du viele Details anpassen, um den perfekten Look zu kreieren. Du kannst die Gr\u00f6\u00dfe und das Gewicht des Babys sowie sein Geburtsdatum angeben. Du kannst auch eine Hintergrundfarbe ausw\u00e4hlen, die zu deinem Stil passt, und aus einer Vielzahl von Baby-Skizzendesigns w\u00e4hlen. Unabh\u00e4ngig davon, ob du nach etwas Minimalistischem oder Buntem suchst, wirst du etwas finden, das zu dir und deiner Familie passt.<\/p>\r\n\r\n<p style=\"margin-top: 1rem\">Personalisierte Baby-Wandbilder sind tolle Geschenke, da sie einzigartig und einzigartig sind. Dar\u00fcber hinaus bringen sie Freude und Gl\u00fcck in jedes Zuhause oder Kinderzimmer. Sie dienen als sch\u00f6ne Erinnerung an den Tag, der dein Leben f\u00fcr immer ver\u00e4ndert hat und diese wird dich in den kommenden Jahren beim Betrachten zu Tr\u00e4nen bringen. Feiere also die Ankunft des neuen Familienmitglieds  stilvoll mit personalisierten Drucken!<\/p>\r\n\r\n<h2 class=\"grenB f24 cblue\" style=\"margin-top: 3rem\">Zeige einer werdenden Mutter, dass du sie unterst\u00fctzt<\/h2>\r\n\r\n<p style=\"margin-top: 1rem\">Es ist wichtig, sich daran zu erinnern, dass es bei einem Geschenk f\u00fcr junge M\u00fctter um so viel mehr geht als nur um den physischen Gegenstand. Es geht darum, ihnen in dieser besonderen Zeit in ihrem Leben deine Unterst\u00fctzung, Liebe und dein Verst\u00e4ndnis zu zeigen. Werdende M\u00fctter brauchen unsere Hilfe, unseren Rat, unsere Ermutigung und unser Verst\u00e4ndnis \u2013 und manchmal nur ein zus\u00e4tzliches Paar H\u00e4nde!<\/p>\r\n\r\n<p style=\"margin-top: 1rem\">Wenn du dich fragst, ob du in irgendeiner Weise helfen kannst, zeige deine Unterst\u00fctzung und lass die werdende Mutter wissen, dass sie in dieser besonderen Zeit ihres Lebens nicht allein ist. Vom Babysitten bis zum Zubereiten von Mahlzeiten oder Hilfe beim W\u00e4schewaschen gibt es viele M\u00f6glichkeiten, einer werdenden Mutter zu zeigen, dass du dich um sie k\u00fcmmerst. Eine nachdenkliche Geste wie diese zu geben, kann mehr bedeuten als jedes vorstellbare physische Geschenk!<\/p>\r\n\r\n<p style=\"margin-top: 3rem\">Mit personalisierten Geburtspostern, kannst du jedem neuen Elternteil das Gef\u00fchl geben, etwas ganz Besonderes zu sein. Beginne noch heute mit der Personalisierung deines Kunstwerks, um deine Unterst\u00fctzung und Freundlichkeit gegen\u00fcber diesen besonderen Menschen aus deinem Leben zu zeigen!<\/p>","protected":false},"excerpt":{"rendered":"<ul class=\"check-list\">\n<li>Bewahre wertvolle Erinnerungen mit dem Geburtsposter \u2013 ein einzigartiges Geschenk, das frischgewordene Eltern f\u00fcr immer sch\u00e4tzen werden<\/li>\n<li>Erinnere an Geburtsdetails wie Name, Geburtsdatum, Gr\u00f6\u00dfe und Gewicht <\/li>\n<li>W\u00e4hle aus 7 Illustrationen und skaliere sie 1:1 auf die L\u00e4nge des Babys zum Zeitpunkt der Geburt<\/li>\n<li>Sieh das Ergebnis sofort \u2013 die interaktive Vorschau erm\u00f6glicht dir, jedes Detail direkt anzupassen<\/li>\n<\/ul>\n","protected":false},"featured_media":409816,"template":"","meta":[],"product_brand":[],"product_cat":[105,1522],"product_tag":[9474,9489,8448],"class_list":{"0":"post-447991","1":"product","2":"type-product","3":"status-publish","4":"has-post-thumbnail","6":"product_cat-alle-produkte","7":"product_cat-infant-de-2","8":"product_tag-babyplakat","9":"product_tag-neugeborenes","10":"product_tag-new-parents-de","12":"first","13":"instock","14":"sale","15":"taxable","16":"shipping-taxable","17":"purchasable","18":"product-type-variable"},"yoast_head":"<!-- This site is optimized with the Yoast SEO Premium plugin v27.2 (Yoast SEO v27.2) - https:\/\/yoast.com\/product\/yoast-seo-premium-wordpress\/ -->\n<title>Hallo Welt, Baby-Wandkunst kommt - Positive Prints<\/title>\n<meta name=\"description\" content=\"Plakate als Baby-Wandkunst sind tolle Geschenke, da sie einzigartig sind. Dar\u00fcber hinaus bringen sie Freude und Gl\u00fcck in jedes Zuhause oder Kinderzimmer.\" \/>\n<meta name=\"robots\" content=\"index, follow, max-snippet:-1, max-image-preview:large, max-video-preview:-1\" \/>\n<link rel=\"canonical\" href=\"https:\/\/positiveprints.com\/de\/produkt\/hallo-welt-baby-wandkunst-kommt\/\" \/>\n<meta property=\"og:locale\" content=\"de_DE\" \/>\n<meta property=\"og:type\" content=\"article\" \/>\n<meta property=\"og:title\" content=\"Hallo Welt, Baby-Wandkunst kommt\" \/>\n<meta property=\"og:description\" content=\"Bewahre wertvolle Erinnerungen mit dem Geburtsposter \u2013 ein einzigartiges Geschenk, das frischgewordene Eltern f\u00fcr immer sch\u00e4tzen werden Erinnere an Geburtsdetails wie Name, Geburtsdatum, Gr\u00f6\u00dfe und Gewicht  W\u00e4hle aus 7 Illustrationen und skaliere sie 1:1 auf die L\u00e4nge des Babys zum Zeitpunkt der Geburt Sieh das Ergebnis sofort \u2013 die interaktive Vorschau erm\u00f6glicht dir, jedes Detail direkt anzupassen\" \/>\n<meta property=\"og:url\" content=\"https:\/\/positiveprints.com\/de\/produkt\/hallo-welt-baby-wandkunst-kommt\/\" \/>\n<meta property=\"og:site_name\" content=\"Positive Prints\" \/>\n<meta property=\"article:publisher\" content=\"https:\/\/www.facebook.com\/positiveprintscom\" \/>\n<meta property=\"article:modified_time\" content=\"2026-04-23T10:35:15+00:00\" \/>\n<meta property=\"og:image\" content=\"https:\/\/positiveprints.com\/wp-content\/uploads\/2023\/02\/hello-world-baby.jpg\" \/>\n\t<meta property=\"og:image:width\" content=\"1080\" \/>\n\t<meta property=\"og:image:height\" content=\"1080\" \/>\n\t<meta property=\"og:image:type\" content=\"image\/jpeg\" \/>\n<meta name=\"twitter:card\" content=\"summary_large_image\" \/>\n<meta name=\"twitter:label1\" content=\"Gesch\u00e4tzte Lesezeit\" \/>\n\t<meta name=\"twitter:data1\" content=\"2\u00a0Minuten\" \/>\n<!-- \/ Yoast SEO Premium plugin. -->","yoast_head_json":{"title":"Hallo Welt, Baby-Wandkunst kommt - Positive Prints","description":"Plakate als Baby-Wandkunst sind tolle Geschenke, da sie einzigartig sind. Dar\u00fcber hinaus bringen sie Freude und Gl\u00fcck in jedes Zuhause oder Kinderzimmer.","robots":{"index":"index","follow":"follow","max-snippet":"max-snippet:-1","max-image-preview":"max-image-preview:large","max-video-preview":"max-video-preview:-1"},"canonical":"https:\/\/positiveprints.com\/de\/produkt\/hallo-welt-baby-wandkunst-kommt\/","og_locale":"de_DE","og_type":"article","og_title":"Hallo Welt, Baby-Wandkunst kommt","og_description":"Bewahre wertvolle Erinnerungen mit dem Geburtsposter \u2013 ein einzigartiges Geschenk, das frischgewordene Eltern f\u00fcr immer sch\u00e4tzen werden Erinnere an Geburtsdetails wie Name, Geburtsdatum, Gr\u00f6\u00dfe und Gewicht  W\u00e4hle aus 7 Illustrationen und skaliere sie 1:1 auf die L\u00e4nge des Babys zum Zeitpunkt der Geburt Sieh das Ergebnis sofort \u2013 die interaktive Vorschau erm\u00f6glicht dir, jedes Detail direkt anzupassen","og_url":"https:\/\/positiveprints.com\/de\/produkt\/hallo-welt-baby-wandkunst-kommt\/","og_site_name":"Positive Prints","article_publisher":"https:\/\/www.facebook.com\/positiveprintscom","article_modified_time":"2026-04-23T10:35:15+00:00","og_image":[{"width":1080,"height":1080,"url":"https:\/\/positiveprints.com\/wp-content\/uploads\/2023\/02\/hello-world-baby.jpg","type":"image\/jpeg"}],"twitter_card":"summary_large_image","twitter_misc":{"Gesch\u00e4tzte Lesezeit":"2\u00a0Minuten"},"schema":{"@context":"https:\/\/schema.org","@graph":[{"@type":["WebPage","ItemPage"],"@id":"https:\/\/positiveprints.com\/de\/produkt\/hallo-welt-baby-wandkunst-kommt\/","url":"https:\/\/positiveprints.com\/de\/produkt\/hallo-welt-baby-wandkunst-kommt\/","name":"Hallo Welt, Baby-Wandkunst kommt - Positive Prints","isPartOf":{"@id":"https:\/\/positiveprints.com\/de\/#website"},"primaryImageOfPage":{"@id":"https:\/\/positiveprints.com\/de\/produkt\/hallo-welt-baby-wandkunst-kommt\/#primaryimage"},"image":{"@id":"https:\/\/positiveprints.com\/de\/produkt\/hallo-welt-baby-wandkunst-kommt\/#primaryimage"},"thumbnailUrl":"https:\/\/positiveprints.com\/wp-content\/uploads\/2023\/02\/hello-world-baby.jpg","datePublished":"2023-03-30T14:09:39+00:00","dateModified":"2026-04-23T10:35:15+00:00","description":"Plakate als Baby-Wandkunst sind tolle Geschenke, da sie einzigartig sind. Dar\u00fcber hinaus bringen sie Freude und Gl\u00fcck in jedes Zuhause oder Kinderzimmer.","breadcrumb":{"@id":"https:\/\/positiveprints.com\/de\/produkt\/hallo-welt-baby-wandkunst-kommt\/#breadcrumb"},"inLanguage":"de","potentialAction":[{"@type":"ReadAction","target":["https:\/\/positiveprints.com\/de\/produkt\/hallo-welt-baby-wandkunst-kommt\/"]}]},{"@type":"ImageObject","inLanguage":"de","@id":"https:\/\/positiveprints.com\/de\/produkt\/hallo-welt-baby-wandkunst-kommt\/#primaryimage","url":"https:\/\/positiveprints.com\/wp-content\/uploads\/2023\/02\/hello-world-baby.jpg","contentUrl":"https:\/\/positiveprints.com\/wp-content\/uploads\/2023\/02\/hello-world-baby.jpg","width":1080,"height":1080,"caption":"hello world baby"},{"@type":"BreadcrumbList","@id":"https:\/\/positiveprints.com\/de\/produkt\/hallo-welt-baby-wandkunst-kommt\/#breadcrumb","itemListElement":[{"@type":"ListItem","position":1,"name":"Startseite","item":"https:\/\/positiveprints.com\/de\/"},{"@type":"ListItem","position":2,"name":"Produkte","item":"https:\/\/positiveprints.com\/de\/shop\/"},{"@type":"ListItem","position":3,"name":"Hallo Welt, Baby-Wandkunst kommt"}]},{"@type":"WebSite","@id":"https:\/\/positiveprints.com\/de\/#website","url":"https:\/\/positiveprints.com\/de\/","name":"Positive Prints","description":"Amazing Custom Personalized Gifts","publisher":{"@id":"https:\/\/positiveprints.com\/de\/#organization"},"potentialAction":[{"@type":"SearchAction","target":{"@type":"EntryPoint","urlTemplate":"https:\/\/positiveprints.com\/de\/?s={search_term_string}"},"query-input":{"@type":"PropertyValueSpecification","valueRequired":true,"valueName":"search_term_string"}}],"inLanguage":"de"},{"@type":"Organization","@id":"https:\/\/positiveprints.com\/de\/#organization","name":"Positive Prints","alternateName":"Positive Prints","url":"https:\/\/positiveprints.com\/de\/","logo":{"@type":"ImageObject","inLanguage":"de","@id":"https:\/\/positiveprints.com\/de\/#\/schema\/logo\/image\/","url":"https:\/\/positiveprints.com\/wp-content\/uploads\/2026\/03\/245815646_1337939713319158_5671353136411139666_n.png","contentUrl":"https:\/\/positiveprints.com\/wp-content\/uploads\/2026\/03\/245815646_1337939713319158_5671353136411139666_n.png","width":800,"height":800,"caption":"Positive Prints"},"image":{"@id":"https:\/\/positiveprints.com\/de\/#\/schema\/logo\/image\/"},"sameAs":["https:\/\/www.facebook.com\/positiveprintscom","https:\/\/www.instagram.com\/positiveprintscom\/","https:\/\/www.tiktok.com\/@positiveprintscom","https:\/\/www.pinterest.com\/positiveprintscom\/"]}]}},"jetpack_sharing_enabled":true,"_links":{"self":[{"href":"https:\/\/positiveprints.com\/de\/wp-json\/wp\/v2\/product\/447991","targetHints":{"allow":["GET"]}}],"collection":[{"href":"https:\/\/positiveprints.com\/de\/wp-json\/wp\/v2\/product"}],"about":[{"href":"https:\/\/positiveprints.com\/de\/wp-json\/wp\/v2\/types\/product"}],"wp:featuredmedia":[{"embeddable":true,"href":"https:\/\/positiveprints.com\/de\/wp-json\/wp\/v2\/media\/409816"}],"wp:attachment":[{"href":"https:\/\/positiveprints.com\/de\/wp-json\/wp\/v2\/media?parent=447991"}],"wp:term":[{"taxonomy":"product_brand","embeddable":true,"href":"https:\/\/positiveprints.com\/de\/wp-json\/wp\/v2\/product_brand?post=447991"},{"taxonomy":"product_cat","embeddable":true,"href":"https:\/\/positiveprints.com\/de\/wp-json\/wp\/v2\/product_cat?post=447991"},{"taxonomy":"product_tag","embeddable":true,"href":"https:\/\/positiveprints.com\/de\/wp-json\/wp\/v2\/product_tag?post=447991"}],"curies":[{"name":"wp","href":"https:\/\/api.w.org\/{rel}","templated":true}]}}