{"id":447606,"date":"2023-03-29T09:51:28","date_gmt":"2023-03-29T08:51:28","guid":{"rendered":"https:\/\/positiveprints.com\/?post_type=product&#038;p=447606"},"modified":"2026-04-18T06:04:53","modified_gmt":"2026-04-18T05:04:53","slug":"buchstaben-foto-collage","status":"publish","type":"product","link":"https:\/\/positiveprints.com\/de\/produkt\/buchstaben-foto-collage\/","title":{"rendered":"Personalisierte Buchstaben Collage mit Fotos"},"content":{"rendered":"<p style=\"margin-top: 1rem;\">Mache ein einzigartiges und eindrucksvolles Geschenk, das deinen Freunden und deiner Familie sicher zeigt, wie sehr du dich f\u00fcr sie interessierst. Anstatt etwas von der Stange zu kaufen, warum kreierst du nicht etwas Besonderes mit einer personalisierten Buchstaben-Fotocollage? Diese Erinnerungsst\u00fccke werden Erinnerungen auf kreative Weise festhalten, die f\u00fcr die kommenden Jahre gesch\u00e4tzt werden. Verschenke also Freude mit einer individuellen Buchstaben-Fotocollage.<\/p>\r\n\r\n<h2 class=\"grenB f24 cblue\" style=\"margin-top: 3rem;\">Was ist eine Buchstaben-Foto-Collage?<\/h2>\r\n<p style=\"margin-top: 1rem;\">Eine Buchstaben-Fotocollage ist eine kreative M\u00f6glichkeit, Fotos und Kunstwerke in Form von Buchstaben anzuzeigen. Die Buchstaben k\u00f6nnen aus einzelnen Fotos gebildet werden. Mit dieser Art von Collage kannst du ein individuelles Kunstwerk erstellen, das sowohl optisch ansprechend als auch aussagekr\u00e4ftig ist.<\/p>\r\n<p style=\"margin-top: 1rem;\">Unser Editor bietet eine personalisierte und einzigartige M\u00f6glichkeit, deiner Kreativit\u00e4t Ausdruck zu verleihen. Du kannst alle Fotos selbst ausw\u00e4hlen und sogar W\u00f6rter oder S\u00e4tze ausw\u00e4hlen, die dazu passen. Du kannst auch jede Buchstaben-Fotocollage so anpassen, dass sie zu dem bestimmten Anlass passt, an den du dich erinnerst. Wenn du beispielsweise ein Jubil\u00e4um feierst, kannst du Fotos von besonderen Momenten aus deiner Beziehung einf\u00fcgen. Wenn du jemandem ein Geschenk f\u00fcr den Ruhestand machen m\u00f6chtest, kannst du Fotos von denkw\u00fcrdigen Anl\u00e4ssen w\u00e4hrend seiner Karriere ausw\u00e4hlen. Mit Buchstaben-Fotocollagen sind die M\u00f6glichkeiten endlos!<\/p>\r\n\r\n<h2 class=\"grenB f24 cblue\" style=\"margin-top: 3rem;\">Was macht eine Buchstaben-Fotocollage zu einem so einzigartigen und durchdachten Geschenk?<\/h2>\r\n<p style=\"margin-top: 1rem;\">Die Buchstaben-Fotocollage kann ein ausgezeichnetes Geschenk f\u00fcr einen besonderen Menschen oder ein Familienmitglied sein. Es ist eine durchdachte und einzigartige M\u00f6glichkeit, deine Wertsch\u00e4tzung zu zeigen oder an einen besonderen Moment in der Zeit zu erinnern. Durch die Kombination von Fotografien und Kunstwerken schaffst du etwas, das aussagekr\u00e4ftig und individuell ist. Dar\u00fcber hinaus wird der Beschenkte viele Jahre Freude daran haben.<\/p>\r\n<p style=\"margin-top: 1rem;\">Wenn du nach etwas noch Pers\u00f6nlicheren suchst, kannst du eine besondere Nachricht hinzuf\u00fcgen. Dies ist eine gro\u00dfartige M\u00f6glichkeit, etwas Warmes, Individuelles und Bedeutsames wie ein Zitat oder ein Sprichwort hinzuzuf\u00fcgen. Du kannst diesen Bereich auch verwenden, um wichtige Daten, Namen oder W\u00f6rter hervorzuheben, die f\u00fcr dich von Bedeutung sind. Egal, ob du etwas f\u00fcr dich selbst oder als Geschenk erstellen magst, durch das Hinzuf\u00fcgen einer pers\u00f6nlichen Note auf diese Weise kann deine Buchstaben-Fotocollage noch spezieller und einzigartiger werden.<\/p>\r\n\r\n<h2 class=\"grenB f24 cblue\" style=\"margin-top: 3rem;\">Wie erstelle ich eine Buchstaben-Fotocollage?<\/h2>\r\n<p style=\"margin-top: 1rem;\">Das Erstellen einer Buchstaben-Fotocollage ist einfach und macht Spa\u00df. W\u00e4hle zuerst ein Wort, das aus Fotos gebildet wird. Dies kann alles sein, von Initialen, vollst\u00e4ndigen Namen und Spitznamen bis hin zu W\u00f6rtern, die Emotionen ausdr\u00fccken. Entscheide dich f\u00fcr eine Umrissfarbe f\u00fcr die Buchstaben. Vielleicht m\u00f6chtest du Farben ausw\u00e4hlen, die zu den Fotos passen, die du in der Collage verwendest oder du kannst ja einfach etwas ausw\u00e4hlen, das sich vom Hintergrund abhebt. Es liegt an dir, wie kreativ du werden m\u00f6chtest.<\/p>\r\n<p style=\"margin-top: 1rem;\">F\u00fcge als N\u00e4chstes eine pers\u00f6nliche Note hinzu, indem du eine spezielle Nachricht eingibst, die unter der Collage gedruckt wird. Dies k\u00f6nnte alles sein, was du magst- Zitate, Texte, Namen &#8211; was auch immer f\u00fcr dich am sinnvollsten ist. Jetzt ist es an der Zeit, deine Fotos f\u00fcr jeden Buchstaben der Collage hochzuladen. Achte darauf, Fotos mit angemessener Aufl\u00f6sung auszuw\u00e4hlen und stelle sicher, dass sie bei Bedarf wie gew\u00fcnscht bearbeitet werden.<\/p>\r\n<p style=\"margin-top: 1rem;\">Wenn alle deine Fotos hochgeladen sind, w\u00e4hle die Gr\u00f6\u00dfe und das Format deiner Collage aus. Du kannst aus einer Vielzahl von Druckgr\u00f6\u00dfen w\u00e4hlen oder die Datei als sofortigen digitalen Download bestellen. Wenn diese Schritte abgeschlossen sind, ist dein Buchstaben-Fotocollage-Design bereit zum Drucken \u2013 so einfach ist das!<\/p>\r\n<p style=\"margin-top: 1rem;\">Verschenke einfach ein Geschenk, an dem sich der\/die Beschenkte jahrelang erfreuen wird \u2013 eine personalisierte Buchstaben-Fotocollage! Eine einzigartige und kreative Art, Erinnerungen festzuhalten, Lebensereignisse zu feiern und um deinen Liebsten zu zeigen, wie sehr du dich f\u00fcr sie interessierst. Also zaubere noch heute jemandem ein besonderes L\u00e4cheln mit einer individuellen Buchstaben-Fotocollage!<\/p>","protected":false},"excerpt":{"rendered":"<ul class=\"check-list\">\n<li>Lade deine oder eure Lieblingsfotos hoch, um jeden Buchstaben zu personalisieren<\/li>\n<li>F\u00fcge eine herzliche Nachricht hinzu, um das Plakat einzigartig zu machen<\/li>\n<li>Personalisiere in 3 einfachen Schritten mit unserem benutzerfreundlichen Editor<\/li>\n<li>Sieh dir dein Design sofort in der interaktiven Vorschau an<\/li>\n<\/ul>\n","protected":false},"featured_media":1674195,"template":"","meta":[],"product_brand":[],"product_cat":[15845,9275,15110,8244,8819,105,388,263,5266,15056],"product_tag":[16919,14752,14750,16918],"class_list":{"0":"post-447606","1":"product","2":"type-product","3":"status-publish","4":"has-post-thumbnail","6":"product_cat-shop-bestsellers-de","7":"product_cat-bestsellers-label-de","8":"product_cat-bestsellers-menu-de","9":"product_cat-digital-products-de","10":"product_cat-photo-letter-de","11":"product_cat-alle-produkte","12":"product_cat-bestsellers-de","13":"product_cat-creators-de-2","14":"product_cat-weihnachtsgeschenke","15":"product_cat-weihnachtsgeschenke-fuer-familie","16":"product_tag-christmas-gifts-for-family-de","17":"product_tag-creators-de-2","18":"product_tag-custom-photo-de","19":"product_tag-personalized-photo-poster-de","21":"first","22":"instock","23":"sale","24":"taxable","25":"shipping-taxable","26":"purchasable","27":"product-type-variable"},"yoast_head":"<!-- This site is optimized with the Yoast SEO Premium plugin v27.2 (Yoast SEO v27.2) - https:\/\/yoast.com\/product\/yoast-seo-premium-wordpress\/ -->\n<title>Personalisierte Buchstaben Collage mit Fotos - Positive Prints<\/title>\n<meta name=\"description\" content=\"Verwandle deine Fotos, Worte und Erinnerungen in eine wundersch\u00f6ne Buchstaben-Fotocollage. Erschaffe ein einzigartiges und bedeutungsvolles Kunstwerk, das jahrelang Bestand haben wird!\" \/>\n<meta name=\"robots\" content=\"index, follow, max-snippet:-1, max-image-preview:large, max-video-preview:-1\" \/>\n<link rel=\"canonical\" href=\"https:\/\/positiveprints.com\/de\/produkt\/buchstaben-foto-collage\/\" \/>\n<meta property=\"og:locale\" content=\"de_DE\" \/>\n<meta property=\"og:type\" content=\"article\" \/>\n<meta property=\"og:title\" content=\"Personalisierte Buchstaben Collage mit Fotos\" \/>\n<meta property=\"og:description\" content=\"Lade deine oder eure Lieblingsfotos hoch, um jeden Buchstaben zu personalisieren  F\u00fcge eine herzliche Nachricht hinzu, um das Plakat einzigartig zu machen  Personalisiere in 3 einfachen Schritten mit unserem benutzerfreundlichen Editor  Sieh dir dein Design sofort in der interaktiven Vorschau an\" \/>\n<meta property=\"og:url\" content=\"https:\/\/positiveprints.com\/de\/produkt\/buchstaben-foto-collage\/\" \/>\n<meta property=\"og:site_name\" content=\"Positive Prints\" \/>\n<meta property=\"article:publisher\" content=\"https:\/\/www.facebook.com\/positiveprintscom\" \/>\n<meta property=\"article:modified_time\" content=\"2026-04-18T05:04:53+00:00\" \/>\n<meta property=\"og:image\" content=\"https:\/\/positiveprints.com\/wp-content\/uploads\/2025\/06\/DE_Packshot_Personalisierte-Buchstaben-Collage.webp\" \/>\n\t<meta property=\"og:image:width\" content=\"1450\" \/>\n\t<meta property=\"og:image:height\" content=\"1450\" \/>\n\t<meta property=\"og:image:type\" content=\"image\/webp\" \/>\n<meta name=\"twitter:card\" content=\"summary_large_image\" \/>\n<meta name=\"twitter:label1\" content=\"Gesch\u00e4tzte Lesezeit\" \/>\n\t<meta name=\"twitter:data1\" content=\"3\u00a0Minuten\" \/>\n<!-- \/ Yoast SEO Premium plugin. -->","yoast_head_json":{"title":"Personalisierte Buchstaben Collage mit Fotos - Positive Prints","description":"Verwandle deine Fotos, Worte und Erinnerungen in eine wundersch\u00f6ne Buchstaben-Fotocollage. Erschaffe ein einzigartiges und bedeutungsvolles Kunstwerk, das jahrelang Bestand haben wird!","robots":{"index":"index","follow":"follow","max-snippet":"max-snippet:-1","max-image-preview":"max-image-preview:large","max-video-preview":"max-video-preview:-1"},"canonical":"https:\/\/positiveprints.com\/de\/produkt\/buchstaben-foto-collage\/","og_locale":"de_DE","og_type":"article","og_title":"Personalisierte Buchstaben Collage mit Fotos","og_description":"Lade deine oder eure Lieblingsfotos hoch, um jeden Buchstaben zu personalisieren  F\u00fcge eine herzliche Nachricht hinzu, um das Plakat einzigartig zu machen  Personalisiere in 3 einfachen Schritten mit unserem benutzerfreundlichen Editor  Sieh dir dein Design sofort in der interaktiven Vorschau an","og_url":"https:\/\/positiveprints.com\/de\/produkt\/buchstaben-foto-collage\/","og_site_name":"Positive Prints","article_publisher":"https:\/\/www.facebook.com\/positiveprintscom","article_modified_time":"2026-04-18T05:04:53+00:00","og_image":[{"width":1450,"height":1450,"url":"https:\/\/positiveprints.com\/wp-content\/uploads\/2025\/06\/DE_Packshot_Personalisierte-Buchstaben-Collage.webp","type":"image\/webp"}],"twitter_card":"summary_large_image","twitter_misc":{"Gesch\u00e4tzte Lesezeit":"3\u00a0Minuten"},"schema":{"@context":"https:\/\/schema.org","@graph":[{"@type":["WebPage","ItemPage"],"@id":"https:\/\/positiveprints.com\/de\/produkt\/buchstaben-foto-collage\/","url":"https:\/\/positiveprints.com\/de\/produkt\/buchstaben-foto-collage\/","name":"Personalisierte Buchstaben Collage mit Fotos - Positive Prints","isPartOf":{"@id":"https:\/\/positiveprints.com\/de\/#website"},"primaryImageOfPage":{"@id":"https:\/\/positiveprints.com\/de\/produkt\/buchstaben-foto-collage\/#primaryimage"},"image":{"@id":"https:\/\/positiveprints.com\/de\/produkt\/buchstaben-foto-collage\/#primaryimage"},"thumbnailUrl":"https:\/\/positiveprints.com\/wp-content\/uploads\/2026\/03\/individueller-text_DE.webp","datePublished":"2023-03-29T08:51:28+00:00","dateModified":"2026-04-18T05:04:53+00:00","description":"Verwandle deine Fotos, Worte und Erinnerungen in eine wundersch\u00f6ne Buchstaben-Fotocollage. Erschaffe ein einzigartiges und bedeutungsvolles Kunstwerk, das jahrelang Bestand haben wird!","breadcrumb":{"@id":"https:\/\/positiveprints.com\/de\/produkt\/buchstaben-foto-collage\/#breadcrumb"},"inLanguage":"de","potentialAction":[{"@type":"ReadAction","target":["https:\/\/positiveprints.com\/de\/produkt\/buchstaben-foto-collage\/"]}]},{"@type":"ImageObject","inLanguage":"de","@id":"https:\/\/positiveprints.com\/de\/produkt\/buchstaben-foto-collage\/#primaryimage","url":"https:\/\/positiveprints.com\/wp-content\/uploads\/2026\/03\/individueller-text_DE.webp","contentUrl":"https:\/\/positiveprints.com\/wp-content\/uploads\/2026\/03\/individueller-text_DE.webp","width":1450,"height":1450},{"@type":"BreadcrumbList","@id":"https:\/\/positiveprints.com\/de\/produkt\/buchstaben-foto-collage\/#breadcrumb","itemListElement":[{"@type":"ListItem","position":1,"name":"Startseite","item":"https:\/\/positiveprints.com\/de\/"},{"@type":"ListItem","position":2,"name":"Produkte","item":"https:\/\/positiveprints.com\/de\/shop\/"},{"@type":"ListItem","position":3,"name":"Personalisierte Buchstaben Collage mit Fotos"}]},{"@type":"WebSite","@id":"https:\/\/positiveprints.com\/de\/#website","url":"https:\/\/positiveprints.com\/de\/","name":"Positive Prints","description":"Amazing Custom Personalized Gifts","publisher":{"@id":"https:\/\/positiveprints.com\/de\/#organization"},"potentialAction":[{"@type":"SearchAction","target":{"@type":"EntryPoint","urlTemplate":"https:\/\/positiveprints.com\/de\/?s={search_term_string}"},"query-input":{"@type":"PropertyValueSpecification","valueRequired":true,"valueName":"search_term_string"}}],"inLanguage":"de"},{"@type":"Organization","@id":"https:\/\/positiveprints.com\/de\/#organization","name":"Positive Prints","alternateName":"Positive Prints","url":"https:\/\/positiveprints.com\/de\/","logo":{"@type":"ImageObject","inLanguage":"de","@id":"https:\/\/positiveprints.com\/de\/#\/schema\/logo\/image\/","url":"https:\/\/positiveprints.com\/wp-content\/uploads\/2026\/03\/245815646_1337939713319158_5671353136411139666_n.png","contentUrl":"https:\/\/positiveprints.com\/wp-content\/uploads\/2026\/03\/245815646_1337939713319158_5671353136411139666_n.png","width":800,"height":800,"caption":"Positive Prints"},"image":{"@id":"https:\/\/positiveprints.com\/de\/#\/schema\/logo\/image\/"},"sameAs":["https:\/\/www.facebook.com\/positiveprintscom","https:\/\/www.instagram.com\/positiveprintscom\/","https:\/\/www.tiktok.com\/@positiveprintscom","https:\/\/www.pinterest.com\/positiveprintscom\/"]}]}},"jetpack_sharing_enabled":true,"_links":{"self":[{"href":"https:\/\/positiveprints.com\/de\/wp-json\/wp\/v2\/product\/447606","targetHints":{"allow":["GET"]}}],"collection":[{"href":"https:\/\/positiveprints.com\/de\/wp-json\/wp\/v2\/product"}],"about":[{"href":"https:\/\/positiveprints.com\/de\/wp-json\/wp\/v2\/types\/product"}],"wp:featuredmedia":[{"embeddable":true,"href":"https:\/\/positiveprints.com\/de\/wp-json\/wp\/v2\/media\/1674195"}],"wp:attachment":[{"href":"https:\/\/positiveprints.com\/de\/wp-json\/wp\/v2\/media?parent=447606"}],"wp:term":[{"taxonomy":"product_brand","embeddable":true,"href":"https:\/\/positiveprints.com\/de\/wp-json\/wp\/v2\/product_brand?post=447606"},{"taxonomy":"product_cat","embeddable":true,"href":"https:\/\/positiveprints.com\/de\/wp-json\/wp\/v2\/product_cat?post=447606"},{"taxonomy":"product_tag","embeddable":true,"href":"https:\/\/positiveprints.com\/de\/wp-json\/wp\/v2\/product_tag?post=447606"}],"curies":[{"name":"wp","href":"https:\/\/api.w.org\/{rel}","templated":true}]}}