{"id":440344,"date":"2023-02-23T22:36:36","date_gmt":"2023-02-23T21:36:36","guid":{"rendered":"https:\/\/positiveprints.com\/?post_type=product&#038;p=440344"},"modified":"2026-04-03T03:21:27","modified_gmt":"2026-04-03T02:21:27","slug":"doppelsternkarte","status":"publish","type":"product","link":"https:\/\/positiveprints.com\/de\/produkt\/doppelsternkarte\/","title":{"rendered":"Doppelsternkarte"},"content":{"rendered":"<p style=\"margin-top: 1rem\">Suchst du ein einzigartiges und bedeutungsvolles Geschenk f\u00fcr einen besonderen Menschen? Suche nicht weiter &#8211; hier kommt unsere zweifache Sternenkarte! Unsere Sternenkarten erfassen zwei Nachthimmel an den Daten und Orten deiner Wahl und schaffen so eine bleibende Erinnerung, die besondere Momente aus deinem Leben widerspiegelt.<\/p>\r\n\r\n<h2 class=\"grenB f24 cblue\" style=\"margin-top: 3rem\">Was ist die Doppelsternkarte?<\/h2>\r\n<p style=\"margin-top: 1rem\">Mit der Doppelsternkarte kannst du an besondere Momente aus deinem Leben erinnern, wie zum Beispiel die Nacht, in der du und dein Lieblingsmensch geboren wurdet, den Moment, in dem ihr euch zum ersten Mal getroffen habt oder weitere besondere Momente.<\/p>\r\n<p style=\"margin-top: 1rem\">Die Karte ist vollst\u00e4ndig anpassbar und kann in unserem benutzerfreundlichen Online-Kreator erstellt werden. Du kannst den Stil des Drucks w\u00e4hlen und ihn zu etwas ganz Besonderem machen, indem du der Karte eine pers\u00f6nliche Nachricht, ein Gedicht oder ein besonderes Zitat hinzuf\u00fcgst.<\/p>\r\n<p style=\"margin-top: 1rem\">Wir verwenden die neuesten astronomischen Daten und unsere propriet\u00e4ren Algorithmen, um eine genaue Sternenkarte zu erstellen, die den Nachthimmel der von dir gew\u00e4hlten Daten und Orte genau widerspiegelt. Jede Karte ist auf hochwertigem Kunstdruckpapier gedruckt und in einem sch\u00f6nen Holzrahmen gerahmt.<\/p>\r\n\r\n<h2 class=\"grenB f24 cblue\" style=\"margin-top: 3rem\">Wie erstelle ich meine eigene Doppelsternkarte?<\/h2>\r\n<p style=\"margin-top: 1rem\">Wir, bei Positive Prints, glauben, dass ein sch\u00f6nes und bedeutungsvolles Geschenk viele Jahre halten sollte. Unsere Sternenkarten sollen eine zeitlose Erinnerung an besondere Momente aus deinem Leben sein \u2013 ein einzigartiges und aufmerksames Geschenk, das dir jahrelang Freude bereiten wird.<\/p>\r\n<p style=\"margin-top: 1rem\">Das Erstellen einer Doppelsternkarte ist ein Kinderspiel! Mit unserem einfachen 3-Schritte-Prozess hast du deinen personalisierten Druck im Handumdrehen.<\/p>\r\n\r\n\r\n\r\n<p style=\"margin-top: 1rem\">Schritt 1: W\u00e4hle den Stil deines Drucks, einschlie\u00dflich der auf dem Druck sichtbaren Farben und Elemente.<\/p>\r\n\r\n<p style=\"margin-top: 1rem\">Schritt 2: Gebe Daten und Orte sowie eine pers\u00f6nliche Nachricht ein, die du dem Design hinzuf\u00fcgen m\u00f6chtest.<\/p>\r\n\r\n<p style=\"margin-top: 1rem\">Schritt 3: W\u00e4hle einen gedruckten, gerahmten Posterdruck oder eine Leinwand oder eine sofortige digitale Download-Datei. W\u00e4hle dann die Gr\u00f6\u00dfe und das Format. Fertig!<\/p>\r\n\r\n<p style=\"margin-top: 1rem\">Sobald du diese drei Schritte abgeschlossen hast, kannst du dich zur\u00fccklehnen und uns den Rest \u00fcberlassen! Wir k\u00fcmmern uns um den Druck und die Rahmung deiner Doppelsternkarte.<\/p>\r\n\r\n<h2 class=\"grenB f24 cblue\" style=\"margin-top: 3rem\">Erstelle ein wirklich einzigartiges und durchdachtes Geschenk f\u00fcr einen besonderen Menschen<\/h2>\r\n<p style=\"margin-top: 1rem\">Personalisierte Geschenke sind eine der besonderen und einzigartigen M\u00f6glichkeiten, jemandem zu zeigen, wie sehr er dir am Herzen liegt. Ob Geburtstag, Jubil\u00e4um, Muttertag, Vatertag oder einfach nur als Zeichen der Wertsch\u00e4tzung und Liebe, personalisierte Geschenke machen immer Eindruck.<\/p>\r\n<p style=\"margin-top: 1rem\">Einfach gesagt, der Erhalt dieses Geschenks wird deine Lieben sprachlos und mit einer unvergesslichen Erinnerung zur\u00fccklassen! Also warte nicht l\u00e4nger \u2013 erstelle noch heute deine besondere Doppelsternkarte f\u00fcr deinen besonderen Menschen! Lasse uns dir helfen, mit unseren Doppelsternkarte eine bleibende Erinnerung an einen besonderen Moment aus deinem Leben zu schaffen.<\/p>","protected":false},"excerpt":{"rendered":"<ul class=\"check-list\">\n<li>F\u00fcge Sternbilder und die Milchstra\u00dfe hinzu<\/li>\n<li>Passe es in 3 einfachen Schritten<\/li>\n<li>F\u00fcge einen aussagekr\u00e4ftigen personalisierten Text hinzu<\/li>\n<li>Sieh das Ergebnis sofort \u2013 die interaktive Vorschau erm\u00f6glicht dir, jedes Detail direkt anzupassen<\/li>\n<\/ul>\n","protected":false},"featured_media":1251356,"template":"","meta":[],"product_brand":[],"product_cat":[8244,9099,105,263,8005,7686],"product_tag":[14752],"class_list":{"0":"post-440344","1":"product","2":"type-product","3":"status-publish","4":"has-post-thumbnail","6":"product_cat-digital-products-de","7":"product_cat-duo-stars-de","8":"product_cat-alle-produkte","9":"product_cat-creators-de-2","10":"product_cat-geschenke-fur-manner","11":"product_cat-geschenke-fur-wichtige-frauen-in-deinem-leben","12":"product_tag-creators-de-2","14":"first","15":"instock","16":"sale","17":"taxable","18":"shipping-taxable","19":"purchasable","20":"product-type-variable"},"yoast_head":"<!-- This site is optimized with the Yoast SEO Premium plugin v27.2 (Yoast SEO v27.2) - https:\/\/yoast.com\/product\/yoast-seo-premium-wordpress\/ -->\n<title>Doppelsternkarte - Positive Prints<\/title>\n<meta name=\"description\" content=\"Suchst ein einzigartiges und bedeutungsvolles Geschenk f\u00fcr einen besonderen Menschen? Suche nicht weiter - hier kommt unsere Doppelsternkarte!\" \/>\n<meta name=\"robots\" content=\"index, follow, max-snippet:-1, max-image-preview:large, max-video-preview:-1\" \/>\n<link rel=\"canonical\" href=\"https:\/\/positiveprints.com\/de\/produkt\/doppelsternkarte\/\" \/>\n<meta property=\"og:locale\" content=\"de_DE\" \/>\n<meta property=\"og:type\" content=\"article\" \/>\n<meta property=\"og:title\" content=\"Doppelsternkarte\" \/>\n<meta property=\"og:description\" content=\"F\u00fcge Sternbilder und die Milchstra\u00dfe hinzu  Passe es in 3 einfachen Schritten  F\u00fcge einen aussagekr\u00e4ftigen personalisierten Text hinzu  Sieh das Ergebnis sofort \u2013 die interaktive Vorschau erm\u00f6glicht dir, jedes Detail direkt anzupassen\" \/>\n<meta property=\"og:url\" content=\"https:\/\/positiveprints.com\/de\/produkt\/doppelsternkarte\/\" \/>\n<meta property=\"og:site_name\" content=\"Positive Prints\" \/>\n<meta property=\"article:publisher\" content=\"https:\/\/www.facebook.com\/positiveprintscom\" \/>\n<meta property=\"article:modified_time\" content=\"2026-04-03T02:21:27+00:00\" \/>\n<meta property=\"og:image\" content=\"https:\/\/positiveprints.com\/wp-content\/uploads\/2024\/11\/PACKSHOT_DE_Digital-Double-Star-Map-product-image-.webp\" \/>\n\t<meta property=\"og:image:width\" content=\"1450\" \/>\n\t<meta property=\"og:image:height\" content=\"1450\" \/>\n\t<meta property=\"og:image:type\" content=\"image\/webp\" \/>\n<meta name=\"twitter:card\" content=\"summary_large_image\" \/>\n<meta name=\"twitter:label1\" content=\"Gesch\u00e4tzte Lesezeit\" \/>\n\t<meta name=\"twitter:data1\" content=\"3\u00a0Minuten\" \/>\n<!-- \/ Yoast SEO Premium plugin. -->","yoast_head_json":{"title":"Doppelsternkarte - Positive Prints","description":"Suchst ein einzigartiges und bedeutungsvolles Geschenk f\u00fcr einen besonderen Menschen? Suche nicht weiter - hier kommt unsere Doppelsternkarte!","robots":{"index":"index","follow":"follow","max-snippet":"max-snippet:-1","max-image-preview":"max-image-preview:large","max-video-preview":"max-video-preview:-1"},"canonical":"https:\/\/positiveprints.com\/de\/produkt\/doppelsternkarte\/","og_locale":"de_DE","og_type":"article","og_title":"Doppelsternkarte","og_description":"F\u00fcge Sternbilder und die Milchstra\u00dfe hinzu  Passe es in 3 einfachen Schritten  F\u00fcge einen aussagekr\u00e4ftigen personalisierten Text hinzu  Sieh das Ergebnis sofort \u2013 die interaktive Vorschau erm\u00f6glicht dir, jedes Detail direkt anzupassen","og_url":"https:\/\/positiveprints.com\/de\/produkt\/doppelsternkarte\/","og_site_name":"Positive Prints","article_publisher":"https:\/\/www.facebook.com\/positiveprintscom","article_modified_time":"2026-04-03T02:21:27+00:00","og_image":[{"width":1450,"height":1450,"url":"https:\/\/positiveprints.com\/wp-content\/uploads\/2024\/11\/PACKSHOT_DE_Digital-Double-Star-Map-product-image-.webp","type":"image\/webp"}],"twitter_card":"summary_large_image","twitter_misc":{"Gesch\u00e4tzte Lesezeit":"3\u00a0Minuten"},"schema":{"@context":"https:\/\/schema.org","@graph":[{"@type":["WebPage","ItemPage"],"@id":"https:\/\/positiveprints.com\/de\/produkt\/doppelsternkarte\/","url":"https:\/\/positiveprints.com\/de\/produkt\/doppelsternkarte\/","name":"Doppelsternkarte - Positive Prints","isPartOf":{"@id":"https:\/\/positiveprints.com\/de\/#website"},"primaryImageOfPage":{"@id":"https:\/\/positiveprints.com\/de\/produkt\/doppelsternkarte\/#primaryimage"},"image":{"@id":"https:\/\/positiveprints.com\/de\/produkt\/doppelsternkarte\/#primaryimage"},"thumbnailUrl":"https:\/\/positiveprints.com\/wp-content\/uploads\/2024\/11\/PACKSHOT_DE_Digital-Double-Star-Map-product-image-.webp","datePublished":"2023-02-23T21:36:36+00:00","dateModified":"2026-04-03T02:21:27+00:00","description":"Suchst ein einzigartiges und bedeutungsvolles Geschenk f\u00fcr einen besonderen Menschen? Suche nicht weiter - hier kommt unsere Doppelsternkarte!","breadcrumb":{"@id":"https:\/\/positiveprints.com\/de\/produkt\/doppelsternkarte\/#breadcrumb"},"inLanguage":"de","potentialAction":[{"@type":"ReadAction","target":["https:\/\/positiveprints.com\/de\/produkt\/doppelsternkarte\/"]}]},{"@type":"ImageObject","inLanguage":"de","@id":"https:\/\/positiveprints.com\/de\/produkt\/doppelsternkarte\/#primaryimage","url":"https:\/\/positiveprints.com\/wp-content\/uploads\/2024\/11\/PACKSHOT_DE_Digital-Double-Star-Map-product-image-.webp","contentUrl":"https:\/\/positiveprints.com\/wp-content\/uploads\/2024\/11\/PACKSHOT_DE_Digital-Double-Star-Map-product-image-.webp","width":1450,"height":1450,"caption":"PACKSHOT_SE_Best Friend Double Star Map product image"},{"@type":"BreadcrumbList","@id":"https:\/\/positiveprints.com\/de\/produkt\/doppelsternkarte\/#breadcrumb","itemListElement":[{"@type":"ListItem","position":1,"name":"Startseite","item":"https:\/\/positiveprints.com\/de\/"},{"@type":"ListItem","position":2,"name":"Produkte","item":"https:\/\/positiveprints.com\/de\/shop\/"},{"@type":"ListItem","position":3,"name":"Doppelsternkarte"}]},{"@type":"WebSite","@id":"https:\/\/positiveprints.com\/de\/#website","url":"https:\/\/positiveprints.com\/de\/","name":"Positive Prints","description":"Amazing Custom Personalized Gifts","publisher":{"@id":"https:\/\/positiveprints.com\/de\/#organization"},"potentialAction":[{"@type":"SearchAction","target":{"@type":"EntryPoint","urlTemplate":"https:\/\/positiveprints.com\/de\/?s={search_term_string}"},"query-input":{"@type":"PropertyValueSpecification","valueRequired":true,"valueName":"search_term_string"}}],"inLanguage":"de"},{"@type":"Organization","@id":"https:\/\/positiveprints.com\/de\/#organization","name":"Positive Prints","alternateName":"Positive Prints","url":"https:\/\/positiveprints.com\/de\/","logo":{"@type":"ImageObject","inLanguage":"de","@id":"https:\/\/positiveprints.com\/de\/#\/schema\/logo\/image\/","url":"https:\/\/positiveprints.com\/wp-content\/uploads\/2026\/03\/245815646_1337939713319158_5671353136411139666_n.png","contentUrl":"https:\/\/positiveprints.com\/wp-content\/uploads\/2026\/03\/245815646_1337939713319158_5671353136411139666_n.png","width":800,"height":800,"caption":"Positive Prints"},"image":{"@id":"https:\/\/positiveprints.com\/de\/#\/schema\/logo\/image\/"},"sameAs":["https:\/\/www.facebook.com\/positiveprintscom","https:\/\/www.instagram.com\/positiveprintscom\/","https:\/\/www.tiktok.com\/@positiveprintscom","https:\/\/www.pinterest.com\/positiveprintscom\/"]}]}},"jetpack_sharing_enabled":true,"_links":{"self":[{"href":"https:\/\/positiveprints.com\/de\/wp-json\/wp\/v2\/product\/440344","targetHints":{"allow":["GET"]}}],"collection":[{"href":"https:\/\/positiveprints.com\/de\/wp-json\/wp\/v2\/product"}],"about":[{"href":"https:\/\/positiveprints.com\/de\/wp-json\/wp\/v2\/types\/product"}],"wp:featuredmedia":[{"embeddable":true,"href":"https:\/\/positiveprints.com\/de\/wp-json\/wp\/v2\/media\/1251356"}],"wp:attachment":[{"href":"https:\/\/positiveprints.com\/de\/wp-json\/wp\/v2\/media?parent=440344"}],"wp:term":[{"taxonomy":"product_brand","embeddable":true,"href":"https:\/\/positiveprints.com\/de\/wp-json\/wp\/v2\/product_brand?post=440344"},{"taxonomy":"product_cat","embeddable":true,"href":"https:\/\/positiveprints.com\/de\/wp-json\/wp\/v2\/product_cat?post=440344"},{"taxonomy":"product_tag","embeddable":true,"href":"https:\/\/positiveprints.com\/de\/wp-json\/wp\/v2\/product_tag?post=440344"}],"curies":[{"name":"wp","href":"https:\/\/api.w.org\/{rel}","templated":true}]}}