{"id":392370,"date":"2022-12-20T11:49:13","date_gmt":"2022-12-20T10:49:13","guid":{"rendered":"https:\/\/positiveprints.com\/?post_type=product&#038;p=392370"},"modified":"2026-04-12T22:45:21","modified_gmt":"2026-04-12T21:45:21","slug":"beste-freunde-poster","status":"publish","type":"product","link":"https:\/\/positiveprints.com\/de\/produkt\/beste-freunde-poster\/","title":{"rendered":"Beste Freunde-Poster"},"content":{"rendered":"<p style=\"margin-top: 1rem\">Zeige deinem besten Freund, wie besonders er ist, mit einem personalisierten Beste Freunde-Poster! Dieses einzigartige Geschenk ist eine absolut perfekte M\u00f6glichkeit, zu zeigen, wie nah ihr euch wirklich seid, egal aus welcher Entfernung. Du kannst darauf vertrauen, dass du deinem besten Freund ein Geschenk machst, das er f\u00fcr die kommenden Jahre wirklich sch\u00e4tzen wird.<\/p>\r\n\r\n\r\n\r\n<h2 class=\"grenB f24 cblue\" style=\"margin-top: 3rem\">Zeige deinem Freund, wie viel dir seine Freundschaft bedeutet<\/h2>\r\n\r\n<p style=\"margin-top: 1rem\">Freundschaft ist eine der m\u00e4chtigsten Kr\u00e4fte der Welt, und es spielt keine Rolle, wie weit zwei Menschen voneinander entfernt sind &#8211; eine wahre Freundschaft kann jeder Distanz standhalten. Wenn Freunde in verschiedenen St\u00e4dten, Staaten oder L\u00e4ndern leben, kann es schwierig sein, diese Entfernung zu akzeptieren. Aber was es wirklich bedeutet, ist, dass zwei Menschen sich immer noch sehr k\u00fcmmern, obwohl sie nicht in der Lage sind, regelm\u00e4\u00dfig zu sprechen oder abzuh\u00e4ngen. Distanz schw\u00e4cht die Beziehung nicht, sie st\u00e4rkt sie &#8211; wenn zwei Freunde nach einer Weile getrennt wieder zusammenkommen, gibt es ein unausgesprochenes Verst\u00e4ndnis und Wertsch\u00e4tzung daf\u00fcr, wie gl\u00fccklich sie sind, endlich wieder zusammen zu sein! Eine Best Friend Map ist der perfekte Weg, um deinem Freund zu zeigen, wie viel dir seine Freundschaft bedeutet, egal wie weit entfernt er ist.<\/p>\r\n\r\n<h2 class=\"grenB f24 cblue\" style=\"margin-top: 3rem\">Beste Freunde-Poster ist das perfekte Geschenk<\/h2>\r\n\r\n<p style=\"margin-top: 1rem\">Dieses personalisierte Beste Freunde-Poster ist das perfekte Geschenk f\u00fcr einen besonderen besten Freund aus deinem Leben. Zeige es deinem Lieblingsmenschen mit zwei Karten, wie nah ihr euch wirklich seid \u2013 eine mit deiner Lokalisierung und die andere mit seinem Wohnort. W\u00e4hle aus einer Reihe von Designs und Farben, die zu deiner \u00c4sthetik passen, und f\u00fcge eine pers\u00f6nliche Note hinzu. Egal, ob du dich f\u00fcr ein gedrucktes, gerahmtes Poster, eine Leinwand oder eine sofortige digitale Download-Datei entscheidest &#8211; dieses einzigartige Geschenk wird deinem Freund das Gef\u00fchl geben, etwas Besonderes zu sein und ihn wissen lassen, wie sehr du dich f\u00fcr ihn interessierst. Geben deinem Bestie das Gef\u00fchl wirklich gesch\u00e4tzt zu werden \u2013 mit diesem durchdachten und einzigartigen Geschenk. Mit einem Beste Freunde-Poster kannst du ihm zeigen, wie viel dir eure Freundschaft bedeutet. Hole dir diese noch heute!<\/p>","protected":false},"excerpt":{"rendered":"<ul class=\"check-list\">\n<li>Markiere eine besondere Stelle mit einem ausgew\u00e4hlten Symbol<\/li>\n<li>Passe dein Kunstwerk in 3 einfachen Schritten an<\/li>\n<li>F\u00fcge einen aussagekr\u00e4ftigen personalisierten Text hinzu<\/li>\n<li>Sieh das Ergebnis sofort \u2013 die interaktive Vorschau erm\u00f6glicht dir, jedes Detail direkt anzupassen<\/li>\n<\/ul>\n","protected":false},"featured_media":1434467,"template":"","meta":[],"product_brand":[],"product_cat":[9113,105,5266,15038,7830],"product_tag":[15180,15198,15181,9369,9384,15182,15205,8627,11861,15183,15199,15200,15201,13486,13471],"class_list":{"0":"post-392370","1":"product","2":"type-product","3":"status-publish","4":"has-post-thumbnail","6":"product_cat-double-maps-de","7":"product_cat-alle-produkte","8":"product_cat-weihnachtsgeschenke","9":"product_cat-weihnachtsgeschenke-fur-freunde","10":"product_cat-geschenke-fur-freunde","11":"product_tag-best-friend-de","12":"product_tag-best-friends-de","13":"product_tag-best-friends-forever-de","14":"product_tag-besten-freunde","15":"product_tag-besties-de","16":"product_tag-bff-de","17":"product_tag-christmas-gifts-for-friends-de","18":"product_tag-freunde","19":"product_tag-freundschaft","20":"product_tag-friend-de","21":"product_tag-friends-de","22":"product_tag-friendship-de","23":"product_tag-galentines-day-de-2","24":"product_tag-galentines-day-de","25":"product_tag-weihnachtsgeschenke-fur-freunde","27":"first","28":"instock","29":"sale","30":"taxable","31":"shipping-taxable","32":"purchasable","33":"product-type-variable"},"yoast_head":"<!-- This site is optimized with the Yoast SEO Premium plugin v27.2 (Yoast SEO v27.2) - https:\/\/yoast.com\/product\/yoast-seo-premium-wordpress\/ -->\n<title>Beste Freunde-Poster - Positive Prints<\/title>\n<meta name=\"description\" content=\"Zeige deinem besten Freund mit einem personalisierten Best Friend Plakat, wie besonders er ist. Schenke Unvergessliches mit diesem aufmerksamen Geschenk.\" \/>\n<meta name=\"robots\" content=\"index, follow, max-snippet:-1, max-image-preview:large, max-video-preview:-1\" \/>\n<link rel=\"canonical\" href=\"https:\/\/positiveprints.com\/de\/produkt\/beste-freunde-poster\/\" \/>\n<meta property=\"og:locale\" content=\"de_DE\" \/>\n<meta property=\"og:type\" content=\"article\" \/>\n<meta property=\"og:title\" content=\"Beste Freunde-Poster\" \/>\n<meta property=\"og:description\" content=\"Markiere eine besondere Stelle mit einem ausgew\u00e4hlten Symbol    Passe dein Kunstwerk in 3 einfachen Schritten an    F\u00fcge einen aussagekr\u00e4ftigen personalisierten Text hinzu    Sieh das Ergebnis sofort \u2013 die interaktive Vorschau erm\u00f6glicht dir, jedes Detail direkt anzupassen\" \/>\n<meta property=\"og:url\" content=\"https:\/\/positiveprints.com\/de\/produkt\/beste-freunde-poster\/\" \/>\n<meta property=\"og:site_name\" content=\"Positive Prints\" \/>\n<meta property=\"article:publisher\" content=\"https:\/\/www.facebook.com\/positiveprintscom\" \/>\n<meta property=\"article:modified_time\" content=\"2026-04-12T21:45:21+00:00\" \/>\n<meta property=\"og:image\" content=\"https:\/\/positiveprints.com\/wp-content\/uploads\/2025\/05\/Beste-Freunde-Poster-1.webp\" \/>\n\t<meta property=\"og:image:width\" content=\"1450\" \/>\n\t<meta property=\"og:image:height\" content=\"1450\" \/>\n\t<meta property=\"og:image:type\" content=\"image\/webp\" \/>\n<meta name=\"twitter:card\" content=\"summary_large_image\" \/>\n<meta name=\"twitter:label1\" content=\"Gesch\u00e4tzte Lesezeit\" \/>\n\t<meta name=\"twitter:data1\" content=\"2\u00a0Minuten\" \/>\n<!-- \/ Yoast SEO Premium plugin. -->","yoast_head_json":{"title":"Beste Freunde-Poster - Positive Prints","description":"Zeige deinem besten Freund mit einem personalisierten Best Friend Plakat, wie besonders er ist. Schenke Unvergessliches mit diesem aufmerksamen Geschenk.","robots":{"index":"index","follow":"follow","max-snippet":"max-snippet:-1","max-image-preview":"max-image-preview:large","max-video-preview":"max-video-preview:-1"},"canonical":"https:\/\/positiveprints.com\/de\/produkt\/beste-freunde-poster\/","og_locale":"de_DE","og_type":"article","og_title":"Beste Freunde-Poster","og_description":"Markiere eine besondere Stelle mit einem ausgew\u00e4hlten Symbol    Passe dein Kunstwerk in 3 einfachen Schritten an    F\u00fcge einen aussagekr\u00e4ftigen personalisierten Text hinzu    Sieh das Ergebnis sofort \u2013 die interaktive Vorschau erm\u00f6glicht dir, jedes Detail direkt anzupassen","og_url":"https:\/\/positiveprints.com\/de\/produkt\/beste-freunde-poster\/","og_site_name":"Positive Prints","article_publisher":"https:\/\/www.facebook.com\/positiveprintscom","article_modified_time":"2026-04-12T21:45:21+00:00","og_image":[{"width":1450,"height":1450,"url":"https:\/\/positiveprints.com\/wp-content\/uploads\/2025\/05\/Beste-Freunde-Poster-1.webp","type":"image\/webp"}],"twitter_card":"summary_large_image","twitter_misc":{"Gesch\u00e4tzte Lesezeit":"2\u00a0Minuten"},"schema":{"@context":"https:\/\/schema.org","@graph":[{"@type":["WebPage","ItemPage"],"@id":"https:\/\/positiveprints.com\/de\/produkt\/beste-freunde-poster\/","url":"https:\/\/positiveprints.com\/de\/produkt\/beste-freunde-poster\/","name":"Beste Freunde-Poster - Positive Prints","isPartOf":{"@id":"https:\/\/positiveprints.com\/de\/#website"},"primaryImageOfPage":{"@id":"https:\/\/positiveprints.com\/de\/produkt\/beste-freunde-poster\/#primaryimage"},"image":{"@id":"https:\/\/positiveprints.com\/de\/produkt\/beste-freunde-poster\/#primaryimage"},"thumbnailUrl":"https:\/\/positiveprints.com\/wp-content\/uploads\/2025\/05\/Beste-Freunde-Poster-1.webp","datePublished":"2022-12-20T10:49:13+00:00","dateModified":"2026-04-12T21:45:21+00:00","description":"Zeige deinem besten Freund mit einem personalisierten Best Friend Plakat, wie besonders er ist. Schenke Unvergessliches mit diesem aufmerksamen Geschenk.","breadcrumb":{"@id":"https:\/\/positiveprints.com\/de\/produkt\/beste-freunde-poster\/#breadcrumb"},"inLanguage":"de","potentialAction":[{"@type":"ReadAction","target":["https:\/\/positiveprints.com\/de\/produkt\/beste-freunde-poster\/"]}]},{"@type":"ImageObject","inLanguage":"de","@id":"https:\/\/positiveprints.com\/de\/produkt\/beste-freunde-poster\/#primaryimage","url":"https:\/\/positiveprints.com\/wp-content\/uploads\/2025\/05\/Beste-Freunde-Poster-1.webp","contentUrl":"https:\/\/positiveprints.com\/wp-content\/uploads\/2025\/05\/Beste-Freunde-Poster-1.webp","width":1450,"height":1450},{"@type":"BreadcrumbList","@id":"https:\/\/positiveprints.com\/de\/produkt\/beste-freunde-poster\/#breadcrumb","itemListElement":[{"@type":"ListItem","position":1,"name":"Startseite","item":"https:\/\/positiveprints.com\/de\/"},{"@type":"ListItem","position":2,"name":"Produkte","item":"https:\/\/positiveprints.com\/de\/shop\/"},{"@type":"ListItem","position":3,"name":"Beste Freunde-Poster"}]},{"@type":"WebSite","@id":"https:\/\/positiveprints.com\/de\/#website","url":"https:\/\/positiveprints.com\/de\/","name":"Positive Prints","description":"Amazing Custom Personalized Gifts","publisher":{"@id":"https:\/\/positiveprints.com\/de\/#organization"},"potentialAction":[{"@type":"SearchAction","target":{"@type":"EntryPoint","urlTemplate":"https:\/\/positiveprints.com\/de\/?s={search_term_string}"},"query-input":{"@type":"PropertyValueSpecification","valueRequired":true,"valueName":"search_term_string"}}],"inLanguage":"de"},{"@type":"Organization","@id":"https:\/\/positiveprints.com\/de\/#organization","name":"Positive Prints","alternateName":"Positive Prints","url":"https:\/\/positiveprints.com\/de\/","logo":{"@type":"ImageObject","inLanguage":"de","@id":"https:\/\/positiveprints.com\/de\/#\/schema\/logo\/image\/","url":"https:\/\/positiveprints.com\/wp-content\/uploads\/2026\/03\/245815646_1337939713319158_5671353136411139666_n.png","contentUrl":"https:\/\/positiveprints.com\/wp-content\/uploads\/2026\/03\/245815646_1337939713319158_5671353136411139666_n.png","width":800,"height":800,"caption":"Positive Prints"},"image":{"@id":"https:\/\/positiveprints.com\/de\/#\/schema\/logo\/image\/"},"sameAs":["https:\/\/www.facebook.com\/positiveprintscom","https:\/\/www.instagram.com\/positiveprintscom\/","https:\/\/www.tiktok.com\/@positiveprintscom","https:\/\/www.pinterest.com\/positiveprintscom\/"]}]}},"jetpack_sharing_enabled":true,"_links":{"self":[{"href":"https:\/\/positiveprints.com\/de\/wp-json\/wp\/v2\/product\/392370","targetHints":{"allow":["GET"]}}],"collection":[{"href":"https:\/\/positiveprints.com\/de\/wp-json\/wp\/v2\/product"}],"about":[{"href":"https:\/\/positiveprints.com\/de\/wp-json\/wp\/v2\/types\/product"}],"wp:featuredmedia":[{"embeddable":true,"href":"https:\/\/positiveprints.com\/de\/wp-json\/wp\/v2\/media\/1434467"}],"wp:attachment":[{"href":"https:\/\/positiveprints.com\/de\/wp-json\/wp\/v2\/media?parent=392370"}],"wp:term":[{"taxonomy":"product_brand","embeddable":true,"href":"https:\/\/positiveprints.com\/de\/wp-json\/wp\/v2\/product_brand?post=392370"},{"taxonomy":"product_cat","embeddable":true,"href":"https:\/\/positiveprints.com\/de\/wp-json\/wp\/v2\/product_cat?post=392370"},{"taxonomy":"product_tag","embeddable":true,"href":"https:\/\/positiveprints.com\/de\/wp-json\/wp\/v2\/product_tag?post=392370"}],"curies":[{"name":"wp","href":"https:\/\/api.w.org\/{rel}","templated":true}]}}