{"id":392258,"date":"2022-12-01T21:19:09","date_gmt":"2022-12-01T20:19:09","guid":{"rendered":"https:\/\/positiveprints.com\/?post_type=product&#038;p=392258"},"modified":"2026-04-12T22:47:57","modified_gmt":"2026-04-12T21:47:57","slug":"zu-meinem-seelenverwandten","status":"publish","type":"product","link":"https:\/\/positiveprints.com\/de\/produkt\/zu-meinem-seelenverwandten\/","title":{"rendered":"Zu meinem Seelenverwandten"},"content":{"rendered":"<p>Wenn du in den Nachthimmel schaust, was siehst du? Siehst du die die Weite des Universums und f\u00fchlst du dich im Vergleich klein? Oder siehst du die Sch\u00f6nheit und Majest\u00e4t der Sterne und f\u00fchlst dich inspiriert? F\u00fcr uns ist der Blick in den Nachthimmel eine Erinnerung daran, dass es da drau\u00dfen jemanden f\u00fcr mich gibt. Jemand, der die gleiche Sch\u00f6nheit in den Sternen sieht wie ich. Jemand, der eine tiefe Verbindung zum Universum und zu mir empfindet. Es ist, als w\u00fcrde man in den Nachthimmel schauen und sehen, wie mein Seelenverwandter auf mich zur\u00fcckblickt. <\/p>\r\n\r\n<h2 class=\"grenB f24 cblue\" style=\"margin-top: 3rem\">Unser perfekter Match<\/h2>\r\n\r\n<p style=\"margin-top: 1rem\">Ein Seelenverwandter ist jemand, mit dem wir eine tiefe und kraftvolle Verbindung haben. Diese Person versteht und liebt uns bedingungslos, und sie passt perfekt zusammen. Seelenverwandte helfen uns, zu wachsen und uns zu entwickeln, und sie fordern uns heraus, die beste Version von uns selbst zu werden. Sie geben uns auch das Gef\u00fchl, vollst\u00e4ndig und ganz zu sein.<\/p>\r\n\r\n<p style=\"margin-top: 1rem\">Wenn du deinen Seelenverwandten gefunden hast, ist es wichtig, diese Beziehung zu sch\u00e4tzen und zu pflegen. Seelenverwandte sind selten und besonders, daher ist es wichtig, sie mit Sorgfalt zu behandeln. Verbringt Zeit miteinander und macht Dinge, die euch beiden Spa\u00df machen, und stellt sicher, dass ihr offen und ehrlich miteinander kommunizierst. Seelenverwandte sind eine Seltenheit, also stelle sicher, dass du sie sch\u00e4tzt!<\/p>\r\n\r\n<h2 class=\"grenB f24 cblue\" style=\"margin-top: 3rem\">F\u00fcr meinen Seelenverwandten &#8211; Personalisierter Druck<\/h2>\r\n\r\n<p style=\"margin-top: 1rem\">Bist du auf der Suche nach einem einzigartigen und romantischen Geschenk f\u00fcr deinen Seelenverwandten? Die Suche ist mit dem Seelenverwandten-Poster vollendet! Dieses personalisierte Poster oder diese Leinwand zeigt einen wundersch\u00f6nen Nachthimmel von einem besonderen Datum und Ort mit einem pers\u00f6nlichen Text. Du kannst sogar die Farben des Drucks so w\u00e4hlen, dass sie den Lieblingsfarben deines Seelenverwandten entsprechen. Egal, ob du ein gedrucktes Poster, einen gerahmten Druck, eine Leinwand oder eine digitale Datei bestellst, dies ist sicher ein Geschenk, das dein Seelenverwandter f\u00fcr immer sch\u00e4tzen wird. Also warte nicht l\u00e4nger, bestelle noch dein Seelenverwandten-Poster!<\/p>","protected":false},"excerpt":{"rendered":"<ul class=\"check-list\">\n<li>Feier deinen Seelenverwandten mit einer personalisierten Sternenkarte, die die Magie eurer Verbindung einf\u00e4ngt<\/li>\n<li>F\u00fcge Planeten, Sternbilder und die Milchstra\u00dfe hinzu<\/li>\n<li>Passe dein Kunstwerk in 3 einfachen Schritten an<\/li>\n<li>F\u00fcge einen aussagekr\u00e4ftigen personalisierten Text hinzu<\/li>\n<li>Sieh das Ergebnis sofort \u2013 die interaktive Vorschau erm\u00f6glicht dir, jedes Detail direkt anzupassen<\/li>\n<\/ul>\n","protected":false},"featured_media":1332609,"template":"","meta":[],"product_brand":[],"product_cat":[105,7686,8005,3116,11233],"product_tag":[9072],"class_list":{"0":"post-392258","1":"product","2":"type-product","3":"status-publish","4":"has-post-thumbnail","6":"product_cat-alle-produkte","7":"product_cat-geschenke-fur-wichtige-frauen-in-deinem-leben","8":"product_cat-geschenke-fur-manner","9":"product_cat-star-de-2","10":"product_cat-valentinstagsgeschenke-fur-frauen","11":"product_tag-couples-de-2","13":"first","14":"instock","15":"sale","16":"taxable","17":"shipping-taxable","18":"purchasable","19":"product-type-variable"},"yoast_head":"<!-- This site is optimized with the Yoast SEO Premium plugin v27.2 (Yoast SEO v27.2) - https:\/\/yoast.com\/product\/yoast-seo-premium-wordpress\/ -->\n<title>Zu meinem Seelenverwandten - Positive Prints<\/title>\n<meta name=\"description\" content=\"Feier deinen Seelenverwandten mit einer personalisierten Sternenkarte, die die Magie eurer Verbindung einf\u00e4ngt.\" \/>\n<meta name=\"robots\" content=\"index, follow, max-snippet:-1, max-image-preview:large, max-video-preview:-1\" \/>\n<link rel=\"canonical\" href=\"https:\/\/positiveprints.com\/de\/produkt\/zu-meinem-seelenverwandten\/\" \/>\n<meta property=\"og:locale\" content=\"de_DE\" \/>\n<meta property=\"og:type\" content=\"article\" \/>\n<meta property=\"og:title\" content=\"Zu meinem Seelenverwandten\" \/>\n<meta property=\"og:description\" content=\"Feier deinen Seelenverwandten mit einer personalisierten Sternenkarte, die die Magie eurer Verbindung einf\u00e4ngt F\u00fcge Planeten, Sternbilder und die Milchstra\u00dfe hinzu Passe dein Kunstwerk in 3 einfachen Schritten an F\u00fcge einen aussagekr\u00e4ftigen personalisierten Text hinzu Sieh das Ergebnis sofort \u2013 die interaktive Vorschau erm\u00f6glicht dir, jedes Detail direkt anzupassen\" \/>\n<meta property=\"og:url\" content=\"https:\/\/positiveprints.com\/de\/produkt\/zu-meinem-seelenverwandten\/\" \/>\n<meta property=\"og:site_name\" content=\"Positive Prints\" \/>\n<meta property=\"article:publisher\" content=\"https:\/\/www.facebook.com\/positiveprintscom\" \/>\n<meta property=\"article:modified_time\" content=\"2026-04-12T21:47:57+00:00\" \/>\n<meta property=\"og:image\" content=\"https:\/\/positiveprints.com\/wp-content\/uploads\/2025\/01\/Zu-meinem-Seelenverwandten-1.webp\" \/>\n\t<meta property=\"og:image:width\" content=\"1450\" \/>\n\t<meta property=\"og:image:height\" content=\"1450\" \/>\n\t<meta property=\"og:image:type\" content=\"image\/webp\" \/>\n<meta name=\"twitter:card\" content=\"summary_large_image\" \/>\n<meta name=\"twitter:label1\" content=\"Gesch\u00e4tzte Lesezeit\" \/>\n\t<meta name=\"twitter:data1\" content=\"2\u00a0Minuten\" \/>\n<!-- \/ Yoast SEO Premium plugin. -->","yoast_head_json":{"title":"Zu meinem Seelenverwandten - Positive Prints","description":"Feier deinen Seelenverwandten mit einer personalisierten Sternenkarte, die die Magie eurer Verbindung einf\u00e4ngt.","robots":{"index":"index","follow":"follow","max-snippet":"max-snippet:-1","max-image-preview":"max-image-preview:large","max-video-preview":"max-video-preview:-1"},"canonical":"https:\/\/positiveprints.com\/de\/produkt\/zu-meinem-seelenverwandten\/","og_locale":"de_DE","og_type":"article","og_title":"Zu meinem Seelenverwandten","og_description":"Feier deinen Seelenverwandten mit einer personalisierten Sternenkarte, die die Magie eurer Verbindung einf\u00e4ngt F\u00fcge Planeten, Sternbilder und die Milchstra\u00dfe hinzu Passe dein Kunstwerk in 3 einfachen Schritten an F\u00fcge einen aussagekr\u00e4ftigen personalisierten Text hinzu Sieh das Ergebnis sofort \u2013 die interaktive Vorschau erm\u00f6glicht dir, jedes Detail direkt anzupassen","og_url":"https:\/\/positiveprints.com\/de\/produkt\/zu-meinem-seelenverwandten\/","og_site_name":"Positive Prints","article_publisher":"https:\/\/www.facebook.com\/positiveprintscom","article_modified_time":"2026-04-12T21:47:57+00:00","og_image":[{"width":1450,"height":1450,"url":"https:\/\/positiveprints.com\/wp-content\/uploads\/2025\/01\/Zu-meinem-Seelenverwandten-1.webp","type":"image\/webp"}],"twitter_card":"summary_large_image","twitter_misc":{"Gesch\u00e4tzte Lesezeit":"2\u00a0Minuten"},"schema":{"@context":"https:\/\/schema.org","@graph":[{"@type":["WebPage","ItemPage"],"@id":"https:\/\/positiveprints.com\/de\/produkt\/zu-meinem-seelenverwandten\/","url":"https:\/\/positiveprints.com\/de\/produkt\/zu-meinem-seelenverwandten\/","name":"Zu meinem Seelenverwandten - Positive Prints","isPartOf":{"@id":"https:\/\/positiveprints.com\/de\/#website"},"primaryImageOfPage":{"@id":"https:\/\/positiveprints.com\/de\/produkt\/zu-meinem-seelenverwandten\/#primaryimage"},"image":{"@id":"https:\/\/positiveprints.com\/de\/produkt\/zu-meinem-seelenverwandten\/#primaryimage"},"thumbnailUrl":"https:\/\/positiveprints.com\/wp-content\/uploads\/2025\/01\/Zu-meinem-Seelenverwandten-1.webp","datePublished":"2022-12-01T20:19:09+00:00","dateModified":"2026-04-12T21:47:57+00:00","description":"Feier deinen Seelenverwandten mit einer personalisierten Sternenkarte, die die Magie eurer Verbindung einf\u00e4ngt.","breadcrumb":{"@id":"https:\/\/positiveprints.com\/de\/produkt\/zu-meinem-seelenverwandten\/#breadcrumb"},"inLanguage":"de","potentialAction":[{"@type":"ReadAction","target":["https:\/\/positiveprints.com\/de\/produkt\/zu-meinem-seelenverwandten\/"]}]},{"@type":"ImageObject","inLanguage":"de","@id":"https:\/\/positiveprints.com\/de\/produkt\/zu-meinem-seelenverwandten\/#primaryimage","url":"https:\/\/positiveprints.com\/wp-content\/uploads\/2025\/01\/Zu-meinem-Seelenverwandten-1.webp","contentUrl":"https:\/\/positiveprints.com\/wp-content\/uploads\/2025\/01\/Zu-meinem-Seelenverwandten-1.webp","width":1450,"height":1450,"caption":"Zu meinem Seelenverwandten 1"},{"@type":"BreadcrumbList","@id":"https:\/\/positiveprints.com\/de\/produkt\/zu-meinem-seelenverwandten\/#breadcrumb","itemListElement":[{"@type":"ListItem","position":1,"name":"Startseite","item":"https:\/\/positiveprints.com\/de\/"},{"@type":"ListItem","position":2,"name":"Produkte","item":"https:\/\/positiveprints.com\/de\/shop\/"},{"@type":"ListItem","position":3,"name":"Zu meinem Seelenverwandten"}]},{"@type":"WebSite","@id":"https:\/\/positiveprints.com\/de\/#website","url":"https:\/\/positiveprints.com\/de\/","name":"Positive Prints","description":"Amazing Custom Personalized Gifts","publisher":{"@id":"https:\/\/positiveprints.com\/de\/#organization"},"potentialAction":[{"@type":"SearchAction","target":{"@type":"EntryPoint","urlTemplate":"https:\/\/positiveprints.com\/de\/?s={search_term_string}"},"query-input":{"@type":"PropertyValueSpecification","valueRequired":true,"valueName":"search_term_string"}}],"inLanguage":"de"},{"@type":"Organization","@id":"https:\/\/positiveprints.com\/de\/#organization","name":"Positive Prints","alternateName":"Positive Prints","url":"https:\/\/positiveprints.com\/de\/","logo":{"@type":"ImageObject","inLanguage":"de","@id":"https:\/\/positiveprints.com\/de\/#\/schema\/logo\/image\/","url":"https:\/\/positiveprints.com\/wp-content\/uploads\/2026\/03\/245815646_1337939713319158_5671353136411139666_n.png","contentUrl":"https:\/\/positiveprints.com\/wp-content\/uploads\/2026\/03\/245815646_1337939713319158_5671353136411139666_n.png","width":800,"height":800,"caption":"Positive Prints"},"image":{"@id":"https:\/\/positiveprints.com\/de\/#\/schema\/logo\/image\/"},"sameAs":["https:\/\/www.facebook.com\/positiveprintscom","https:\/\/www.instagram.com\/positiveprintscom\/","https:\/\/www.tiktok.com\/@positiveprintscom","https:\/\/www.pinterest.com\/positiveprintscom\/"]}]}},"jetpack_sharing_enabled":true,"_links":{"self":[{"href":"https:\/\/positiveprints.com\/de\/wp-json\/wp\/v2\/product\/392258","targetHints":{"allow":["GET"]}}],"collection":[{"href":"https:\/\/positiveprints.com\/de\/wp-json\/wp\/v2\/product"}],"about":[{"href":"https:\/\/positiveprints.com\/de\/wp-json\/wp\/v2\/types\/product"}],"wp:featuredmedia":[{"embeddable":true,"href":"https:\/\/positiveprints.com\/de\/wp-json\/wp\/v2\/media\/1332609"}],"wp:attachment":[{"href":"https:\/\/positiveprints.com\/de\/wp-json\/wp\/v2\/media?parent=392258"}],"wp:term":[{"taxonomy":"product_brand","embeddable":true,"href":"https:\/\/positiveprints.com\/de\/wp-json\/wp\/v2\/product_brand?post=392258"},{"taxonomy":"product_cat","embeddable":true,"href":"https:\/\/positiveprints.com\/de\/wp-json\/wp\/v2\/product_cat?post=392258"},{"taxonomy":"product_tag","embeddable":true,"href":"https:\/\/positiveprints.com\/de\/wp-json\/wp\/v2\/product_tag?post=392258"}],"curies":[{"name":"wp","href":"https:\/\/api.w.org\/{rel}","templated":true}]}}